{"id":107,"date":"2019-01-08T09:17:49","date_gmt":"2019-01-08T09:17:49","guid":{"rendered":"http:\/\/benes.wpneuron.com\/era\/?page_id=107"},"modified":"2025-06-14T11:11:43","modified_gmt":"2025-06-14T09:11:43","slug":"members","status":"publish","type":"page","link":"https:\/\/pages.pedf.cuni.cz\/AnCER\/members\/","title":{"rendered":"Members"},"content":{"rendered":"<p>[et_pb_section fb_built=&#8221;1&#8243; _builder_version=&#8221;4.13.1&#8243; custom_margin=&#8221;-4px|0px|0px|0px|false|false&#8221; custom_padding=&#8221;0px|0px|0px|0px||&#8221; global_module=&#8221;82&#8243; locked=&#8221;off&#8221; global_colors_info=&#8221;{}&#8221;][et_pb_row _builder_version=&#8221;4.13.1&#8243; _module_preset=&#8221;default&#8221; global_colors_info=&#8221;{}&#8221;][et_pb_column type=&#8221;4_4&#8243; _builder_version=&#8221;4.13.1&#8243; _module_preset=&#8221;default&#8221; global_colors_info=&#8221;{}&#8221;][et_pb_image src=&#8221;https:\/\/pages.pedf.cuni.cz\/AnCER\/files\/2025\/03\/logo_a3_v3.png&#8221; title_text=&#8221;The Anchoring Center for Educational Research&#8221; url=&#8221;@ET-DC@eyJkeW5hbWljIjp0cnVlLCJjb250ZW50IjoiaG9tZV91cmwiLCJzZXR0aW5ncyI6e319@&#8221; _builder_version=&#8221;4.13.1&#8243; _dynamic_attributes=&#8221;url&#8221; _module_preset=&#8221;default&#8221; width=&#8221;34%&#8221; module_alignment=&#8221;center&#8221; global_colors_info=&#8221;{}&#8221;][\/et_pb_image][\/et_pb_column][\/et_pb_row][\/et_pb_section][et_pb_section fb_built=&#8221;1&#8243; fullwidth=&#8221;on&#8221; _builder_version=&#8221;4.13.1&#8243; custom_padding=&#8221;|0px|0px|0px|false|false&#8221; global_module=&#8221;83&#8243; locked=&#8221;off&#8221; global_colors_info=&#8221;{}&#8221;][et_pb_fullwidth_menu fullwidth_menu=&#8221;off&#8221; active_link_color=&#8221;#ffffff&#8221; dropdown_menu_text_color=&#8221;#ffffff&#8221; mobile_menu_text_color=&#8221;#ffffff&#8221; _builder_version=&#8221;4.13.1&#8243; menu_font=&#8221;|700||on|||||&#8221; menu_letter_spacing=&#8221;1px&#8221; background_color=&#8221;#cc2c32&#8243; text_orientation=&#8221;center&#8221; background_layout=&#8221;dark&#8221; global_colors_info=&#8221;{}&#8221;][\/et_pb_fullwidth_menu][\/et_pb_section][et_pb_section fb_built=&#8221;1&#8243; _builder_version=&#8221;3.22&#8243; global_colors_info=&#8221;{}&#8221;][et_pb_row _builder_version=&#8221;3.25&#8243; global_colors_info=&#8221;{}&#8221;][et_pb_column type=&#8221;4_4&#8243; _builder_version=&#8221;3.25&#8243; custom_padding=&#8221;|||&#8221; global_colors_info=&#8221;{}&#8221; custom_padding__hover=&#8221;|||&#8221;][et_pb_text _builder_version=&#8221;3.27.4&#8243; text_font=&#8221;||||||||&#8221; text_text_color=&#8221;#e02b20&#8243; text_font_size=&#8221;24px&#8221; custom_margin=&#8221;|||30px&#8221; global_colors_info=&#8221;{}&#8221;]Members<br \/>\n[\/et_pb_text][\/et_pb_column][\/et_pb_row][et_pb_row column_structure=&#8221;1_4,1_4,1_4,1_4&#8243; use_custom_gutter=&#8221;on&#8221; gutter_width=&#8221;2&#8243; _builder_version=&#8221;3.25&#8243; global_colors_info=&#8221;{}&#8221;][et_pb_column type=&#8221;1_4&#8243; _builder_version=&#8221;3.25&#8243; custom_padding=&#8221;|||&#8221; global_colors_info=&#8221;{}&#8221; custom_padding__hover=&#8221;|||&#8221;][et_pb_team_member name=&#8221;Hana Vonkova&#8221; position=&#8221;Director&#8221; image_url=&#8221;https:\/\/pages.pedf.cuni.cz\/AnCER\/files\/2021\/10\/HV-4_edit.jpg&#8221; _builder_version=&#8221;4.6.6&#8243; min_height=&#8221;312px&#8221; custom_padding=&#8221;10px|10px|10px|10px&#8221; link_option_url=&#8221;https:\/\/pages.pedf.cuni.cz\/AnCER\/hana-vonkova\/&#8221; custom_css_main_element=&#8221;height: 100%;&#8221; border_radii=&#8221;on|10px|10px|10px|10px&#8221; box_shadow_style=&#8221;preset1&#8243; box_shadow_vertical=&#8221;0px&#8221; box_shadow_blur=&#8221;3px&#8221; global_colors_info=&#8221;{}&#8221;][\/et_pb_team_member][\/et_pb_column][et_pb_column type=&#8221;1_4&#8243; _builder_version=&#8221;3.25&#8243; custom_padding=&#8221;|||&#8221; global_colors_info=&#8221;{}&#8221; custom_padding__hover=&#8221;|||&#8221;][et_pb_team_member name=&#8221;Ondrej Papajoanu&#8221; position=&#8221;Vice Director&#8221; image_url=&#8221;https:\/\/pages.pedf.cuni.cz\/AnCER\/files\/2021\/10\/OP-2_edit.jpg&#8221; _builder_version=&#8221;4.6.6&#8243; min_height=&#8221;311px&#8221; custom_margin=&#8221;||4px|||&#8221; custom_padding=&#8221;10px|10px|9px|10px||&#8221; link_option_url=&#8221;https:\/\/pages.pedf.cuni.cz\/AnCER\/ondrej-papajoanu\/&#8221; custom_css_main_element=&#8221;height: 100%;&#8221; border_radii=&#8221;on|10px|10px|10px|10px&#8221; box_shadow_style=&#8221;preset1&#8243; box_shadow_vertical=&#8221;0px&#8221; box_shadow_blur=&#8221;3px&#8221; global_colors_info=&#8221;{}&#8221;][\/et_pb_team_member][\/et_pb_column][et_pb_column type=&#8221;1_4&#8243; _builder_version=&#8221;3.25&#8243; custom_padding=&#8221;|||&#8221; global_colors_info=&#8221;{}&#8221; custom_padding__hover=&#8221;|||&#8221;][et_pb_team_member name=&#8221;Katerina Kralova&#8221; position=&#8221;Executive Administrator&#8221; image_url=&#8221;https:\/\/pages.pedf.cuni.cz\/AnCER\/files\/2021\/10\/KK_edit.jpg&#8221; _builder_version=&#8221;4.6.6&#8243; width=&#8221;100%&#8221; min_height=&#8221;310px&#8221; custom_margin=&#8221;||||false|false&#8221; custom_padding=&#8221;10px|10px|2px|10px||&#8221; link_option_url=&#8221;https:\/\/pages.pedf.cuni.cz\/AnCER\/katerina-kralova\/&#8221; custom_css_main_element=&#8221;height: 100%;&#8221; border_radii=&#8221;on|10px|10px|10px|10px&#8221; box_shadow_style=&#8221;preset1&#8243; box_shadow_vertical=&#8221;0px&#8221; box_shadow_blur=&#8221;3px&#8221; global_colors_info=&#8221;{}&#8221;][\/et_pb_team_member][\/et_pb_column][et_pb_column type=&#8221;1_4&#8243; _builder_version=&#8221;3.25&#8243; custom_padding=&#8221;|||&#8221; global_colors_info=&#8221;{}&#8221; custom_padding__hover=&#8221;|||&#8221;][et_pb_team_member name=&#8221;Jiri Stipek&#8221; position=&#8221;Researcher&#8221; image_url=&#8221;https:\/\/pages.pedf.cuni.cz\/AnCER\/files\/2021\/10\/JS_edit.jpg&#8221; _builder_version=&#8221;4.6.6&#8243; width=&#8221;100%&#8221; min_height=&#8221;310px&#8221; custom_margin=&#8221;||||false|false&#8221; custom_padding=&#8221;10px|10px|2px|10px||&#8221; link_option_url=&#8221;https:\/\/pages.pedf.cuni.cz\/AnCER\/jiri-stipek\/&#8221; custom_css_main_element=&#8221;height: 100%;&#8221; border_radii=&#8221;on|10px|10px|10px|10px&#8221; box_shadow_style=&#8221;preset1&#8243; box_shadow_vertical=&#8221;0px&#8221; box_shadow_blur=&#8221;3px&#8221; global_colors_info=&#8221;{}&#8221;][\/et_pb_team_member][\/et_pb_column][\/et_pb_row][et_pb_row column_structure=&#8221;1_4,1_4,1_4,1_4&#8243; use_custom_gutter=&#8221;on&#8221; gutter_width=&#8221;2&#8243; _builder_version=&#8221;4.13.1&#8243; custom_padding=&#8221;||||false|false&#8221; global_colors_info=&#8221;{}&#8221;][et_pb_column type=&#8221;1_4&#8243; _builder_version=&#8221;3.25&#8243; custom_padding=&#8221;|||&#8221; global_colors_info=&#8221;{}&#8221; custom_padding__hover=&#8221;|||&#8221;][et_pb_team_member name=&#8221;Stanislav Bendl&#8221; position=&#8221;Researcher&#8221; image_url=&#8221;https:\/\/pages.pedf.cuni.cz\/AnCER\/files\/2021\/11\/DSC_6683_edit.jpg&#8221; _builder_version=&#8221;4.6.6&#8243; min_height=&#8221;295px&#8221; custom_padding=&#8221;10px|10px|10px|10px&#8221; link_option_url=&#8221;https:\/\/pages.pedf.cuni.cz\/AnCER\/stanislav-bendl-2\/&#8221; custom_css_main_element=&#8221;height: 100%;&#8221; border_radii=&#8221;on|10px|10px|10px|10px&#8221; box_shadow_style=&#8221;preset1&#8243; box_shadow_vertical=&#8221;0px&#8221; box_shadow_blur=&#8221;3px&#8221; global_colors_info=&#8221;{}&#8221;][\/et_pb_team_member][\/et_pb_column][et_pb_column type=&#8221;1_4&#8243; _builder_version=&#8221;3.25&#8243; custom_padding=&#8221;|||&#8221; global_colors_info=&#8221;{}&#8221; custom_padding__hover=&#8221;|||&#8221;][et_pb_team_member name=&#8221;Michal Zvirotsky&#8221; position=&#8221;Researcher&#8221; image_url=&#8221;https:\/\/pages.pedf.cuni.cz\/AnCER\/files\/2021\/11\/DSC_6692_edit.jpg&#8221; _builder_version=&#8221;4.6.6&#8243; min_height=&#8221;297px&#8221; custom_padding=&#8221;10px|10px|10px|10px&#8221; link_option_url=&#8221;https:\/\/pages.pedf.cuni.cz\/AnCER\/michal-zvirotsky&#8221; custom_css_main_element=&#8221;height: 100%;&#8221; border_radii=&#8221;on|10px|10px|10px|10px&#8221; box_shadow_style=&#8221;preset1&#8243; box_shadow_vertical=&#8221;0px&#8221; box_shadow_blur=&#8221;3px&#8221; global_colors_info=&#8221;{}&#8221;][\/et_pb_team_member][\/et_pb_column][et_pb_column type=&#8221;1_4&#8243; _builder_version=&#8221;3.25&#8243; custom_padding=&#8221;|||&#8221; global_colors_info=&#8221;{}&#8221; custom_padding__hover=&#8221;|||&#8221;][et_pb_team_member name=&#8221;Jan Hrabak&#8221; position=&#8221;Secondary School Teacher&#8221; image_url=&#8221;https:\/\/pages.pedf.cuni.cz\/AnCER\/files\/2021\/11\/JHrabak.jpg&#8221; _builder_version=&#8221;4.6.6&#8243; min_height=&#8221;290px&#8221; custom_margin=&#8221;||-28px|||&#8221; custom_padding=&#8221;10px|10px|10px|10px&#8221; link_option_url=&#8221;https:\/\/pages.pedf.cuni.cz\/AnCER\/jan-hrabak\/&#8221; custom_css_main_element=&#8221;height: 100%;&#8221; border_radii=&#8221;on|10px|10px|10px|10px&#8221; box_shadow_style=&#8221;preset1&#8243; box_shadow_vertical=&#8221;0px&#8221; box_shadow_blur=&#8221;3px&#8221; global_colors_info=&#8221;{}&#8221;][\/et_pb_team_member][\/et_pb_column][et_pb_column type=&#8221;1_4&#8243; _builder_version=&#8221;3.25&#8243; custom_padding=&#8221;|||&#8221; global_colors_info=&#8221;{}&#8221; custom_padding__hover=&#8221;|||&#8221;][et_pb_team_member name=&#8221;Martin Bosko&#8221; position=&#8221;Student Member&#8221; image_url=&#8221;https:\/\/pages.pedf.cuni.cz\/AnCER\/files\/2021\/10\/MB_edit.jpg&#8221; _builder_version=&#8221;4.13.1&#8243; min_height=&#8221;303px&#8221; custom_margin=&#8221;||||false|false&#8221; custom_padding=&#8221;10px|10px|10px|10px|false|false&#8221; link_option_url=&#8221;https:\/\/pages.pedf.cuni.cz\/AnCER\/martin-bosko&#8221; custom_css_main_element=&#8221;height: 100%;&#8221; border_radii=&#8221;on|10px|10px|10px|10px&#8221; box_shadow_style=&#8221;preset1&#8243; box_shadow_vertical=&#8221;0px&#8221; box_shadow_blur=&#8221;3px&#8221; global_colors_info=&#8221;{}&#8221;][\/et_pb_team_member][\/et_pb_column][\/et_pb_row][et_pb_row column_structure=&#8221;1_4,1_4,1_4,1_4&#8243; use_custom_gutter=&#8221;on&#8221; gutter_width=&#8221;2&#8243; _builder_version=&#8221;3.25&#8243; custom_padding=&#8221;||2px|||&#8221; global_colors_info=&#8221;{}&#8221;][et_pb_column type=&#8221;1_4&#8243; _builder_version=&#8221;3.25&#8243; custom_padding=&#8221;|||&#8221; global_colors_info=&#8221;{}&#8221; custom_padding__hover=&#8221;|||&#8221;][et_pb_team_member name=&#8221;Irem Altinkalp&#8221; position=&#8221;Student Member&#8221; image_url=&#8221;https:\/\/pages.pedf.cuni.cz\/AnCER\/files\/2021\/10\/IA_edit.jpg&#8221; _builder_version=&#8221;4.13.1&#8243; min_height=&#8221;295px&#8221; custom_margin=&#8221;||||false|false&#8221; custom_padding=&#8221;10px|10px|10px|10px|false|false&#8221; link_option_url=&#8221;https:\/\/pages.pedf.cuni.cz\/AnCER\/irem-altinkalp&#8221; custom_css_main_element=&#8221;height: 100%;&#8221; border_radii=&#8221;on|10px|10px|10px|10px&#8221; box_shadow_style=&#8221;preset1&#8243; box_shadow_vertical=&#8221;0px&#8221; box_shadow_blur=&#8221;3px&#8221; global_colors_info=&#8221;{}&#8221;][\/et_pb_team_member][\/et_pb_column][et_pb_column type=&#8221;1_4&#8243; _builder_version=&#8221;3.25&#8243; custom_padding=&#8221;|||&#8221; global_colors_info=&#8221;{}&#8221; custom_padding__hover=&#8221;|||&#8221;][et_pb_team_member name=&#8221;Tamilka Bonjeer&#8221; position=&#8221;Student Member&#8221; image_url=&#8221;https:\/\/pages.pedf.cuni.cz\/AnCER\/files\/2025\/01\/tamilka.jpg&#8221; _builder_version=&#8221;4.13.1&#8243; width=&#8221;100%&#8221; min_height=&#8221;303px&#8221; custom_margin=&#8221;|-104px||||&#8221; custom_padding=&#8221;10px|10px|0px|10px||&#8221; link_option_url=&#8221;https:\/\/pages.pedf.cuni.cz\/AnCER\/tamilka-bonjeer&#8221; custom_css_main_element=&#8221;height: 100%;&#8221; border_radii=&#8221;on|10px|10px|10px|10px&#8221; box_shadow_style=&#8221;preset1&#8243; box_shadow_vertical=&#8221;0px&#8221; box_shadow_blur=&#8221;3px&#8221; global_colors_info=&#8221;{}&#8221;][\/et_pb_team_member][\/et_pb_column][et_pb_column type=&#8221;1_4&#8243; _builder_version=&#8221;3.25&#8243; custom_padding=&#8221;|||&#8221; global_colors_info=&#8221;{}&#8221; custom_padding__hover=&#8221;|||&#8221;][\/et_pb_column][et_pb_column type=&#8221;1_4&#8243; _builder_version=&#8221;3.25&#8243; custom_padding=&#8221;|||&#8221; global_colors_info=&#8221;{}&#8221; custom_padding__hover=&#8221;|||&#8221;][\/et_pb_column][\/et_pb_row][et_pb_row _builder_version=&#8221;3.25&#8243; global_colors_info=&#8221;{}&#8221;][et_pb_column type=&#8221;4_4&#8243; _builder_version=&#8221;3.25&#8243; custom_padding=&#8221;|||&#8221; global_colors_info=&#8221;{}&#8221; custom_padding__hover=&#8221;|||&#8221;][et_pb_text _builder_version=&#8221;4.6.6&#8243; text_font=&#8221;||||||||&#8221; text_text_color=&#8221;#e02b20&#8243; text_font_size=&#8221;24px&#8221; custom_margin=&#8221;|||30px&#8221; custom_padding=&#8221;||0px|||&#8221; global_colors_info=&#8221;{}&#8221;]<\/p>\n<p>Affiliated Researchers<\/p>\n<p>[\/et_pb_text][\/et_pb_column][\/et_pb_row][et_pb_row column_structure=&#8221;1_4,1_4,1_4,1_4&#8243; use_custom_gutter=&#8221;on&#8221; gutter_width=&#8221;2&#8243; _builder_version=&#8221;4.13.1&#8243; min_height=&#8221;295px&#8221; custom_padding=&#8221;10px|10px|10px|10px&#8221; custom_css_main_element=&#8221;height: 100%;&#8221; border_radii=&#8221;on|10px|10px|10px|10px&#8221; global_colors_info=&#8221;{}&#8221;][et_pb_column type=&#8221;1_4&#8243; _builder_version=&#8221;3.25&#8243; custom_padding=&#8221;|||&#8221; global_colors_info=&#8221;{}&#8221; custom_padding__hover=&#8221;|||&#8221;][et_pb_team_member name=&#8221;G\u00f6k\u00e7e G\u00f6kalp&#8221; position=&#8221;Affiliated Researcher&#8221; image_url=&#8221;https:\/\/pages.pedf.cuni.cz\/AnCER\/files\/2021\/10\/GG_edit.jpg&#8221; _builder_version=&#8221;4.6.6&#8243; min_height=&#8221;295px&#8221; custom_padding=&#8221;10px|10px|10px|10px&#8221; link_option_url=&#8221;https:\/\/pages.pedf.cuni.cz\/AnCER\/gokalp&#8221; custom_css_main_element=&#8221;height: 100%;&#8221; border_radii=&#8221;on|10px|10px|10px|10px&#8221; box_shadow_style=&#8221;preset1&#8243; box_shadow_vertical=&#8221;0px&#8221; box_shadow_blur=&#8221;3px&#8221; global_colors_info=&#8221;{}&#8221;][\/et_pb_team_member][\/et_pb_column][et_pb_column type=&#8221;1_4&#8243; _builder_version=&#8221;3.25&#8243; custom_padding=&#8221;|||&#8221; global_colors_info=&#8221;{}&#8221; custom_padding__hover=&#8221;|||&#8221;][et_pb_team_member name=&#8221;Jane Jones&#8221; position=&#8221;Affiliated Researcher&#8221; image_url=&#8221;https:\/\/pages.pedf.cuni.cz\/AnCER\/files\/2021\/10\/JJ_edit.jpg&#8221; _builder_version=&#8221;4.6.6&#8243; min_height=&#8221;295px&#8221; custom_padding=&#8221;10px|10px|10px|10px&#8221; link_option_url=&#8221;https:\/\/pages.pedf.cuni.cz\/AnCER\/jones&#8221; custom_css_main_element=&#8221;height: 100%;&#8221; border_radii=&#8221;on|10px|10px|10px|10px&#8221; box_shadow_style=&#8221;preset1&#8243; box_shadow_vertical=&#8221;0px&#8221; box_shadow_blur=&#8221;3px&#8221; global_colors_info=&#8221;{}&#8221;][\/et_pb_team_member][\/et_pb_column][et_pb_column type=&#8221;1_4&#8243; _builder_version=&#8221;3.25&#8243; custom_padding=&#8221;|||&#8221; global_colors_info=&#8221;{}&#8221; custom_padding__hover=&#8221;|||&#8221;][et_pb_team_member name=&#8221;Katerina Vlckova&#8221; position=&#8221;Affiliated Researcher&#8221; image_url=&#8221;https:\/\/pages.pedf.cuni.cz\/AnCER\/files\/2021\/10\/KV_is-2_edit.jpg&#8221; _builder_version=&#8221;4.6.6&#8243; min_height=&#8221;295px&#8221; custom_padding=&#8221;10px|10px|10px|10px&#8221; link_option_url=&#8221;https:\/\/pages.pedf.cuni.cz\/AnCER\/katerina-vlckova&#8221; custom_css_main_element=&#8221;height: 100%;&#8221; border_radii=&#8221;on|10px|10px|10px|10px&#8221; box_shadow_style=&#8221;preset1&#8243; box_shadow_vertical=&#8221;0px&#8221; box_shadow_blur=&#8221;3px&#8221; global_colors_info=&#8221;{}&#8221;][\/et_pb_team_member][\/et_pb_column][et_pb_column type=&#8221;1_4&#8243; _builder_version=&#8221;3.25&#8243; custom_padding=&#8221;|||&#8221; global_colors_info=&#8221;{}&#8221; custom_padding__hover=&#8221;|||&#8221;][et_pb_team_member name=&#8221;Gema Zamarro&#8221; position=&#8221;Affiliated Researcher&#8221; image_url=&#8221;https:\/\/pages.pedf.cuni.cz\/AnCER\/files\/2021\/10\/GZ_edit.jpg&#8221; _builder_version=&#8221;4.6.6&#8243; min_height=&#8221;295px&#8221; custom_padding=&#8221;10px|10px|10px|10px&#8221; link_option_url=&#8221;https:\/\/pages.pedf.cuni.cz\/AnCER\/gema-zamarro&#8221; custom_css_main_element=&#8221;height: 100%;&#8221; border_radii=&#8221;on|10px|10px|10px|10px&#8221; box_shadow_style=&#8221;preset1&#8243; box_shadow_vertical=&#8221;0px&#8221; box_shadow_blur=&#8221;3px&#8221; global_colors_info=&#8221;{}&#8221;][\/et_pb_team_member][\/et_pb_column][\/et_pb_row][et_pb_row column_structure=&#8221;1_4,1_4,1_4,1_4&#8243; use_custom_gutter=&#8221;on&#8221; gutter_width=&#8221;2&#8243; _builder_version=&#8221;4.13.1&#8243; min_height=&#8221;295px&#8221; custom_padding=&#8221;10px|10px|10px|10px&#8221; hover_enabled=&#8221;0&#8243; custom_css_main_element=&#8221;height: 100%;&#8221; border_radii=&#8221;on|10px|10px|10px|10px&#8221; global_colors_info=&#8221;{}&#8221; sticky_enabled=&#8221;0&#8243;][et_pb_column type=&#8221;1_4&#8243; _builder_version=&#8221;3.25&#8243; custom_padding=&#8221;|||&#8221; global_colors_info=&#8221;{}&#8221; custom_padding__hover=&#8221;|||&#8221;][et_pb_team_member name=&#8221;Jakub Pivarc&#8221; position=&#8221;Affiliated Researcher&#8221; image_url=&#8221;https:\/\/pages.pedf.cuni.cz\/AnCER\/files\/2025\/06\/foto.jpg&#8221; _builder_version=&#8221;4.13.1&#8243; min_height=&#8221;295px&#8221; custom_padding=&#8221;10px|10px|10px|10px&#8221; link_option_url=&#8221;@ET-DC@eyJkeW5hbWljIjp0cnVlLCJjb250ZW50IjoicG9zdF9saW5rX3VybF9wYWdlIiwic2V0dGluZ3MiOnsicG9zdF9pZCI6IjIyODkifX0=@&#8221; hover_enabled=&#8221;0&#8243; custom_css_main_element=&#8221;height: 100%;&#8221; border_radii=&#8221;on|10px|10px|10px|10px&#8221; box_shadow_style=&#8221;preset1&#8243; box_shadow_vertical=&#8221;0px&#8221; box_shadow_blur=&#8221;3px&#8221; global_colors_info=&#8221;{}&#8221; title_text=&#8221;foto&#8221; _dynamic_attributes=&#8221;link_option_url&#8221; sticky_enabled=&#8221;0&#8243;][\/et_pb_team_member][\/et_pb_column][et_pb_column type=&#8221;1_4&#8243; _builder_version=&#8221;3.25&#8243; custom_padding=&#8221;|||&#8221; global_colors_info=&#8221;{}&#8221; custom_padding__hover=&#8221;|||&#8221;][\/et_pb_column][et_pb_column type=&#8221;1_4&#8243; _builder_version=&#8221;3.25&#8243; custom_padding=&#8221;|||&#8221; global_colors_info=&#8221;{}&#8221; custom_padding__hover=&#8221;|||&#8221;][\/et_pb_column][et_pb_column type=&#8221;1_4&#8243; _builder_version=&#8221;3.25&#8243; custom_padding=&#8221;|||&#8221; global_colors_info=&#8221;{}&#8221; custom_padding__hover=&#8221;|||&#8221;][\/et_pb_column][\/et_pb_row][\/et_pb_section][et_pb_section fb_built=&#8221;1&#8243; admin_label=&#8221;Footer&#8221; _builder_version=&#8221;3.22&#8243; custom_padding=&#8221;60px||60px||true|false&#8221; saved_tabs=&#8221;all&#8221; global_colors_info=&#8221;{}&#8221;][\/et_pb_section][et_pb_section fb_built=&#8221;1&#8243; _builder_version=&#8221;3.0.47&#8243; background_color=&#8221;#cc2c32&#8243; custom_margin=&#8221;0px|0px|0px|0px&#8221; custom_padding=&#8221;0px|0px|0px|0px&#8221; global_module=&#8221;102&#8243; saved_tabs=&#8221;all&#8221; locked=&#8221;on&#8221; global_colors_info=&#8221;{}&#8221;][et_pb_row column_structure=&#8221;1_2,1_2&#8243; _builder_version=&#8221;3.25&#8243; background_size=&#8221;initial&#8221; background_position=&#8221;top_left&#8221; background_repeat=&#8221;repeat&#8221; global_colors_info=&#8221;{}&#8221;][et_pb_column type=&#8221;1_2&#8243; _builder_version=&#8221;3.25&#8243; custom_padding=&#8221;|||&#8221; global_colors_info=&#8221;{}&#8221; custom_padding__hover=&#8221;|||&#8221;][et_pb_text _builder_version=&#8221;4.6.6&#8243; text_text_color=&#8221;#ffffff&#8221; text_line_height=&#8221;125%&#8221; custom_padding=&#8221;|||180px&#8221; global_colors_info=&#8221;{}&#8221;]<\/p>\n<p><span style=\"font-size: 14px\">Institution: <\/span>Charles University, Faculty of Education<br \/> Street: Magdaleny Rettigove 4<br \/> City: Prague<br \/> ZIP\/Postal code: 116 39<br \/> State: Czech Republic<\/p>\n<p>&nbsp;<\/p>\n<p>[\/et_pb_text][\/et_pb_column][et_pb_column type=&#8221;1_2&#8243; _builder_version=&#8221;3.25&#8243; custom_padding=&#8221;|||&#8221; global_colors_info=&#8221;{}&#8221; custom_padding__hover=&#8221;|||&#8221;][et_pb_text _builder_version=&#8221;3.27.4&#8243; text_font=&#8221;||||||||&#8221; text_text_color=&#8221;#ffffff&#8221; text_line_height=&#8221;125%&#8221; global_colors_info=&#8221;{}&#8221;]<\/p>\n<p><strong>Contact person:<br \/> <\/strong>Director: Hana Vonkova<br \/> Email: hana.vonkova@pedf.cuni.cz<\/p>\n<p>[\/et_pb_text][et_pb_social_media_follow icon_color=&#8221;#FFFFFF&#8221; _builder_version=&#8221;4.13.1&#8243; _module_preset=&#8221;default&#8221; global_colors_info=&#8221;{}&#8221;][et_pb_social_media_follow_network social_network=&#8221;instagram&#8221; url=&#8221;http:\/\/instagram.com\/ancer_cu&#8221; _builder_version=&#8221;4.13.1&#8243; _module_preset=&#8221;default&#8221; background_enable_color=&#8221;off&#8221; global_colors_info=&#8221;{}&#8221; follow_button=&#8221;off&#8221; url_new_window=&#8221;on&#8221;]instagram[\/et_pb_social_media_follow_network][et_pb_social_media_follow_network social_network=&#8221;facebook&#8221; url=&#8221;https:\/\/www.facebook.com\/AncerPrague\/&#8221; icon_color=&#8221;#FFFFFF&#8221; _builder_version=&#8221;4.13.1&#8243; _module_preset=&#8221;default&#8221; background_color=&#8221;RGBA(0,0,0,0)&#8221; background_enable_color=&#8221;on&#8221; global_colors_info=&#8221;{}&#8221; follow_button=&#8221;off&#8221; url_new_window=&#8221;on&#8221;]facebook[\/et_pb_social_media_follow_network][\/et_pb_social_media_follow][\/et_pb_column][\/et_pb_row][\/et_pb_section]<\/p>\n","protected":false},"excerpt":{"rendered":"<p>Members Affiliated ResearchersInstitution: Charles University, Faculty of Education Street: Magdaleny Rettigove 4 City: Prague ZIP\/Postal code: 116 39 State: Czech Republic &nbsp;Contact person: Director: Hana Vonkova Email: hana.vonkova@pedf.cuni.czinstagramfacebook<\/p>\n","protected":false},"author":454,"featured_media":0,"parent":0,"menu_order":0,"comment_status":"closed","ping_status":"closed","template":"page-template-blank.php","meta":{"_et_pb_use_builder":"on","_et_pb_old_content":"","_et_gb_content_width":"","footnotes":""},"class_list":["post-107","page","type-page","status-publish","hentry"],"_links":{"self":[{"href":"https:\/\/pages.pedf.cuni.cz\/AnCER\/wp-json\/wp\/v2\/pages\/107","targetHints":{"allow":["GET"]}}],"collection":[{"href":"https:\/\/pages.pedf.cuni.cz\/AnCER\/wp-json\/wp\/v2\/pages"}],"about":[{"href":"https:\/\/pages.pedf.cuni.cz\/AnCER\/wp-json\/wp\/v2\/types\/page"}],"author":[{"embeddable":true,"href":"https:\/\/pages.pedf.cuni.cz\/AnCER\/wp-json\/wp\/v2\/users\/454"}],"replies":[{"embeddable":true,"href":"https:\/\/pages.pedf.cuni.cz\/AnCER\/wp-json\/wp\/v2\/comments?post=107"}],"version-history":[{"count":141,"href":"https:\/\/pages.pedf.cuni.cz\/AnCER\/wp-json\/wp\/v2\/pages\/107\/revisions"}],"predecessor-version":[{"id":2295,"href":"https:\/\/pages.pedf.cuni.cz\/AnCER\/wp-json\/wp\/v2\/pages\/107\/revisions\/2295"}],"wp:attachment":[{"href":"https:\/\/pages.pedf.cuni.cz\/AnCER\/wp-json\/wp\/v2\/media?parent=107"}],"curies":[{"name":"wp","href":"https:\/\/api.w.org\/{rel}","templated":true}]}}