{"id":134,"date":"2019-02-11T14:10:32","date_gmt":"2019-02-11T14:10:32","guid":{"rendered":"http:\/\/benes.wpneuron.com\/era\/?page_id=134"},"modified":"2025-02-23T20:17:22","modified_gmt":"2025-02-23T19:17:22","slug":"projects","status":"publish","type":"page","link":"https:\/\/pages.pedf.cuni.cz\/AnCER\/projects\/","title":{"rendered":"Projects"},"content":{"rendered":"<p>[et_pb_section fb_built=&#8221;1&#8243; _builder_version=&#8221;4.13.1&#8243; custom_margin=&#8221;-80px|0px|-10px|0px||&#8221; custom_padding=&#8221;0px|0px|0px|0px||&#8221; global_module=&#8221;82&#8243; locked=&#8221;off&#8221; global_colors_info=&#8221;{}&#8221;][et_pb_row _builder_version=&#8221;4.6.6&#8243; _module_preset=&#8221;default&#8221; global_colors_info=&#8221;{}&#8221;][et_pb_column type=&#8221;4_4&#8243; _builder_version=&#8221;4.6.6&#8243; _module_preset=&#8221;default&#8221; global_colors_info=&#8221;{}&#8221;][et_pb_image src=&#8221;https:\/\/pages.pedf.cuni.cz\/AnCER\/files\/2019\/11\/logo.png&#8221; title_text=&#8221;logo&#8221; url=&#8221;https:\/\/pages.pedf.cuni.cz\/AnCER\/&#8221; _builder_version=&#8221;4.13.1&#8243; _module_preset=&#8221;default&#8221; width=&#8221;54%&#8221; module_alignment=&#8221;center&#8221; global_colors_info=&#8221;{}&#8221;][\/et_pb_image][\/et_pb_column][\/et_pb_row][\/et_pb_section][et_pb_section fb_built=&#8221;1&#8243; fullwidth=&#8221;on&#8221; _builder_version=&#8221;3.18.7&#8243; custom_padding=&#8221;0|0px|0px|0px|false|false&#8221; global_module=&#8221;83&#8243; locked=&#8221;off&#8221; global_colors_info=&#8221;{}&#8221;][et_pb_fullwidth_menu fullwidth_menu=&#8221;off&#8221; active_link_color=&#8221;#ffffff&#8221; dropdown_menu_text_color=&#8221;#ffffff&#8221; mobile_menu_text_color=&#8221;#ffffff&#8221; _builder_version=&#8221;3.19.17&#8243; menu_font=&#8221;|700||on|||||&#8221; menu_letter_spacing=&#8221;1px&#8221; background_color=&#8221;#cc2c32&#8243; text_orientation=&#8221;center&#8221; background_layout=&#8221;dark&#8221; global_colors_info=&#8221;{}&#8221;][\/et_pb_fullwidth_menu][\/et_pb_section][et_pb_section fb_built=&#8221;1&#8243; _builder_version=&#8221;3.22&#8243; global_colors_info=&#8221;{}&#8221;][et_pb_row _builder_version=&#8221;3.25&#8243; global_colors_info=&#8221;{}&#8221;][et_pb_column type=&#8221;4_4&#8243; _builder_version=&#8221;3.25&#8243; custom_padding=&#8221;|||&#8221; global_colors_info=&#8221;{}&#8221; custom_padding__hover=&#8221;|||&#8221;][et_pb_text _builder_version=&#8221;3.27.4&#8243; text_font=&#8221;||||||||&#8221; text_text_color=&#8221;#e02b20&#8243; text_font_size=&#8221;24px&#8221; custom_margin=&#8221;|||30px&#8221; global_colors_info=&#8221;{}&#8221;]Projects<br \/>\n[\/et_pb_text][\/et_pb_column][\/et_pb_row][et_pb_row _builder_version=&#8221;3.25&#8243; min_height=&#8221;610px&#8221; custom_padding=&#8221;55px|30px|55px|30px|true|true&#8221; border_radii=&#8221;on|10px|10px|10px|10px&#8221; box_shadow_style=&#8221;preset1&#8243; box_shadow_vertical=&#8221;0px&#8221; box_shadow_blur=&#8221;3px&#8221; global_colors_info=&#8221;{}&#8221;][et_pb_column type=&#8221;4_4&#8243; _builder_version=&#8221;3.25&#8243; custom_padding=&#8221;|||&#8221; global_colors_info=&#8221;{}&#8221; custom_padding__hover=&#8221;|||&#8221;][et_pb_text _builder_version=&#8221;4.6.6&#8243; text_font=&#8221;|600|||||||&#8221; text_text_color=&#8221;#e02b20&#8243; text_font_size=&#8221;16px&#8221; global_colors_info=&#8221;{}&#8221;]<\/p>\n<p><span style=\"color: #000000\">Reg. number: 24-10968S<\/span><\/p>\n<p><span style=\"color: #000000\">The development of English language learning motivation among Czech students in different types of schools at upper secondary level<\/span><\/p>\n<p><span style=\"color: #000000\">V\u00fdvoj motivace k u\u010den\u00ed se anglick\u00e9mu jazyku u \u010desk\u00fdch \u017e\u00e1k\u016f z r\u016fzn\u00fdch typ\u016f \u0161kol na \u00farovni vy\u0161\u0161\u00edho sekund\u00e1rn\u00edho vzd\u011bl\u00e1v\u00e1n\u00ed<\/span><\/p>\n<p><span style=\"color: #000000\">Duration: 1.1.2024 \u2013 31.12.2026<\/span><\/p>\n<p>[\/et_pb_text][et_pb_text _builder_version=&#8221;4.6.6&#8243; text_font=&#8221;||||||||&#8221; text_font_size=&#8221;16px&#8221; global_colors_info=&#8221;{}&#8221;]<\/p>\n<p>Abstract: Research into foreign language learning motivation is starting to focus on its changes over time, often relying on self-reported data from learners. Such data, however, can be biased by the reporting behavior (RB) differences between learners and the change of their RB over time. In this project, we examine the changes in RB when reporting English as a foreign language (EFL) motivation among students in different years of study at different types of Czech upper secondary schools. Further, we investigate how EFL learning motivation structure develops among these students, the factors contributing to this development, and how the identified changes in RB could affect the results. In the context of the development of students\u2019 motivation, we also investigate the paradoxical findings concerning the relationship between students\u2019 non-cognitive skills and achievement test scores documented in the literature. The project outcomes are articles in impact factor journals, a book, conference presentations, a summarizing school report, and a summarizing report and a video for the wider public.<\/p>\n<p>[\/et_pb_text][et_pb_text _builder_version=&#8221;4.6.6&#8243; text_font=&#8221;|600|||||||&#8221; text_text_color=&#8221;#e02b20&#8243; text_font_size=&#8221;16px&#8221; global_colors_info=&#8221;{}&#8221;]<\/p>\n<p><span style=\"color: #000000\">Team:<\/span><\/p>\n<ul>\n<li><span style=\"color: #000000\">Hana Vonkova<\/span><\/li>\n<li><span style=\"color: #000000\">Ondrej Papajoanu<\/span><\/li>\n<li><span style=\"color: #000000\">Katerina Kralova<\/span><\/li>\n<li><span style=\"color: #000000\">Jiri Stipek<\/span><\/li>\n<li><span style=\"color: #000000\">Jakub Pivarc<\/span><\/li>\n<li><span style=\"color: #000000\">Martin Bosko<\/span><\/li>\n<li><span style=\"color: #000000\">Jane Jones<\/span><\/li>\n<\/ul>\n<p>[\/et_pb_text][\/et_pb_column][\/et_pb_row][et_pb_row _builder_version=&#8221;4.13.1&#8243; min_height=&#8221;610px&#8221; custom_margin=&#8221;28px|auto||auto||&#8221; custom_padding=&#8221;55px|30px|55px|30px|true|true&#8221; border_radii=&#8221;on|10px|10px|10px|10px&#8221; box_shadow_style=&#8221;preset1&#8243; box_shadow_vertical=&#8221;0px&#8221; box_shadow_blur=&#8221;3px&#8221; global_colors_info=&#8221;{}&#8221;][et_pb_column type=&#8221;4_4&#8243; _builder_version=&#8221;3.25&#8243; custom_padding=&#8221;|||&#8221; global_colors_info=&#8221;{}&#8221; custom_padding__hover=&#8221;|||&#8221;][et_pb_text _builder_version=&#8221;4.6.6&#8243; text_font=&#8221;|600|||||||&#8221; text_text_color=&#8221;#e02b20&#8243; text_font_size=&#8221;16px&#8221; global_colors_info=&#8221;{}&#8221;]<\/p>\n<p><span style=\"color: #000000\">Reg. number: 21-09064S<\/span><\/p>\n<p><span style=\"color: #000000\">Heterogeneity in reporting behavior on surveys among different countries, schools and groups of students<\/span><\/p>\n<p><span style=\"color: #000000\">Heterogenita ve zp\u016fsobu odpov\u00eddan\u00ed v dotazn\u00edkov\u00fdch \u0161et\u0159en\u00edch nap\u0159\u00ed\u010d r\u016fzn\u00fdmi zem\u011bmi, \u0161kolami a skupinami student\u016f<\/span><\/p>\n<p><span style=\"color: #000000\">Duration: 1.1.2021 \u2013 31.12.2023<\/span><\/p>\n<p>[\/et_pb_text][et_pb_text _builder_version=&#8221;4.6.6&#8243; text_font=&#8221;||||||||&#8221; text_font_size=&#8221;16px&#8221; global_colors_info=&#8221;{}&#8221;]<\/p>\n<p>Abstract: International large-scale assessment studies collect valuable data on students\u2019 attitudes, beliefs, and learning experiences using questionnaire items with rating scales. However, such data are prone to inaccuracies due to the differences in students\u2019 reporting behavior. In this project, we use a variety of methodological approaches capturing response scale usage (e.g. two students with the same actual level of a concept assessing themselves on a scale differently) and survey effort (different amounts of effort expended by students while responding to questionnaire items). We investigate the differences in reporting behavior between diverse groups of students and how their reporting behavior differs across different years. We also explore how the approaches are mutually related and how they can explain the anomalous country-level negative relationships between, for example, students\u2019 self-reported attitudes and student achievement, as discussed in the literature. The project\u2019s outcomes include studies in impact factor journals and a peer-reviewed journal.<\/p>\n<p>[\/et_pb_text][et_pb_text _builder_version=&#8221;4.6.6&#8243; text_font=&#8221;|600|||||||&#8221; text_text_color=&#8221;#e02b20&#8243; text_font_size=&#8221;16px&#8221; global_colors_info=&#8221;{}&#8221;]<\/p>\n<p><span style=\"color: #000000\">Team:<\/span><\/p>\n<ul>\n<li><span style=\"color: #000000\">Hana Vonkova<\/span><\/li>\n<li><span style=\"color: #000000\">Ondrej Papajoanu<\/span><\/li>\n<li><span style=\"color: #000000\">Katerina Kralova<\/span><\/li>\n<li><span style=\"color: #000000\">Gema Zamarro<\/span><\/li>\n<\/ul>\n<p>[\/et_pb_text][\/et_pb_column][\/et_pb_row][et_pb_row _builder_version=&#8221;3.25&#8243; min_height=&#8221;790px&#8221; custom_margin=&#8221;28px|auto||auto||&#8221; custom_padding=&#8221;55px|30px|55px|30px|true|true&#8221; border_radii=&#8221;on|10px|10px|10px|10px&#8221; box_shadow_style=&#8221;preset1&#8243; box_shadow_vertical=&#8221;0px&#8221; box_shadow_blur=&#8221;3px&#8221; global_colors_info=&#8221;{}&#8221;][et_pb_column type=&#8221;4_4&#8243; _builder_version=&#8221;3.25&#8243; custom_padding=&#8221;|||&#8221; global_colors_info=&#8221;{}&#8221; custom_padding__hover=&#8221;|||&#8221;][et_pb_text _builder_version=&#8221;4.6.6&#8243; text_font=&#8221;|600|||||||&#8221; text_text_color=&#8221;#e02b20&#8243; text_font_size=&#8221;16px&#8221; global_colors_info=&#8221;{}&#8221;]<\/p>\n<p><span style=\"color: #000000\">Reg. number: 20-05484S<\/span><\/p>\n<p><span style=\"color: #000000\">Analyzing the determinants of self-reported English language knowledge and motivation for English language learning in Czech lower secondary students<\/span><\/p>\n<p><span style=\"color: #000000\">Anal\u00fdza determinant\u016f sebehodnocen\u00ed znalost\u00ed anglick\u00e9ho jazyka a motivace k u\u010den\u00ed se anglick\u00e9mu jazyku u \u010desk\u00fdch \u017e\u00e1k\u016f ni\u017e\u0161\u00edho sekund\u00e1rn\u00edho stupn\u011b<\/span><\/p>\n<p><span style=\"color: #000000\">Duration: 1.1.2020 \u2013 31.12.2022<\/span><\/p>\n<p>[\/et_pb_text][et_pb_text _builder_version=&#8221;4.6.6&#8243; text_font=&#8221;||||||||&#8221; text_font_size=&#8221;16px&#8221; global_colors_info=&#8221;{}&#8221;]<\/p>\n<p>Abstract: Current research on English as a foreign language (EFL) learning frequently uses self-report data to measure both students\u2019 perceived language skills and their motivation. It has been shown, however, that the accuracy of self-reported data can be hindered by differences in respondents\u2019 scale usage. In this project, we study the differences in Czech lower-secondary students\u2019 scale usage in regard to their perceived EFL knowledge and skills and their motivation for learning EFL, in a large-scale questionnaire survey. Furthermore, we study the relationship of these concepts to school, family, peer, and individual factors and we explore how these relationships can be affected by differences in scale usage. We also aim to address the gap in research concerning the paradoxical negative relationship between self-reported student motivation for learning and results in achievement tests and examine them in the context of EFL research. The outcomes of the project include studies in impact factor journals, a Scopusindexed journal, and other peer-reviewed journals.<\/p>\n<p>[\/et_pb_text][et_pb_text _builder_version=&#8221;4.6.6&#8243; text_font=&#8221;|600|||||||&#8221; text_text_color=&#8221;#e02b20&#8243; text_font_size=&#8221;16px&#8221; global_colors_info=&#8221;{}&#8221;]<\/p>\n<p><span style=\"color: #000000\">Team:<\/span><\/p>\n<ul>\n<li><span style=\"color: #000000\">Hana Vonkova<\/span><\/li>\n<li><span style=\"color: #000000\">Jiri Stipek<\/span><\/li>\n<li><span style=\"color: #000000\">Ondrej Papajoanu<\/span><\/li>\n<li><span style=\"color: #000000\">Michal Zvirotsky<\/span><\/li>\n<li><span style=\"color: #000000\">Katerina Kralova<\/span><\/li>\n<li><span style=\"color: #000000\">Angie Moore<\/span><\/li>\n<li><span style=\"color: #000000\">Katerina Vlckova<\/span><\/li>\n<li><span style=\"color: #000000\">Jane Jones<\/span><\/li>\n<\/ul>\n<p>[\/et_pb_text][\/et_pb_column][\/et_pb_row][et_pb_row _builder_version=&#8221;3.25&#8243; min_height=&#8221;720px&#8221; custom_margin=&#8221;28px|auto||auto||&#8221; custom_padding=&#8221;55px|30px|55px|30px|true|true&#8221; border_radii=&#8221;on|10px|10px|10px|10px&#8221; box_shadow_style=&#8221;preset1&#8243; box_shadow_vertical=&#8221;0px&#8221; box_shadow_blur=&#8221;3px&#8221; global_colors_info=&#8221;{}&#8221;][et_pb_column type=&#8221;4_4&#8243; _builder_version=&#8221;3.25&#8243; custom_padding=&#8221;|||&#8221; global_colors_info=&#8221;{}&#8221; custom_padding__hover=&#8221;|||&#8221;][et_pb_text _builder_version=&#8221;4.6.6&#8243; text_font=&#8221;|600|||||||&#8221; text_text_color=&#8221;#e02b20&#8243; text_font_size=&#8221;16px&#8221; global_colors_info=&#8221;{}&#8221;]<\/p>\n<p><span style=\"color: #000000\">Reg. number: 17-02993S<\/span><\/p>\n<p><span style=\"color: #000000\">Factors influencing the ICT skill self-assessments of upper-secondary school students<\/span><\/p>\n<p><span style=\"color: #000000\">Faktory ovliv\u0148uj\u00edc\u00ed sebehodnocen\u00ed ICT dovednost\u00ed student\u016f st\u0159edn\u00edch \u0161kol<\/span><\/p>\n<p><span style=\"color: #000000\">Duration: 1.1.2017 \u2013 31.12.2019<\/span><\/p>\n<p>[\/et_pb_text][et_pb_text _builder_version=&#8221;4.6.6&#8243; text_font=&#8221;||||||||&#8221; text_font_size=&#8221;16px&#8221; global_colors_info=&#8221;{}&#8221;]<\/p>\n<p>Abstract: Self-assessments of ICT (information and communication technology) skills are often used in educational research and real-life situations. However, self-assessments may depend not only on the objective situation but also on the reporting style &#8211; two students with the same actual ICT skills evaluate their skills differently \u2013 one as excellent and the other only as good. Comparison of their self-assessments would bring us to a misleading conclusion about their ICT skills. In our project, we aim to identify the heterogeneity in ICT skills&#8217; reporting behaviour among different groups of upper-secondary school students, correct their ICT skills self-assessments for this identified heterogeneity and analyse the impact of several background variables on these ( adjusted) self-assessments. Our research will contribute to explaining the paradoxical negative relationship between ICT skills self-assessments and ICT achievement that has been brought to light by current research in this area.<\/p>\n<p>[\/et_pb_text][et_pb_text _builder_version=&#8221;4.6.6&#8243; text_font=&#8221;|600|||||||&#8221; text_text_color=&#8221;#e02b20&#8243; text_font_size=&#8221;16px&#8221; custom_padding=&#8221;||7px|||&#8221; global_colors_info=&#8221;{}&#8221;]<\/p>\n<p><span style=\"color: #000000\">Team:<\/span><\/p>\n<ul>\n<li><span style=\"color: #000000\">Hana Vonkova<\/span><\/li>\n<li><span style=\"color: #000000\">Miroslava Cernochova<\/span><\/li>\n<li><span style=\"color: #000000\">Jiri Stipek<\/span><\/li>\n<li><span style=\"color: #000000\">Ondrej Papajoanu<\/span><\/li>\n<li><span style=\"color: #000000\">Jan Hrabak<\/span><\/li>\n<li><span style=\"color: #000000\">Katerina Kralova<\/span><\/li>\n<li><span style=\"color: #000000\">Kent L\u00f6fgren<\/span><\/li>\n<\/ul>\n<p>[\/et_pb_text][\/et_pb_column][\/et_pb_row][\/et_pb_section][et_pb_section fb_built=&#8221;1&#8243; admin_label=&#8221;Footer&#8221; _builder_version=&#8221;3.22&#8243; custom_padding=&#8221;102px||102px||true|false&#8221; saved_tabs=&#8221;all&#8221; global_colors_info=&#8221;{}&#8221;][et_pb_row _builder_version=&#8221;3.25&#8243; global_colors_info=&#8221;{}&#8221;][et_pb_column type=&#8221;4_4&#8243; _builder_version=&#8221;3.25&#8243; custom_padding=&#8221;|||&#8221; global_colors_info=&#8221;{}&#8221; custom_padding__hover=&#8221;|||&#8221;][et_pb_text _builder_version=&#8221;3.27.4&#8243; text_font=&#8221;||||||||&#8221; text_text_color=&#8221;#575759&#8243; header_font=&#8221;||||||||&#8221; header_4_font=&#8221;Raleway|700|||||||&#8221; header_4_font_size=&#8221;22px&#8221; header_4_line_height=&#8221;1.4em&#8221; custom_margin=&#8221;||10px|&#8221; global_colors_info=&#8221;{}&#8221;][\/et_pb_text][\/et_pb_column][\/et_pb_row][\/et_pb_section][et_pb_section fb_built=&#8221;1&#8243; _builder_version=&#8221;3.0.47&#8243; background_color=&#8221;#cc2c32&#8243; custom_margin=&#8221;0px|0px|0px|0px&#8221; custom_padding=&#8221;0px|0px|0px|0px&#8221; global_module=&#8221;102&#8243; saved_tabs=&#8221;all&#8221; locked=&#8221;on&#8221; global_colors_info=&#8221;{}&#8221;][et_pb_row column_structure=&#8221;1_2,1_2&#8243; _builder_version=&#8221;3.25&#8243; background_size=&#8221;initial&#8221; background_position=&#8221;top_left&#8221; background_repeat=&#8221;repeat&#8221; global_colors_info=&#8221;{}&#8221;][et_pb_column type=&#8221;1_2&#8243; _builder_version=&#8221;3.25&#8243; custom_padding=&#8221;|||&#8221; global_colors_info=&#8221;{}&#8221; custom_padding__hover=&#8221;|||&#8221;][et_pb_text _builder_version=&#8221;4.6.6&#8243; text_text_color=&#8221;#ffffff&#8221; text_line_height=&#8221;125%&#8221; custom_padding=&#8221;|||180px&#8221; global_colors_info=&#8221;{}&#8221;]<\/p>\n<p><span style=\"font-size: 14px\">Institution: <\/span>Charles University, Faculty of Education<br \/> Street: Magdaleny Rettigove 4<br \/> City: Prague<br \/> ZIP\/Postal code: 116 39<br \/> State: Czech Republic<\/p>\n<p>&nbsp;<\/p>\n<p>[\/et_pb_text][\/et_pb_column][et_pb_column type=&#8221;1_2&#8243; _builder_version=&#8221;3.25&#8243; custom_padding=&#8221;|||&#8221; global_colors_info=&#8221;{}&#8221; custom_padding__hover=&#8221;|||&#8221;][et_pb_text _builder_version=&#8221;3.27.4&#8243; text_font=&#8221;||||||||&#8221; text_text_color=&#8221;#ffffff&#8221; text_line_height=&#8221;125%&#8221; global_colors_info=&#8221;{}&#8221;]<\/p>\n<p><strong>Contact person:<br \/> <\/strong>Director: Hana Vonkova<br \/> Email: hana.vonkova@pedf.cuni.cz<\/p>\n<p>[\/et_pb_text][et_pb_social_media_follow icon_color=&#8221;#FFFFFF&#8221; _builder_version=&#8221;4.13.1&#8243; _module_preset=&#8221;default&#8221; global_colors_info=&#8221;{}&#8221;][et_pb_social_media_follow_network social_network=&#8221;instagram&#8221; url=&#8221;http:\/\/instagram.com\/ancer_cu&#8221; _builder_version=&#8221;4.13.1&#8243; _module_preset=&#8221;default&#8221; background_enable_color=&#8221;off&#8221; global_colors_info=&#8221;{}&#8221; follow_button=&#8221;off&#8221; url_new_window=&#8221;on&#8221;]instagram[\/et_pb_social_media_follow_network][et_pb_social_media_follow_network social_network=&#8221;facebook&#8221; url=&#8221;https:\/\/www.facebook.com\/AncerPrague\/&#8221; icon_color=&#8221;#FFFFFF&#8221; _builder_version=&#8221;4.13.1&#8243; _module_preset=&#8221;default&#8221; background_color=&#8221;RGBA(0,0,0,0)&#8221; background_enable_color=&#8221;on&#8221; global_colors_info=&#8221;{}&#8221; follow_button=&#8221;off&#8221; url_new_window=&#8221;on&#8221;]facebook[\/et_pb_social_media_follow_network][\/et_pb_social_media_follow][\/et_pb_column][\/et_pb_row][\/et_pb_section]<\/p>\n","protected":false},"excerpt":{"rendered":"<p>Projects Reg. number: 24-10968S The development of English language learning motivation among Czech students in different types of schools at upper secondary level V\u00fdvoj motivace k u\u010den\u00ed se anglick\u00e9mu jazyku u \u010desk\u00fdch \u017e\u00e1k\u016f z r\u016fzn\u00fdch typ\u016f \u0161kol na \u00farovni vy\u0161\u0161\u00edho sekund\u00e1rn\u00edho vzd\u011bl\u00e1v\u00e1n\u00ed Duration: 1.1.2024 \u2013 31.12.2026Abstract: Research into foreign language learning motivation is starting to [&hellip;]<\/p>\n","protected":false},"author":454,"featured_media":0,"parent":0,"menu_order":0,"comment_status":"closed","ping_status":"closed","template":"page-template-blank.php","meta":{"_et_pb_use_builder":"on","_et_pb_old_content":"","_et_gb_content_width":"","footnotes":""},"class_list":["post-134","page","type-page","status-publish","hentry"],"_links":{"self":[{"href":"https:\/\/pages.pedf.cuni.cz\/AnCER\/wp-json\/wp\/v2\/pages\/134","targetHints":{"allow":["GET"]}}],"collection":[{"href":"https:\/\/pages.pedf.cuni.cz\/AnCER\/wp-json\/wp\/v2\/pages"}],"about":[{"href":"https:\/\/pages.pedf.cuni.cz\/AnCER\/wp-json\/wp\/v2\/types\/page"}],"author":[{"embeddable":true,"href":"https:\/\/pages.pedf.cuni.cz\/AnCER\/wp-json\/wp\/v2\/users\/454"}],"replies":[{"embeddable":true,"href":"https:\/\/pages.pedf.cuni.cz\/AnCER\/wp-json\/wp\/v2\/comments?post=134"}],"version-history":[{"count":14,"href":"https:\/\/pages.pedf.cuni.cz\/AnCER\/wp-json\/wp\/v2\/pages\/134\/revisions"}],"predecessor-version":[{"id":1787,"href":"https:\/\/pages.pedf.cuni.cz\/AnCER\/wp-json\/wp\/v2\/pages\/134\/revisions\/1787"}],"wp:attachment":[{"href":"https:\/\/pages.pedf.cuni.cz\/AnCER\/wp-json\/wp\/v2\/media?parent=134"}],"curies":[{"name":"wp","href":"https:\/\/api.w.org\/{rel}","templated":true}]}}