{"id":424,"date":"2019-08-08T02:54:39","date_gmt":"2019-08-08T00:54:39","guid":{"rendered":"http:\/\/pages.pedf.cuni.cz\/eracenter\/?page_id=424"},"modified":"2026-02-21T18:59:06","modified_gmt":"2026-02-21T17:59:06","slug":"other-peer-reviewed-papers","status":"publish","type":"page","link":"https:\/\/pages.pedf.cuni.cz\/AnCER\/other-peer-reviewed-papers\/","title":{"rendered":"Other peer-reviewed papers"},"content":{"rendered":"<p>[et_pb_section fb_built=&#8221;1&#8243; _builder_version=&#8221;4.13.1&#8243; custom_margin=&#8221;-4px|0px|0px|0px|false|false&#8221; custom_padding=&#8221;0px|0px|0px|0px||&#8221; global_module=&#8221;82&#8243; locked=&#8221;off&#8221; global_colors_info=&#8221;{}&#8221;][et_pb_row _builder_version=&#8221;4.13.1&#8243; _module_preset=&#8221;default&#8221; global_colors_info=&#8221;{}&#8221;][et_pb_column type=&#8221;4_4&#8243; _builder_version=&#8221;4.13.1&#8243; _module_preset=&#8221;default&#8221; global_colors_info=&#8221;{}&#8221;][et_pb_image src=&#8221;https:\/\/pages.pedf.cuni.cz\/AnCER\/files\/2025\/03\/logo_a3_v3.png&#8221; title_text=&#8221;The Anchoring Center for Educational Research&#8221; url=&#8221;@ET-DC@eyJkeW5hbWljIjp0cnVlLCJjb250ZW50IjoiaG9tZV91cmwiLCJzZXR0aW5ncyI6e319@&#8221; _builder_version=&#8221;4.13.1&#8243; _dynamic_attributes=&#8221;url&#8221; _module_preset=&#8221;default&#8221; width=&#8221;34%&#8221; module_alignment=&#8221;center&#8221; global_colors_info=&#8221;{}&#8221;][\/et_pb_image][\/et_pb_column][\/et_pb_row][\/et_pb_section][et_pb_section fb_built=&#8221;1&#8243; fullwidth=&#8221;on&#8221; _builder_version=&#8221;4.13.1&#8243; custom_padding=&#8221;|0px|0px|0px|false|false&#8221; global_module=&#8221;83&#8243; locked=&#8221;off&#8221; global_colors_info=&#8221;{}&#8221;][et_pb_fullwidth_menu fullwidth_menu=&#8221;off&#8221; active_link_color=&#8221;#ffffff&#8221; dropdown_menu_text_color=&#8221;#ffffff&#8221; mobile_menu_text_color=&#8221;#ffffff&#8221; _builder_version=&#8221;4.13.1&#8243; menu_font=&#8221;|700||on|||||&#8221; menu_letter_spacing=&#8221;1px&#8221; background_color=&#8221;#cc2c32&#8243; text_orientation=&#8221;center&#8221; background_layout=&#8221;dark&#8221; global_colors_info=&#8221;{}&#8221;][\/et_pb_fullwidth_menu][\/et_pb_section][et_pb_section fb_built=&#8221;1&#8243; _builder_version=&#8221;3.22&#8243; global_colors_info=&#8221;{}&#8221;][et_pb_row _builder_version=&#8221;3.25&#8243; global_colors_info=&#8221;{}&#8221;][et_pb_column type=&#8221;4_4&#8243; _builder_version=&#8221;3.25&#8243; custom_padding=&#8221;|||&#8221; global_colors_info=&#8221;{}&#8221; custom_padding__hover=&#8221;|||&#8221;][et_pb_text _builder_version=&#8221;3.27.4&#8243; text_text_color=&#8221;#e02b20&#8243; text_font_size=&#8221;24px&#8221; custom_margin=&#8221;|||30px&#8221; global_colors_info=&#8221;{}&#8221;]<\/p>\n<p>Other peer-reviewed papers<\/p>\n<p>[\/et_pb_text][\/et_pb_column][\/et_pb_row][et_pb_row _builder_version=&#8221;3.25&#8243; custom_padding=&#8221;27px|30px|27px|30px|true|true&#8221; border_radii=&#8221;on|10px|10px|10px|10px&#8221; box_shadow_style=&#8221;preset1&#8243; box_shadow_vertical=&#8221;0px&#8221; box_shadow_blur=&#8221;3px&#8221; global_colors_info=&#8221;{}&#8221;][et_pb_column type=&#8221;4_4&#8243; _builder_version=&#8221;3.25&#8243; custom_padding=&#8221;|||&#8221; global_colors_info=&#8221;{}&#8221; custom_padding__hover=&#8221;|||&#8221;][et_pb_text _builder_version=&#8221;4.13.1&#8243; text_font=&#8221;|600|||||||&#8221; text_text_color=&#8221;#e02b20&#8243; text_font_size=&#8221;16px&#8221; link_option_url_new_window=&#8221;on&#8221; global_colors_info=&#8221;{}&#8221;]<\/p>\n<p>2026<\/p>\n<p>[\/et_pb_text][et_pb_text _builder_version=&#8221;4.13.1&#8243; text_font_size=&#8221;16px&#8221; custom_padding=&#8221;0px||3px|||&#8221; global_colors_info=&#8221;{}&#8221;]<\/p>\n<div class=\"csl-bib-body\">\n<div class=\"csl-entry\">\n<div class=\"csl-bib-body\">\n<div class=\"csl-entry\">\n<div class=\"csl-bib-body\">\n<div class=\"csl-entry\"><strong>Pivar\u010d, J., Papajoanu, O., &amp; Vo\u0148kov\u00e1, H. (2026). Vztah hou\u017eevnatosti \u017e\u00e1k\u016f p\u0159i u\u010den\u00ed se angli\u010dtin\u011b jako ciz\u00edmu jazyku s vybran\u00fdmi ekonomick\u00fdmi a soci\u00e1ln\u00edmi charakteristikami jejich rodiny a vrstevn\u00edk\u016f. <i>Studia Paedagogica<\/i>, 31(1), 5\u201333. <a href=\"https:\/\/doi.org\/10.5817.SP2026-1-1\">https:\/\/doi.org\/10.5817.SP2026-1-1<\/a>\u00a0<\/strong><\/div>\n<p><strong><span class=\"Z3988\" title=\"url_ver=Z39.88-2004&amp;ctx_ver=Z39.88-2004&amp;rfr_id=info%3Asid%2Fzotero.org%3A2&amp;rft_id=info%3Adoi%2F10.14712%2F23363177.2025.7&amp;rft_val_fmt=info%3Aofi%2Ffmt%3Akev%3Amtx%3Ajournal&amp;rft.genre=article&amp;rft.atitle=Vztah%20rychl%C3%A9ho%20odpov%C3%ADd%C3%A1n%C3%AD%20v%20testu%20z%20anglick%C3%A9ho%20jazyka%20a%20v%C3%BDsledn%C3%A9ho%20sk%C3%B3re%20u%20r%C5%AFzn%C3%BDch%20skupin%20%C5%BE%C3%A1k%C5%AF&amp;rft.jtitle=Orbis%20scholae&amp;rft.volume=19&amp;rft.issue=1&amp;rft.aufirst=Ji%C5%99%C3%AD&amp;rft.aulast=%C5%A0t%C3%ADpek&amp;rft.au=Ji%C5%99%C3%AD%20%C5%A0t%C3%ADpek&amp;rft.au=Hana%20Vo%C5%88kov%C3%A1&amp;rft.au=Kate%C5%99ina%20Kr%C3%A1lov%C3%A1&amp;rft.date=2025-10-08&amp;rft.pages=1-26&amp;rft.spage=1&amp;rft.epage=26&amp;rft.issn=2336-3177&amp;rft.language=en\"><\/span><\/strong><\/p>\n<\/div>\n<\/div>\n<\/div>\n<\/div>\n<\/div>\n<p>[\/et_pb_text][\/et_pb_column][\/et_pb_row][et_pb_row _builder_version=&#8221;4.13.1&#8243; custom_padding=&#8221;27px|30px|27px|30px|true|true&#8221; hover_enabled=&#8221;0&#8243; border_radii=&#8221;on|10px|10px|10px|10px&#8221; box_shadow_style=&#8221;preset1&#8243; box_shadow_vertical=&#8221;0px&#8221; box_shadow_blur=&#8221;3px&#8221; global_colors_info=&#8221;{}&#8221; custom_margin=&#8221;31px||||false|false&#8221; sticky_enabled=&#8221;0&#8243;][et_pb_column type=&#8221;4_4&#8243; _builder_version=&#8221;3.25&#8243; custom_padding=&#8221;|||&#8221; global_colors_info=&#8221;{}&#8221; custom_padding__hover=&#8221;|||&#8221;][et_pb_text _builder_version=&#8221;4.13.1&#8243; text_font=&#8221;|600|||||||&#8221; text_text_color=&#8221;#e02b20&#8243; text_font_size=&#8221;16px&#8221; link_option_url_new_window=&#8221;on&#8221; global_colors_info=&#8221;{}&#8221;]<\/p>\n<p>2025<\/p>\n<p>[\/et_pb_text][et_pb_text _builder_version=&#8221;4.13.1&#8243; text_font_size=&#8221;16px&#8221; custom_padding=&#8221;0px||3px|||&#8221; global_colors_info=&#8221;{}&#8221;]<\/p>\n<div class=\"csl-bib-body\">\n<div class=\"csl-entry\">\n<div class=\"csl-bib-body\">\n<div class=\"csl-entry\">\n<div class=\"csl-bib-body\">\n<div class=\"csl-entry\"><strong>\u0160t\u00edpek, J., Vo\u0148kov\u00e1, H., &amp; Kr\u00e1lov\u00e1, K. (2025). Vztah rychl\u00e9ho odpov\u00edd\u00e1n\u00ed v testu z anglick\u00e9ho jazyka a v\u00fdsledn\u00e9ho sk\u00f3re u r\u016fzn\u00fdch skupin \u017e\u00e1k\u016f. <i>Orbis Scholae<\/i>, <i>19<\/i>(1), 1\u201326. <a href=\"https:\/\/doi.org\/10.14712\/23363177.2025.7\">https:\/\/doi.org\/10.14712\/23363177.2025.7<\/a><\/strong><\/div>\n<p><strong><span class=\"Z3988\" title=\"url_ver=Z39.88-2004&amp;ctx_ver=Z39.88-2004&amp;rfr_id=info%3Asid%2Fzotero.org%3A2&amp;rft_id=info%3Adoi%2F10.14712%2F23363177.2025.7&amp;rft_val_fmt=info%3Aofi%2Ffmt%3Akev%3Amtx%3Ajournal&amp;rft.genre=article&amp;rft.atitle=Vztah%20rychl%C3%A9ho%20odpov%C3%ADd%C3%A1n%C3%AD%20v%20testu%20z%20anglick%C3%A9ho%20jazyka%20a%20v%C3%BDsledn%C3%A9ho%20sk%C3%B3re%20u%20r%C5%AFzn%C3%BDch%20skupin%20%C5%BE%C3%A1k%C5%AF&amp;rft.jtitle=Orbis%20scholae&amp;rft.volume=19&amp;rft.issue=1&amp;rft.aufirst=Ji%C5%99%C3%AD&amp;rft.aulast=%C5%A0t%C3%ADpek&amp;rft.au=Ji%C5%99%C3%AD%20%C5%A0t%C3%ADpek&amp;rft.au=Hana%20Vo%C5%88kov%C3%A1&amp;rft.au=Kate%C5%99ina%20Kr%C3%A1lov%C3%A1&amp;rft.date=2025-10-08&amp;rft.pages=1-26&amp;rft.spage=1&amp;rft.epage=26&amp;rft.issn=2336-3177&amp;rft.language=en\"><\/span><\/strong><\/div>\n<\/div>\n<\/div>\n<\/div>\n<\/div>\n<p>[\/et_pb_text][et_pb_text _builder_version=&#8221;4.13.1&#8243; text_font_size=&#8221;16px&#8221; custom_padding=&#8221;0px||3px|||&#8221; global_colors_info=&#8221;{}&#8221;]<\/p>\n<p><strong>Vo\u0148kov\u00e1, H., Zamarro, G., Papajoanu, O., &amp; Bo\u0161ko, M. (2025). Heterogenita v u\u017e\u00edv\u00e1n\u00ed \u0161k\u00e1l v r\u00e1mci \u017e\u00e1kovsk\u00e9ho sebehodnocen\u00ed v\u00fdkonov\u00e9 motivace nap\u0159\u00ed\u010d pades\u00e1ti osmi zem\u011bmi: Vyu\u017eit\u00ed metody ukotvuj\u00edc\u00edch vin\u011bt v PISA 2015. <i>Studia paedagogica, 30<\/i>(1), 121-175. <a href=\"https:\/\/doi.org\/10.5817\/SP2025-1-5\">https:\/\/doi.org\/10.5817\/SP2025-1-5<\/a> <\/strong><strong><span style=\"font-size: 16px\"><\/span><\/strong><strong><span style=\"font-size: 16px\"><\/span><\/strong><\/p>\n<p>[\/et_pb_text][\/et_pb_column][\/et_pb_row][et_pb_row _builder_version=&#8221;4.13.1&#8243; custom_margin=&#8221;31px||||false|false&#8221; custom_padding=&#8221;27px|30px|27px|30px|true|true&#8221; hover_enabled=&#8221;0&#8243; border_radii=&#8221;on|10px|10px|10px|10px&#8221; box_shadow_style=&#8221;preset1&#8243; box_shadow_vertical=&#8221;0px&#8221; box_shadow_blur=&#8221;3px&#8221; global_colors_info=&#8221;{}&#8221; sticky_enabled=&#8221;0&#8243;][et_pb_column type=&#8221;4_4&#8243; _builder_version=&#8221;3.25&#8243; custom_padding=&#8221;|||&#8221; global_colors_info=&#8221;{}&#8221; custom_padding__hover=&#8221;|||&#8221;][et_pb_text _builder_version=&#8221;4.13.1&#8243; text_font=&#8221;|600|||||||&#8221; text_text_color=&#8221;#e02b20&#8243; text_font_size=&#8221;16px&#8221; link_option_url_new_window=&#8221;on&#8221; global_colors_info=&#8221;{}&#8221;]<\/p>\n<p>2022<\/p>\n<p>[\/et_pb_text][et_pb_text _builder_version=&#8221;4.13.1&#8243; text_font_size=&#8221;16px&#8221; custom_padding=&#8221;0px||3px|||&#8221; global_colors_info=&#8221;{}&#8221;]<\/p>\n<p><strong>Papajoanu, O., &amp; Vonkova, H. (2022). The overclaiming technique in the PISA study: A review study. <i>Slavonic Pedagogical Studies Journal<\/i>,<i> 11<\/i>(2), 192-212. <a href=\"https:\/\/doi.org\/10.18355\/PG.2022.11.2.2\">https:\/\/doi.org\/<\/a><span style=\"font-size: 16px\"><a href=\"https:\/\/doi.org\/10.18355\/PG.2022.11.2.2\">10.18355\/PG.2022.11.2.2<\/a><\/p>\n<p><\/span><\/strong><strong><\/strong><strong><span style=\"font-size: 16px\"><\/span><\/strong><strong><span style=\"font-size: 16px\"><span>Vo\u0148kov\u00e1, H., Papajoanu, O., <\/span><span>&amp; Bo\u0161ko, M. (2022). Heterogenita ve zp\u016fsobu odpov\u00edd\u00e1n\u00ed na dotazn\u00edkov\u00e9 polo\u017eky u \u010desk\u00fdch \u017e\u00e1k\u016f v PISA 2012: anal\u00fdza dle kraje, typu a velikosti \u0161koly. <i>Studia Paedagogica<\/i>, <i>27<\/i>(3), 127-159. <\/span><span><a href=\"https:\/\/doi.org\/10.5817\/SP2022-3-5\" target=\"_blank\" data-saferedirecturl=\"https:\/\/www.google.com\/url?q=https:\/\/doi.org\/10.5817\/SP2022-3-5&amp;source=gmail&amp;ust=1674132603306000&amp;usg=AOvVaw0vL5nCVLIgRB98HNGtrT99\" rel=\"noopener\">https:\/\/doi.org\/10.5817\/SP2022-3-5<\/a><\/span><\/span><\/strong><\/p>\n<p><strong><span style=\"font-size: 16px\"><\/span><\/strong><\/p>\n<p>[\/et_pb_text][\/et_pb_column][\/et_pb_row][et_pb_row _builder_version=&#8221;4.13.1&#8243; min_height=&#8221;196px&#8221; custom_margin=&#8221;31px|auto||auto||&#8221; custom_padding=&#8221;21px|30px|21px|30px|true|true&#8221; border_radii=&#8221;on|10px|10px|10px|10px&#8221; box_shadow_style=&#8221;preset1&#8243; box_shadow_vertical=&#8221;0px&#8221; box_shadow_blur=&#8221;3px&#8221; global_colors_info=&#8221;{}&#8221;][et_pb_column type=&#8221;4_4&#8243; _builder_version=&#8221;3.25&#8243; custom_padding=&#8221;|||&#8221; global_colors_info=&#8221;{}&#8221; custom_padding__hover=&#8221;|||&#8221;][et_pb_text _builder_version=&#8221;4.6.6&#8243; text_font=&#8221;|600|||||||&#8221; text_text_color=&#8221;#e02b20&#8243; text_font_size=&#8221;16px&#8221; link_option_url_new_window=&#8221;on&#8221; global_colors_info=&#8221;{}&#8221;]<\/p>\n<p>2021<\/p>\n<p>[\/et_pb_text][et_pb_text _builder_version=&#8221;4.6.6&#8243; text_font_size=&#8221;16px&#8221; custom_padding=&#8221;0px||26px|||&#8221; global_colors_info=&#8221;{}&#8221;]<\/p>\n<p><strong>Papajoanu, O., Vo\u0148kov\u00e1, H., &amp; Vl\u010dkov\u00e1, K. (2021). Vztah motivace k u\u010den\u00ed se angli\u010dtin\u011b jako ciz\u00edmu jazyku se zn\u00e1mkou z angli\u010dtiny, z\u00edsk\u00e1n\u00edm vyznamen\u00e1n\u00ed na vysv\u011bd\u010den\u00ed a aspirac\u00ed studovat na gymn\u00e1ziu u \u017e\u00e1k\u016f z\u00e1kladn\u00edch \u0161kol. <i>Studia paedagogica<\/i>, <i>26<\/i>(3), 29\u201350. <a href=\"https:\/\/doi.org\/10.5817\/SP2021-3-2\" target=\"_blank\" data-saferedirecturl=\"https:\/\/www.google.com\/url?q=https:\/\/doi.org\/10.5817\/SP2021-3-2&amp;source=gmail&amp;ust=1635424278804000&amp;usg=AFQjCNEPMKapu9vegAr7ibBhdYTyrDATgA\" rel=\"noopener noreferrer\">https:\/\/doi.org\/10.5817\/SP2021-3-2<\/a><\/strong><\/p>\n<p>[\/et_pb_text][\/et_pb_column][\/et_pb_row][et_pb_row _builder_version=&#8221;3.25&#8243; custom_margin=&#8221;27px|auto||auto||&#8221; custom_padding=&#8221;27px|30px|27px|30px|true|true&#8221; border_radii=&#8221;on|10px|10px|10px|10px&#8221; box_shadow_style=&#8221;preset1&#8243; box_shadow_vertical=&#8221;0px&#8221; box_shadow_blur=&#8221;3px&#8221; global_colors_info=&#8221;{}&#8221;][et_pb_column type=&#8221;4_4&#8243; _builder_version=&#8221;3.25&#8243; custom_padding=&#8221;|||&#8221; global_colors_info=&#8221;{}&#8221; custom_padding__hover=&#8221;|||&#8221;][et_pb_text _builder_version=&#8221;4.6.6&#8243; text_font=&#8221;|600|||||||&#8221; text_text_color=&#8221;#e02b20&#8243; text_font_size=&#8221;16px&#8221; link_option_url_new_window=&#8221;on&#8221; global_colors_info=&#8221;{}&#8221;]<\/p>\n<p>2020<\/p>\n<p>[\/et_pb_text][et_pb_text _builder_version=&#8221;4.6.6&#8243; text_font_size=&#8221;16px&#8221; global_colors_info=&#8221;{}&#8221;]<\/p>\n<p><strong>Kralova, K., Stipek, J., Vonkova, H., &amp; Papajoanu, O. (2020). Sebehodnocen\u00ed motivace k u\u010den\u00ed se informa\u010dn\u00edm a komunika\u010dn\u00edm technologi\u00edm: v\u00fdsledky pilotn\u00edho \u0161et\u0159en\u00ed mezi st\u0159edo\u0161kolsk\u00fdmi studenty. <em>Slavonic Pedagogical Studies Journal<\/em>, <em>9<\/em>(1), 70\u201377. <a href=\"https:\/\/doi.org\/10.18355\/PG.2020.9.1.8\">https:\/\/doi.org\/<span>10.18355\/PG.2020.9.1.8<\/span><\/a><\/strong><\/p>\n<p>[\/et_pb_text][\/et_pb_column][\/et_pb_row][et_pb_row _builder_version=&#8221;3.25&#8243; custom_margin=&#8221;27px|auto||auto||&#8221; custom_padding=&#8221;27px|30px|27px|30px|true|true&#8221; border_radii=&#8221;on|10px|10px|10px|10px&#8221; box_shadow_style=&#8221;preset1&#8243; box_shadow_vertical=&#8221;0px&#8221; box_shadow_blur=&#8221;3px&#8221; global_colors_info=&#8221;{}&#8221;][et_pb_column type=&#8221;4_4&#8243; _builder_version=&#8221;3.25&#8243; custom_padding=&#8221;|||&#8221; global_colors_info=&#8221;{}&#8221; custom_padding__hover=&#8221;|||&#8221;][et_pb_text _builder_version=&#8221;4.6.6&#8243; text_font=&#8221;|600|||||||&#8221; text_text_color=&#8221;#e02b20&#8243; text_font_size=&#8221;16px&#8221; link_option_url_new_window=&#8221;on&#8221; global_colors_info=&#8221;{}&#8221;]<\/p>\n<p>2018<\/p>\n<p>[\/et_pb_text][et_pb_text _builder_version=&#8221;4.6.6&#8243; text_font_size=&#8221;16px&#8221; custom_padding=&#8221;||12px|||&#8221; global_colors_info=&#8221;{}&#8221;]<\/p>\n<p><strong>Bendl, S., Vonkova, H., Papajoanu, O., &amp; Vankatova, E. (2018). An examination of different methodological approaches in student school behavior research: The issue of the incomparability of student self-assessments. <em>Pedagogick\u00e1 orientace<\/em>, <em>28<\/em>(4), 627\u2013662. <a href=\"https:\/\/doi.org\/10.5817\/PedOr2018-4-627\">https:\/\/doi.org\/<\/a><a href=\"https:\/\/doi.org\/10.5817\/PedOr2018-4-627\">10.5817\/PedOr2018-4-627<\/a><\/strong><\/p>\n<p><strong>\u010cernochov\u00e1, M., Vo\u0148kov\u00e1, H., \u0160t\u00edpek, J., &amp; \u010cern\u00e1, P. (2018). How do learners perceive and evaluate their digital skills? <em>International Journal of Smart Education and Urban Society, 9<\/em>(1), 37-47.\u00a0<a href=\"https:\/\/www.learntechlib.org\/p\/186429\/\">https:\/\/www.learntechlib.org\/p\/186429\/<\/a><\/strong><\/p>\n<p>[\/et_pb_text][\/et_pb_column][\/et_pb_row][et_pb_row _builder_version=&#8221;3.25&#8243; custom_margin=&#8221;27px|auto||auto||&#8221; custom_padding=&#8221;27px|30px|27px|30px|true|true&#8221; border_radii=&#8221;on|10px|10px|10px|10px&#8221; box_shadow_style=&#8221;preset1&#8243; box_shadow_vertical=&#8221;0px&#8221; box_shadow_blur=&#8221;3px&#8221; global_colors_info=&#8221;{}&#8221;][et_pb_column type=&#8221;4_4&#8243; _builder_version=&#8221;3.25&#8243; custom_padding=&#8221;|||&#8221; global_colors_info=&#8221;{}&#8221; custom_padding__hover=&#8221;|||&#8221;][et_pb_text _builder_version=&#8221;4.6.6&#8243; text_font=&#8221;|600|||||||&#8221; text_text_color=&#8221;#e02b20&#8243; text_font_size=&#8221;16px&#8221; link_option_url_new_window=&#8221;on&#8221; global_colors_info=&#8221;{}&#8221;]<\/p>\n<p>2016<\/p>\n<p>[\/et_pb_text][et_pb_text _builder_version=&#8221;4.6.6&#8243; text_font_size=&#8221;16px&#8221; custom_padding=&#8221;||13px|||&#8221; global_colors_info=&#8221;{}&#8221;]<\/p>\n<p><strong>Vo\u0148kov\u00e1, H., Papajoanu, O., &amp; Bendl, S. (2016). Aplikace metody ukotvuj\u00edc\u00edch vin\u011bt v pedagogick\u00e9m v\u00fdzkumu: p\u0159ehled literatury a metodologick\u00e1 doporu\u010den\u00ed. <em>Pedagogick\u00e1 orientace<\/em>, <em>26<\/em>(3), 537\u2013559.\u00a0<\/strong><a href=\"https:\/\/doi.org\/10.5817\/PedOr2016-3-537%20\"><strong>https:\/\/doi.org\/10.5817\/PedOr2016-3-537<\/strong><\/a><\/p>\n<p>[\/et_pb_text][\/et_pb_column][\/et_pb_row][et_pb_row _builder_version=&#8221;3.25&#8243; custom_margin=&#8221;27px|auto||auto||&#8221; custom_padding=&#8221;27px|30px|27px|30px|true|true&#8221; border_radii=&#8221;on|10px|10px|10px|10px&#8221; box_shadow_style=&#8221;preset1&#8243; box_shadow_vertical=&#8221;0px&#8221; box_shadow_blur=&#8221;3px&#8221; global_colors_info=&#8221;{}&#8221;][et_pb_column type=&#8221;4_4&#8243; _builder_version=&#8221;3.25&#8243; custom_padding=&#8221;|||&#8221; global_colors_info=&#8221;{}&#8221; custom_padding__hover=&#8221;|||&#8221;][et_pb_text _builder_version=&#8221;4.6.6&#8243; text_font=&#8221;|600|||||||&#8221; text_text_color=&#8221;#e02b20&#8243; text_font_size=&#8221;16px&#8221; link_option_url_new_window=&#8221;on&#8221; global_colors_info=&#8221;{}&#8221;]<\/p>\n<p>2015<\/p>\n<p>[\/et_pb_text][et_pb_text _builder_version=&#8221;4.6.6&#8243; text_font_size=&#8221;16px&#8221; custom_padding=&#8221;||0px|||&#8221; global_colors_info=&#8221;{}&#8221;]<\/p>\n<p><strong>Vo\u0148kov\u00e1, H., &amp; Hrab\u00e1k, J. (2015).\u00a0<span>\u0158e\u0161en\u00ed nesrovnatelnosti hodnocen\u00ed ICT znalost\u00ed a dovednost\u00ed \u017e\u00e1k\u016f skrze ukotvuj\u00edc\u00ed vin\u011bty<\/span>.\u00a0<\/strong><strong style=\"font-size: 16px\"><em>Pedagogika, 65<\/em>(3), 274-291.\u00a0<\/strong><\/p>\n<p>[\/et_pb_text][\/et_pb_column][\/et_pb_row][\/et_pb_section][et_pb_section fb_built=&#8221;1&#8243; admin_label=&#8221;Footer&#8221; _builder_version=&#8221;3.22&#8243; custom_padding=&#8221;60px||60px||true|false&#8221; saved_tabs=&#8221;all&#8221; global_colors_info=&#8221;{}&#8221;][et_pb_row _builder_version=&#8221;3.25&#8243; global_colors_info=&#8221;{}&#8221;][et_pb_column type=&#8221;4_4&#8243; _builder_version=&#8221;3.25&#8243; custom_padding=&#8221;|||&#8221; global_colors_info=&#8221;{}&#8221; custom_padding__hover=&#8221;|||&#8221;][et_pb_text _builder_version=&#8221;3.27.4&#8243; text_font=&#8221;||||||||&#8221; text_text_color=&#8221;#575759&#8243; header_font=&#8221;||||||||&#8221; header_4_font=&#8221;Raleway|700|||||||&#8221; header_4_font_size=&#8221;22px&#8221; header_4_line_height=&#8221;1.4em&#8221; custom_margin=&#8221;||10px|&#8221; global_colors_info=&#8221;{}&#8221;][\/et_pb_text][\/et_pb_column][\/et_pb_row][\/et_pb_section][et_pb_section fb_built=&#8221;1&#8243; _builder_version=&#8221;3.0.47&#8243; background_color=&#8221;#cc2c32&#8243; custom_margin=&#8221;0px|0px|0px|0px&#8221; custom_padding=&#8221;0px|0px|0px|0px&#8221; global_module=&#8221;102&#8243; saved_tabs=&#8221;all&#8221; locked=&#8221;on&#8221; global_colors_info=&#8221;{}&#8221;][et_pb_row column_structure=&#8221;1_2,1_2&#8243; _builder_version=&#8221;3.25&#8243; background_size=&#8221;initial&#8221; background_position=&#8221;top_left&#8221; background_repeat=&#8221;repeat&#8221; global_colors_info=&#8221;{}&#8221;][et_pb_column type=&#8221;1_2&#8243; _builder_version=&#8221;3.25&#8243; custom_padding=&#8221;|||&#8221; global_colors_info=&#8221;{}&#8221; custom_padding__hover=&#8221;|||&#8221;][et_pb_text _builder_version=&#8221;4.6.6&#8243; text_text_color=&#8221;#ffffff&#8221; text_line_height=&#8221;125%&#8221; custom_padding=&#8221;|||180px&#8221; global_colors_info=&#8221;{}&#8221;]<\/p>\n<p><span style=\"font-size: 14px\">Institution: <\/span>Charles University, Faculty of Education<br \/> Street: Magdaleny Rettigove 4<br \/> City: Prague<br \/> ZIP\/Postal code: 116 39<br \/> State: Czech Republic<\/p>\n<p>&nbsp;<\/p>\n<p>[\/et_pb_text][\/et_pb_column][et_pb_column type=&#8221;1_2&#8243; _builder_version=&#8221;3.25&#8243; custom_padding=&#8221;|||&#8221; global_colors_info=&#8221;{}&#8221; custom_padding__hover=&#8221;|||&#8221;][et_pb_text _builder_version=&#8221;3.27.4&#8243; text_font=&#8221;||||||||&#8221; text_text_color=&#8221;#ffffff&#8221; text_line_height=&#8221;125%&#8221; global_colors_info=&#8221;{}&#8221;]<\/p>\n<p><strong>Contact person:<br \/> <\/strong>Director: Hana Vonkova<br \/> Email: hana.vonkova@pedf.cuni.cz<\/p>\n<p>[\/et_pb_text][et_pb_social_media_follow icon_color=&#8221;#FFFFFF&#8221; _builder_version=&#8221;4.13.1&#8243; _module_preset=&#8221;default&#8221; global_colors_info=&#8221;{}&#8221;][et_pb_social_media_follow_network social_network=&#8221;instagram&#8221; url=&#8221;http:\/\/instagram.com\/ancer_cu&#8221; _builder_version=&#8221;4.13.1&#8243; _module_preset=&#8221;default&#8221; background_enable_color=&#8221;off&#8221; global_colors_info=&#8221;{}&#8221; follow_button=&#8221;off&#8221; url_new_window=&#8221;on&#8221;]instagram[\/et_pb_social_media_follow_network][et_pb_social_media_follow_network social_network=&#8221;facebook&#8221; url=&#8221;https:\/\/www.facebook.com\/AncerPrague\/&#8221; icon_color=&#8221;#FFFFFF&#8221; _builder_version=&#8221;4.13.1&#8243; _module_preset=&#8221;default&#8221; background_color=&#8221;RGBA(0,0,0,0)&#8221; background_enable_color=&#8221;on&#8221; global_colors_info=&#8221;{}&#8221; follow_button=&#8221;off&#8221; url_new_window=&#8221;on&#8221;]facebook[\/et_pb_social_media_follow_network][\/et_pb_social_media_follow][\/et_pb_column][\/et_pb_row][\/et_pb_section]<\/p>\n","protected":false},"excerpt":{"rendered":"<p>Other peer-reviewed papers2026 Pivar\u010d, J., Papajoanu, O., &amp; Vo\u0148kov\u00e1, H. (2026). Vztah hou\u017eevnatosti \u017e\u00e1k\u016f p\u0159i u\u010den\u00ed se angli\u010dtin\u011b jako ciz\u00edmu jazyku s vybran\u00fdmi ekonomick\u00fdmi a soci\u00e1ln\u00edmi charakteristikami jejich rodiny a vrstevn\u00edk\u016f. Studia Paedagogica, 31(1), 5\u201333. https:\/\/doi.org\/10.5817.SP2026-1-1\u00a0 2025 \u0160t\u00edpek, J., Vo\u0148kov\u00e1, H., &amp; Kr\u00e1lov\u00e1, K. (2025). Vztah rychl\u00e9ho odpov\u00edd\u00e1n\u00ed v testu z anglick\u00e9ho jazyka a v\u00fdsledn\u00e9ho [&hellip;]<\/p>\n","protected":false},"author":454,"featured_media":0,"parent":0,"menu_order":0,"comment_status":"closed","ping_status":"closed","template":"","meta":{"_et_pb_use_builder":"on","_et_pb_old_content":"","_et_gb_content_width":"","footnotes":""},"class_list":["post-424","page","type-page","status-publish","hentry"],"_links":{"self":[{"href":"https:\/\/pages.pedf.cuni.cz\/AnCER\/wp-json\/wp\/v2\/pages\/424","targetHints":{"allow":["GET"]}}],"collection":[{"href":"https:\/\/pages.pedf.cuni.cz\/AnCER\/wp-json\/wp\/v2\/pages"}],"about":[{"href":"https:\/\/pages.pedf.cuni.cz\/AnCER\/wp-json\/wp\/v2\/types\/page"}],"author":[{"embeddable":true,"href":"https:\/\/pages.pedf.cuni.cz\/AnCER\/wp-json\/wp\/v2\/users\/454"}],"replies":[{"embeddable":true,"href":"https:\/\/pages.pedf.cuni.cz\/AnCER\/wp-json\/wp\/v2\/comments?post=424"}],"version-history":[{"count":8,"href":"https:\/\/pages.pedf.cuni.cz\/AnCER\/wp-json\/wp\/v2\/pages\/424\/revisions"}],"predecessor-version":[{"id":2370,"href":"https:\/\/pages.pedf.cuni.cz\/AnCER\/wp-json\/wp\/v2\/pages\/424\/revisions\/2370"}],"wp:attachment":[{"href":"https:\/\/pages.pedf.cuni.cz\/AnCER\/wp-json\/wp\/v2\/media?parent=424"}],"curies":[{"name":"wp","href":"https:\/\/api.w.org\/{rel}","templated":true}]}}