{"id":433,"date":"2019-08-08T02:57:29","date_gmt":"2019-08-08T00:57:29","guid":{"rendered":"http:\/\/pages.pedf.cuni.cz\/eracenter\/?page_id=433"},"modified":"2025-03-27T21:39:42","modified_gmt":"2025-03-27T20:39:42","slug":"books","status":"publish","type":"page","link":"https:\/\/pages.pedf.cuni.cz\/AnCER\/books\/","title":{"rendered":"Books"},"content":{"rendered":"<p>[et_pb_section fb_built=&#8221;1&#8243; _builder_version=&#8221;4.13.1&#8243; custom_margin=&#8221;0px|0px|0px|0px|false|false&#8221; custom_padding=&#8221;0px|0px|0px|0px||&#8221; global_module=&#8221;82&#8243; locked=&#8221;off&#8221; global_colors_info=&#8221;{}&#8221;][et_pb_row _builder_version=&#8221;4.13.1&#8243; _module_preset=&#8221;default&#8221; custom_padding=&#8221;||21px|||&#8221; global_colors_info=&#8221;{}&#8221;][et_pb_column type=&#8221;4_4&#8243; _builder_version=&#8221;4.13.1&#8243; _module_preset=&#8221;default&#8221; global_colors_info=&#8221;{}&#8221;][et_pb_image src=&#8221;https:\/\/pages.pedf.cuni.cz\/AnCER\/files\/2019\/11\/logo.png&#8221; title_text=&#8221;logo&#8221; url=&#8221;https:\/\/pages.pedf.cuni.cz\/AnCER\/&#8221; _builder_version=&#8221;4.13.1&#8243; _module_preset=&#8221;default&#8221; width=&#8221;54%&#8221; module_alignment=&#8221;center&#8221; global_colors_info=&#8221;{}&#8221;][\/et_pb_image][\/et_pb_column][\/et_pb_row][\/et_pb_section][et_pb_section fb_built=&#8221;1&#8243; fullwidth=&#8221;on&#8221; _builder_version=&#8221;4.13.1&#8243; custom_padding=&#8221;|0px|0px|0px|false|false&#8221; global_module=&#8221;83&#8243; locked=&#8221;off&#8221; global_colors_info=&#8221;{}&#8221;][et_pb_fullwidth_menu fullwidth_menu=&#8221;off&#8221; active_link_color=&#8221;#ffffff&#8221; dropdown_menu_text_color=&#8221;#ffffff&#8221; mobile_menu_text_color=&#8221;#ffffff&#8221; _builder_version=&#8221;3.19.17&#8243; menu_font=&#8221;|700||on|||||&#8221; menu_letter_spacing=&#8221;1px&#8221; background_color=&#8221;#cc2c32&#8243; text_orientation=&#8221;center&#8221; background_layout=&#8221;dark&#8221; global_colors_info=&#8221;{}&#8221;][\/et_pb_fullwidth_menu][\/et_pb_section][et_pb_section fb_built=&#8221;1&#8243; _builder_version=&#8221;3.22&#8243; min_height=&#8221;315px&#8221; global_colors_info=&#8221;{}&#8221;][et_pb_row _builder_version=&#8221;3.25&#8243; global_colors_info=&#8221;{}&#8221;][et_pb_column type=&#8221;4_4&#8243; _builder_version=&#8221;3.25&#8243; custom_padding=&#8221;|||&#8221; global_colors_info=&#8221;{}&#8221; custom_padding__hover=&#8221;|||&#8221;][et_pb_text _builder_version=&#8221;4.6.6&#8243; text_font=&#8221;||||||||&#8221; text_text_color=&#8221;#e02b20&#8243; text_font_size=&#8221;24px&#8221; min_height=&#8221;34px&#8221; custom_margin=&#8221;|||30px&#8221; global_colors_info=&#8221;{}&#8221;]<\/p>\n<p>Books<\/p>\n<p>[\/et_pb_text][\/et_pb_column][\/et_pb_row][et_pb_row _builder_version=&#8221;3.25&#8243; custom_padding=&#8221;27px|30px|27px|30px|true|true&#8221; border_radii=&#8221;on|10px|10px|10px|10px&#8221; box_shadow_style=&#8221;preset1&#8243; box_shadow_vertical=&#8221;0px&#8221; box_shadow_blur=&#8221;3px&#8221; global_colors_info=&#8221;{}&#8221;][et_pb_column type=&#8221;4_4&#8243; _builder_version=&#8221;3.25&#8243; custom_padding=&#8221;|||&#8221; global_colors_info=&#8221;{}&#8221; custom_padding__hover=&#8221;|||&#8221;][et_pb_text _builder_version=&#8221;4.6.6&#8243; text_font=&#8221;|600|||||||&#8221; text_text_color=&#8221;#e02b20&#8243; text_font_size=&#8221;16px&#8221; global_colors_info=&#8221;{}&#8221;]<\/p>\n<p><span style=\"color: #000000\">Vo\u0148kov\u00e1, H. (2017). <em>Metoda ukotvuj\u00edc\u00edch vin\u011bt a jej\u00ed vyu\u017eit\u00ed v pedagogick\u00e9m v\u00fdzkumu.<\/em>\u00a0Pedagogick\u00e1 fakulta,\u00a0<span>Univerzita Karlova.<\/span><\/span><\/p>\n<p>[\/et_pb_text][\/et_pb_column][\/et_pb_row][et_pb_row _builder_version=&#8221;3.25&#8243; custom_margin=&#8221;|auto|-43px|auto||&#8221; global_colors_info=&#8221;{}&#8221;][et_pb_column type=&#8221;4_4&#8243; _builder_version=&#8221;3.25&#8243; custom_padding=&#8221;|||&#8221; global_colors_info=&#8221;{}&#8221; custom_padding__hover=&#8221;|||&#8221;][et_pb_text _builder_version=&#8221;4.6.6&#8243; text_font=&#8221;||||||||&#8221; text_text_color=&#8221;#e02b20&#8243; text_font_size=&#8221;24px&#8221; min_height=&#8221;15px&#8221; custom_margin=&#8221;24px|||30px||&#8221; custom_padding=&#8221;||33px|||&#8221; global_colors_info=&#8221;{}&#8221;]<\/p>\n<p>Book chapters<\/p>\n<p>[\/et_pb_text][\/et_pb_column][\/et_pb_row][et_pb_row _builder_version=&#8221;4.6.6&#8243; min_height=&#8221;148px&#8221; custom_margin=&#8221;17px|auto|25px|auto||&#8221; custom_padding=&#8221;38px|0px|38px|0px|true|true&#8221; border_radii=&#8221;on|10px|10px|10px|10px&#8221; box_shadow_style=&#8221;preset1&#8243; box_shadow_vertical=&#8221;0px&#8221; box_shadow_blur=&#8221;3px&#8221; global_colors_info=&#8221;{}&#8221;][et_pb_column type=&#8221;4_4&#8243; _builder_version=&#8221;3.25&#8243; custom_padding=&#8221;|||&#8221; global_colors_info=&#8221;{}&#8221; custom_padding__hover=&#8221;|||&#8221;][et_pb_text _builder_version=&#8221;4.6.6&#8243; text_font=&#8221;|600|||||||&#8221; text_text_color=&#8221;#e02b20&#8243; text_font_size=&#8221;16px&#8221; width=&#8221;97.8%&#8221; min_height=&#8221;232px&#8221; custom_margin=&#8221;-8px||-466px|||&#8221; custom_padding=&#8221;1px||0px|18px||&#8221; link_option_url_new_window=&#8221;on&#8221; global_colors_info=&#8221;{}&#8221;]<\/p>\n<p><span style=\"color: #000000\">Vonkova, H., Cernochova, M., Selcuk, H., Hrabak, J., &amp; Kralova, K. (2019). The application of anchoring vignettes in the analysis of self-assessment of ICT skills: A pilot study among Czech secondary school students. In D. Passey, R. Bottino, C. Lewin, &amp; E. Snachez (Eds.), <em>Open Conference on Computers in Education 2018: Empowering Learners for Life in the Digital Age <\/em>(pp. 243-252). Springer International Publishing. <a href=\"https:\/\/doi.org\/10.1007\/978-3-030-23513-0_24\">https:\/\/doi.org\/10.1007\/978-3-030-23513-0_24<\/a><\/span><\/p>\n<p>&nbsp;<\/p>\n<p>&nbsp;<\/p>\n<p>&nbsp;<\/p>\n<div class=\"et-fb-mousetrap et-fb-mousetrap-move et-fb-mousetrap--row\"><\/div>\n<p>&nbsp;<\/p>\n<div class=\"et-fb-mousetrap et-fb-mousetrap-move et-fb-mousetrap--row\"><\/div>\n<p>&nbsp;<\/p>\n<div class=\"et-fb-mousetrap et-fb-mousetrap-move et-fb-mousetrap--row\"><\/div>\n<p>&nbsp;<\/p>\n<div class=\"et-fb-mousetrap et-fb-mousetrap-move et-fb-mousetrap--row\"><\/div>\n<p>&nbsp;<\/p>\n<div class=\"et-fb-mousetrap et-fb-mousetrap-move et-fb-mousetrap--row\"><\/div>\n<p>&nbsp;<\/p>\n<div class=\"et-fb-mousetrap et-fb-mousetrap-move et-fb-mousetrap--row\"><\/div>\n<p>&nbsp;<\/p>\n<div class=\"et-fb-mousetrap et-fb-mousetrap-move et-fb-mousetrap--row\"><\/div>\n<p>&nbsp;<\/p>\n<p><span style=\"font-size: 16px\">\u00a0<\/span><\/p>\n<p>&nbsp;<\/p>\n<p>[\/et_pb_text][\/et_pb_column][\/et_pb_row][\/et_pb_section][et_pb_section fb_built=&#8221;1&#8243; admin_label=&#8221;Footer&#8221; _builder_version=&#8221;3.22&#8243; custom_margin=&#8221;-38px|||||&#8221; custom_padding=&#8221;0px||0px||true|false&#8221; saved_tabs=&#8221;all&#8221; global_colors_info=&#8221;{}&#8221;][\/et_pb_section][et_pb_section fb_built=&#8221;1&#8243; _builder_version=&#8221;3.0.47&#8243; background_color=&#8221;#cc2c32&#8243; custom_margin=&#8221;0px|0px|0px|0px&#8221; custom_padding=&#8221;0px|0px|0px|0px&#8221; global_module=&#8221;102&#8243; saved_tabs=&#8221;all&#8221; locked=&#8221;on&#8221; global_colors_info=&#8221;{}&#8221;][et_pb_row column_structure=&#8221;1_2,1_2&#8243; _builder_version=&#8221;3.25&#8243; background_size=&#8221;initial&#8221; background_position=&#8221;top_left&#8221; background_repeat=&#8221;repeat&#8221; global_colors_info=&#8221;{}&#8221;][et_pb_column type=&#8221;1_2&#8243; _builder_version=&#8221;3.25&#8243; custom_padding=&#8221;|||&#8221; global_colors_info=&#8221;{}&#8221; custom_padding__hover=&#8221;|||&#8221;][et_pb_text _builder_version=&#8221;4.6.6&#8243; text_text_color=&#8221;#ffffff&#8221; text_line_height=&#8221;125%&#8221; custom_padding=&#8221;|||180px&#8221; global_colors_info=&#8221;{}&#8221;]<\/p>\n<p><span style=\"font-size: 14px\">Institution: <\/span>Charles University, Faculty of Education<br \/> Street: Magdaleny Rettigove 4<br \/> City: Prague<br \/> ZIP\/Postal code: 116 39<br \/> State: Czech Republic<\/p>\n<p>&nbsp;<\/p>\n<p>[\/et_pb_text][\/et_pb_column][et_pb_column type=&#8221;1_2&#8243; _builder_version=&#8221;3.25&#8243; custom_padding=&#8221;|||&#8221; global_colors_info=&#8221;{}&#8221; custom_padding__hover=&#8221;|||&#8221;][et_pb_text _builder_version=&#8221;3.27.4&#8243; text_font=&#8221;||||||||&#8221; text_text_color=&#8221;#ffffff&#8221; text_line_height=&#8221;125%&#8221; global_colors_info=&#8221;{}&#8221;]<\/p>\n<p><strong>Contact person:<br \/> <\/strong>Director: Hana Vonkova<br \/> Email: hana.vonkova@pedf.cuni.cz<\/p>\n<p>[\/et_pb_text][et_pb_social_media_follow icon_color=&#8221;#FFFFFF&#8221; _builder_version=&#8221;4.13.1&#8243; _module_preset=&#8221;default&#8221; global_colors_info=&#8221;{}&#8221;][et_pb_social_media_follow_network social_network=&#8221;instagram&#8221; url=&#8221;http:\/\/instagram.com\/ancer_cu&#8221; _builder_version=&#8221;4.13.1&#8243; _module_preset=&#8221;default&#8221; background_enable_color=&#8221;off&#8221; global_colors_info=&#8221;{}&#8221; follow_button=&#8221;off&#8221; url_new_window=&#8221;on&#8221;]instagram[\/et_pb_social_media_follow_network][et_pb_social_media_follow_network social_network=&#8221;facebook&#8221; url=&#8221;https:\/\/www.facebook.com\/AncerPrague\/&#8221; icon_color=&#8221;#FFFFFF&#8221; _builder_version=&#8221;4.13.1&#8243; _module_preset=&#8221;default&#8221; background_color=&#8221;RGBA(0,0,0,0)&#8221; background_enable_color=&#8221;on&#8221; global_colors_info=&#8221;{}&#8221; follow_button=&#8221;off&#8221; url_new_window=&#8221;on&#8221;]facebook[\/et_pb_social_media_follow_network][\/et_pb_social_media_follow][\/et_pb_column][\/et_pb_row][\/et_pb_section]<\/p>\n","protected":false},"excerpt":{"rendered":"<p>BooksVo\u0148kov\u00e1, H. (2017). Metoda ukotvuj\u00edc\u00edch vin\u011bt a jej\u00ed vyu\u017eit\u00ed v pedagogick\u00e9m v\u00fdzkumu.\u00a0Pedagogick\u00e1 fakulta,\u00a0Univerzita Karlova.Book chaptersVonkova, H., Cernochova, M., Selcuk, H., Hrabak, J., &amp; Kralova, K. (2019). The application of anchoring vignettes in the analysis of self-assessment of ICT skills: A pilot study among Czech secondary school students. In D. Passey, R. Bottino, C. Lewin, &amp; [&hellip;]<\/p>\n","protected":false},"author":454,"featured_media":0,"parent":0,"menu_order":0,"comment_status":"closed","ping_status":"closed","template":"","meta":{"_et_pb_use_builder":"on","_et_pb_old_content":"","_et_gb_content_width":"","footnotes":""},"class_list":["post-433","page","type-page","status-publish","hentry"],"_links":{"self":[{"href":"https:\/\/pages.pedf.cuni.cz\/AnCER\/wp-json\/wp\/v2\/pages\/433","targetHints":{"allow":["GET"]}}],"collection":[{"href":"https:\/\/pages.pedf.cuni.cz\/AnCER\/wp-json\/wp\/v2\/pages"}],"about":[{"href":"https:\/\/pages.pedf.cuni.cz\/AnCER\/wp-json\/wp\/v2\/types\/page"}],"author":[{"embeddable":true,"href":"https:\/\/pages.pedf.cuni.cz\/AnCER\/wp-json\/wp\/v2\/users\/454"}],"replies":[{"embeddable":true,"href":"https:\/\/pages.pedf.cuni.cz\/AnCER\/wp-json\/wp\/v2\/comments?post=433"}],"version-history":[{"count":29,"href":"https:\/\/pages.pedf.cuni.cz\/AnCER\/wp-json\/wp\/v2\/pages\/433\/revisions"}],"predecessor-version":[{"id":1839,"href":"https:\/\/pages.pedf.cuni.cz\/AnCER\/wp-json\/wp\/v2\/pages\/433\/revisions\/1839"}],"wp:attachment":[{"href":"https:\/\/pages.pedf.cuni.cz\/AnCER\/wp-json\/wp\/v2\/media?parent=433"}],"curies":[{"name":"wp","href":"https:\/\/api.w.org\/{rel}","templated":true}]}}