{"id":75,"date":"2019-01-05T19:33:53","date_gmt":"2019-01-05T19:33:53","guid":{"rendered":"http:\/\/benes.wpneuron.com\/era\/?page_id=75"},"modified":"2019-01-05T19:33:53","modified_gmt":"2019-01-05T19:33:53","slug":"published-and-working-papers","status":"publish","type":"page","link":"https:\/\/pages.pedf.cuni.cz\/AnCER\/published-and-working-papers\/","title":{"rendered":"Published and Working Papers"},"content":{"rendered":"<p>[et_pb_section fb_built=&#8221;1&#8243; _builder_version=&#8221;3.18.7&#8243; custom_padding=&#8221;0|0px|0|0px|false|false&#8221; global_module=&#8221;82&#8243;][et_pb_row custom_padding=&#8221;0|0px|13px|0px|false|false&#8221; _builder_version=&#8221;3.14&#8243;][et_pb_column type=&#8221;4_4&#8243; _builder_version=&#8221;3.0.47&#8243; parallax=&#8221;off&#8221; parallax_method=&#8221;on&#8221;][et_pb_image src=&#8221;https:\/\/pages.pedf.cuni.cz\/AnCER\/files\/2019\/01\/pedf_loga_pracoviste.12.png&#8221; _builder_version=&#8221;3.18.7&#8243; max_width=&#8221;38%&#8221;][\/et_pb_image][\/et_pb_column][\/et_pb_row][\/et_pb_section][et_pb_section fb_built=&#8221;1&#8243; fullwidth=&#8221;on&#8221; _builder_version=&#8221;3.18.7&#8243; global_module=&#8221;83&#8243;][et_pb_fullwidth_menu fullwidth_menu=&#8221;off&#8221; active_link_color=&#8221;#ffffff&#8221; dropdown_menu_text_color=&#8221;#ffffff&#8221; mobile_menu_text_color=&#8221;#ffffff&#8221; _builder_version=&#8221;3.14&#8243; menu_font=&#8221;|700||on|||||&#8221; menu_letter_spacing=&#8221;1px&#8221; background_color=&#8221;#cc2c32&#8243; text_orientation=&#8221;center&#8221; background_layout=&#8221;dark&#8221;][\/et_pb_fullwidth_menu][\/et_pb_section][et_pb_section fb_built=&#8221;1&#8243; _builder_version=&#8221;3.14&#8243;][et_pb_row _builder_version=&#8221;3.18.7&#8243;][et_pb_column type=&#8221;4_4&#8243; _builder_version=&#8221;3.18.7&#8243; parallax=&#8221;off&#8221; parallax_method=&#8221;on&#8221;][et_pb_text _builder_version=&#8221;3.18.7&#8243; text_font=&#8221;||||||||&#8221; text_text_color=&#8221;#e02b20&#8243; text_font_size=&#8221;24px&#8221; custom_margin=&#8221;|||30px&#8221;]<\/p>\n<p>Published and Working Papers<\/p>\n<p>[\/et_pb_text][\/et_pb_column][\/et_pb_row][et_pb_row custom_padding=&#8221;27px|30px|27px|30px|true|true&#8221; _builder_version=&#8221;3.18.7&#8243; border_radii=&#8221;on|10px|10px|10px|10px&#8221; box_shadow_style=&#8221;preset1&#8243; box_shadow_vertical=&#8221;0px&#8221; box_shadow_blur=&#8221;3px&#8221;][et_pb_column type=&#8221;4_4&#8243; _builder_version=&#8221;3.18.7&#8243; parallax=&#8221;off&#8221; parallax_method=&#8221;on&#8221;][et_pb_text _builder_version=&#8221;3.18.7&#8243; text_font=&#8221;|600|||||||&#8221; text_text_color=&#8221;#e02b20&#8243; text_font_size=&#8221;16px&#8221;]<\/p>\n<p>Vo\u0148kov\u00e1, H., Bendl, S., &amp; Papajoanu, O. (2016). How students report dishonest behavior in school: Self-assessment and anchoring vignettes. The Journal of Experimental Education, DOI: 10.1080\/00220973.2015.1094438.<\/p>\n<p>[\/et_pb_text][et_pb_text _builder_version=&#8221;3.18.7&#8243; text_font=&#8221;||||||||&#8221; text_font_size=&#8221;16px&#8221;]<\/p>\n<p>The authors have studied heterogeneity in reporting behavior and its impact on the analysis of self-reports about students\u2019 dishonest behavior in schools. 265 randomly-chosen, seventh-grade students (typically 12 years old) from lower secondary schools in Prague 6, a district in the capital of the Czech Republic, participated in this survey. The results of the self-reports, adjusted for heterogeneity are highly related to students\u2019 levels of academic achievement and their parents\u2019 education and partly to gender while unadjusted self-reports are only slightly related to the level of parents\u2019 education. The authors also show differences in the reporting behavior across diverse subdomains of school behavior and suggest using anchoring vignettes closely related to the domain described in the self-reports.<\/p>\n<p>[\/et_pb_text][\/et_pb_column][\/et_pb_row][et_pb_row custom_padding=&#8221;27px|30px|27px|30px|true|true&#8221; custom_margin=&#8221;40px||&#8221; _builder_version=&#8221;3.18.7&#8243; border_radii=&#8221;on|10px|10px|10px|10px&#8221; box_shadow_style=&#8221;preset1&#8243; box_shadow_vertical=&#8221;0px&#8221; box_shadow_blur=&#8221;3px&#8221;][et_pb_column type=&#8221;4_4&#8243; _builder_version=&#8221;3.18.7&#8243; parallax=&#8221;off&#8221; parallax_method=&#8221;on&#8221;][et_pb_text _builder_version=&#8221;3.18.7&#8243; text_font=&#8221;|600|||||||&#8221; text_text_color=&#8221;#e02b20&#8243; text_font_size=&#8221;16px&#8221; link_option_url=&#8221;http:\/\/www.sciencedirect.com\/science\/article\/pii\/S036013151500072X&#8221; link_option_url_new_window=&#8221;on&#8221;]<\/p>\n<p>Vonkova, H., &amp; Hrabak, J. (2015). The (in) comparability of ICT knowledge and skill self-assessments among upper secondary school students: The use of the anchoring vignette method. Computers &amp; Education, 85, 191-202.<\/p>\n<p>[\/et_pb_text][et_pb_text _builder_version=&#8221;3.18.7&#8243; text_font=&#8221;||||||||&#8221; text_font_size=&#8221;16px&#8221;]<\/p>\n<p>Self-reporting of ICT knowledge and skills is commonly used in questionnaire surveys among students and in job search situations to provide information about actual ICT knowledge and skills. The main advantage of this approach is its low cost. The responses can, however, reflect not only the actual level of knowledge and skills but also the self-assessment style. Two students with the same actual knowledge and skills level may give different self-assessments since one might be optimistic and overestimate his\/her skills and the other could be pessimistic and underestimate his\/her skills. The anchoring vignette method helps to adjust self-reports for the differences in scale usage. We compare the ICT knowledge and skills of two distinct groups of Czech upper secondary school students, ICT students (N = 228) and non-ICT (business and pedagogy) students (N = 147), based on their self-reported general ICT knowledge and skills, before and after the anchoring vignette adjustment for the different usage of scale. We show that the anchoring vignette method helps to distinguish between the two groups of students&#8217; differences in scale usage and that adjusted self-reports correspond to the actual level of students&#8217; ICT knowledge and skills (in contrary to the unadjusted self-reports). The anchoring vignette method is a very promising tool for increasing the validity of surveys that use students&#8217; ICT knowledge and skill self-reports.<\/p>\n<p>[\/et_pb_text][et_pb_button button_url=&#8221;http:\/\/www.sciencedirect.com\/science\/article\/pii\/S036013151500072X&#8221; button_text=&#8221;Link&#8221; button_alignment=&#8221;left&#8221; _builder_version=&#8221;3.18.7&#8243; custom_button=&#8221;on&#8221; button_text_size=&#8221;16px&#8221; button_text_color=&#8221;#e02b20&#8243; button_border_color=&#8221;#e02b20&#8243; button_font=&#8221;||||||||&#8221; button_use_icon=&#8221;off&#8221; custom_padding=&#8221;2px|7px|2px|7px|true|true&#8221;][\/et_pb_button][\/et_pb_column][\/et_pb_row][et_pb_row custom_padding=&#8221;27px|30px|27px|30px|true|true&#8221; custom_margin=&#8221;40px||&#8221; _builder_version=&#8221;3.18.7&#8243; border_radii=&#8221;on|10px|10px|10px|10px&#8221; box_shadow_style=&#8221;preset1&#8243; box_shadow_vertical=&#8221;0px&#8221; box_shadow_blur=&#8221;3px&#8221;][et_pb_column type=&#8221;4_4&#8243; _builder_version=&#8221;3.18.7&#8243; parallax=&#8221;off&#8221; parallax_method=&#8221;on&#8221;][et_pb_text _builder_version=&#8221;3.18.7&#8243; text_font=&#8221;|600|||||||&#8221; text_text_color=&#8221;#e02b20&#8243; text_font_size=&#8221;16px&#8221; link_option_url=&#8221;http:\/\/www.sciencedirect.com\/science\/article\/pii\/S036013151500072X&#8221; link_option_url_new_window=&#8221;on&#8221;]<\/p>\n<p>Vonkova, H., Zamarro, G., DeBerg, V., &amp; Hitt, C. (2015). Comparisons of student perceptions of teacher\u2019s performance in the classroom: Using parametric anchoring vignette methods for improving comparability. Working paper.<\/p>\n<p>[\/et_pb_text][et_pb_text _builder_version=&#8221;3.18.7&#8243; text_font=&#8221;||||||||&#8221; text_font_size=&#8221;16px&#8221;]<\/p>\n<p>Self-reports are an indispensable source of information in education research but might be affected by reference group bias if the frame of reference (i.e. implicit standards), used to answer the questions, differs across students. The anchoring vignettes method was introduced, in other areas of social science, precisely to correct for this source of bias. However, studies that make use of this approach in education are rare and more research is needed to study its potential. This paper uses data from PISA 2012 to investigate the use of the parametric model of the anchoring vignettes method to correct for differential implicit standards in cross-country comparisons of student\u2019s perceptions of an important dimension of teacher quality: teacher\u2019s classroom management. Our results show significant heterogeneity in implicit standards across countries. We also show how correlations between countries\u2019 average teacher classroom management levels and external variables can be improved substantially when heterogeneity in implicit standards is adjusted for. We conclude that the anchoring vignettes method shows a good potential to enhance the validity and comparability of self-reported measures in education.<\/p>\n<p>[\/et_pb_text][et_pb_button button_url=&#8221;http:\/\/www.uaedreform.org\/downloads\/2015\/05\/comparisons-of-student-perceptions-of-teachers-performance-in-the-classroom-using-parametric-anchoring-vignette-methods-for-improving-comparability.pdf&#8221; button_text=&#8221;Full Text&#8221; button_alignment=&#8221;left&#8221; _builder_version=&#8221;3.18.7&#8243; custom_button=&#8221;on&#8221; button_text_size=&#8221;16px&#8221; button_text_color=&#8221;#e02b20&#8243; button_border_color=&#8221;#e02b20&#8243; button_font=&#8221;||||||||&#8221; button_use_icon=&#8221;off&#8221; custom_padding=&#8221;2px|7px|2px|7px|true|true&#8221;][\/et_pb_button][\/et_pb_column][\/et_pb_row][et_pb_row custom_padding=&#8221;27px|30px|27px|30px|true|true&#8221; custom_margin=&#8221;40px||&#8221; _builder_version=&#8221;3.18.7&#8243; border_radii=&#8221;on|10px|10px|10px|10px&#8221; box_shadow_style=&#8221;preset1&#8243; box_shadow_vertical=&#8221;0px&#8221; box_shadow_blur=&#8221;3px&#8221;][et_pb_column type=&#8221;4_4&#8243; _builder_version=&#8221;3.18.7&#8243; parallax=&#8221;off&#8221; parallax_method=&#8221;on&#8221;][et_pb_text _builder_version=&#8221;3.18.7&#8243; text_font=&#8221;|600|||||||&#8221; text_text_color=&#8221;#e02b20&#8243; text_font_size=&#8221;16px&#8221; link_option_url=&#8221;http:\/\/www.sciencedirect.com\/science\/article\/pii\/S036013151500072X&#8221; link_option_url_new_window=&#8221;on&#8221;]<\/p>\n<p>Vonkova, H., &amp; Sramkova, E. (2013). Zji\u0161\u0165ov\u00e1n\u00ed porozum\u011bn\u00ed textu v angli\u010dtin\u011b: Jak\u00e9 mo\u017enosti d\u00e1v\u00e1 vyu\u017eit\u00ed metody ukotvuj\u00edc\u00edch vin\u011bt? In: L. C\u00edrus (Eds.), Efektivita vzd\u011bl\u00e1v\u00e1n\u00ed v prom\u011bn\u00e1ch spole\u010dnosti: Sborn\u00edk p\u0159\u00edsp\u011bvk\u016f XXI. celost\u00e1tn\u00ed konference \u010cesk\u00e9 asociace pedagogick\u00e9ho v\u00fdzkumu (pp. 92-97). \u00dast\u00ed nad Labem: Univerzita J. E. Purkyn\u011b.<\/p>\n<p>[\/et_pb_text][et_pb_text _builder_version=&#8221;3.18.7&#8243; text_font=&#8221;||||||||&#8221; text_font_size=&#8221;16px&#8221;]<\/p>\n<p>To find out knowledge of foreign language, self-assessment questions are sometimes used apart from the didactic tests. Their use, however, is debatable. Somebody may for example assess their knowledge as very good and somebody else as average, although in reality their knowledge is the same. The self-assessment of the people is not comparable then. This article is concerned with the possibility of the use of the anchoring vignette method in the correction of self-assessment of reading comprehension in English, so that it is comparable. With this method, the respondents answer a self-assessment question, and alongside all of them are to assess the same anchoring vignettes, i.e. short stories describing knowledge of a hypothetical person. The differences in their vignette assessment, which reflects respondents\u2019 different perception of scale is then used for self-assessment correction. A nonparametric approach with the use of four vignettes is described. A relation between the self-assessment and corrected self-assessment using anchoring vignettes and a relation between the (corrected) self-assessment and the result of an English reading comprehension didactic test is shown on the example of secondary school students. The assessment of vignettes showed high variability among students, which indicates their different use of particular points on scale. Thus, the corrected self-assessment differs from the original self-assessment. In some cases the corrected self-assessment accords much more with the objective level of reading comprehension \u2013 the results of the didactic test.<\/p>\n<p>[\/et_pb_text][\/et_pb_column][\/et_pb_row][et_pb_row custom_padding=&#8221;27px|30px|27px|30px|true|true&#8221; custom_margin=&#8221;40px||&#8221; _builder_version=&#8221;3.18.7&#8243; border_radii=&#8221;on|10px|10px|10px|10px&#8221; box_shadow_style=&#8221;preset1&#8243; box_shadow_vertical=&#8221;0px&#8221; box_shadow_blur=&#8221;3px&#8221;][et_pb_column type=&#8221;4_4&#8243; _builder_version=&#8221;3.18.7&#8243; parallax=&#8221;off&#8221; parallax_method=&#8221;on&#8221;][et_pb_text _builder_version=&#8221;3.18.7&#8243; text_font=&#8221;|600|||||||&#8221; text_text_color=&#8221;#e02b20&#8243; text_font_size=&#8221;16px&#8221; link_option_url=&#8221;http:\/\/www.sciencedirect.com\/science\/article\/pii\/S036013151500072X&#8221; link_option_url_new_window=&#8221;on&#8221;]<\/p>\n<p>Vonkova, H. (2013). Subjektivn\u00ed hodnocen\u00ed probl\u00e9m\u016f s pohybem: U\u017eit\u00ed parametrick\u00e9ho modelu metody ukotvuj\u00edc\u00edch vin\u011bt. Orbis Scholae, 7 (1), 49-66.<\/p>\n<p>[\/et_pb_text][et_pb_text _builder_version=&#8221;3.18.7&#8243; text_font=&#8221;||||||||&#8221; text_font_size=&#8221;16px&#8221;]<\/p>\n<p>In survey research, respondents\u2019 self-assessment is often used to compare the objective state across different groups. The problem is that self-assessments may depend on both the respondents\u2019 objective situation and the way in which they interpret scale categories. The anchoring vignette method offers a solution of this problem. Using evaluation of hypothetic persons in short stories (anchoring vignettes) the heterogeneity of the scale use is identified and used for correction of the response scale differences. This article aims at identification of heterogeneity in scale use, when respondents\u2019 problems with moving around are being studied. The sample consists of people aged fifty or older from ten European countries. Data collection was done in 2006\u22122007. It is shown that Belgian and Italian respondents are more optimistic when evaluating problems with moving around. Czech and Dutch respondents use the end points of the scale less often. After the correction for heterogeneity in reporting behavior, the best actual situation is found in Denmark, France and Sweden, while Czech and Polish seniors are the least mobile. Younger men with higher education have less problems with moving around. After the correction of reporting behavior the differences between both men and women and respondents with higher and lower education increase because men and respondents with higher education perceive a given problem as worse with higher probability.<\/p>\n<p>[\/et_pb_text][et_pb_button button_url=&#8221;http:\/\/www.orbisscholae.cz\/archiv\/2013\/2013_1_03.pdf&#8221; button_text=&#8221;Full Text&#8221; button_alignment=&#8221;left&#8221; _builder_version=&#8221;3.18.7&#8243; custom_button=&#8221;on&#8221; button_text_size=&#8221;16px&#8221; button_text_color=&#8221;#e02b20&#8243; button_border_color=&#8221;#e02b20&#8243; button_font=&#8221;||||||||&#8221; button_use_icon=&#8221;off&#8221; custom_padding=&#8221;2px|7px|2px|7px|true|true&#8221;][\/et_pb_button][\/et_pb_column][\/et_pb_row][et_pb_row custom_padding=&#8221;27px|30px|27px|30px|true|true&#8221; custom_margin=&#8221;40px||&#8221; _builder_version=&#8221;3.18.7&#8243; border_radii=&#8221;on|10px|10px|10px|10px&#8221; box_shadow_style=&#8221;preset1&#8243; box_shadow_vertical=&#8221;0px&#8221; box_shadow_blur=&#8221;3px&#8221;][et_pb_column type=&#8221;4_4&#8243; _builder_version=&#8221;3.18.7&#8243; parallax=&#8221;off&#8221; parallax_method=&#8221;on&#8221;][et_pb_text _builder_version=&#8221;3.18.7&#8243; text_font=&#8221;|600|||||||&#8221; text_text_color=&#8221;#e02b20&#8243; text_font_size=&#8221;16px&#8221; link_option_url=&#8221;http:\/\/www.sciencedirect.com\/science\/article\/pii\/S036013151500072X&#8221; link_option_url_new_window=&#8221;on&#8221;]<\/p>\n<p>Vonkova, H. (2012). Metoda ukotvujic\u00edch vin\u011bt a mo\u017enosti vyu\u017eit\u00ed v pedagogice. Orbis Scholae, 6 (1), 27-40.<\/p>\n<p>[\/et_pb_text][et_pb_text _builder_version=&#8221;3.18.7&#8243; text_font=&#8221;||||||||&#8221; text_font_size=&#8221;16px&#8221;]<\/p>\n<p>Self-assessment questions are used often in survey research. A direct comparison of countries or different socioeconomic groups based on answers to such questions may lead to an incorrect conclusion about the respondents\u2019 actual situation. One of the reasons may be that respondents from different groups use the response scale in different ways, for example Americans may evaluate a situation as \u201cexcellent\u201d more often compared to other nationalities. The anchoring vignette method solves the problem by letting respondents evaluate both their situation and hypothetical situations of other people (anchoring vignettes), Since the hypothetical situation is invariant over respondents, the differences in their evaluations of the hypothetical situation may be interpreted as the differences in their use of response scale. This is then used to adjust (anchor) their self-assessments. The anchoring vignettes method has not yet been discussed in Czech language academic literature. This paper introduces the basic idea of the method both intuitively and using mathematics and presents several applications of the method in social sciences. Least but not last, it suggests how to use this method in educational science.<\/p>\n<p>[\/et_pb_text][et_pb_button button_url=&#8221;http:\/\/www.cupress.cuni.cz\/ink2_stat\/index.jsp?include=AUC_detail&amp;id=1201&#8243; button_text=&#8221;Full Text&#8221; button_alignment=&#8221;left&#8221; _builder_version=&#8221;3.18.7&#8243; custom_button=&#8221;on&#8221; button_text_size=&#8221;16px&#8221; button_text_color=&#8221;#e02b20&#8243; button_border_color=&#8221;#e02b20&#8243; button_font=&#8221;||||||||&#8221; button_use_icon=&#8221;off&#8221; custom_padding=&#8221;2px|7px|2px|7px|true|true&#8221;][\/et_pb_button][\/et_pb_column][\/et_pb_row][\/et_pb_section][et_pb_section fb_built=&#8221;1&#8243; admin_label=&#8221;Footer&#8221; _builder_version=&#8221;3.18.7&#8243; custom_padding=&#8221;60px||60px||true|false&#8221; saved_tabs=&#8221;all&#8221; global_module=&#8221;85&#8243;][et_pb_row _builder_version=&#8221;3.3.1&#8243;][et_pb_column type=&#8221;4_4&#8243; _builder_version=&#8221;3.0.47&#8243; parallax=&#8221;off&#8221; parallax_method=&#8221;on&#8221;][et_pb_text _builder_version=&#8221;3.18.7&#8243; text_font=&#8221;||||||||&#8221; text_text_color=&#8221;#575759&#8243; header_font=&#8221;||||||||&#8221; header_4_font=&#8221;Raleway|700|||||||&#8221; header_4_font_size=&#8221;22px&#8221; header_4_line_height=&#8221;1.4em&#8221; text_orientation=&#8221;center&#8221; custom_margin=&#8221;||10px|&#8221;]<\/p>\n<h4>Contact<\/h4>\n<p>[\/et_pb_text][et_pb_text _builder_version=&#8221;3.14&#8243; text_font=&#8221;||||||||&#8221; text_text_color=&#8221;#a8aaae&#8221; text_font_size=&#8221;18px&#8221; text_line_height=&#8221;1.6em&#8221; text_orientation=&#8221;center&#8221;]<\/p>\n<p>Pedagogick\u00e1 fakulta Univerzita Karlova<br \/>\nM. Rettigov\u00e9 4, Praha 1<br \/>\n2. a 4. patro<\/p>\n<p>[\/et_pb_text][et_pb_text _builder_version=&#8221;3.10.1&#8243; text_font=&#8221;||||||||&#8221; text_text_color=&#8221;#575759&#8243; header_font=&#8221;||||||||&#8221; header_4_font=&#8221;Raleway|700|||||||&#8221; header_4_font_size=&#8221;22px&#8221; header_4_line_height=&#8221;1.4em&#8221; custom_margin=&#8221;||10px|&#8221;][\/et_pb_text][\/et_pb_column][\/et_pb_row][\/et_pb_section][et_pb_section fb_built=&#8221;1&#8243; _builder_version=&#8221;3.18.2&#8243; background_color=&#8221;#cc2c32&#8243; custom_margin=&#8221;0px|0px|0px|0px&#8221; custom_padding=&#8221;0px|0px|0px|0px&#8221; global_module=&#8221;102&#8243;][et_pb_row custom_padding=&#8221;0px|0px|0px|0px&#8221; custom_margin=&#8221;0px|0px|0px|0px&#8221; _builder_version=&#8221;3.18.2&#8243;][et_pb_column type=&#8221;4_4&#8243; _builder_version=&#8221;3.0.47&#8243; parallax=&#8221;off&#8221; parallax_method=&#8221;on&#8221;][et_pb_text _builder_version=&#8221;3.18.2&#8243; text_font=&#8221;|700|||||||&#8221; text_text_color=&#8221;#ffffff&#8221; custom_padding=&#8221;13px||13px|15%|true&#8221;]<\/p>\n<p>EDUCATIONAL RESEARCH ANCHORS GROUP 2018<\/p>\n<p>[\/et_pb_text][\/et_pb_column][\/et_pb_row][\/et_pb_section]<\/p>\n","protected":false},"excerpt":{"rendered":"<p>Published and Working Papers Vo\u0148kov\u00e1, H., Bendl, S., &amp; Papajoanu, O. (2016). How students report dishonest behavior in school: Self-assessment and anchoring vignettes. The Journal of Experimental Education, DOI: 10.1080\/00220973.2015.1094438. The authors have studied heterogeneity in reporting behavior and its impact on the analysis of self-reports about students\u2019 dishonest behavior in schools. 265 randomly-chosen, seventh-grade [&hellip;]<\/p>\n","protected":false},"author":454,"featured_media":0,"parent":0,"menu_order":0,"comment_status":"closed","ping_status":"closed","template":"page-template-blank.php","meta":{"_et_pb_use_builder":"on","_et_pb_old_content":"","_et_gb_content_width":"","footnotes":""},"class_list":["post-75","page","type-page","status-publish","hentry"],"_links":{"self":[{"href":"https:\/\/pages.pedf.cuni.cz\/AnCER\/wp-json\/wp\/v2\/pages\/75","targetHints":{"allow":["GET"]}}],"collection":[{"href":"https:\/\/pages.pedf.cuni.cz\/AnCER\/wp-json\/wp\/v2\/pages"}],"about":[{"href":"https:\/\/pages.pedf.cuni.cz\/AnCER\/wp-json\/wp\/v2\/types\/page"}],"author":[{"embeddable":true,"href":"https:\/\/pages.pedf.cuni.cz\/AnCER\/wp-json\/wp\/v2\/users\/454"}],"replies":[{"embeddable":true,"href":"https:\/\/pages.pedf.cuni.cz\/AnCER\/wp-json\/wp\/v2\/comments?post=75"}],"version-history":[{"count":1,"href":"https:\/\/pages.pedf.cuni.cz\/AnCER\/wp-json\/wp\/v2\/pages\/75\/revisions"}],"predecessor-version":[{"id":423,"href":"https:\/\/pages.pedf.cuni.cz\/AnCER\/wp-json\/wp\/v2\/pages\/75\/revisions\/423"}],"wp:attachment":[{"href":"https:\/\/pages.pedf.cuni.cz\/AnCER\/wp-json\/wp\/v2\/media?parent=75"}],"curies":[{"name":"wp","href":"https:\/\/api.w.org\/{rel}","templated":true}]}}