{"id":10,"date":"2012-01-24T13:51:49","date_gmt":"2012-01-24T12:51:49","guid":{"rendered":"http:\/\/capv2012.pedf.cuni.cz\/?page_id=10"},"modified":"2015-05-07T13:33:00","modified_gmt":"2015-05-07T11:33:00","slug":"ke-stazeni","status":"publish","type":"page","link":"https:\/\/pages.pedf.cuni.cz\/capv2012\/ke-stazeni\/","title":{"rendered":"Ke sta\u017een\u00ed"},"content":{"rendered":"<p><em>Zde budou postupn\u011b k dispozici pokyny k p\u0159\u00edprav\u011b p\u0159\u00edsp\u011bvk\u016f, podrobn\u00fd program, sborn\u00edk anotac\u00ed atd.<\/em><\/p>\n<p><a href=\"http:\/\/capv2012.pedf.cuni.cz\/wp-content\/uploads\/2012\/08\/Kvalita_ve_vzdelavani_nahled5.pdf\" target=\"_blank\">Sborn\u00edk anotac\u00ed s podrobn\u00fdm programem konference a seznamem p\u0159ihl\u00e1\u0161en\u00fdch poster\u016f<\/a><\/p>\n<p><a href=\"http:\/\/capv2012.pedf.cuni.cz\/wp-content\/uploads\/2012\/08\/070812RamcProgramCAPV2012.pdf\" target=\"_blank\">R\u00e1mcov\u00fd program konference<\/a><\/p>\n<p><a href=\"http:\/\/capv2012.pedf.cuni.cz\/wp-content\/uploads\/2012\/06\/CAPV_postery.pdf\">Pokyny pro form\u00e1ln\u00ed \u00fapravu a krit\u00e9ria hodnocen\u00ed poster\u016f<\/a><\/p>\n<p><a href=\"http:\/\/capv2012.pedf.cuni.cz\/wp-content\/uploads\/2012\/01\/PokynyProAutoryDleAPA_120111.pdf\">Pokyny pro psan\u00ed p\u0159\u00edsp\u011bvk\u016f do sborn\u00edku<\/a><\/p>\n<p><a href=\"http:\/\/capv2012.pedf.cuni.cz\/wp-content\/uploads\/2012\/09\/Sekce-01-Metody-m\u011b\u0159en\u00ed-kvality-vzd\u011bl\u00e1v\u00e1n\u00ed.pdf\">Sekce 1 &#8211; abstrakty<\/a><\/p>\n<p><a href=\"http:\/\/capv2012.pedf.cuni.cz\/wp-content\/uploads\/2012\/09\/Sekce-02-Kvalita-u\u010ditele-a-u\u010ditelsk\u00e9ho-vzd\u011bl\u00e1v\u00e1n\u00ed.pdf\">Sekce 2 &#8211; abstrakty<\/a><\/p>\n<p><a href=\"http:\/\/capv2012.pedf.cuni.cz\/wp-content\/uploads\/2012\/09\/Sekce-03-Minulost-p\u0159\u00edtomnost-a-budoucnost-oborov\u00fdch-didaktik.pdf\">Sekce 3 &#8211; abstrakty<\/a><\/p>\n<p><a href=\"http:\/\/capv2012.pedf.cuni.cz\/wp-content\/uploads\/2012\/09\/Sekce-04-U\u010ditel-jako-v\u00fdzkumn\u00edk.pdf\">Sekce 4 &#8211; abstrakty<\/a><\/p>\n<p><a href=\"http:\/\/capv2012.pedf.cuni.cz\/wp-content\/uploads\/2012\/09\/Sekce-05-Kvalita-kurikula-au\u010den\u00ed.pdf\">Sekce 5 &#8211; abstrakty<\/a><\/p>\n<p><a href=\"http:\/\/capv2012.pedf.cuni.cz\/wp-content\/uploads\/2012\/09\/Sekce-06-V\u00fdzkumy-\u0159\u00edzen\u00ed-\u0161koly-a-\u0161kolstv\u00ed.pdf\">Sekce 6 &#8211; abstrakty<\/a><\/p>\n<p><a href=\"http:\/\/capv2012.pedf.cuni.cz\/wp-content\/uploads\/2012\/09\/Sekce-07-D\u00edt\u011b-v-procesu-v\u00fdchovy-a-vzd\u011bl\u00e1v\u00e1n\u00ed.pdf\">Sekce 7 &#8211; abstrakty<\/a><\/p>\n<p><a href=\"http:\/\/capv2012.pedf.cuni.cz\/wp-content\/uploads\/2012\/09\/Sekce-08-V\u00fdzkum-soci\u00e1on\u00edch-aspekt\u016f-vzd\u011bl\u00e1v\u00e1n\u00ed.pdf\">Sekce 8 &#8211; abstrakty<\/a><\/p>\n<p><a href=\"http:\/\/capv2012.pedf.cuni.cz\/wp-content\/uploads\/2012\/09\/Sekce-09-Kvalita-vysoko\u0161kolsk\u00e9ho-vzd\u011bl\u00e1v\u00e1n\u00ed-a-celo\u017eivotn\u00edho-u\u010den\u00ed.pdf\">Sekce 9 &#8211; abstrakty<\/a><\/p>\n<p><a href=\"http:\/\/capv2012.pedf.cuni.cz\/wp-content\/uploads\/2012\/09\/Sekce-10-Prom\u011bny-\u017e\u00e1ka-u\u010ditele-a-\u0161koly-v-historick\u00e9-perspektiv\u011b.pdf\">Sekce 10 &#8211; abstrakty<\/a><\/p>\n<p><a href=\"http:\/\/capv2012.pedf.cuni.cz\/wp-content\/uploads\/2012\/09\/Sekce-11-V\u00fdzkumy-zam\u011b\u0159en\u00e9-na-ICT-ve-vzd\u011bl\u00e1vn\u00ed-v-informa\u010dn\u00edm-v\u011bku-vzd\u011bl\u00e1v\u00e1n\u00ed.pdf\">Sekce 11 &#8211; abstrakty<\/a><\/p>\n","protected":false},"excerpt":{"rendered":"<p>Zde budou postupn\u011b k dispozici pokyny k p\u0159\u00edprav\u011b p\u0159\u00edsp\u011bvk\u016f, podrobn\u00fd program, sborn\u00edk anotac\u00ed atd. Sborn\u00edk anotac\u00ed s podrobn\u00fdm programem konference a seznamem p\u0159ihl\u00e1\u0161en\u00fdch poster\u016f R\u00e1mcov\u00fd program konference Pokyny pro form\u00e1ln\u00ed \u00fapravu a krit\u00e9ria hodnocen\u00ed poster\u016f Pokyny pro psan\u00ed p\u0159\u00edsp\u011bvk\u016f do sborn\u00edku Sekce 1 &#8211; abstrakty Sekce 2 &#8211; abstrakty Sekce 3 &#8211; abstrakty Sekce 4 &hellip; <a href=\"https:\/\/pages.pedf.cuni.cz\/capv2012\/ke-stazeni\/\">Continue reading <span class=\"meta-nav\">&rarr;<\/span><\/a><\/p>\n","protected":false},"author":35,"featured_media":0,"parent":0,"menu_order":0,"comment_status":"closed","ping_status":"closed","template":"","meta":{"footnotes":""},"class_list":["post-10","page","type-page","status-publish","hentry"],"_links":{"self":[{"href":"https:\/\/pages.pedf.cuni.cz\/capv2012\/wp-json\/wp\/v2\/pages\/10","targetHints":{"allow":["GET"]}}],"collection":[{"href":"https:\/\/pages.pedf.cuni.cz\/capv2012\/wp-json\/wp\/v2\/pages"}],"about":[{"href":"https:\/\/pages.pedf.cuni.cz\/capv2012\/wp-json\/wp\/v2\/types\/page"}],"author":[{"embeddable":true,"href":"https:\/\/pages.pedf.cuni.cz\/capv2012\/wp-json\/wp\/v2\/users\/35"}],"replies":[{"embeddable":true,"href":"https:\/\/pages.pedf.cuni.cz\/capv2012\/wp-json\/wp\/v2\/comments?post=10"}],"version-history":[{"count":0,"href":"https:\/\/pages.pedf.cuni.cz\/capv2012\/wp-json\/wp\/v2\/pages\/10\/revisions"}],"wp:attachment":[{"href":"https:\/\/pages.pedf.cuni.cz\/capv2012\/wp-json\/wp\/v2\/media?parent=10"}],"curies":[{"name":"wp","href":"https:\/\/api.w.org\/{rel}","templated":true}]}}