{"id":18,"date":"2012-01-24T13:52:38","date_gmt":"2012-01-24T12:52:38","guid":{"rendered":"http:\/\/capv2012.pedf.cuni.cz\/?page_id=18"},"modified":"2015-05-07T13:33:26","modified_gmt":"2015-05-07T11:33:26","slug":"o-asociaci","status":"publish","type":"page","link":"https:\/\/pages.pedf.cuni.cz\/capv2012\/o-asociaci\/","title":{"rendered":"O asociaci \u010cAPV"},"content":{"rendered":"<p><a href=\"http:\/\/www.capv.cz\/\">\u010cesk\u00e1 asociace pedagogick\u00e9ho v\u00fdzkumu (\u010cAPV)<\/a> je profesn\u011b z\u00e1jmovou organizac\u00ed, jej\u00edm\u017e posl\u00e1n\u00edm je zkvalit\u0148ov\u00e1n\u00ed vzd\u011bl\u00e1vac\u00edho procesu prost\u0159ednictv\u00edm pedagogick\u00e9ho v\u00fdzkumu, vz\u00e1jemn\u00e1 v\u00fdm\u011bna informac\u00ed mezi pracovn\u00edky pedagogick\u00e9ho v\u00fdzkumu, \u0161\u00ed\u0159en\u00ed v\u00fdsledk\u016f pedagogick\u00e9ho v\u00fdzkumu a jejich praktick\u00e1 aplikace. Pedagogick\u00fd v\u00fdzkum je ch\u00e1p\u00e1n v \u0161irok\u00e9m interdisciplin\u00e1rn\u00edm pojet\u00ed &#8211; jako v\u0161echny v\u00fdzkumn\u00e9 aktivity v oblasti v\u00fdchovy, vzd\u011bl\u00e1v\u00e1n\u00ed a \u0161kolstv\u00ed.<\/p>\n<p>\u010cAPV je \u010dlenem Evropsk\u00e9 asociace pedagogick\u00e9ho v\u00fdzkumu, <a href=\"http:\/\/www.eera-ecer.eu\/\">European Educational Research Association (EERA)<\/a>.<\/p>\n<p>V p\u0159edve\u010der zah\u00e1jen\u00ed XX. konference \u010cAPV se ji\u017e tradi\u010dn\u011b uskute\u010dn\u00ed pracovn\u00ed ve\u010de\u0159e pro st\u00e1vaj\u00edc\u00ed \u010dleny v\u00fdboru \u010cAPV. Tentokr\u00e1t jsou nav\u00edc pozv\u00e1n\u00ed tak\u00e9 b\u00fdval\u00ed p\u0159edsedov\u00e9 \u010cAPV.<\/p>\n<p>Pod\u00e1v\u00e1n\u00ed p\u00edsemn\u00fdch n\u00e1vrh\u016f na kandid\u00e1ty do v\u00fdboru \u010cAPV je mo\u017en\u00e9 je\u0161t\u011b p\u0159\u00edmo na konferenci do pond\u011bl\u00ed 10.9., 12.00 p\u0159\u00edmo dr. M. Chv\u00e1lovi (vede sekci 1). N\u00e1vrh mus\u00ed obsahovat jm\u00e9no kandid\u00e1ta, jeho pracovi\u0161t\u011b, podpis kandid\u00e1ta na d\u016fkaz souhlasu s kandidaturou, jm\u00e9no a podpis navrhovatele. Kandid\u00e1t i navrhovatel mus\u00ed b\u00fdt \u010dlenem \u010cAPV.<\/p>\n","protected":false},"excerpt":{"rendered":"<p>\u010cesk\u00e1 asociace pedagogick\u00e9ho v\u00fdzkumu (\u010cAPV) je profesn\u011b z\u00e1jmovou organizac\u00ed, jej\u00edm\u017e posl\u00e1n\u00edm je zkvalit\u0148ov\u00e1n\u00ed vzd\u011bl\u00e1vac\u00edho procesu prost\u0159ednictv\u00edm pedagogick\u00e9ho v\u00fdzkumu, vz\u00e1jemn\u00e1 v\u00fdm\u011bna informac\u00ed mezi pracovn\u00edky pedagogick\u00e9ho v\u00fdzkumu, \u0161\u00ed\u0159en\u00ed v\u00fdsledk\u016f pedagogick\u00e9ho v\u00fdzkumu a jejich praktick\u00e1 aplikace. Pedagogick\u00fd v\u00fdzkum je ch\u00e1p\u00e1n v \u0161irok\u00e9m interdisciplin\u00e1rn\u00edm pojet\u00ed &#8211; jako v\u0161echny v\u00fdzkumn\u00e9 aktivity v oblasti v\u00fdchovy, vzd\u011bl\u00e1v\u00e1n\u00ed a \u0161kolstv\u00ed. \u010cAPV je \u010dlenem &hellip; <a href=\"https:\/\/pages.pedf.cuni.cz\/capv2012\/o-asociaci\/\">Continue reading <span class=\"meta-nav\">&rarr;<\/span><\/a><\/p>\n","protected":false},"author":35,"featured_media":0,"parent":0,"menu_order":0,"comment_status":"closed","ping_status":"closed","template":"","meta":{"footnotes":""},"class_list":["post-18","page","type-page","status-publish","hentry"],"_links":{"self":[{"href":"https:\/\/pages.pedf.cuni.cz\/capv2012\/wp-json\/wp\/v2\/pages\/18","targetHints":{"allow":["GET"]}}],"collection":[{"href":"https:\/\/pages.pedf.cuni.cz\/capv2012\/wp-json\/wp\/v2\/pages"}],"about":[{"href":"https:\/\/pages.pedf.cuni.cz\/capv2012\/wp-json\/wp\/v2\/types\/page"}],"author":[{"embeddable":true,"href":"https:\/\/pages.pedf.cuni.cz\/capv2012\/wp-json\/wp\/v2\/users\/35"}],"replies":[{"embeddable":true,"href":"https:\/\/pages.pedf.cuni.cz\/capv2012\/wp-json\/wp\/v2\/comments?post=18"}],"version-history":[{"count":0,"href":"https:\/\/pages.pedf.cuni.cz\/capv2012\/wp-json\/wp\/v2\/pages\/18\/revisions"}],"wp:attachment":[{"href":"https:\/\/pages.pedf.cuni.cz\/capv2012\/wp-json\/wp\/v2\/media?parent=18"}],"curies":[{"name":"wp","href":"https:\/\/api.w.org\/{rel}","templated":true}]}}