{"id":20,"date":"2012-01-24T13:52:55","date_gmt":"2012-01-24T12:52:55","guid":{"rendered":"http:\/\/capv2012.pedf.cuni.cz\/?page_id=20"},"modified":"2015-05-07T13:33:48","modified_gmt":"2015-05-07T11:33:48","slug":"program-konference","status":"publish","type":"page","link":"https:\/\/pages.pedf.cuni.cz\/capv2012\/program-konference\/","title":{"rendered":"Program"},"content":{"rendered":"<p><a href=\"http:\/\/capv2012.pedf.cuni.cz\/wp-content\/uploads\/2012\/08\/Kvalita_ve_vzdelavani_nahled5.pdf\" target=\"_blank\">Podrobn\u00fd program konference: Sborn\u00edk anotac\u00ed<\/a> &#8211; <em>fin\u00e1ln\u00ed verze.<\/em><\/p>\n<p><em>Dodate\u010dn\u00e9 zm\u011bny: <a href=\"http:\/\/capv2012.pedf.cuni.cz\/?page_id=403\">Aktuality a zm\u011bny v programu konference<\/a><br \/>\n<\/em><\/p>\n<p><a href=\"http:\/\/capv2012.pedf.cuni.cz\/wp-content\/uploads\/2012\/08\/070812RamcProgramCAPV2012.pdf\" target=\"_blank\">R\u00e1mcov\u00fd program konference:<em><\/em><\/a> <em><\/em><\/p>\n<table style=\"width: 1018px;height: 181px\" border=\"1\" cellspacing=\"0\" cellpadding=\"0\">\n<tbody>\n<tr>\n<td valign=\"top\" width=\"111\">\n<p align=\"center\"><strong>10. z\u00e1\u0159\u00ed 2012 pond\u011bl\u00ed<\/strong><strong><\/strong><\/p>\n<\/td>\n<td valign=\"top\" width=\"236\">\n<p align=\"center\"><strong>\u00a0<\/strong><\/p>\n<\/td>\n<td valign=\"top\" width=\"113\">\n<p align=\"center\"><strong>11. z\u00e1\u0159\u00ed 2012 \u00fater\u00fd<\/strong><\/p>\n<\/td>\n<td valign=\"top\" width=\"227\">\n<p align=\"center\"><strong>\u00a0<\/strong><\/p>\n<\/td>\n<td colspan=\"2\" valign=\"top\" width=\"113\">\n<p align=\"center\"><strong>12. z\u00e1\u0159\u00ed 2012 st\u0159eda<\/strong><\/p>\n<\/td>\n<td valign=\"top\" width=\"173\">\n<p align=\"center\"><strong>\u00a0<\/strong><\/p>\n<\/td>\n<\/tr>\n<tr>\n<td valign=\"top\" width=\"111\">\n<p align=\"center\"><strong>7:30\u20139:00<\/strong><\/p>\n<\/td>\n<td valign=\"top\" width=\"236\">Prezence \u00fa\u010dastn\u00edk\u016f<\/td>\n<td valign=\"top\" width=\"113\">\n<p align=\"center\"><strong>8:30\u201310:00<\/strong><\/p>\n<\/td>\n<td valign=\"top\" width=\"227\">Posterov\u00e1 prezentace<\/td>\n<td colspan=\"2\" valign=\"top\" width=\"113\"><strong>9:00\u201310:30<\/strong><\/td>\n<td valign=\"top\" width=\"173\">Metodologick\u00fd semin\u00e1\u0159 I. \u010d\u00e1st<\/td>\n<\/tr>\n<tr>\n<td valign=\"top\" width=\"111\">\n<p align=\"center\"><strong>9:00\u201310:30<\/strong><\/p>\n<\/td>\n<td valign=\"top\" width=\"236\">Zah\u00e1jen\u00ed, plen\u00e1rn\u00ed p\u0159edn\u00e1\u0161ky L. Moos (EERA), J. Pr\u016fcha<\/td>\n<td valign=\"top\" width=\"113\">\n<p align=\"center\"><strong>10:15\u201311:00<\/strong><\/p>\n<\/td>\n<td valign=\"top\" width=\"227\">Plen\u00e1rn\u00ed p\u0159edn\u00e1\u0161ka P. Santiago (OECD)<\/td>\n<td colspan=\"2\" valign=\"top\" width=\"113\"><strong>11:00\u201312:30<\/strong><\/td>\n<td valign=\"top\" width=\"173\">Metodologick\u00fd semin\u00e1\u0159 II. \u010d\u00e1st<\/td>\n<\/tr>\n<tr>\n<td valign=\"top\" width=\"111\">\n<p align=\"center\"><strong>10:45\u201312:15<\/strong><\/p>\n<\/td>\n<td valign=\"top\" width=\"236\">Paraleln\u00ed sekce I.<\/td>\n<td valign=\"top\" width=\"113\">\n<p align=\"center\"><strong>11:15\u201312:45<\/strong><\/p>\n<\/td>\n<td valign=\"top\" width=\"227\">Paraleln\u00ed sekce III.<\/td>\n<td valign=\"top\" width=\"85\"><\/td>\n<td colspan=\"2\" valign=\"top\" width=\"202\"><\/td>\n<\/tr>\n<tr>\n<td valign=\"top\" width=\"111\">\n<p align=\"center\"><strong>13:15-14:45<\/strong><\/p>\n<\/td>\n<td valign=\"top\" width=\"236\">Paraleln\u00ed sekce II.<\/td>\n<td valign=\"top\" width=\"113\">\n<p align=\"center\"><strong>13:45-15:15<\/strong><\/p>\n<\/td>\n<td valign=\"top\" width=\"227\">Paraleln\u00ed sekce IV.<\/td>\n<td valign=\"top\" width=\"85\"><\/td>\n<td colspan=\"2\" valign=\"top\" width=\"202\"><\/td>\n<\/tr>\n<tr>\n<td valign=\"top\" width=\"111\">\n<p align=\"center\"><strong>15:00-16:30<\/strong><\/p>\n<\/td>\n<td valign=\"top\" width=\"236\">Plen\u00e1rn\u00ed sch\u016fze \u010cAPV<\/td>\n<td valign=\"top\" width=\"113\">\n<p align=\"center\"><strong>15:30\u201317:00<\/strong><\/p>\n<\/td>\n<td valign=\"top\" width=\"227\">Panelov\u00e1 diskuse ke vzd\u011bl\u00e1vac\u00ed politice<\/td>\n<td valign=\"top\" width=\"85\"><\/td>\n<td colspan=\"2\" valign=\"top\" width=\"202\"><\/td>\n<\/tr>\n<tr>\n<td valign=\"top\" width=\"111\">\n<p align=\"center\"><strong>17:30\u201318:30<\/strong><\/p>\n<\/td>\n<td valign=\"top\" width=\"236\">Slavnostn\u00ed shrom\u00e1\u017ed\u011bn\u00ed \u00fa\u010dastn\u00edk\u016f \u2013 Karolinum<\/td>\n<td valign=\"top\" width=\"113\">\n<p align=\"center\"><strong>17:00-17:30<\/strong><\/p>\n<\/td>\n<td valign=\"top\" width=\"227\">Z\u00e1v\u011br konference<\/td>\n<td valign=\"top\" width=\"85\"><\/td>\n<td colspan=\"2\" valign=\"top\" width=\"202\"><\/td>\n<\/tr>\n<tr>\n<td valign=\"top\" width=\"111\">\n<p align=\"center\"><strong>18:30\u201322:00<\/strong><\/p>\n<\/td>\n<td valign=\"top\" width=\"236\">Spole\u010densk\u00fd ve\u010der<\/td>\n<td valign=\"top\" width=\"113\">\n<p align=\"center\"><strong>\u00a0<\/strong><\/p>\n<\/td>\n<td valign=\"top\" width=\"227\"><\/td>\n<td valign=\"top\" width=\"85\"><\/td>\n<td colspan=\"2\" valign=\"top\" width=\"202\"><\/td>\n<\/tr>\n<\/tbody>\n<\/table>\n<p><em><br \/>\n<\/em><\/p>\n","protected":false},"excerpt":{"rendered":"<p>Podrobn\u00fd program konference: Sborn\u00edk anotac\u00ed &#8211; fin\u00e1ln\u00ed verze. Dodate\u010dn\u00e9 zm\u011bny: Aktuality a zm\u011bny v programu konference R\u00e1mcov\u00fd program konference: 10. z\u00e1\u0159\u00ed 2012 pond\u011bl\u00ed \u00a0 11. z\u00e1\u0159\u00ed 2012 \u00fater\u00fd \u00a0 12. z\u00e1\u0159\u00ed 2012 st\u0159eda \u00a0 7:30\u20139:00 Prezence \u00fa\u010dastn\u00edk\u016f 8:30\u201310:00 Posterov\u00e1 prezentace 9:00\u201310:30 Metodologick\u00fd semin\u00e1\u0159 I. \u010d\u00e1st 9:00\u201310:30 Zah\u00e1jen\u00ed, plen\u00e1rn\u00ed p\u0159edn\u00e1\u0161ky L. Moos (EERA), J. Pr\u016fcha 10:15\u201311:00 &hellip; <a href=\"https:\/\/pages.pedf.cuni.cz\/capv2012\/program-konference\/\">Continue reading <span class=\"meta-nav\">&rarr;<\/span><\/a><\/p>\n","protected":false},"author":35,"featured_media":0,"parent":0,"menu_order":0,"comment_status":"closed","ping_status":"closed","template":"","meta":{"footnotes":""},"class_list":["post-20","page","type-page","status-publish","hentry"],"_links":{"self":[{"href":"https:\/\/pages.pedf.cuni.cz\/capv2012\/wp-json\/wp\/v2\/pages\/20","targetHints":{"allow":["GET"]}}],"collection":[{"href":"https:\/\/pages.pedf.cuni.cz\/capv2012\/wp-json\/wp\/v2\/pages"}],"about":[{"href":"https:\/\/pages.pedf.cuni.cz\/capv2012\/wp-json\/wp\/v2\/types\/page"}],"author":[{"embeddable":true,"href":"https:\/\/pages.pedf.cuni.cz\/capv2012\/wp-json\/wp\/v2\/users\/35"}],"replies":[{"embeddable":true,"href":"https:\/\/pages.pedf.cuni.cz\/capv2012\/wp-json\/wp\/v2\/comments?post=20"}],"version-history":[{"count":0,"href":"https:\/\/pages.pedf.cuni.cz\/capv2012\/wp-json\/wp\/v2\/pages\/20\/revisions"}],"wp:attachment":[{"href":"https:\/\/pages.pedf.cuni.cz\/capv2012\/wp-json\/wp\/v2\/media?parent=20"}],"curies":[{"name":"wp","href":"https:\/\/api.w.org\/{rel}","templated":true}]}}