{"id":22,"date":"2012-01-24T13:53:07","date_gmt":"2012-01-24T12:53:07","guid":{"rendered":"http:\/\/capv2012.pedf.cuni.cz\/?page_id=22"},"modified":"2015-05-07T13:34:09","modified_gmt":"2015-05-07T11:34:09","slug":"tema-konference","status":"publish","type":"page","link":"https:\/\/pages.pedf.cuni.cz\/capv2012\/tema-konference\/","title":{"rendered":"T\u00e9ma konference"},"content":{"rendered":"<div>\n<div>\n<h4>N\u00e1zev konference: Kvalita ve vzd\u011bl\u00e1v\u00e1n\u00ed<\/h4>\n<p>Tematick\u00e9 sekce a jejich garanti<\/p>\n<ol>\n<li>Metody m\u011b\u0159en\u00ed kvality vzd\u011bl\u00e1v\u00e1n\u00ed\u00a0\u00a0\u00a0 (Martin Chv\u00e1l)<\/li>\n<li>Kvalita u\u010ditele a u\u010ditelsk\u00e9ho vzd\u011bl\u00e1v\u00e1n\u00ed\u00a0\u00a0\u00a0 (Vladim\u00edra Spilkov\u00e1)<\/li>\n<li>Minulost, p\u0159\u00edtomnost a budoucnost oborov\u00fdch didaktik\u00a0 (Na\u010fa Vondrov\u00e1, Martina \u0160mejkalov\u00e1)<\/li>\n<li>U\u010ditel jako v\u00fdzkumn\u00edk\u00a0\u00a0\u00a0 (Hana Kas\u00edkov\u00e1)<\/li>\n<li>Kvalita kurikula a u\u010den\u00ed\u00a0\u00a0\u00a0 (Dominik Dvo\u0159\u00e1k)<\/li>\n<li>V\u00fdzkumy \u0159\u00edzen\u00ed \u0161koly a \u0161kolstv\u00ed\u00a0\u00a0\u00a0 (V\u00e1clav Trojan)<\/li>\n<li>D\u00edt\u011b v procesu v\u00fdchovy a vzd\u011bl\u00e1v\u00e1n\u00ed\u00a0\u00a0\u00a0 (Ida Viktorov\u00e1, Isabella Pavelkov\u00e1)<\/li>\n<li>Kulturn\u00ed a soci\u00e1ln\u00ed aspekty \u0161koln\u00ed edukace\u00a0\u00a0\u00a0 (Stanislav Bendl, Eva Mar\u00e1dov\u00e1)<\/li>\n<li>Kvalita vysoko\u0161kolsk\u00e9ho vzd\u011bl\u00e1v\u00e1n\u00ed a celo\u017eivotn\u00edho u\u010den\u00ed\u00a0\u00a0\u00a0 (Jaroslava Va\u0161utov\u00e1)<\/li>\n<li>Prom\u011bna \u017e\u00e1ka, u\u010ditele a \u0161koly v historick\u00e9 perspektiv\u011b\u00a0\u00a0\u00a0 (Jana Uhl\u00ed\u0159ov\u00e1)<\/li>\n<li>V\u00fdzkumy zam\u011b\u0159en\u00e9 na ICT ve vzd\u011bl\u00e1v\u00e1n\u00ed v informa\u010dn\u00edm v\u011bku vzd\u011bl\u00e1v\u00e1n\u00ed (Miroslava \u010cernochov\u00e1)<\/li>\n<\/ol>\n<p><a href=\"http:\/\/capv2012.pedf.cuni.cz\/wp-content\/uploads\/2012\/02\/Anotace-sekc\u00ed-\u010cAPV-2012TABNEW.pdf\" target=\"_blank\">Podrobn\u011bj\u0161\u00ed anotace tematick\u00fdch sekc\u00ed (PDF)<\/a><\/p>\n<\/div>\n<\/div>\n","protected":false},"excerpt":{"rendered":"<p>N\u00e1zev konference: Kvalita ve vzd\u011bl\u00e1v\u00e1n\u00ed Tematick\u00e9 sekce a jejich garanti Metody m\u011b\u0159en\u00ed kvality vzd\u011bl\u00e1v\u00e1n\u00ed\u00a0\u00a0\u00a0 (Martin Chv\u00e1l) Kvalita u\u010ditele a u\u010ditelsk\u00e9ho vzd\u011bl\u00e1v\u00e1n\u00ed\u00a0\u00a0\u00a0 (Vladim\u00edra Spilkov\u00e1) Minulost, p\u0159\u00edtomnost a budoucnost oborov\u00fdch didaktik\u00a0 (Na\u010fa Vondrov\u00e1, Martina \u0160mejkalov\u00e1) U\u010ditel jako v\u00fdzkumn\u00edk\u00a0\u00a0\u00a0 (Hana Kas\u00edkov\u00e1) Kvalita kurikula a u\u010den\u00ed\u00a0\u00a0\u00a0 (Dominik Dvo\u0159\u00e1k) V\u00fdzkumy \u0159\u00edzen\u00ed \u0161koly a \u0161kolstv\u00ed\u00a0\u00a0\u00a0 (V\u00e1clav Trojan) D\u00edt\u011b v procesu v\u00fdchovy &hellip; <a href=\"https:\/\/pages.pedf.cuni.cz\/capv2012\/tema-konference\/\">Continue reading <span class=\"meta-nav\">&rarr;<\/span><\/a><\/p>\n","protected":false},"author":35,"featured_media":0,"parent":0,"menu_order":0,"comment_status":"closed","ping_status":"closed","template":"","meta":{"footnotes":""},"class_list":["post-22","page","type-page","status-publish","hentry"],"_links":{"self":[{"href":"https:\/\/pages.pedf.cuni.cz\/capv2012\/wp-json\/wp\/v2\/pages\/22","targetHints":{"allow":["GET"]}}],"collection":[{"href":"https:\/\/pages.pedf.cuni.cz\/capv2012\/wp-json\/wp\/v2\/pages"}],"about":[{"href":"https:\/\/pages.pedf.cuni.cz\/capv2012\/wp-json\/wp\/v2\/types\/page"}],"author":[{"embeddable":true,"href":"https:\/\/pages.pedf.cuni.cz\/capv2012\/wp-json\/wp\/v2\/users\/35"}],"replies":[{"embeddable":true,"href":"https:\/\/pages.pedf.cuni.cz\/capv2012\/wp-json\/wp\/v2\/comments?post=22"}],"version-history":[{"count":0,"href":"https:\/\/pages.pedf.cuni.cz\/capv2012\/wp-json\/wp\/v2\/pages\/22\/revisions"}],"wp:attachment":[{"href":"https:\/\/pages.pedf.cuni.cz\/capv2012\/wp-json\/wp\/v2\/media?parent=22"}],"curies":[{"name":"wp","href":"https:\/\/api.w.org\/{rel}","templated":true}]}}