{"id":477,"date":"2012-09-12T15:00:57","date_gmt":"2012-09-12T13:00:57","guid":{"rendered":"http:\/\/capv2012.pedf.cuni.cz\/?page_id=477"},"modified":"2015-05-07T13:33:31","modified_gmt":"2015-05-07T11:33:31","slug":"ocenene-postery","status":"publish","type":"page","link":"https:\/\/pages.pedf.cuni.cz\/capv2012\/ocenene-postery\/","title":{"rendered":"Ocen\u011bn\u00e9 postery"},"content":{"rendered":"<p>V\u00fdbor \u010cAPV ud\u011blil ocen\u011bn\u00ed nejlep\u0161\u00edm\u00a0p\u0159\u00edsp\u011bvk\u016fm prezentovan\u00fdm v posterov\u00e9 sekci\u00a0konference \u010cAPV 2012. Z celkov\u00e9ho po\u010dtu 35 poster\u016f, je\u017e byly na konferenci prezentov\u00e1ny, vybrala hodnot\u00edc\u00ed komise \u010dty\u0159i postery, kter\u00e9 nejl\u00e9pe spl\u0148ovaly stanoven\u00e1 <a href=\"http:\/\/capv2012.pedf.cuni.cz\/wp-content\/uploads\/2012\/06\/CAPV_postery.pdf\">kriteria<\/a>.<\/p>\n<p>Byly ocen\u011bny n\u00e1sleduj\u00edc\u00ed postery:<\/p>\n<p>KL\u00c1RA KOSTKOV\u00c1, Klasifikace model\u016f interkulturn\u00ed komunika\u010dn\u00ed kompetence: p\u0159ehledov\u00e1 studie<br \/>\n<em>&#8211; z technick\u00fdch d\u016fvod\u016f bude zve\u0159ejn\u011bno pozd\u011bji<\/em><\/p>\n<p>EVA MINA\u0158\u00cdKOV\u00c1, <a href=\"http:\/\/capv2012.pedf.cuni.cz\/wp-content\/uploads\/2012\/09\/Poster_Minarikova.pdf\" target=\"_blank\">Povaha profesn\u00edho vid\u011bn\u00ed u student\u016f u\u010ditelstv\u00ed: pilotn\u00ed studie<\/a><\/p>\n<p>JAKUB PIVAR\u010c, <a href=\"http:\/\/capv2012.pedf.cuni.cz\/wp-content\/uploads\/2012\/09\/Poster_Pivarc.pdf\" target=\"_blank\">Anal\u00fdza miskoncepc\u00ed alternativn\u00ed religiozity u student\u016f vybran\u00fdch gymn\u00e1zi\u00ed<\/a><\/p>\n<p>JITKA JAKE\u0160OV\u00c1, <a href=\"http:\/\/capv2012.pedf.cuni.cz\/wp-content\/uploads\/2012\/09\/Poster_Jakesova.pdf\" target=\"_blank\">Motiva\u010dn\u00ed aspekty autoregulace u\u010den\u00ed a jej\u00ed diagnostika<\/a><\/p>\n","protected":false},"excerpt":{"rendered":"<p>V\u00fdbor \u010cAPV ud\u011blil ocen\u011bn\u00ed nejlep\u0161\u00edm\u00a0p\u0159\u00edsp\u011bvk\u016fm prezentovan\u00fdm v posterov\u00e9 sekci\u00a0konference \u010cAPV 2012. Z celkov\u00e9ho po\u010dtu 35 poster\u016f, je\u017e byly na konferenci prezentov\u00e1ny, vybrala hodnot\u00edc\u00ed komise \u010dty\u0159i postery, kter\u00e9 nejl\u00e9pe spl\u0148ovaly stanoven\u00e1 kriteria. Byly ocen\u011bny n\u00e1sleduj\u00edc\u00ed postery: KL\u00c1RA KOSTKOV\u00c1, Klasifikace model\u016f interkulturn\u00ed komunika\u010dn\u00ed kompetence: p\u0159ehledov\u00e1 studie &#8211; z technick\u00fdch d\u016fvod\u016f bude zve\u0159ejn\u011bno pozd\u011bji EVA MINA\u0158\u00cdKOV\u00c1, Povaha profesn\u00edho &hellip; <a href=\"https:\/\/pages.pedf.cuni.cz\/capv2012\/ocenene-postery\/\">Continue reading <span class=\"meta-nav\">&rarr;<\/span><\/a><\/p>\n","protected":false},"author":35,"featured_media":0,"parent":0,"menu_order":0,"comment_status":"closed","ping_status":"closed","template":"","meta":{"footnotes":""},"class_list":["post-477","page","type-page","status-publish","hentry"],"_links":{"self":[{"href":"https:\/\/pages.pedf.cuni.cz\/capv2012\/wp-json\/wp\/v2\/pages\/477","targetHints":{"allow":["GET"]}}],"collection":[{"href":"https:\/\/pages.pedf.cuni.cz\/capv2012\/wp-json\/wp\/v2\/pages"}],"about":[{"href":"https:\/\/pages.pedf.cuni.cz\/capv2012\/wp-json\/wp\/v2\/types\/page"}],"author":[{"embeddable":true,"href":"https:\/\/pages.pedf.cuni.cz\/capv2012\/wp-json\/wp\/v2\/users\/35"}],"replies":[{"embeddable":true,"href":"https:\/\/pages.pedf.cuni.cz\/capv2012\/wp-json\/wp\/v2\/comments?post=477"}],"version-history":[{"count":0,"href":"https:\/\/pages.pedf.cuni.cz\/capv2012\/wp-json\/wp\/v2\/pages\/477\/revisions"}],"wp:attachment":[{"href":"https:\/\/pages.pedf.cuni.cz\/capv2012\/wp-json\/wp\/v2\/media?parent=477"}],"curies":[{"name":"wp","href":"https:\/\/api.w.org\/{rel}","templated":true}]}}