{"id":48,"date":"2012-01-25T02:21:38","date_gmt":"2012-01-25T01:21:38","guid":{"rendered":"http:\/\/capv2012.pedf.cuni.cz\/?page_id=48"},"modified":"2015-05-07T13:33:36","modified_gmt":"2015-05-07T11:33:36","slug":"prispevky-v-plenu","status":"publish","type":"page","link":"https:\/\/pages.pedf.cuni.cz\/capv2012\/prispevky-v-plenu\/","title":{"rendered":"Plen\u00e1rn\u00ed p\u0159edn\u00e1\u0161ky"},"content":{"rendered":"<div>\n<table border=\"0\">\n<tbody>\n<tr>\n<td colspan=\"2\">Organiz\u00e1to\u0159i pozvali na jedn\u00e1n\u00ed konference t\u0159i v\u00fdznamn\u00e9 mezin\u00e1rodn\u011b uzn\u00e1van\u00e9 odborn\u00edky, kte\u0159\u00ed vystoup\u00ed na plen\u00e1rn\u00edch jedn\u00e1n\u00edch<\/p>\n<p style=\"padding-left: 30px\"><em><\/em><em><\/em><em>Plen\u00e1rn\u00ed p\u0159edn\u00e1\u0161ky zahrani\u010dn\u00edch \u0159e\u010dn\u00edk\u016f budou p\u0159edneseny v angli\u010dtin\u011b, paraleln\u011b budou prom\u00edt\u00e1ny \u010desk\u00e1 a anglick\u00e1 verze powerpointov\u00e9 prezentace.<\/em><\/p>\n<\/td>\n<\/tr>\n<tr>\n<td><img loading=\"lazy\" decoding=\"async\" src=\"http:\/\/capv2012.pedf.cuni.cz\/wp-content\/uploads\/2012\/02\/moos.png\" alt=\"\" width=\"118\" height=\"155\" \/><\/td>\n<td align=\"left\" valign=\"top\"><strong>Prof. Leif Moos<\/strong><\/p>\n<p style=\"padding-left: 30px\">Professor at the Danish School of Education, Aarhus University, Copenhagen, and Professor at The Norwegian University of Science and Technology, Trondheim, Norway. Prof. Moos has for many years been involved in Danish and international research projects on school leadership and related topics, resulting in a number of publications. He also teaches school leadership and professional development. He is engaged in several international research journals and is President of the European Educational Research Association.<\/p>\n<p style=\"padding-left: 30px\"><a href=\"http:\/\/capv2012.pedf.cuni.cz\/wp-content\/uploads\/2012\/05\/Abstract-Prague-LMoos.pdf\" target=\"_blank\">Qualities in European Education?<\/a> <em>&#8211; anotace p\u0159edn\u00e1\u0161ky<\/em><\/p>\n<p style=\"padding-left: 30px\"><a href=\"http:\/\/capv2012.pedf.cuni.cz\/wp-content\/uploads\/2012\/09\/Qualities-in-European-Education.pdf\">Prezentace plen\u00e1rn\u00ed p\u0159\u0159edn\u00e1\u0161ky &#8211; AJ<\/a><\/p>\n<p style=\"padding-left: 30px\"><a href=\"http:\/\/capv2012.pedf.cuni.cz\/wp-content\/uploads\/2012\/09\/moos_preklad-1-\">Prezentace plen\u00e1rn\u00ed p\u0159edn\u00e1\u0161ky<\/a> &#8211; pracovn\u00ed p\u0159eklad do \u010de\u0161tiny<\/p>\n<\/td>\n<\/tr>\n<tr>\n<td><img loading=\"lazy\" decoding=\"async\" src=\"http:\/\/capv2012.pedf.cuni.cz\/wp-content\/uploads\/2012\/02\/prucha.jpg\" alt=\"\" width=\"123\" height=\"135\" \/><\/td>\n<td align=\"left\" valign=\"top\">\u00a0<strong>Prof. Jan Pr\u016fcha<\/strong><\/p>\n<p style=\"padding-left: 30px\">Respektovan\u00e1 osobnost \u010desk\u00e9 pedagogick\u00e9 v\u011bdy, autor a spoluautor \u0159ady v\u00fdznamn\u00fdch publikac\u00ed, hlavn\u00ed editor Pedagogick\u00e9 encyklopedie (2009). Profesor Pr\u016fcha p\u016fsob\u00ed v mezin\u00e1rodn\u00edch v\u011bdeck\u00fdch organizac\u00edch a redak\u010dn\u00edch rad\u00e1ch odborn\u00fdch \u010dasopis\u016f, je \u010destn\u00fdm p\u0159edsedou asociace \u010cAPV.<\/p>\n<p style=\"padding-left: 30px\"><a href=\"http:\/\/capv2012.pedf.cuni.cz\/wp-content\/uploads\/2012\/02\/Prucha_anotace.pdf\" target=\"_blank\">20 let \u010cesk\u00e9 asociace pedagogick\u00e9ho v\u00fdzkumu: Historie a v\u00fdzvy sou\u010dasnosti<\/a><em> &#8211; anotace p\u0159edn\u00e1\u0161ky<\/em><\/p>\n<p>&nbsp;<\/td>\n<\/tr>\n<tr>\n<td><img loading=\"lazy\" decoding=\"async\" src=\"http:\/\/capv2012.pedf.cuni.cz\/wp-content\/uploads\/2012\/02\/santiago.png\" alt=\"\" width=\"124\" height=\"165\" \/><\/td>\n<td align=\"left\" valign=\"top\"><strong>\u00a0Dr. Paolo Santiago<\/strong><\/p>\n<p style=\"padding-left: 30px\">A Portuguese national, a Senior Analyst in the OECD Directorate for Education, where he has been since 2000. He is currently the co-ordinator of the OECD Review on Evaluation and Assessment Frameworks for Improving School Outcomes. He has previously assumed responsibility for two major cross-country reviews, each with the participation of over twenty countries: a review of teacher policy (between 2002 and 2005, leading to the OECD publication \u201cTeachers Matter\u201d) and the thematic review of tertiary education (between 2005 and 2008, leading to the OECD publication \u201cTertiary Education for the Knowledge Society\u201d). He has also led reviews of teacher policy and tertiary education policy in several countries. He holds a PhD in Economics from Northwestern University, United States, where he also lectured. With a background in the economics of education, he specialises in education policy analysis.<\/p>\n<p style=\"padding-left: 30px\"><a href=\"http:\/\/capv2012.pedf.cuni.cz\/wp-content\/uploads\/2012\/06\/Santiago.pdf\">Evaluation and Assessment in Education: Perspectives from the OECD Review on Evaluation and Assessment Frameworks &#8211; anotace p\u0159edn\u00e1\u0161ky<\/a><\/p>\n<p style=\"padding-left: 30px\"><a href=\"http:\/\/capv2012.pedf.cuni.cz\/wp-content\/uploads\/2012\/09\/Evaluation-and-Assessment_Policies_Conference_CzechEdResAssociation_September11_2012_Paulo_Santiago.pdf\">Prezentace plen\u00e1rn\u00ed p\u0159edn\u00e1\u0161ky &#8211; AJ<\/a><\/p>\n<p style=\"padding-left: 30px\"><a href=\"http:\/\/capv2012.pedf.cuni.cz\/wp-content\/uploads\/2012\/09\/NEWPaulo_Santiago_cj-1_2609.pdf\">Prezentace plen\u00e1rn\u00ed p\u0159edn\u00e1\u0161ky<\/a> &#8211; p\u0159eklad do \u010de\u0161tiny<\/p>\n<\/td>\n<\/tr>\n<\/tbody>\n<\/table>\n<p>&nbsp;<\/p>\n<\/div>\n","protected":false},"excerpt":{"rendered":"<p>Organiz\u00e1to\u0159i pozvali na jedn\u00e1n\u00ed konference t\u0159i v\u00fdznamn\u00e9 mezin\u00e1rodn\u011b uzn\u00e1van\u00e9 odborn\u00edky, kte\u0159\u00ed vystoup\u00ed na plen\u00e1rn\u00edch jedn\u00e1n\u00edch Plen\u00e1rn\u00ed p\u0159edn\u00e1\u0161ky zahrani\u010dn\u00edch \u0159e\u010dn\u00edk\u016f budou p\u0159edneseny v angli\u010dtin\u011b, paraleln\u011b budou prom\u00edt\u00e1ny \u010desk\u00e1 a anglick\u00e1 verze powerpointov\u00e9 prezentace. Prof. Leif Moos Professor at the Danish School of Education, Aarhus University, Copenhagen, and Professor at The Norwegian University of Science and Technology, &hellip; <a href=\"https:\/\/pages.pedf.cuni.cz\/capv2012\/prispevky-v-plenu\/\">Continue reading <span class=\"meta-nav\">&rarr;<\/span><\/a><\/p>\n","protected":false},"author":35,"featured_media":0,"parent":0,"menu_order":0,"comment_status":"closed","ping_status":"closed","template":"","meta":{"footnotes":""},"class_list":["post-48","page","type-page","status-publish","hentry"],"_links":{"self":[{"href":"https:\/\/pages.pedf.cuni.cz\/capv2012\/wp-json\/wp\/v2\/pages\/48","targetHints":{"allow":["GET"]}}],"collection":[{"href":"https:\/\/pages.pedf.cuni.cz\/capv2012\/wp-json\/wp\/v2\/pages"}],"about":[{"href":"https:\/\/pages.pedf.cuni.cz\/capv2012\/wp-json\/wp\/v2\/types\/page"}],"author":[{"embeddable":true,"href":"https:\/\/pages.pedf.cuni.cz\/capv2012\/wp-json\/wp\/v2\/users\/35"}],"replies":[{"embeddable":true,"href":"https:\/\/pages.pedf.cuni.cz\/capv2012\/wp-json\/wp\/v2\/comments?post=48"}],"version-history":[{"count":0,"href":"https:\/\/pages.pedf.cuni.cz\/capv2012\/wp-json\/wp\/v2\/pages\/48\/revisions"}],"wp:attachment":[{"href":"https:\/\/pages.pedf.cuni.cz\/capv2012\/wp-json\/wp\/v2\/media?parent=48"}],"curies":[{"name":"wp","href":"https:\/\/api.w.org\/{rel}","templated":true}]}}