{"id":507,"date":"2012-09-12T16:10:19","date_gmt":"2012-09-12T14:10:19","guid":{"rendered":"http:\/\/capv2012.pedf.cuni.cz\/?page_id=507"},"modified":"2015-05-07T13:33:22","modified_gmt":"2015-05-07T11:33:22","slug":"napsali-o-nas","status":"publish","type":"page","link":"https:\/\/pages.pedf.cuni.cz\/capv2012\/napsali-o-nas\/","title":{"rendered":"Napsali o n\u00e1s"},"content":{"rendered":"<p><a href=\"http:\/\/www.ucitelske-listy.cz\/2012\/10\/jana-hruba-citi-vyzkumnici.html\">C\u00edt\u00ed v\u00fdzkumn\u00edci spoluzodpov\u011bdnost za vzd\u011bl\u00e1vac\u00ed politiku?<\/a> &#8211; U\u010ditelsk\u00e9 lista (Jana Hrub\u00e1)<\/p>\n<p><a href=\"http:\/\/www.ucitelske-listy.cz\/2012\/09\/jana-hruba-pedagogicky-vyzkum-se.html\" target=\"_blank\">Pedagogick\u00fd v\u00fdzkum se zam\u011b\u0159uje na kvalitu ve vzd\u011bl\u00e1v\u00e1n\u00ed<\/a>. U\u010ditelsk\u00e9 listy (Jana Hrub\u00e1)<\/p>\n<p><a href=\"http:\/\/iforum.cuni.cz\/IFORUM-13392.html\" target=\"_blank\">\u00da\u010dastn\u00edci konference zji\u0161\u0165uj\u00ed, co je kvalita ve vzd\u011bl\u00e1v\u00e1n\u00ed<\/a>. Elektronick\u00fd \u010dasopis Univerzity Karlovy iForum, rubrika V\u011bda (E. Walterov\u00e1, redakce iFora)<\/p>\n","protected":false},"excerpt":{"rendered":"<p>C\u00edt\u00ed v\u00fdzkumn\u00edci spoluzodpov\u011bdnost za vzd\u011bl\u00e1vac\u00ed politiku? &#8211; U\u010ditelsk\u00e9 lista (Jana Hrub\u00e1) Pedagogick\u00fd v\u00fdzkum se zam\u011b\u0159uje na kvalitu ve vzd\u011bl\u00e1v\u00e1n\u00ed. U\u010ditelsk\u00e9 listy (Jana Hrub\u00e1) \u00da\u010dastn\u00edci konference zji\u0161\u0165uj\u00ed, co je kvalita ve vzd\u011bl\u00e1v\u00e1n\u00ed. Elektronick\u00fd \u010dasopis Univerzity Karlovy iForum, rubrika V\u011bda (E. Walterov\u00e1, redakce iFora)<\/p>\n","protected":false},"author":35,"featured_media":0,"parent":0,"menu_order":0,"comment_status":"closed","ping_status":"closed","template":"","meta":{"footnotes":""},"class_list":["post-507","page","type-page","status-publish","hentry"],"_links":{"self":[{"href":"https:\/\/pages.pedf.cuni.cz\/capv2012\/wp-json\/wp\/v2\/pages\/507","targetHints":{"allow":["GET"]}}],"collection":[{"href":"https:\/\/pages.pedf.cuni.cz\/capv2012\/wp-json\/wp\/v2\/pages"}],"about":[{"href":"https:\/\/pages.pedf.cuni.cz\/capv2012\/wp-json\/wp\/v2\/types\/page"}],"author":[{"embeddable":true,"href":"https:\/\/pages.pedf.cuni.cz\/capv2012\/wp-json\/wp\/v2\/users\/35"}],"replies":[{"embeddable":true,"href":"https:\/\/pages.pedf.cuni.cz\/capv2012\/wp-json\/wp\/v2\/comments?post=507"}],"version-history":[{"count":0,"href":"https:\/\/pages.pedf.cuni.cz\/capv2012\/wp-json\/wp\/v2\/pages\/507\/revisions"}],"wp:attachment":[{"href":"https:\/\/pages.pedf.cuni.cz\/capv2012\/wp-json\/wp\/v2\/media?parent=507"}],"curies":[{"name":"wp","href":"https:\/\/api.w.org\/{rel}","templated":true}]}}