{"id":619,"date":"2012-09-23T12:52:48","date_gmt":"2012-09-23T10:52:48","guid":{"rendered":"http:\/\/capv2012.pedf.cuni.cz\/?page_id=619"},"modified":"2016-02-24T17:27:49","modified_gmt":"2016-02-24T16:27:49","slug":"sbornik-prispevku","status":"publish","type":"page","link":"https:\/\/pages.pedf.cuni.cz\/capv2012\/sbornik-prispevku\/","title":{"rendered":"Sborn\u00edk p\u0159\u00edsp\u011bvk\u016f"},"content":{"rendered":"<p><span style=\"color: #ff0000\">Definitivn\u00ed verze <a href=\"https:\/\/pages.pedf.cuni.cz\/capv2012\/files\/2016\/02\/Sbornik-CAPV-2012.pdf\" target=\"_blank\">SBORN\u00cdKU P\u0158\u00cdSP\u011aVK\u016e<\/a> ke sta\u017een\u00ed ve form\u00e1tu pdf<br \/>\n<\/span><\/p>\n<p><span style=\"color: #000000\">Citace:<\/span><\/p>\n<p><span style=\"color: #ff0000\"><span style=\"color: #000000\">Je\u017ekov\u00e1, V. (Ed.), (2012).<em> Kvalita ve vzd\u011bl\u00e1v\u00e1n\u00ed: Sborn\u00edk p\u0159\u00edsp\u011bvk\u016f z XX. v\u00fdro\u010dn\u00ed konference \u010cesk\u00e9 asociace pedagogick\u00e9ho v\u00fdzkumu.<\/em> Praha: Univerzita Karlova. ISBN 978-80-7290-620-8.<\/span><br \/>\n<\/span><\/p>\n<p>P\u0159\u00edsp\u011bvky do sborn\u00edku z konference (v rozsahu 8 &#8211; 15 NS) bylo mo\u017eno pos\u00edlat do 30. z\u00e1\u0159\u00ed 2012 na email: vera.jezkova@pedf.cuni.cz .\u00a0 Bylo mo\u017eno pos\u00edlat i p\u0159\u00edsp\u011bvky vznikl\u00e9 na z\u00e1klad\u011b poster\u016f. O za\u0159azen\u00ed p\u0159\u00edsp\u011bvk\u016f do sborn\u00edku bylo rozhodnuto v recenzn\u00edm \u0159\u00edzen\u00ed.<\/p>\n<p><a href=\"http:\/\/capv2012.pedf.cuni.cz\/wp-content\/uploads\/2012\/01\/PokynyProAutoryDleAPA_120111.pdf\" target=\"_blank\">Pokyny pro psan\u00ed p\u0159\u00edsp\u011bvk\u016f do sborn\u00edku<\/a> (PDF)<\/p>\n","protected":false},"excerpt":{"rendered":"<p>Definitivn\u00ed verze SBORN\u00cdKU P\u0158\u00cdSP\u011aVK\u016e ke sta\u017een\u00ed ve form\u00e1tu pdf Citace: Je\u017ekov\u00e1, V. (Ed.), (2012). Kvalita ve vzd\u011bl\u00e1v\u00e1n\u00ed: Sborn\u00edk p\u0159\u00edsp\u011bvk\u016f z XX. v\u00fdro\u010dn\u00ed konference \u010cesk\u00e9 asociace pedagogick\u00e9ho v\u00fdzkumu. Praha: Univerzita Karlova. ISBN 978-80-7290-620-8. P\u0159\u00edsp\u011bvky do sborn\u00edku z konference (v rozsahu 8 &#8211; 15 NS) bylo mo\u017eno pos\u00edlat do 30. z\u00e1\u0159\u00ed 2012 na email: vera.jezkova@pedf.cuni.cz .\u00a0 Bylo &hellip; <a href=\"https:\/\/pages.pedf.cuni.cz\/capv2012\/sbornik-prispevku\/\">Continue reading <span class=\"meta-nav\">&rarr;<\/span><\/a><\/p>\n","protected":false},"author":35,"featured_media":0,"parent":0,"menu_order":0,"comment_status":"closed","ping_status":"closed","template":"","meta":{"footnotes":""},"class_list":["post-619","page","type-page","status-publish","hentry"],"_links":{"self":[{"href":"https:\/\/pages.pedf.cuni.cz\/capv2012\/wp-json\/wp\/v2\/pages\/619","targetHints":{"allow":["GET"]}}],"collection":[{"href":"https:\/\/pages.pedf.cuni.cz\/capv2012\/wp-json\/wp\/v2\/pages"}],"about":[{"href":"https:\/\/pages.pedf.cuni.cz\/capv2012\/wp-json\/wp\/v2\/types\/page"}],"author":[{"embeddable":true,"href":"https:\/\/pages.pedf.cuni.cz\/capv2012\/wp-json\/wp\/v2\/users\/35"}],"replies":[{"embeddable":true,"href":"https:\/\/pages.pedf.cuni.cz\/capv2012\/wp-json\/wp\/v2\/comments?post=619"}],"version-history":[{"count":0,"href":"https:\/\/pages.pedf.cuni.cz\/capv2012\/wp-json\/wp\/v2\/pages\/619\/revisions"}],"wp:attachment":[{"href":"https:\/\/pages.pedf.cuni.cz\/capv2012\/wp-json\/wp\/v2\/media?parent=619"}],"curies":[{"name":"wp","href":"https:\/\/api.w.org\/{rel}","templated":true}]}}