{"id":78,"date":"2012-01-25T03:53:18","date_gmt":"2012-01-25T02:53:18","guid":{"rendered":"http:\/\/capv2012.pedf.cuni.cz\/?page_id=78"},"modified":"2015-05-07T13:34:04","modified_gmt":"2015-05-07T11:34:04","slug":"spolecensky-vecer","status":"publish","type":"page","link":"https:\/\/pages.pedf.cuni.cz\/capv2012\/spolecensky-vecer\/","title":{"rendered":"Spole\u010densk\u00fd ve\u010der"},"content":{"rendered":"<p>Slavnostn\u00ed shrom\u00e1\u017ed\u011bn\u00ed \u00fa\u010dastn\u00edk\u016f konference se uskute\u010dn\u00ed v pond\u011bl\u00ed 10. 9. 2012 od 17.30 hod. ve Velk\u00e9 aule v <a href=\"http:\/\/www.cuni.cz\/UK-1436.html\">historick\u00e9m s\u00eddle Univerzity Karlovy v Karolinu<\/a>.\u00a0S kr\u00e1tk\u00fdmi proslovy vystoup\u00ed zakl\u00e1daj\u00edc\u00ed \u010dlenov\u00e9 Asociace (prof. Ji\u0159\u00ed Mare\u0161, prof. Stanislav \u0160tech) a b\u00fdval\u00e1 p\u0159edsedkyn\u011b \u010cAPV prof. Milada Rabu\u0161icov\u00e1. N\u00e1sledovat bude koncert hudebn\u00edho t\u011blesa Piccolo coro\u00a0&amp; Piccola orchestra (v\u00edce viz\u00a0\u00a0\u00a0<a href=\"http:\/\/piccola.iglu.cz\/cz\/info.php\">http:\/\/piccola.iglu.cz\/cz\/info.php<\/a>\u00a0). Po skon\u010den\u00ed bude mo\u017enost kr\u00e1tk\u00e9 prohl\u00eddky historick\u00fdch prostor\u00a0 a navazovat bude spole\u010densk\u00fd ve\u010der s rautem tak\u00e9 v prostor\u00e1ch Karolina. <span style=\"color: #000000\">Aktivn\u00ed \u00fa\u010dastn\u00edci (vystoupen\u00ed v sekci, poster) maj\u00ed \u00fa\u010dast uhrazenu v r\u00e1mci konferen\u010dn\u00edho poplatku, ostatn\u00ed si ji zajistit p\u0159i prezenci. Jednor\u00e1zov\u00fd polatek \u010din\u00ed 360 K\u010d.<\/span><\/p>\n<p>&nbsp;<\/p>\n<p><img decoding=\"async\" style=\"float: right\" src=\"http:\/\/capv2012.pedf.cuni.cz\/wp-content\/uploads\/2012\/02\/UK-1436-version1-karelw9.jpg\" alt=\"\" \/><\/p>\n","protected":false},"excerpt":{"rendered":"<p>Slavnostn\u00ed shrom\u00e1\u017ed\u011bn\u00ed \u00fa\u010dastn\u00edk\u016f konference se uskute\u010dn\u00ed v pond\u011bl\u00ed 10. 9. 2012 od 17.30 hod. ve Velk\u00e9 aule v historick\u00e9m s\u00eddle Univerzity Karlovy v Karolinu.\u00a0S kr\u00e1tk\u00fdmi proslovy vystoup\u00ed zakl\u00e1daj\u00edc\u00ed \u010dlenov\u00e9 Asociace (prof. Ji\u0159\u00ed Mare\u0161, prof. Stanislav \u0160tech) a b\u00fdval\u00e1 p\u0159edsedkyn\u011b \u010cAPV prof. Milada Rabu\u0161icov\u00e1. N\u00e1sledovat bude koncert hudebn\u00edho t\u011blesa Piccolo coro\u00a0&amp; Piccola orchestra (v\u00edce viz\u00a0\u00a0\u00a0http:\/\/piccola.iglu.cz\/cz\/info.php\u00a0). Po &hellip; <a href=\"https:\/\/pages.pedf.cuni.cz\/capv2012\/spolecensky-vecer\/\">Continue reading <span class=\"meta-nav\">&rarr;<\/span><\/a><\/p>\n","protected":false},"author":35,"featured_media":0,"parent":0,"menu_order":0,"comment_status":"closed","ping_status":"closed","template":"","meta":{"footnotes":""},"class_list":["post-78","page","type-page","status-publish","hentry"],"_links":{"self":[{"href":"https:\/\/pages.pedf.cuni.cz\/capv2012\/wp-json\/wp\/v2\/pages\/78","targetHints":{"allow":["GET"]}}],"collection":[{"href":"https:\/\/pages.pedf.cuni.cz\/capv2012\/wp-json\/wp\/v2\/pages"}],"about":[{"href":"https:\/\/pages.pedf.cuni.cz\/capv2012\/wp-json\/wp\/v2\/types\/page"}],"author":[{"embeddable":true,"href":"https:\/\/pages.pedf.cuni.cz\/capv2012\/wp-json\/wp\/v2\/users\/35"}],"replies":[{"embeddable":true,"href":"https:\/\/pages.pedf.cuni.cz\/capv2012\/wp-json\/wp\/v2\/comments?post=78"}],"version-history":[{"count":0,"href":"https:\/\/pages.pedf.cuni.cz\/capv2012\/wp-json\/wp\/v2\/pages\/78\/revisions"}],"wp:attachment":[{"href":"https:\/\/pages.pedf.cuni.cz\/capv2012\/wp-json\/wp\/v2\/media?parent=78"}],"curies":[{"name":"wp","href":"https:\/\/api.w.org\/{rel}","templated":true}]}}