{"id":91,"date":"2012-01-25T04:57:57","date_gmt":"2012-01-25T03:57:57","guid":{"rendered":"http:\/\/capv2012.pedf.cuni.cz\/?page_id=91"},"modified":"2015-05-07T13:33:39","modified_gmt":"2015-05-07T11:33:39","slug":"prakticke-informace","status":"publish","type":"page","link":"https:\/\/pages.pedf.cuni.cz\/capv2012\/prakticke-informace\/","title":{"rendered":"Praktick\u00e9 informace"},"content":{"rendered":"<p><em>Vzhledem k mno\u017estv\u00ed programov\u00fdch aktivit konference a s ohledem na dobrou dopravn\u00ed dostupnost Prahy je <strong>zah\u00e1jen\u00ed konference<\/strong> pl\u00e1nov\u00e1no na <strong>pond\u011bl\u00ed 10. 9. 2012 ji\u017e od 9.00 hod., prezence za\u010d\u00edn\u00e1 od 7.30 hod.<\/strong><\/em><\/p>\n<p><span style=\"color: #333399\"><strong>Konferen\u010dn\u00ed prostory<\/strong><\/span><\/p>\n<ul>\n<li><strong>Konferen\u010dn\u00ed jedn\u00e1n\u00ed<\/strong> bude prob\u00edhat v\u00fdhradn\u011b <strong>v\u00a0hlavn\u00ed budov\u011b <\/strong><a href=\"http:\/\/www.pedf.cuni.cz\/index.php?menu=88\">Pedagogick\u00e1 fakulty UK, M. D. Rettigov\u00e9 4, Praha 1.<\/a><\/li>\n<li><strong>Plen\u00e1rn\u00ed zased\u00e1n\u00ed, \u010dlensk\u00e1 sch\u016fze \u010cAPV, panel a z\u00e1v\u011br konference<\/strong> se budou konat v\u00a0<strong>aule<\/strong>, p\u0159\u00edzem\u00ed budovy.<\/li>\n<li><strong>Postery <\/strong>budou instalov\u00e1ny <strong>ve 2. a 3.\u00a0 pat\u0159e<\/strong> na chodb\u011b u hlavn\u00edho schodi\u0161t\u011b.<\/li>\n<li>Pro jedn\u00e1n\u00ed tematick\u00fdch sekc\u00ed, sympozia a metodologick\u00e9ho semin\u00e1\u0159e jsou vyhrazeny <strong>u\u010debny v\u00a01. a 2. pat\u0159e<\/strong>. Jejich um\u00edst\u011bn\u00ed naleznete konkr\u00e9tn\u011b v\u00a0programu u ka\u017ed\u00e9 aktivity zvl\u00e1\u0161\u0165.<\/li>\n<li><strong>Slavnostn\u00ed zased\u00e1n\u00ed<\/strong> se kon\u00e1 ve <strong>Velk\u00e9 aule Karolina<\/strong>, <a href=\"http:\/\/www.cuni.cz\/UK-1436.html\">Ovocn\u00fd trh 3, Praha 1<\/a><\/li>\n<li><strong>Spole\u010densk\u00fd ve\u010der<\/strong> se kon\u00e1 tak\u00e9 v\u00a0Karolinu, p\u0159\u00edzem\u00ed, vchod pod schody z\u00a0auly vlevo.<\/li>\n<\/ul>\n<p><span style=\"color: #333399\"><strong>Ob\u010derstven\u00ed<\/strong><\/span><\/p>\n<ul>\n<li><strong>\u00a0<\/strong>Ob\u010derstven\u00ed bude \u00fa\u010dastn\u00edk\u016fm k\u00a0dispozici o p\u0159est\u00e1vk\u00e1ch mezi jedn\u00e1n\u00edm, v\u010detn\u011b p\u0159est\u00e1vky na ob\u011bd v\u00a0suter\u00e9nu budovy (vedle Velk\u00e9ho s\u00e1lu). Po oba dny jsou kr\u00e1tk\u00e9 p\u0159est\u00e1vky vyhrazeny na k\u00e1vu, poledn\u00ed p\u0159est\u00e1vka na lehk\u00fd ob\u011bd formou bufetu.<\/li>\n<\/ul>\n<p><span style=\"color: #333399\"><strong>Internetov\u00e9 p\u0159ipojen\u00ed<\/strong><\/span><\/p>\n<ul>\n<li><a href=\"http:\/\/capv2012.pedf.cuni.cz\/?page_id=367\">Informace k internetov\u00e9mu p\u0159ipojen\u00ed Wi-Fi<\/a><\/li>\n<\/ul>\n<p><span style=\"color: #333399\"><strong>Dopravn\u00ed informace<\/strong><\/span><\/p>\n<ul>\n<li><a href=\"http:\/\/capv2012.pedf.cuni.cz\/?page_id=363\">Dopravn\u00ed informace zde<\/a>, pros\u00edme nep\u0159ehl\u00e9dn\u011bte, \u017ee <strong>stanice metra (B) N\u00e1rodn\u00ed t\u0159\u00edda je zru\u0161ena!<\/strong><\/li>\n<\/ul>\n<p><span style=\"color: #333399\"><strong>Ubytov\u00e1n\u00ed<\/strong><\/span><\/p>\n<ul>\n<li><em><a href=\"http:\/\/capv2012.pedf.cuni.cz\/wp-content\/uploads\/2012\/01\/ubytovaniCAPV2012.pdf\">hotely v bl\u00edzkosti Pedagogick\u00e9 fakulty UK<\/a><\/em><\/li>\n<\/ul>\n","protected":false},"excerpt":{"rendered":"<p>Vzhledem k mno\u017estv\u00ed programov\u00fdch aktivit konference a s ohledem na dobrou dopravn\u00ed dostupnost Prahy je zah\u00e1jen\u00ed konference pl\u00e1nov\u00e1no na pond\u011bl\u00ed 10. 9. 2012 ji\u017e od 9.00 hod., prezence za\u010d\u00edn\u00e1 od 7.30 hod. Konferen\u010dn\u00ed prostory Konferen\u010dn\u00ed jedn\u00e1n\u00ed bude prob\u00edhat v\u00fdhradn\u011b v\u00a0hlavn\u00ed budov\u011b Pedagogick\u00e1 fakulty UK, M. D. Rettigov\u00e9 4, Praha 1. Plen\u00e1rn\u00ed zased\u00e1n\u00ed, \u010dlensk\u00e1 sch\u016fze \u010cAPV, &hellip; <a href=\"https:\/\/pages.pedf.cuni.cz\/capv2012\/prakticke-informace\/\">Continue reading <span class=\"meta-nav\">&rarr;<\/span><\/a><\/p>\n","protected":false},"author":35,"featured_media":0,"parent":0,"menu_order":0,"comment_status":"closed","ping_status":"closed","template":"","meta":{"footnotes":""},"class_list":["post-91","page","type-page","status-publish","hentry"],"_links":{"self":[{"href":"https:\/\/pages.pedf.cuni.cz\/capv2012\/wp-json\/wp\/v2\/pages\/91","targetHints":{"allow":["GET"]}}],"collection":[{"href":"https:\/\/pages.pedf.cuni.cz\/capv2012\/wp-json\/wp\/v2\/pages"}],"about":[{"href":"https:\/\/pages.pedf.cuni.cz\/capv2012\/wp-json\/wp\/v2\/types\/page"}],"author":[{"embeddable":true,"href":"https:\/\/pages.pedf.cuni.cz\/capv2012\/wp-json\/wp\/v2\/users\/35"}],"replies":[{"embeddable":true,"href":"https:\/\/pages.pedf.cuni.cz\/capv2012\/wp-json\/wp\/v2\/comments?post=91"}],"version-history":[{"count":0,"href":"https:\/\/pages.pedf.cuni.cz\/capv2012\/wp-json\/wp\/v2\/pages\/91\/revisions"}],"wp:attachment":[{"href":"https:\/\/pages.pedf.cuni.cz\/capv2012\/wp-json\/wp\/v2\/media?parent=91"}],"curies":[{"name":"wp","href":"https:\/\/api.w.org\/{rel}","templated":true}]}}