{"id":95,"date":"2012-01-27T01:45:43","date_gmt":"2012-01-27T00:45:43","guid":{"rendered":"http:\/\/capv2012.pedf.cuni.cz\/?page_id=95"},"modified":"2016-02-24T17:43:44","modified_gmt":"2016-02-24T16:43:44","slug":"1-2","status":"publish","type":"page","link":"https:\/\/pages.pedf.cuni.cz\/capv2012\/","title":{"rendered":"Kvalita ve vzd\u011bl\u00e1v\u00e1n\u00ed"},"content":{"rendered":"<p>&nbsp;<\/p>\n<p><span style=\"color: #ff0000\"><strong>Do sekce Po konferenci byla vlo\u017eena DEFINITIVN\u00cd verze <a href=\"https:\/\/pages.pedf.cuni.cz\/capv2012\/sbornik-prispevku\/\">Sborn\u00edku p\u0159\u00edsp\u011bvk\u016f<\/a>.<\/strong><\/span><\/p>\n<p>Jubilejn\u00ed XX. konference \u010cesk\u00e9 asociace pedagogick\u00e9ho v\u00fdzkumu s n\u00e1zvem<strong> Kvalita ve vzd\u011bl\u00e1v\u00e1n\u00ed<\/strong> se uskute\u010dnila v term\u00ednu 10.\u201312. z\u00e1\u0159\u00ed 2012 na Pedagogick\u00e9 fakult\u011b Univerzity Karlovy v Praze.<\/p>\n<p>Nad konferenc\u00ed p\u0159evzal z\u00e1\u0161titu rektor Univerzity Karlovy prof. RNDr. V\u00e1clav Hampl, DrSc.<\/p>\n<p>&nbsp;<\/p>\n<p><span style=\"font-size: small;color: #800000\"><a href=\"http:\/\/capv2012.pedf.cuni.cz\/?page_id=14\"><span style=\"color: #800000\">\u010clenov\u00e9 p\u0159\u00edpravn\u00e9ho v\u00fdboru<\/span><\/a> srde\u010dn\u011b d\u011bkuj\u00ed v\u0161em \u00fa\u010dastn\u00edk\u016fm konference!<br \/>\n<\/span><\/p>\n<p>Dal\u0161\u00ed informace budou postupn\u011b dostupn\u00e9 z lev\u00e9ho menu v sekci <strong>Po konferenci:<\/strong><\/p>\n<ul>\n<li>15. 10. 2012 <a href=\"http:\/\/capv2012.pedf.cuni.cz\/?page_id=641\">Videoz\u00e1znamy plen\u00e1rn\u00edch p\u0159edn\u00e1\u0161ek a panelov\u00e9 diskuse<\/a><\/li>\n<li>1. 10. 2012 <a href=\"http:\/\/www.ucitelske-listy.cz\/2012\/10\/jana-hruba-citi-vyzkumnici.html\" target=\"_blank\">C\u00edt\u00ed v\u00fdzkumn\u00edci spoluzodpov\u011bdnost za vzd\u011bl\u00e1vac\u00ed politiku?<\/a> \u010cl\u00e1nek Jany Hrub\u00e9 v U\u010ditelsk\u00fdch listech.<\/li>\n<li>21. 9. 2012 <a href=\"http:\/\/www.ucitelske-listy.cz\/2012\/09\/jana-hruba-pedagogicky-vyzkum-se.html\" target=\"_blank\">Pedagogick\u00fd v\u00fdzkum se zam\u011b\u0159uje na kvalitu ve vzd\u011bl\u00e1v\u00e1n\u00ed<\/a>. Zpr\u00e1va Jany Hrub\u00e9 v U\u010ditelsk\u00fdch listech.<\/li>\n<li>14. 9. 2012 do z\u00e1lo\u017eky <a href=\"http:\/\/capv2012.pedf.cuni.cz\/?page_id=48\">Plen\u00e1rn\u00ed p\u0159edn\u00e1\u0161ky<\/a> byly vlo\u017eeny prezentace zahrani\u010dn\u00edch \u0159e\u010dn\u00edk\u016f<\/li>\n<li>13. 9. 2012\u00a0 <a href=\"http:\/\/capv2012.pedf.cuni.cz\/?page_id=488\">Fotogalerie<\/a><\/li>\n<li>12. 9. 2012\u00a0 <a href=\"http:\/\/capv2012.pedf.cuni.cz\/wp-content\/uploads\/2012\/09\/XX_v%C3%BDro%C4%8Dn%C3%AD_konference_%C4%8CAPV_bilan%C4%8Dn%C3%AD_%C4%8D%C3%A1st.pdf\" target=\"_blank\">Zpr\u00e1va z konference, bilan\u010dn\u00ed \u010d\u00e1st<\/a> (E. Walterov\u00e1)<\/li>\n<li>12. 9. 2012\u00a0 <a href=\"http:\/\/capv2012.pedf.cuni.cz\/?page_id=477\">Ocen\u011bn\u00e9 postery, p\u0159ehled<\/a><\/li>\n<li>10. 9. 2012\u00a0 <a href=\"http:\/\/iforum.cuni.cz\/IFORUM-13392.html\" target=\"_blank\">\u00da\u010dastn\u00edci konference zji\u0161\u0165uj\u00ed, co je kvalita ve vzd\u011bl\u00e1v\u00e1n\u00ed<\/a>(E. Walterov\u00e1, iForum)<\/li>\n<\/ul>\n<p><img loading=\"lazy\" decoding=\"async\" class=\"alignright\" src=\"http:\/\/www.cuni.cz\/uk\/images_layout\/uvod_gfx\/aktual_listina2.jpg\" alt=\"\" width=\"299\" height=\"192\" \/><\/p>\n<p>&nbsp;<\/p>\n<p>&nbsp;<\/p>\n<p>&nbsp;<\/p>\n<p>&nbsp;<\/p>\n<p>&nbsp;<\/p>\n<p style=\"text-align: right\"><a href=\"https:\/\/pages.pedf.cuni.cz\/capv2012\/wp-admin\/\" target=\"_blank\"><em>Editace str\u00e1nek<\/em><\/a><\/p>\n<p>&nbsp;<\/p>\n","protected":false},"excerpt":{"rendered":"<p>&nbsp; Do sekce Po konferenci byla vlo\u017eena DEFINITIVN\u00cd verze Sborn\u00edku p\u0159\u00edsp\u011bvk\u016f. Jubilejn\u00ed XX. konference \u010cesk\u00e9 asociace pedagogick\u00e9ho v\u00fdzkumu s n\u00e1zvem Kvalita ve vzd\u011bl\u00e1v\u00e1n\u00ed se uskute\u010dnila v term\u00ednu 10.\u201312. z\u00e1\u0159\u00ed 2012 na Pedagogick\u00e9 fakult\u011b Univerzity Karlovy v Praze. Nad konferenc\u00ed p\u0159evzal z\u00e1\u0161titu rektor Univerzity Karlovy prof. RNDr. V\u00e1clav Hampl, DrSc. &nbsp; \u010clenov\u00e9 p\u0159\u00edpravn\u00e9ho v\u00fdboru srde\u010dn\u011b d\u011bkuj\u00ed &hellip; <a href=\"https:\/\/pages.pedf.cuni.cz\/capv2012\/\">Continue reading <span class=\"meta-nav\">&rarr;<\/span><\/a><\/p>\n","protected":false},"author":35,"featured_media":0,"parent":0,"menu_order":0,"comment_status":"closed","ping_status":"closed","template":"","meta":{"footnotes":""},"class_list":["post-95","page","type-page","status-publish","hentry"],"_links":{"self":[{"href":"https:\/\/pages.pedf.cuni.cz\/capv2012\/wp-json\/wp\/v2\/pages\/95","targetHints":{"allow":["GET"]}}],"collection":[{"href":"https:\/\/pages.pedf.cuni.cz\/capv2012\/wp-json\/wp\/v2\/pages"}],"about":[{"href":"https:\/\/pages.pedf.cuni.cz\/capv2012\/wp-json\/wp\/v2\/types\/page"}],"author":[{"embeddable":true,"href":"https:\/\/pages.pedf.cuni.cz\/capv2012\/wp-json\/wp\/v2\/users\/35"}],"replies":[{"embeddable":true,"href":"https:\/\/pages.pedf.cuni.cz\/capv2012\/wp-json\/wp\/v2\/comments?post=95"}],"version-history":[{"count":0,"href":"https:\/\/pages.pedf.cuni.cz\/capv2012\/wp-json\/wp\/v2\/pages\/95\/revisions"}],"wp:attachment":[{"href":"https:\/\/pages.pedf.cuni.cz\/capv2012\/wp-json\/wp\/v2\/media?parent=95"}],"curies":[{"name":"wp","href":"https:\/\/api.w.org\/{rel}","templated":true}]}}