{"id":127,"date":"2018-09-06T22:28:59","date_gmt":"2018-09-06T20:28:59","guid":{"rendered":"http:\/\/pages.pedf.cuni.cz\/cemp\/?page_id=127"},"modified":"2018-10-19T03:11:07","modified_gmt":"2018-10-19T01:11:07","slug":"software-cz","status":"publish","type":"page","link":"https:\/\/pages.pedf.cuni.cz\/cemp\/cs\/software-cz\/","title":{"rendered":"Software"},"content":{"rendered":"<p>[et_pb_section fb_built=&#8220;1&#8243; admin_label=&#8220;Landing Hero&#8220; _builder_version=&#8220;3.11&#8243; use_background_color_gradient=&#8220;on&#8220; background_color_gradient_start=&#8220;#0c71c3&#8243; background_color_gradient_end=&#8220;#0c66d3&#8243; background_blend=&#8220;overlay&#8220; custom_padding=&#8220;0|0px|10px|0px|false|false&#8220; animation_style=&#8220;slide&#8220; animation_direction=&#8220;top&#8220; animation_intensity_slide=&#8220;2%&#8220; locked=&#8220;off&#8220;][et_pb_row custom_width_px=&#8220;1280px&#8220; custom_padding=&#8220;42px|0px|25px|0px|false|false&#8220; custom_margin=&#8220;|||&#8220; _builder_version=&#8220;3.0.82&#8243;][et_pb_column type=&#8220;4_4&#8243; _builder_version=&#8220;3.0.47&#8243; parallax=&#8220;off&#8220; parallax_method=&#8220;on&#8220;][et_pb_image src=&#8220;https:\/\/pages.pedf.cuni.cz\/cemp\/files\/2018\/09\/Untitled-1a.png&#8220; show_bottom_space=&#8220;off&#8220; _builder_version=&#8220;3.13.1&#8243; max_width=&#8220;20%&#8220; custom_css_main_element=&#8220;pointer-events: none;||||user-select: none;||-moz-user-select: none;||-webkit-user-drag: none;||-webkit-user-select: none;||-ms-user-select: none;||user-drag: none; &#8222;][\/et_pb_image][et_pb_text admin_label=&#8220;popis str\u00e1nky&#8220; _builder_version=&#8220;3.13.1&#8243; text_font=&#8220;Lato||||||||&#8220; text_text_color=&#8220;rgba(255,255,255,0.85)&#8220; text_font_size=&#8220;2em&#8220; text_line_height=&#8220;1.9em&#8220; header_font=&#8220;||||||||&#8220; border_color_all=&#8220;#0C71C3&#8243; border_color_top=&#8220;#0c71c3&#8243; border_color_right=&#8220;#0c71c3&#8243; border_color_bottom=&#8220;#0c71c3&#8243; border_color_left=&#8220;#0c71c3&#8243; custom_margin=&#8220;0vh||0px|&#8220; custom_padding=&#8220;0px||0px|&#8220; locked=&#8220;off&#8220;] Centrum tvorby didaktick\u00fdch test\u016f a psychometrick\u00e9ho modelov\u00e1n\u00ed [\/et_pb_text][\/et_pb_column][\/et_pb_row][\/et_pb_section][et_pb_section fb_built=&#8220;1&#8243; _builder_version=&#8220;3.11&#8243; custom_padding=&#8220;0|0px|54px|0px|false|false&#8220;][et_pb_row _builder_version=&#8220;3.11&#8243;][et_pb_column type=&#8220;4_4&#8243; _builder_version=&#8220;3.0.47&#8243; parallax=&#8220;off&#8220; parallax_method=&#8220;on&#8220;][et_pb_text _builder_version=&#8220;3.11&#8243; text_font=&#8220;||||||||&#8220; text_text_color=&#8220;#0C71C3&#8243; header_font=&#8220;Lato||||||||&#8220; header_text_color=&#8220;#0C71C3&#8243; header_font_size=&#8220;3em&#8220;]<\/p>\n<h2><span>Software<\/span><\/h2>\n<p>[\/et_pb_text][\/et_pb_column][\/et_pb_row][et_pb_row custom_padding=&#8220;30px|30px|30px|30px|false|true&#8220; custom_margin=&#8220;|||&#8220; _builder_version=&#8220;3.11&#8243; box_shadow_style=&#8220;preset1&#8243; box_shadow_color=&#8220;rgba(71,74,182,0.12)&#8220;][et_pb_column type=&#8220;1_2&#8243; _builder_version=&#8220;3.0.47&#8243; parallax=&#8220;off&#8220; parallax_method=&#8220;on&#8220;][et_pb_text _builder_version=&#8220;3.13.1&#8243;]<\/p>\n<h2><a href=\"https:\/\/shiny.cs.cas.cz\/ShinyItemAnalysis\/\" target=\"_blank\" rel=\"noopener noreferrer\">ShinyItemAnalysis<\/a><\/h2>\n<p><a href=\"https:\/\/shiny.cs.cas.cz\/ShinyItemAnalysis\/\" target=\"_blank\" rel=\"noopener noreferrer\">ShinyItemAnalysis <\/a>poskytuje anal\u00fdzu vzd\u011bl\u00e1vac\u00edch a psychologick\u00fdch test\u016f a jejich p\u0159edm\u011bt\u016f \u0161irokou \u0161k\u00e1lou psychometrick\u00fdch n\u00e1stroj\u016f. ShinyItemAnalysis je zalo\u017een na bezplatn\u00e9m statistick\u00e9m softwaru R a bal\u00ed\u010dku shiny. Lze jej st\u00e1hnout jako standardn\u00ed bal\u00ed\u010dek R od firmy <a href=\"https:\/\/cran.r-project.org\/web\/packages\/ShinyItemAnalysis\/index.html\" target=\"_blank\" rel=\"noopener noreferrer\">CRAN <\/a>a je k dispozici tak\u00e9 <a href=\"https:\/\/shiny.cs.cas.cz\/ShinyItemAnalysis\/\" target=\"_blank\" rel=\"noopener noreferrer\">online<\/a>. Nejnov\u011bj\u0161\u00ed verze je k dispozici tak\u00e9 na <a href=\"https:\/\/github.com\/patriciamar\/ShinyItemAnalysis\" target=\"_blank\" rel=\"noopener noreferrer\">GitHubu<\/a>.<\/p>\n<h2>difNLR<\/h2>\n<p>difNLR je bal\u00ed\u010dek pro R, kter\u00fd obsahuje metody detekce DIF zalo\u017een\u00e9 na zobecn\u011bn\u00fdch logistick\u00fdch regresn\u00edch modelech. Bal\u00ed\u010dek tak\u00e9 nab\u00edz\u00ed metodu detekce DDF na z\u00e1klad\u011b modelu multinomick\u00e9 logistick\u00e9 regrese.\u00a0 difNLR lze st\u00e1hnout jako standardn\u00ed bal\u00ed\u010dek R z <a href=\"https:\/\/cran.r-project.org\/web\/packages\/ShinyItemAnalysis\/index.html\" target=\"_blank\" rel=\"noopener noreferrer\">CRAN<\/a>. Nejnov\u011bj\u0161\u00ed verze je k dispozici tak\u00e9 na <a href=\"https:\/\/github.com\/patriciamar\/ShinyItemAnalysis\" target=\"_blank\" rel=\"noopener noreferrer\">GitHubu<\/a>.<\/p>\n<p>[\/et_pb_text][\/et_pb_column][et_pb_column type=&#8220;1_2&#8243; _builder_version=&#8220;3.0.47&#8243; parallax=&#8220;off&#8220; parallax_method=&#8220;on&#8220;][\/et_pb_column][\/et_pb_row][\/et_pb_section][et_pb_section fb_built=&#8220;1&#8243; disabled_on=&#8220;on|on|on&#8220; admin_label=&#8220;Testimonial&#8220; _builder_version=&#8220;3.13.1&#8243; use_background_color_gradient=&#8220;on&#8220; background_color_gradient_start=&#8220;#474ab6&#8243; background_color_gradient_end=&#8220;#0c71c3&#8243; background_image=&#8220;https:\/\/pages.pedf.cuni.cz\/cemp\/files\/2018\/09\/coding-background-texture.jpg&#8220; background_blend=&#8220;overlay&#8220; box_shadow_style=&#8220;preset7&#8243; box_shadow_horizontal=&#8220;0px&#8220; box_shadow_vertical=&#8220;80px&#8220; box_shadow_color=&#8220;#ffffff&#8220; custom_margin=&#8220;|||&#8220; custom_padding=&#8220;0px||0px|&#8220; locked=&#8220;off&#8220;][et_pb_row use_custom_width=&#8220;on&#8220; custom_width_px=&#8220;1280px&#8220; custom_padding=&#8220;0px|0px|0px|0px&#8220; custom_padding_tablet=&#8220;|10%||10%&#8220; custom_padding_phone=&#8220;|||&#8220; make_equal=&#8220;on&#8220; custom_padding_last_edited=&#8220;on|tablet&#8220; bg_img_2=&#8220;https:\/\/pages.pedf.cuni.cz\/cemp\/files\/2018\/09\/coding-dot-bg.png&#8220; parallax_2=&#8220;on&#8220; padding_top_1=&#8220;150px&#8220; padding_bottom_1=&#8220;80px&#8220; padding_1_tablet=&#8220;100px|||&#8220; padding_1_last_edited=&#8220;on|phone&#8220; _builder_version=&#8220;3.0.82&#8243;][et_pb_column type=&#8220;1_2&#8243; _builder_version=&#8220;3.0.47&#8243; padding_tablet=&#8220;100px|||&#8220; padding_last_edited=&#8220;on|phone&#8220; padding_bottom=&#8220;80px&#8220; padding_top=&#8220;150px&#8220; parallax=&#8220;off&#8220; parallax_method=&#8220;on&#8220;][et_pb_text admin_label=&#8220;nadpis&#8220; _builder_version=&#8220;3.11&#8243; header_font=&#8220;|on|||&#8220; header_font_size=&#8220;36px&#8220; header_line_height=&#8220;1.5em&#8220; background_layout=&#8220;dark&#8220; custom_margin=&#8220;||20px|&#8220; animation_style=&#8220;slide&#8220; animation_direction=&#8220;bottom&#8220; animation_intensity_slide=&#8220;10%&#8220; locked=&#8220;off&#8220;]<\/p>\n<h1>Slo\u017een\u00ed t\u00fdmu<\/h1>\n<p>[\/et_pb_text][et_pb_text _builder_version=&#8220;3.11&#8243; text_text_color=&#8220;#d4ccff&#8220; text_font_size=&#8220;18px&#8220; text_line_height=&#8220;1.9em&#8220; animation_style=&#8220;slide&#8220; animation_direction=&#8220;top&#8220; animation_intensity_slide=&#8220;6%&#8220; locked=&#8220;off&#8220;] Class aptent taciti sociosqu ad litora torquent per conubia nostra, per inceptos himenaeos. Sed molestie, velit ut eleifend sollicitudin, neque orci tempor nulla, id sagittis nisi ante nec arcu. [\/et_pb_text][et_pb_blurb image=&#8220;https:\/\/pages.pedf.cuni.cz\/cemp\/files\/2018\/09\/testimonial-avatar.png&#8220; icon_placement=&#8220;left&#8220; content_max_width=&#8220;800px&#8220; admin_label=&#8220;jm\u00e9no&#8220; _builder_version=&#8220;3.11&#8243; header_font=&#8220;|on|||&#8220; header_text_color=&#8220;#2e2545&#8243; body_text_color=&#8220;#d4ccff&#8220; body_font_size=&#8220;16px&#8220; background_layout=&#8220;dark&#8220; custom_margin=&#8220;|||&#8220; custom_padding=&#8220;|||&#8220; animation_style=&#8220;fade&#8220; locked=&#8220;off&#8220;] <strong>John Smith,<\/strong> position [\/et_pb_blurb][\/et_pb_column][et_pb_column type=&#8220;1_2&#8243; _builder_version=&#8220;3.0.47&#8243; bg_img=&#8220;https:\/\/pages.pedf.cuni.cz\/cemp\/files\/2018\/09\/coding-dot-bg.png&#8220; parallax=&#8220;on&#8220; parallax_method=&#8220;on&#8220;][et_pb_image src=&#8220;https:\/\/pages.pedf.cuni.cz\/cemp\/files\/2018\/09\/coding-dots.png&#8220; _builder_version=&#8220;3.0.82&#8243; custom_margin=&#8220;|||&#8220; animation_style=&#8220;slide&#8220; animation_direction=&#8220;top&#8220; animation_intensity_slide=&#8220;3%&#8220; animation_speed_curve=&#8220;ease-out&#8220;][\/et_pb_image][\/et_pb_column][\/et_pb_row][\/et_pb_section]<\/p>\n","protected":false},"excerpt":{"rendered":"<p>Centrum tvorby didaktick\u00fdch test\u016f a psychometrick\u00e9ho modelov\u00e1n\u00ed SoftwareShinyItemAnalysis ShinyItemAnalysis poskytuje anal\u00fdzu vzd\u011bl\u00e1vac\u00edch a psychologick\u00fdch test\u016f a jejich p\u0159edm\u011bt\u016f \u0161irokou \u0161k\u00e1lou psychometrick\u00fdch n\u00e1stroj\u016f. ShinyItemAnalysis je zalo\u017een na bezplatn\u00e9m statistick\u00e9m softwaru R a bal\u00ed\u010dku shiny. Lze jej st\u00e1hnout jako standardn\u00ed bal\u00ed\u010dek R od firmy CRAN a je k dispozici tak\u00e9 online. Nejnov\u011bj\u0161\u00ed verze je k dispozici tak\u00e9 [&hellip;]<\/p>\n","protected":false},"author":454,"featured_media":0,"parent":0,"menu_order":0,"comment_status":"closed","ping_status":"closed","template":"","meta":{"_et_pb_use_builder":"on","_et_pb_old_content":"","_et_gb_content_width":"","footnotes":""},"class_list":["post-127","page","type-page","status-publish","hentry"],"_links":{"self":[{"href":"https:\/\/pages.pedf.cuni.cz\/cemp\/wp-json\/wp\/v2\/pages\/127","targetHints":{"allow":["GET"]}}],"collection":[{"href":"https:\/\/pages.pedf.cuni.cz\/cemp\/wp-json\/wp\/v2\/pages"}],"about":[{"href":"https:\/\/pages.pedf.cuni.cz\/cemp\/wp-json\/wp\/v2\/types\/page"}],"author":[{"embeddable":true,"href":"https:\/\/pages.pedf.cuni.cz\/cemp\/wp-json\/wp\/v2\/users\/454"}],"replies":[{"embeddable":true,"href":"https:\/\/pages.pedf.cuni.cz\/cemp\/wp-json\/wp\/v2\/comments?post=127"}],"version-history":[{"count":7,"href":"https:\/\/pages.pedf.cuni.cz\/cemp\/wp-json\/wp\/v2\/pages\/127\/revisions"}],"predecessor-version":[{"id":273,"href":"https:\/\/pages.pedf.cuni.cz\/cemp\/wp-json\/wp\/v2\/pages\/127\/revisions\/273"}],"wp:attachment":[{"href":"https:\/\/pages.pedf.cuni.cz\/cemp\/wp-json\/wp\/v2\/media?parent=127"}],"curies":[{"name":"wp","href":"https:\/\/api.w.org\/{rel}","templated":true}]}}