{"id":3344,"date":"2021-11-13T13:14:59","date_gmt":"2021-11-13T12:14:59","guid":{"rendered":"https:\/\/pages.pedf.cuni.cz\/cizijazyky\/?page_id=3344"},"modified":"2024-09-13T15:14:24","modified_gmt":"2024-09-13T13:14:24","slug":"redakcni-rada","status":"publish","type":"page","link":"https:\/\/pages.pedf.cuni.cz\/cizijazyky\/redakcni-rada\/","title":{"rendered":"Redak\u010dn\u00ed rada"},"content":{"rendered":"<p>[et_pb_section fb_built=&#8220;1&#8243; fullwidth=&#8220;on&#8220; custom_padding_last_edited=&#8220;on|desktop&#8220; admin_label=&#8220;Section&#8220; _builder_version=&#8220;4.13.1&#8243; background_image=&#8220;https:\/\/pages.pedf.cuni.cz\/cizijazyky\/files\/2023\/10\/cj.png&#8220; custom_padding=&#8220;0px|0px|0|0px|false|false&#8220; custom_padding_tablet=&#8220;50px|0|50px|0&#8243; custom_padding_phone=&#8220;&#8220; transparent_background=&#8220;off&#8220; global_colors_info=&#8220;{}&#8220;][et_pb_fullwidth_slider admin_label=&#8220;Fullwidth Slider&#8220; _builder_version=&#8220;4.13.1&#8243; header_font=&#8220;Raleway|on|||&#8220; header_text_color=&#8220;#0065cb&#8220; header_font_size=&#8220;9em&#8220; body_font=&#8220;Source Sans Pro||||&#8220; body_text_color=&#8220;#FFFFFF&#8220; body_font_size=&#8220;36&#8243; body_line_height=&#8220;1.2em&#8220; custom_button=&#8220;on&#8220; button_text_size=&#8220;16&#8243; button_text_color=&#8220;#ffffff&#8220; button_bg_color=&#8220;#0065cb&#8220; button_border_width=&#8220;9&#8243; button_border_color=&#8220;#0065cb&#8220; button_border_radius=&#8220;100&#8243; button_letter_spacing=&#8220;3&#8243; button_font=&#8220;Source Sans Pro|on|||&#8220; custom_padding=&#8220;10em||10em|&#8220; custom_padding_tablet=&#8220;|||&#8220; custom_padding_phone=&#8220;|||&#8220; header_font_size_tablet=&#8220;20px&#8220; header_font_size_phone=&#8220;&#8220; header_font_size_last_edited=&#8220;on|tablet&#8220; body_line_height_tablet=&#8220;&#8220; body_line_height_phone=&#8220;&#8220; body_line_height_last_edited=&#8220;on|phone&#8220; button_letter_spacing_tablet=&#8220;0&#8243; button_letter_spacing_phone=&#8220;&#8220; button_letter_spacing_last_edited=&#8220;on|desktop&#8220; custom_css_slide_button=&#8220;margin-top:40px;||width:190px;||||&#8220; box_shadow_style=&#8220;preset6&#8243; box_shadow_blur=&#8220;10px&#8220; box_shadow_color=&#8220;rgba(0,0,0,0.1)&#8220; top_padding=&#8220;10em&#8220; bottom_padding=&#8220;10em&#8220; top_padding_tablet=&#8220;&#8220; top_padding_phone=&#8220;&#8220; top_padding_last_edited=&#8220;on|phone&#8220; remove_inner_shadow=&#8220;off&#8220; hide_content_on_mobile=&#8220;off&#8220; hide_cta_on_mobile=&#8220;off&#8220; show_inner_shadow=&#8220;on&#8220; button_border_color_hover=&#8220;#2478cc&#8220; button_border_radius_hover=&#8220;100&#8243; button_letter_spacing_hover=&#8220;3&#8243; button_bg_color_hover=&#8220;#2478cc&#8220; global_colors_info=&#8220;{}&#8220; button_text_size__hover_enabled=&#8220;off&#8220; button_text_size__hover=&#8220;null&#8220; button_one_text_size__hover_enabled=&#8220;off&#8220; button_one_text_size__hover=&#8220;null&#8220; button_two_text_size__hover_enabled=&#8220;off&#8220; button_two_text_size__hover=&#8220;null&#8220; button_text_color__hover_enabled=&#8220;off&#8220; button_text_color__hover=&#8220;null&#8220; button_one_text_color__hover_enabled=&#8220;off&#8220; button_one_text_color__hover=&#8220;null&#8220; button_two_text_color__hover_enabled=&#8220;off&#8220; button_two_text_color__hover=&#8220;null&#8220; button_border_width__hover_enabled=&#8220;off&#8220; button_border_width__hover=&#8220;null&#8220; button_one_border_width__hover_enabled=&#8220;off&#8220; button_one_border_width__hover=&#8220;null&#8220; button_two_border_width__hover_enabled=&#8220;off&#8220; button_two_border_width__hover=&#8220;null&#8220; button_border_color__hover_enabled=&#8220;on&#8220; button_border_color__hover=&#8220;#2478cc&#8220; button_one_border_color__hover_enabled=&#8220;off&#8220; button_one_border_color__hover=&#8220;null&#8220; button_two_border_color__hover_enabled=&#8220;off&#8220; button_two_border_color__hover=&#8220;null&#8220; button_border_radius__hover_enabled=&#8220;on&#8220; button_border_radius__hover=&#8220;100&#8243; button_one_border_radius__hover_enabled=&#8220;off&#8220; button_one_border_radius__hover=&#8220;null&#8220; button_two_border_radius__hover_enabled=&#8220;off&#8220; button_two_border_radius__hover=&#8220;null&#8220; button_letter_spacing__hover_enabled=&#8220;on&#8220; button_letter_spacing__hover=&#8220;3&#8243; button_one_letter_spacing__hover_enabled=&#8220;off&#8220; button_one_letter_spacing__hover=&#8220;null&#8220; button_two_letter_spacing__hover_enabled=&#8220;off&#8220; button_two_letter_spacing__hover=&#8220;null&#8220; button_bg_color__hover_enabled=&#8220;on&#8220; button_bg_color__hover=&#8220;#2478cc&#8220; button_one_bg_color__hover_enabled=&#8220;off&#8220; button_one_bg_color__hover=&#8220;null&#8220; button_two_bg_color__hover_enabled=&#8220;off&#8220; button_two_bg_color__hover=&#8220;null&#8220;][et_pb_slide heading=&#8220;Redak\u010dn\u00ed rada&#8220; button_link=&#8220;#info&#8220; use_bg_overlay=&#8220;on&#8220; use_text_overlay=&#8220;off&#8220; _builder_version=&#8220;4.13.1&#8243; header_font=&#8220;||||&#8220; header_text_color=&#8220;#FFFFFF&#8220; body_font=&#8220;||||||||&#8220; body_text_color=&#8220;#0065cb&#8220; body_font_size=&#8220;56px&#8220; background_color=&#8220;#ffffff&#8220; background_image=&#8220;https:\/\/pages.pedf.cuni.cz\/cizijazyky\/files\/2023\/10\/cj.png&#8220; background_enable_image=&#8220;on&#8220; background_size=&#8220;initial&#8220; button_icon_placement=&#8220;right&#8220; button_on_hover=&#8220;on&#8220; header_font_size_tablet=&#8220;&#8220; header_font_size_phone=&#8220;&#8220; header_font_size_last_edited=&#8220;on|desktop&#8220; header_letter_spacing_tablet=&#8220;&#8220; header_letter_spacing_phone=&#8220;&#8220; header_letter_spacing_last_edited=&#8220;on|tablet&#8220; header_line_height_tablet=&#8220;&#8220; header_line_height_phone=&#8220;&#8220; header_line_height_last_edited=&#8220;on|tablet&#8220; body_font_size_tablet=&#8220;26&#8243; body_font_size_phone=&#8220;26&#8243; body_font_size_last_edited=&#8220;on|phone&#8220; body_letter_spacing_tablet=&#8220;0&#8243; body_letter_spacing_phone=&#8220;0&#8243; body_letter_spacing_last_edited=&#8220;on|tablet&#8220; body_line_height_tablet=&#8220;&#8220; body_line_height_phone=&#8220;&#8220; body_line_height_last_edited=&#8220;on|tablet&#8220; button_text_size_tablet=&#8220;50&#8243; button_text_size_phone=&#8220;50&#8243; button_letter_spacing_tablet=&#8220;50&#8243; button_letter_spacing_phone=&#8220;50&#8243; global_colors_info=&#8220;{}&#8220; button_letter_spacing_hover_tablet=&#8220;50&#8243; button_letter_spacing_hover_phone=&#8220;50&#8243; button_text_size__hover_enabled=&#8220;off&#8220; button_one_text_size__hover_enabled=&#8220;off&#8220; button_two_text_size__hover_enabled=&#8220;off&#8220; button_text_color__hover_enabled=&#8220;off&#8220; button_one_text_color__hover_enabled=&#8220;off&#8220; button_two_text_color__hover_enabled=&#8220;off&#8220; button_border_width__hover_enabled=&#8220;off&#8220; button_one_border_width__hover_enabled=&#8220;off&#8220; button_two_border_width__hover_enabled=&#8220;off&#8220; button_border_color__hover_enabled=&#8220;off&#8220; button_one_border_color__hover_enabled=&#8220;off&#8220; button_two_border_color__hover_enabled=&#8220;off&#8220; button_border_radius__hover_enabled=&#8220;off&#8220; button_one_border_radius__hover_enabled=&#8220;off&#8220; button_two_border_radius__hover_enabled=&#8220;off&#8220; button_letter_spacing__hover_enabled=&#8220;off&#8220; button_one_letter_spacing__hover_enabled=&#8220;off&#8220; button_two_letter_spacing__hover_enabled=&#8220;off&#8220; button_bg_color__hover_enabled=&#8220;off&#8220; button_one_bg_color__hover_enabled=&#8220;off&#8220; button_two_bg_color__hover_enabled=&#8220;off&#8220; sticky_transition=&#8220;on&#8220;][\/et_pb_slide][\/et_pb_fullwidth_slider][\/et_pb_section][et_pb_section fb_built=&#8220;1&#8243; admin_label=&#8220;Section&#8220; module_id=&#8220;info&#8220; _builder_version=&#8220;3.22.3&#8243; background_color=&#8220;#0065cb&#8220; custom_padding=&#8220;0px||0px|&#8220; custom_padding_tablet=&#8220;0px||0px|&#8220; transparent_background=&#8220;off&#8220; padding_mobile=&#8220;on&#8220; global_colors_info=&#8220;{}&#8220;][et_pb_row column_structure=&#8220;1_2,1_2&#8243; use_custom_gutter=&#8220;on&#8220; gutter_width=&#8220;2&#8243; column_padding_mobile=&#8220;on&#8220; admin_label=&#8220;Row&#8220; _builder_version=&#8220;3.25&#8243; background_size=&#8220;initial&#8220; background_position=&#8220;top_left&#8220; background_repeat=&#8220;repeat&#8220; max_width=&#8220;980px&#8220; custom_padding=&#8220;127px|0|0|0|false|false&#8220; use_custom_width=&#8220;on&#8220; custom_width_px=&#8220;980px&#8220; global_colors_info=&#8220;{}&#8220;][et_pb_column type=&#8220;1_2&#8243; _builder_version=&#8220;3.25&#8243; custom_padding=&#8220;|||&#8220; global_colors_info=&#8220;{}&#8220; custom_padding__hover=&#8220;|||&#8220;][et_pb_text _builder_version=&#8220;3.27.4&#8243; text_font=&#8220;Playfair Display||||&#8220; text_text_color=&#8220;#ffffff&#8220; text_font_size=&#8220;42&#8243; text_line_height=&#8220;1.3em&#8220; background_size=&#8220;initial&#8220; background_position=&#8220;top_left&#8220; background_repeat=&#8220;repeat&#8220; custom_margin=&#8220;||80px|&#8220; text_font_size_tablet=&#8220;&#8220; text_font_size_phone=&#8220;&#8220; text_font_size_last_edited=&#8220;on|tablet&#8220; use_border_color=&#8220;off&#8220; border_color=&#8220;#ffffff&#8220; border_style=&#8220;solid&#8220; global_colors_info=&#8220;{}&#8220;]<\/p>\n<p>Redakce<\/p>\n<p>[\/et_pb_text][\/et_pb_column][et_pb_column type=&#8220;1_2&#8243; _builder_version=&#8220;3.25&#8243; custom_padding=&#8220;|||&#8220; global_colors_info=&#8220;{}&#8220; custom_padding__hover=&#8220;|||&#8220;][et_pb_blurb icon_placement=&#8220;left&#8220; _builder_version=&#8220;4.13.0&#8243; header_font=&#8220;|700||on|||||&#8220; body_font=&#8220;Source Sans Pro Light||||&#8220; body_text_color=&#8220;#ffffff&#8220; body_font_size=&#8220;24px&#8220; body_line_height=&#8220;120%&#8220; background_layout=&#8220;dark&#8220; custom_margin=&#8220;|||-16vw&#8220; custom_padding=&#8220;||30px&#8220; custom_css_blurb_image=&#8220;||||&#8220; global_colors_info=&#8220;{}&#8220;]<\/p>\n<p><strong>Doc. PhDr. Vlasta Hlavi\u010dkov\u00e1, CSc.<\/strong><br \/>\u0161\u00e9fredaktorka<\/p>\n<p><strong>PhDr. Pavla Ne\u010dasov\u00e1, Ph.D.<\/strong><br \/>z\u00e1stupkyn\u011b \u0161\u00e9fredaktorky<strong><\/strong><\/p>\n<p>&nbsp;<\/p>\n<p>[\/et_pb_blurb][\/et_pb_column][\/et_pb_row][et_pb_row column_structure=&#8220;1_2,1_2&#8243; use_custom_gutter=&#8220;on&#8220; gutter_width=&#8220;2&#8243; column_padding_mobile=&#8220;on&#8220; admin_label=&#8220;Row&#8220; _builder_version=&#8220;3.25&#8243; background_size=&#8220;initial&#8220; background_position=&#8220;top_left&#8220; background_repeat=&#8220;repeat&#8220; max_width=&#8220;980px&#8220; custom_padding=&#8220;46px|64px|0|0|false|false&#8220; use_custom_width=&#8220;on&#8220; custom_width_px=&#8220;980px&#8220; global_colors_info=&#8220;{}&#8220;][et_pb_column type=&#8220;1_2&#8243; _builder_version=&#8220;3.25&#8243; custom_padding=&#8220;|||&#8220; global_colors_info=&#8220;{}&#8220; custom_padding__hover=&#8220;|||&#8220;][et_pb_text _builder_version=&#8220;3.27.4&#8243; text_font=&#8220;Playfair Display||||&#8220; text_text_color=&#8220;#ffffff&#8220; text_font_size=&#8220;42&#8243; text_line_height=&#8220;1.3em&#8220; background_size=&#8220;initial&#8220; background_position=&#8220;top_left&#8220; background_repeat=&#8220;repeat&#8220; custom_margin=&#8220;||80px|&#8220; text_font_size_tablet=&#8220;&#8220; text_font_size_phone=&#8220;&#8220; text_font_size_last_edited=&#8220;on|tablet&#8220; use_border_color=&#8220;off&#8220; border_color=&#8220;#ffffff&#8220; border_style=&#8220;solid&#8220; global_colors_info=&#8220;{}&#8220;]<\/p>\n<p>V\u011bdeck\u00e1 rada<\/p>\n<p>[\/et_pb_text][\/et_pb_column][et_pb_column type=&#8220;1_2&#8243; _builder_version=&#8220;3.25&#8243; custom_padding=&#8220;|||&#8220; global_colors_info=&#8220;{}&#8220; custom_padding__hover=&#8220;|||&#8220;][\/et_pb_column][\/et_pb_row][et_pb_row column_structure=&#8220;1_2,1_2&#8243; use_custom_gutter=&#8220;on&#8220; gutter_width=&#8220;2&#8243; column_padding_mobile=&#8220;on&#8220; admin_label=&#8220;Row&#8220; _builder_version=&#8220;3.25&#8243; background_size=&#8220;initial&#8220; background_position=&#8220;top_left&#8220; background_repeat=&#8220;repeat&#8220; max_width=&#8220;980px&#8220; custom_padding=&#8220;0|0|0|0|false|false&#8220; use_custom_width=&#8220;on&#8220; custom_width_px=&#8220;980px&#8220; global_colors_info=&#8220;{}&#8220;][et_pb_column type=&#8220;1_2&#8243; _builder_version=&#8220;3.25&#8243; custom_padding=&#8220;|||&#8220; global_colors_info=&#8220;{}&#8220; custom_padding__hover=&#8220;|||&#8220;][et_pb_blurb icon_placement=&#8220;left&#8220; _builder_version=&#8220;4.13.0&#8243; header_font=&#8220;|700||on|||||&#8220; body_font=&#8220;Source Sans Pro Light||||&#8220; body_text_color=&#8220;#ffffff&#8220; body_font_size=&#8220;24px&#8220; body_line_height=&#8220;120%&#8220; background_layout=&#8220;dark&#8220; custom_padding=&#8220;||30px&#8220; custom_css_blurb_image=&#8220;||||&#8220; global_colors_info=&#8220;{}&#8220;]<\/p>\n<p><strong>Doc. PhDr. Elena Baranov\u00e1, CSc.<\/strong><br \/>Univerzita M. Bela, Bansk\u00e1 Bystrica, Slovensko<\/p>\n<p><strong>John Peter Barrer, Ph.D. (Nov\u00fd Z\u00e9land)<\/strong><br \/>UK Bratislava, Slovensko<\/p>\n<p><strong>prof. PhDr. Marie Bo\u0159ek-Dohalsk\u00e1, DrSc.<\/strong><br \/>Univerzita Karlova v Praze<\/p>\n<p><strong>Doc. PhDr. Marie Csirikov\u00e1, CSc.<\/strong><br \/>Univerzita Karlova v Praze<\/p>\n<p><strong>Prof. Jean-Pierre Goudaillier<\/strong><br \/>Universit\u00e9 Paris Descartes, Francie<\/p>\n<p><strong>Prof. Dr. Esteban de Gori<\/strong><br \/>Universidad de Buenos Aires, Argentina<\/p>\n<p><strong>Dr. \u00c1ngel Felices Lago<\/strong><br \/>Universidad de Granada, \u0160pan\u011blsko<\/p>\n<p><strong>Doc. PhDr. Vlasta Hlavi\u010dkov\u00e1, CSc.<\/strong><br \/>Vysok\u00e1 \u0161kola ekonomick\u00e1 v Praze<strong><\/strong><\/p>\n<p>[\/et_pb_blurb][\/et_pb_column][et_pb_column type=&#8220;1_2&#8243; _builder_version=&#8220;3.25&#8243; custom_padding=&#8220;|||&#8220; global_colors_info=&#8220;{}&#8220; custom_padding__hover=&#8220;|||&#8220;][et_pb_blurb icon_placement=&#8220;left&#8220; _builder_version=&#8220;4.13.0&#8243; header_font=&#8220;|700||on|||||&#8220; body_font=&#8220;Source Sans Pro Light||||&#8220; body_text_color=&#8220;#ffffff&#8220; body_font_size=&#8220;24px&#8220; body_line_height=&#8220;120%&#8220; background_layout=&#8220;dark&#8220; custom_padding=&#8220;||30px&#8220; custom_css_blurb_image=&#8220;||||&#8220; global_colors_info=&#8220;{}&#8220;]<\/p>\n<p><strong>Prof. Dr. Hans-J\u00fcrgen Krumm<\/strong><br \/>Universit\u00e4t Wien, Rakousko<\/p>\n<p><strong>Prof. Dr. Emilio J. Luque Azcona<\/strong><br \/>Universidad de Sevilla, \u0160pan\u011blsko<\/p>\n<p><strong>Prof. PhDr. Bohuslav M\u00e1nek, CSc.<\/strong><br \/>Univerzita Hradec Kr\u00e1lov\u00e9<\/p>\n<p><strong>Doc. RNDr. Michal Mergl, CSc.<\/strong><br \/>Z\u00e1pado\u010desk\u00e1 univerzita v Plzni<\/p>\n<p><strong>PhDr. Mar\u00eda Jes\u00fas Sanz Cantera, Ph.D.<\/strong><br \/>Universidad de Navarra, \u0160pan\u011blsko<\/p>\n<p><strong>Doc. PhDr. Martina \u0160mejkalov\u00e1, Ph.D.<\/strong><br \/>Univerzita Karlova v Praze<\/p>\n<p><strong>Prof. PhDr. Eva Tandlichov\u00e1, CSc.<\/strong><br \/>UK Bratislava, Slovensko<\/p>\n<p><strong>Sigfrido V\u00e1zquez Cienfuegos<\/strong><br \/>Universidad de Sevilla, \u0160pan\u011blsko<\/p>\n<p>&nbsp;<\/p>\n<p>[\/et_pb_blurb][\/et_pb_column][\/et_pb_row][et_pb_row column_structure=&#8220;1_2,1_2&#8243; use_custom_gutter=&#8220;on&#8220; gutter_width=&#8220;2&#8243; column_padding_mobile=&#8220;on&#8220; admin_label=&#8220;Row&#8220; _builder_version=&#8220;3.25&#8243; background_size=&#8220;initial&#8220; background_position=&#8220;top_left&#8220; background_repeat=&#8220;repeat&#8220; max_width=&#8220;980px&#8220; custom_padding=&#8220;57px|64px|0|0|false|false&#8220; use_custom_width=&#8220;on&#8220; custom_width_px=&#8220;980px&#8220; global_colors_info=&#8220;{}&#8220;][et_pb_column type=&#8220;1_2&#8243; _builder_version=&#8220;3.25&#8243; custom_padding=&#8220;|||&#8220; global_colors_info=&#8220;{}&#8220; custom_padding__hover=&#8220;|||&#8220;][et_pb_text _builder_version=&#8220;3.27.4&#8243; text_font=&#8220;Playfair Display||||&#8220; text_text_color=&#8220;#ffffff&#8220; text_font_size=&#8220;42&#8243; text_line_height=&#8220;1.3em&#8220; background_size=&#8220;initial&#8220; background_position=&#8220;top_left&#8220; background_repeat=&#8220;repeat&#8220; custom_margin=&#8220;||80px|&#8220; text_font_size_tablet=&#8220;&#8220; text_font_size_phone=&#8220;&#8220; text_font_size_last_edited=&#8220;on|tablet&#8220; use_border_color=&#8220;off&#8220; border_color=&#8220;#ffffff&#8220; border_style=&#8220;solid&#8220; global_colors_info=&#8220;{}&#8220;]<\/p>\n<p>Edi\u010dn\u00ed rada<\/p>\n<p>[\/et_pb_text][\/et_pb_column][et_pb_column type=&#8220;1_2&#8243; _builder_version=&#8220;3.25&#8243; custom_padding=&#8220;|||&#8220; global_colors_info=&#8220;{}&#8220; custom_padding__hover=&#8220;|||&#8220;][\/et_pb_column][\/et_pb_row][\/et_pb_section][et_pb_section fb_built=&#8220;1&#8243; admin_label=&#8220;Section&#8220; _builder_version=&#8220;3.22.3&#8243; background_color=&#8220;#0065cb&#8220; custom_padding=&#8220;0px||113px||false|false&#8220; custom_padding_tablet=&#8220;0px||0px|&#8220; transparent_background=&#8220;off&#8220; global_colors_info=&#8220;{}&#8220;][et_pb_row column_structure=&#8220;1_2,1_2&#8243; use_custom_gutter=&#8220;on&#8220; gutter_width=&#8220;2&#8243; column_padding_mobile=&#8220;on&#8220; admin_label=&#8220;Row&#8220; _builder_version=&#8220;3.25&#8243; background_size=&#8220;initial&#8220; background_position=&#8220;top_left&#8220; background_repeat=&#8220;repeat&#8220; max_width=&#8220;980px&#8220; custom_padding=&#8220;0|0|0|0|false|false&#8220; use_custom_width=&#8220;on&#8220; custom_width_px=&#8220;980px&#8220; global_colors_info=&#8220;{}&#8220;][et_pb_column type=&#8220;1_2&#8243; _builder_version=&#8220;3.25&#8243; custom_padding=&#8220;|||&#8220; global_colors_info=&#8220;{}&#8220; custom_padding__hover=&#8220;|||&#8220;][et_pb_blurb icon_placement=&#8220;left&#8220; _builder_version=&#8220;4.13.0&#8243; header_font=&#8220;|700||on|||||&#8220; body_font=&#8220;Source Sans Pro Light||||&#8220; body_text_color=&#8220;#ffffff&#8220; body_font_size=&#8220;24px&#8220; body_line_height=&#8220;120%&#8220; background_layout=&#8220;dark&#8220; custom_padding=&#8220;||30px&#8220; custom_css_blurb_image=&#8220;||||&#8220; global_colors_info=&#8220;{}&#8220;]<\/p>\n<p><strong>Prof. PhDr. Marie Bo\u0159ek-Dohalsk\u00e1, DrSc.<\/strong><br \/>Univerzita Karlova v Praze<\/p>\n<p><strong>PhDr. Marie \u010cern\u00edkov\u00e1<\/strong><br \/>M\u0160MT, Praha\u00a0<\/p>\n<p><strong>PhDr. Radka H\u0159\u00edbkov\u00e1, CSc.<\/strong><br \/>Univerzita Karlova v Praze<\/p>\n<p><strong>Mgr. Jana Kolmanov\u00e1<\/strong><br \/>Akademick\u00e9 gymn\u00e1zium, \u0160t\u011bp\u00e1nsk\u00e1, Praha<\/p>\n<p><strong>Prof. PhDr. Bohuslav M\u00e1nek, CSc.<\/strong><br \/>Univerzita Hradec Kr\u00e1lov\u00e9<\/p>\n<p><strong>Doc. PhDr. Dalibor Zeman, Ph.D.,<\/strong><br \/>Univerzita Karlova<\/p>\n<p>[\/et_pb_blurb][\/et_pb_column][et_pb_column type=&#8220;1_2&#8243; _builder_version=&#8220;3.25&#8243; custom_padding=&#8220;|||&#8220; global_colors_info=&#8220;{}&#8220; custom_padding__hover=&#8220;|||&#8220;][et_pb_blurb icon_placement=&#8220;left&#8220; _builder_version=&#8220;4.13.0&#8243; header_font=&#8220;|700||on|||||&#8220; body_font=&#8220;Source Sans Pro Light||||&#8220; body_text_color=&#8220;#ffffff&#8220; body_font_size=&#8220;24px&#8220; body_line_height=&#8220;120%&#8220; background_layout=&#8220;dark&#8220; custom_padding=&#8220;||30px&#8220; custom_css_blurb_image=&#8220;||||&#8220; global_colors_info=&#8220;{}&#8220;]<\/p>\n<p><strong>Mgr. Iva Mich\u0148ov\u00e1, Ph.D.<\/strong><br \/>Vysok\u00e1 \u0161kola ekonomick\u00e1 v Praze<strong><\/strong><\/p>\n<p><strong>PhDr. Pavla Ne\u010dasov\u00e1, Ph.D.<\/strong><br \/>Unverzita Karlova v Praze<\/p>\n<p><strong>Mgr. V\u011bra Perl\u00ednov\u00e1 (emerit.)<\/strong><br \/>Z\u0160 Br\u00e1na jazyk\u016f, Mikulandsk\u00e1, Praha<\/p>\n<p><strong>Mgr. Marie Skalick\u00e1<\/strong><br \/>redaktorka<\/p>\n<p><strong>PhDr. Kate\u0159ina Sukov\u00e1 Vychop\u0148ov\u00e1, Ph.D.<\/strong><br \/>Univerzita Karlova v Praze<\/p>\n<p><strong>PaedDr. Dagmar \u0160vermov\u00e1<\/strong><br \/>Univerzita Karlova v Praze<\/p>\n<p>[\/et_pb_blurb][\/et_pb_column][\/et_pb_row][\/et_pb_section]<\/p>\n","protected":false},"excerpt":{"rendered":"<p>RedakceDoc. PhDr. Vlasta Hlavi\u010dkov\u00e1, CSc.\u0161\u00e9fredaktorka PhDr. Pavla Ne\u010dasov\u00e1, Ph.D.z\u00e1stupkyn\u011b \u0161\u00e9fredaktorky &nbsp;V\u011bdeck\u00e1 radaDoc. PhDr. Elena Baranov\u00e1, CSc.Univerzita M. Bela, Bansk\u00e1 Bystrica, Slovensko John Peter Barrer, Ph.D. (Nov\u00fd Z\u00e9land)UK Bratislava, Slovensko prof. PhDr. Marie Bo\u0159ek-Dohalsk\u00e1, DrSc.Univerzita Karlova v Praze Doc. PhDr. Marie Csirikov\u00e1, CSc.Univerzita Karlova v Praze Prof. Jean-Pierre GoudaillierUniversit\u00e9 Paris Descartes, Francie Prof. Dr. Esteban de [&hellip;]<\/p>\n","protected":false},"author":454,"featured_media":0,"parent":0,"menu_order":0,"comment_status":"closed","ping_status":"closed","template":"","meta":{"_et_pb_use_builder":"on","_et_pb_old_content":"<!-- wp:divi\/placeholder \/-->","_et_gb_content_width":"","footnotes":""},"class_list":["post-3344","page","type-page","status-publish","hentry"],"_links":{"self":[{"href":"https:\/\/pages.pedf.cuni.cz\/cizijazyky\/wp-json\/wp\/v2\/pages\/3344","targetHints":{"allow":["GET"]}}],"collection":[{"href":"https:\/\/pages.pedf.cuni.cz\/cizijazyky\/wp-json\/wp\/v2\/pages"}],"about":[{"href":"https:\/\/pages.pedf.cuni.cz\/cizijazyky\/wp-json\/wp\/v2\/types\/page"}],"author":[{"embeddable":true,"href":"https:\/\/pages.pedf.cuni.cz\/cizijazyky\/wp-json\/wp\/v2\/users\/454"}],"replies":[{"embeddable":true,"href":"https:\/\/pages.pedf.cuni.cz\/cizijazyky\/wp-json\/wp\/v2\/comments?post=3344"}],"version-history":[{"count":7,"href":"https:\/\/pages.pedf.cuni.cz\/cizijazyky\/wp-json\/wp\/v2\/pages\/3344\/revisions"}],"predecessor-version":[{"id":3665,"href":"https:\/\/pages.pedf.cuni.cz\/cizijazyky\/wp-json\/wp\/v2\/pages\/3344\/revisions\/3665"}],"wp:attachment":[{"href":"https:\/\/pages.pedf.cuni.cz\/cizijazyky\/wp-json\/wp\/v2\/media?parent=3344"}],"curies":[{"name":"wp","href":"https:\/\/api.w.org\/{rel}","templated":true}]}}