{"id":3357,"date":"2021-11-13T13:20:18","date_gmt":"2021-11-13T12:20:18","guid":{"rendered":"https:\/\/pages.pedf.cuni.cz\/cizijazyky\/?page_id=3357"},"modified":"2023-10-07T23:14:10","modified_gmt":"2023-10-07T21:14:10","slug":"pro-autory","status":"publish","type":"page","link":"https:\/\/pages.pedf.cuni.cz\/cizijazyky\/pro-autory\/","title":{"rendered":"Pro autory"},"content":{"rendered":"<p>[et_pb_section fb_built=&#8220;1&#8243; fullwidth=&#8220;on&#8220; custom_padding_last_edited=&#8220;on|desktop&#8220; admin_label=&#8220;Section&#8220; _builder_version=&#8220;3.22.3&#8243; custom_padding=&#8220;0px|0px|0|0px|false|false&#8220; custom_padding_tablet=&#8220;50px|0|50px|0&#8243; custom_padding_phone=&#8220;&#8220; transparent_background=&#8220;off&#8220; global_colors_info=&#8220;{}&#8220; theme_builder_area=&#8220;post_content&#8220;][et_pb_fullwidth_slider use_bg_overlay=&#8220;off&#8220; use_text_overlay=&#8220;off&#8220; admin_label=&#8220;Fullwidth Slider&#8220; _builder_version=&#8220;4.13.1&#8243; header_font=&#8220;Raleway|on|||&#8220; header_text_color=&#8220;#0065cb&#8220; header_font_size=&#8220;9em&#8220; body_font=&#8220;Source Sans Pro||||&#8220; body_text_color=&#8220;#FFFFFF&#8220; body_font_size=&#8220;36&#8243; body_line_height=&#8220;1.2em&#8220; custom_button=&#8220;on&#8220; button_text_size=&#8220;16&#8243; button_text_color=&#8220;#ffffff&#8220; button_bg_color=&#8220;#0065cb&#8220; button_border_width=&#8220;9&#8243; button_border_color=&#8220;#0065cb&#8220; button_border_radius=&#8220;100&#8243; button_letter_spacing=&#8220;3&#8243; button_font=&#8220;Source Sans Pro|on|||&#8220; custom_padding=&#8220;10em||10em|0px|false|false&#8220; custom_padding_tablet=&#8220;|||&#8220; custom_padding_phone=&#8220;|||&#8220; header_font_size_tablet=&#8220;20px&#8220; header_font_size_phone=&#8220;&#8220; header_font_size_last_edited=&#8220;on|tablet&#8220; body_line_height_tablet=&#8220;&#8220; body_line_height_phone=&#8220;&#8220; body_line_height_last_edited=&#8220;on|phone&#8220; button_letter_spacing_tablet=&#8220;0&#8243; button_letter_spacing_phone=&#8220;&#8220; button_letter_spacing_last_edited=&#8220;on|desktop&#8220; custom_css_slide_button=&#8220;margin-top:40px;||width:190px;||||&#8220; box_shadow_style=&#8220;preset6&#8243; box_shadow_blur=&#8220;10px&#8220; box_shadow_color=&#8220;rgba(0,0,0,0.1)&#8220; top_padding=&#8220;10em&#8220; bottom_padding=&#8220;10em&#8220; top_padding_tablet=&#8220;&#8220; top_padding_phone=&#8220;&#8220; top_padding_last_edited=&#8220;on|phone&#8220; remove_inner_shadow=&#8220;off&#8220; hide_content_on_mobile=&#8220;off&#8220; hide_cta_on_mobile=&#8220;off&#8220; show_inner_shadow=&#8220;on&#8220; button_border_color_hover=&#8220;#2478cc&#8220; button_border_radius_hover=&#8220;100&#8243; button_letter_spacing_hover=&#8220;3&#8243; button_bg_color_hover=&#8220;#2478cc&#8220; global_colors_info=&#8220;{}&#8220; button_text_size__hover_enabled=&#8220;off&#8220; button_text_size__hover=&#8220;null&#8220; button_one_text_size__hover_enabled=&#8220;off&#8220; button_one_text_size__hover=&#8220;null&#8220; button_two_text_size__hover_enabled=&#8220;off&#8220; button_two_text_size__hover=&#8220;null&#8220; button_text_color__hover_enabled=&#8220;off&#8220; button_text_color__hover=&#8220;null&#8220; button_one_text_color__hover_enabled=&#8220;off&#8220; button_one_text_color__hover=&#8220;null&#8220; button_two_text_color__hover_enabled=&#8220;off&#8220; button_two_text_color__hover=&#8220;null&#8220; button_border_width__hover_enabled=&#8220;off&#8220; button_border_width__hover=&#8220;null&#8220; button_one_border_width__hover_enabled=&#8220;off&#8220; button_one_border_width__hover=&#8220;null&#8220; button_two_border_width__hover_enabled=&#8220;off&#8220; button_two_border_width__hover=&#8220;null&#8220; button_border_color__hover_enabled=&#8220;on&#8220; button_border_color__hover=&#8220;#2478cc&#8220; button_one_border_color__hover_enabled=&#8220;off&#8220; button_one_border_color__hover=&#8220;null&#8220; button_two_border_color__hover_enabled=&#8220;off&#8220; button_two_border_color__hover=&#8220;null&#8220; button_border_radius__hover_enabled=&#8220;on&#8220; button_border_radius__hover=&#8220;100&#8243; button_one_border_radius__hover_enabled=&#8220;off&#8220; button_one_border_radius__hover=&#8220;null&#8220; button_two_border_radius__hover_enabled=&#8220;off&#8220; button_two_border_radius__hover=&#8220;null&#8220; button_letter_spacing__hover_enabled=&#8220;on&#8220; button_letter_spacing__hover=&#8220;3&#8243; button_one_letter_spacing__hover_enabled=&#8220;off&#8220; button_one_letter_spacing__hover=&#8220;null&#8220; button_two_letter_spacing__hover_enabled=&#8220;off&#8220; button_two_letter_spacing__hover=&#8220;null&#8220; button_bg_color__hover_enabled=&#8220;on&#8220; button_bg_color__hover=&#8220;#2478cc&#8220; button_one_bg_color__hover_enabled=&#8220;off&#8220; button_one_bg_color__hover=&#8220;null&#8220; button_two_bg_color__hover_enabled=&#8220;off&#8220; button_two_bg_color__hover=&#8220;null&#8220; theme_builder_area=&#8220;post_content&#8220;][et_pb_slide heading=&#8220;Ciz\u00ed jazyky&#8220; button_link=&#8220;#info&#8220; use_bg_overlay=&#8220;off&#8220; use_text_overlay=&#8220;off&#8220; _builder_version=&#8220;4.13.1&#8243; header_font=&#8220;||||&#8220; header_text_color=&#8220;#FFFFFF&#8220; body_font=&#8220;||||||||&#8220; body_text_color=&#8220;#FFFFFF&#8220; background_color=&#8220;#ffffff&#8220; background_image=&#8220;https:\/\/pages.pedf.cuni.cz\/cizijazyky\/files\/2023\/10\/cj.png&#8220; background_enable_image=&#8220;on&#8220; parallax=&#8220;on&#8220; button_icon_placement=&#8220;right&#8220; button_on_hover=&#8220;on&#8220; text_orientation=&#8220;left&#8220; width=&#8220;100%&#8220; max_width=&#8220;100%&#8220; header_font_size_tablet=&#8220;&#8220; header_font_size_phone=&#8220;&#8220; header_font_size_last_edited=&#8220;on|desktop&#8220; header_letter_spacing_tablet=&#8220;&#8220; header_letter_spacing_phone=&#8220;&#8220; header_letter_spacing_last_edited=&#8220;on|tablet&#8220; header_line_height_tablet=&#8220;&#8220; header_line_height_phone=&#8220;&#8220; header_line_height_last_edited=&#8220;on|tablet&#8220; body_font_size_tablet=&#8220;26&#8243; body_font_size_phone=&#8220;26&#8243; body_font_size_last_edited=&#8220;on|phone&#8220; body_letter_spacing_tablet=&#8220;0&#8243; body_letter_spacing_phone=&#8220;0&#8243; body_letter_spacing_last_edited=&#8220;on|tablet&#8220; body_line_height_tablet=&#8220;&#8220; body_line_height_phone=&#8220;&#8220; body_line_height_last_edited=&#8220;on|tablet&#8220; button_text_size_tablet=&#8220;50&#8243; button_text_size_phone=&#8220;50&#8243; button_letter_spacing_tablet=&#8220;50&#8243; button_letter_spacing_phone=&#8220;50&#8243; global_colors_info=&#8220;{}&#8220; button_letter_spacing_hover_tablet=&#8220;50&#8243; button_letter_spacing_hover_phone=&#8220;50&#8243; button_text_size__hover_enabled=&#8220;off&#8220; button_one_text_size__hover_enabled=&#8220;off&#8220; button_two_text_size__hover_enabled=&#8220;off&#8220; button_text_color__hover_enabled=&#8220;off&#8220; button_one_text_color__hover_enabled=&#8220;off&#8220; button_two_text_color__hover_enabled=&#8220;off&#8220; button_border_width__hover_enabled=&#8220;off&#8220; button_one_border_width__hover_enabled=&#8220;off&#8220; button_two_border_width__hover_enabled=&#8220;off&#8220; button_border_color__hover_enabled=&#8220;off&#8220; button_one_border_color__hover_enabled=&#8220;off&#8220; button_two_border_color__hover_enabled=&#8220;off&#8220; button_border_radius__hover_enabled=&#8220;off&#8220; button_one_border_radius__hover_enabled=&#8220;off&#8220; button_two_border_radius__hover_enabled=&#8220;off&#8220; button_letter_spacing__hover_enabled=&#8220;off&#8220; button_one_letter_spacing__hover_enabled=&#8220;off&#8220; button_two_letter_spacing__hover_enabled=&#8220;off&#8220; button_bg_color__hover_enabled=&#8220;off&#8220; button_one_bg_color__hover_enabled=&#8220;off&#8220; button_two_bg_color__hover_enabled=&#8220;off&#8220; sticky_transition=&#8220;on&#8220; theme_builder_area=&#8220;post_content&#8220;]<\/p>\n<p>\u00a0 \u010casopis pro teorii a praxi v\u00fduky ciz\u00edch jazyk\u016f<\/p>\n<p>[\/et_pb_slide][\/et_pb_fullwidth_slider][\/et_pb_section][et_pb_section fb_built=&#8220;1&#8243; admin_label=&#8220;Section&#8220; module_id=&#8220;info&#8220; _builder_version=&#8220;3.22.3&#8243; background_color=&#8220;#0065cb&#8220; custom_padding=&#8220;0px||0px|&#8220; custom_padding_tablet=&#8220;0px||0px|&#8220; transparent_background=&#8220;off&#8220; padding_mobile=&#8220;on&#8220; global_colors_info=&#8220;{}&#8220;][et_pb_row use_custom_gutter=&#8220;on&#8220; gutter_width=&#8220;2&#8243; column_padding_mobile=&#8220;on&#8220; admin_label=&#8220;Row&#8220; _builder_version=&#8220;3.25&#8243; background_size=&#8220;initial&#8220; background_position=&#8220;top_left&#8220; background_repeat=&#8220;repeat&#8220; max_width=&#8220;980px&#8220; custom_padding=&#8220;127px|64px|147px|0|false|false&#8220; use_custom_width=&#8220;on&#8220; custom_width_px=&#8220;980px&#8220; global_colors_info=&#8220;{}&#8220;][et_pb_column type=&#8220;4_4&#8243; _builder_version=&#8220;3.25&#8243; custom_padding=&#8220;|||&#8220; global_colors_info=&#8220;{}&#8220; custom_padding__hover=&#8220;|||&#8220;][et_pb_text _builder_version=&#8220;3.27.4&#8243; text_font=&#8220;Playfair Display||||&#8220; text_text_color=&#8220;#ffffff&#8220; text_font_size=&#8220;42&#8243; text_line_height=&#8220;1.3em&#8220; background_size=&#8220;initial&#8220; background_position=&#8220;top_left&#8220; background_repeat=&#8220;repeat&#8220; custom_margin=&#8220;||80px|&#8220; text_font_size_tablet=&#8220;&#8220; text_font_size_phone=&#8220;&#8220; text_font_size_last_edited=&#8220;on|tablet&#8220; use_border_color=&#8220;off&#8220; border_color=&#8220;#ffffff&#8220; border_style=&#8220;solid&#8220; global_colors_info=&#8220;{}&#8220;]<\/p>\n<p>Pokyny pro autory<\/p>\n<p>[\/et_pb_text][et_pb_text _builder_version=&#8220;3.27.4&#8243; text_font=&#8220;||||||||&#8220; text_text_color=&#8220;#ffffff&#8220; text_font_size=&#8220;18px&#8220; global_colors_info=&#8220;{}&#8220;]<\/p>\n<p>P\u0159\u00edsp\u011bvky publikovan\u00e9 v \u010dasopisu Ciz\u00ed jazyky maj\u00ed charakter teoretick\u00e9ho pojedn\u00e1n\u00ed,<br \/> odborn\u00e9 stati \u010di studie, d\u00e1le populariza\u010dn\u00edch \u010dl\u00e1nk\u016f, diskusn\u00edch \u010di polemick\u00fdch p\u0159\u00edsp\u011bvk\u016f,<br \/> recenz\u00ed a anotac\u00ed. P\u0159edpokl\u00e1d\u00e1 se, \u017ee zaslan\u00fd text nebyl dosud uve\u0159ejn\u011bn a bez souhlasu<br \/> redakce nebude nab\u00eddnut jin\u00e9mu vydavateli.<\/p>\n<p>V\u0161echny p\u0159\u00edsp\u011bvky jsou recenzov\u00e1ny dv\u011bma nez\u00e1visl\u00fdmi odborn\u00edky a projedn\u00e1ny v\u011bdeckou redak\u010dn\u00ed radou \u010dasopisu; o v\u00fdsledku redakce uv\u011bdom\u00ed autora p\u00edsemn\u011b \u010di telefonicky.<\/p>\n<p>Na uve\u0159ejn\u011bn\u00ed p\u0159\u00edsp\u011bvku neexistuje pr\u00e1vn\u00ed n\u00e1rok.<\/p>\n<p>Rukopisy v \u010desk\u00e9m nebo slovensk\u00e9m jazyce zas\u00edlejte v elektronick\u00e9 verzi na adresu:<br \/> redakce@cizijazyky.eu. Na zvl\u00e1\u0161tn\u00ed str\u00e1nce uve\u010fte sv\u00e9 pln\u00e9 jm\u00e9no s tituly a v\u011bdeck\u00fdmi<br \/> hodnostmi, n\u00e1zev a adresu pracovi\u0161t\u011b a bydli\u0161t\u011b, telefon a e-mail. P\u0159\u00edsp\u011bvky v ciz\u00edm jazyce p\u0159ij\u00edm\u00e1me pouze od rodil\u00fdch mluv\u010d\u00edch.<\/p>\n<p>Doporu\u010den\u00fd rozsah rukopis\u016f u stat\u00ed a diskusn\u00edch p\u0159\u00edsp\u011bvk\u016f \u010din\u00ed cca 10 stran normovan\u00e9ho<br \/> form\u00e1tu (cca 20 000 znak\u016f v\u010detn\u011b mezer), u recenz\u00ed 4 strany (cca 7000 znak\u016f).<\/p>\n<p>P\u00edsmo Times New Roman 12, form\u00e1t doc.<\/p>\n<p>P\u0159\u00edsp\u011bvek uve\u010fte titulkem (nejl\u00e9pe do 90 \u00fader\u016f v\u010detn\u011b mezer), pod n\u00edm jm\u00e9no autora\u00a0<span style=\"font-size: 18px\">a jeho pracovi\u0161t\u011b, d\u00e1le v angli\u010dtin\u011b abstrakt, cca 600 \u00fader\u016f v\u010detn\u011b n\u00e1zvu \u010dl\u00e1nku a cca 8 kl\u00ed\u010dov\u00fdch slov<\/span><span style=\"font-size: 18px\">.<\/span><\/p>\n<p>Pozn\u00e1mky pi\u0161te na doln\u00ed okraj strany a \u010d\u00edslujte je pr\u016fb\u011b\u017en\u011b.<\/p>\n<p>Obr\u00e1zky a grafy \u010d\u00edslujte, popisujte a za\u0159azujte do textu.<\/p>\n<p>Odkazy uv\u00e1d\u011bjte v podob\u011b: p\u0159\u00edjmen\u00ed autora a rok vyd\u00e1n\u00ed, nap\u0159. (Samuelson, 1989); jestli\u017ee citujete, uve\u010fte i str\u00e1nku (Samuelson, 1989, 55).<\/p>\n<p>Na konci rukopisu p\u0159ipojte:<br \/> Seznam literatury v abecedn\u00edm po\u0159ad\u00ed, zpracovan\u00fd dle \u010cSN.<br \/> Resum\u00e9 (cca 600 znak\u016f v\u010d. mezer), v\u010detn\u011b n\u00e1zvu rukopisu, v ciz\u00edm jazyce.<\/p>\n<p>Autorsk\u00e9 korektury je nutno vr\u00e1tit do 3 dn\u016f a nen\u00ed p\u0159\u00edpustn\u00e9 prov\u00e1d\u011bt v nich \u00fapravy, kter\u00e9<br \/> by ovlivnily rozsah textu.<\/p>\n<p><span style=\"color: #ffffff\">Ve\u0161ker\u00e9 p\u0159\u00edsp\u011bvky a korektury zas\u00edlejte na adresu: <a href=\"mailto:redakce@cizijazyky.eu\" style=\"color: #ffffff\">redakce@cizijazyky.eu<\/a><\/span><br \/><span style=\"font-size: 18px\">Pros\u00edme autory, aby sv\u00e9 p\u0159\u00edsp\u011bvky zas\u00edlali v definitivn\u00ed podob\u011b, redakce nem\u00e1 mo\u017enost<br \/><\/span><span style=\"font-size: 18px\">prov\u00e1d\u011bt jazykov\u00e9 a stylistick\u00e9 \u00fapravy text\u016f. Za jazykovou a obsahovou spr\u00e1vnost odpo<\/span><span style=\"font-size: 18px\">v\u00edd\u00e1 autor.<\/span><\/p>\n<p>[\/et_pb_text][\/et_pb_column][\/et_pb_row][\/et_pb_section]<\/p>\n","protected":false},"excerpt":{"rendered":"<p>\u00a0 \u010casopis pro teorii a praxi v\u00fduky ciz\u00edch jazyk\u016fPokyny pro autoryP\u0159\u00edsp\u011bvky publikovan\u00e9 v \u010dasopisu Ciz\u00ed jazyky maj\u00ed charakter teoretick\u00e9ho pojedn\u00e1n\u00ed, odborn\u00e9 stati \u010di studie, d\u00e1le populariza\u010dn\u00edch \u010dl\u00e1nk\u016f, diskusn\u00edch \u010di polemick\u00fdch p\u0159\u00edsp\u011bvk\u016f, recenz\u00ed a anotac\u00ed. P\u0159edpokl\u00e1d\u00e1 se, \u017ee zaslan\u00fd text nebyl dosud uve\u0159ejn\u011bn a bez souhlasu redakce nebude nab\u00eddnut jin\u00e9mu vydavateli. V\u0161echny p\u0159\u00edsp\u011bvky jsou recenzov\u00e1ny dv\u011bma [&hellip;]<\/p>\n","protected":false},"author":454,"featured_media":0,"parent":0,"menu_order":0,"comment_status":"closed","ping_status":"closed","template":"","meta":{"_et_pb_use_builder":"on","_et_pb_old_content":"","_et_gb_content_width":"","footnotes":""},"class_list":["post-3357","page","type-page","status-publish","hentry"],"_links":{"self":[{"href":"https:\/\/pages.pedf.cuni.cz\/cizijazyky\/wp-json\/wp\/v2\/pages\/3357","targetHints":{"allow":["GET"]}}],"collection":[{"href":"https:\/\/pages.pedf.cuni.cz\/cizijazyky\/wp-json\/wp\/v2\/pages"}],"about":[{"href":"https:\/\/pages.pedf.cuni.cz\/cizijazyky\/wp-json\/wp\/v2\/types\/page"}],"author":[{"embeddable":true,"href":"https:\/\/pages.pedf.cuni.cz\/cizijazyky\/wp-json\/wp\/v2\/users\/454"}],"replies":[{"embeddable":true,"href":"https:\/\/pages.pedf.cuni.cz\/cizijazyky\/wp-json\/wp\/v2\/comments?post=3357"}],"version-history":[{"count":7,"href":"https:\/\/pages.pedf.cuni.cz\/cizijazyky\/wp-json\/wp\/v2\/pages\/3357\/revisions"}],"predecessor-version":[{"id":3591,"href":"https:\/\/pages.pedf.cuni.cz\/cizijazyky\/wp-json\/wp\/v2\/pages\/3357\/revisions\/3591"}],"wp:attachment":[{"href":"https:\/\/pages.pedf.cuni.cz\/cizijazyky\/wp-json\/wp\/v2\/media?parent=3357"}],"curies":[{"name":"wp","href":"https:\/\/api.w.org\/{rel}","templated":true}]}}