{"id":27,"date":"2018-05-11T12:56:47","date_gmt":"2018-05-11T10:56:47","guid":{"rendered":"http:\/\/pages.pedf.cuni.cz\/diagnostika_cteni\/?page_id=27"},"modified":"2021-01-26T13:28:18","modified_gmt":"2021-01-26T12:28:18","slug":"aktuality","status":"publish","type":"page","link":"https:\/\/pages.pedf.cuni.cz\/diagnostika_cteni\/aktuality\/","title":{"rendered":"Aktuality"},"content":{"rendered":"<ul>\n<li>Co n\u00e1s \u010dek\u00e1 v nejbli\u017e\u0161\u00edch m\u011bs\u00edc\u00edch? Dokon\u010den\u00ed norem pro v\u0161echny d\u00edl\u010d\u00ed testy, finalizace digit\u00e1ln\u00ed aplikace PORTEX a p\u0159\u00edprava ti\u0161t\u011bn\u00e9ho manu\u00e1lu testov\u00e9 baterie.<\/li>\n<li>Realizace projektu byla prodlou\u017eena do 31.12.2021 (z d\u016fvod\u016f vypl\u00fdvaj\u00edc\u00edch z pandemick\u00fdch omezen\u00ed)<\/li>\n<li>Z\u00e1\u0159\u00ed 2020 &#8211; \u00fanor\u00a0 2021 &#8211; p\u0159\u00edprava digit\u00e1ln\u00ed aplikace PorTex\u00a0 (online verze testov\u00e9 baterie),\u00a0 grafick\u00e9 \u00fapravy z\u00e1znamov\u00fdch arch\u016f a podn\u011btov\u00e9ho materi\u00e1lu k test\u016fm. P\u0159\u00edprava manu\u00e1lu testov\u00e9 baterie.<\/li>\n<li>\u010cervenec 2020 &#8211; prosinec 2020 &#8211; Pokra\u010dov\u00e1n\u00ed ve statistick\u00fdch anal\u00fdz\u00e1ch, p\u0159\u00edprava norem pro jednotliv\u00e9 testy<\/li>\n<li>B\u0159ezen -\u010derven 2020 &#8211; digitalizace a kontrola dat. Statistick\u00e9 anal\u00fdzy &#8211; online konzultace.<\/li>\n<li>Leden &#8211; \u00fanor 2020 &#8211; digitalizace dat,\u00a0 statistick\u00e9 anal\u00fdzy dat, konzultace se statistikem.\u00a0 P\u0159\u00edprava koncepce manu\u00e1lu testov\u00e9 baterie.<\/li>\n<li>Prosinec 2019 &#8211; leden 2020 &#8211; aktu\u00e1ln\u011b prob\u00edh\u00e1 z\u00e1lohov\u00e1n\u00ed sesb\u00edran\u00fdch dat, archivace, t\u0159\u00edd\u011bn\u00ed z\u00e1znamov\u00fdch arch\u016f, administrativn\u00ed kontrola.<\/li>\n<li>Prosinec 2019 &#8211; D\u011bkujeme v\u0161em zapojen\u00fdm \u0161kol\u00e1m v posledn\u00ed etap\u011b sb\u011bru dat (T3). Velmi si Va\u0161\u00ed \u00fa\u010dasti v projektu v\u00e1\u017e\u00edme.<\/li>\n<li>\u0158\u00edjen -prosinec 2019 &#8211; ukon\u010den\u00ed sb\u011bru dat (prvn\u00ed ro\u010dn\u00edk), elektronizace dat,\u00a0 zpracov\u00e1n\u00ed podklad\u016f pro statistickou anal\u00fdzu dat<\/li>\n<li>25.9.2019 &#8211; \u00fa\u010dast a prezentace projektu na odborn\u00e9m semin\u00e1\u0159i &#8211;<strong> <a href=\"https:\/\/pages.pedf.cuni.cz\/diagnostika_cteni\/files\/2019\/10\/Pozv\u00e1nka-25.9.2019..pdf\">viz pozv\u00e1nka<\/a><\/strong><\/li>\n<li>Z\u00e1\u0159\u00ed 2019 &#8211; listopad 2019 &#8211; posledn\u00ed etapa sb\u011bru dat (pouze 1.ro\u010dn\u00edk), p\u0159epis dat do elektronick\u00e9 podoby<\/li>\n<li>\u010cervenec -srpen 2019 &#8211; t\u0159\u00edd\u011bn\u00ed z\u00e1znamov\u00fdch arch\u016f, p\u0159\u00edprava digitalizace dat,\u00a0 p\u0159epis dat do elektronick\u00e9 podoby<\/li>\n<li>\u010cerven 2019 &#8211; p\u0159ed\u00e1n\u00ed z\u00e1znam\u016f dat, uchov\u00e1n\u00ed a archivace dat<\/li>\n<li>1.4.- 31.5. 2019\u00a0 &#8211; \u00a0prob\u00edh\u00e1 jarn\u00ed etapa sb\u011bru dat. D\u011bkujeme moc v\u0161em zapojen\u00fdm z\u00e1kladn\u00edm \u0161kol\u00e1m, testovan\u00e9 tis\u00edcovce d\u011bt\u00ed z cel\u00e9 \u010cR a tak\u00e9 v\u00fdzkumn\u00fdm asistent\u016fm za spolupr\u00e1ci, bez Va\u0161\u00ed pomoci by nemohla nov\u00e1 testov\u00e1 baterie vzniknout.<\/li>\n<li>25.3. -4.4.2019 -p\u0159ed\u00e1v\u00e1n\u00ed testov\u00e9ho materi\u00e1lu v\u00fdzkumn\u00fdm administr\u00e1tor\u016fm, pracovn\u00ed workshopy, za\u0161kolen\u00ed.<\/li>\n<li>B\u0159ezen 2019 -prob\u00edh\u00e1 pilot\u00e1\u017e nov\u00fdch testov\u00fdch materi\u00e1l\u016f. Testov\u00e1 baterie je fin\u00e1ln\u00ed.<\/li>\n<li>\u00danor 2019 &#8211; Co n\u00e1s \u010dek\u00e1 v projektu v nejbli\u017e\u0161\u00ed dob\u011b?\u00a0 Aktu\u00e1ln\u011b archivujeme a zpracov\u00e1v\u00e1me data za podzimn\u00ed etapu projektu a finalizujeme testovou baterii pro druhou, jarn\u00ed etapu.<\/li>\n<li>Leden 2019 &#8211; Aktu\u00e1ln\u011b je ukon\u010dena 1. etapa (podzimn\u00ed) testov\u00e1n\u00ed. D\u011bkujeme moc v\u0161em zapojen\u00fdm z\u00e1kladn\u00edm \u0161kol\u00e1m, testovan\u00e9 tis\u00edcovce d\u011bt\u00ed z cel\u00e9 \u010cR a tak\u00e9 v\u00fdzkumn\u00fdm asistent\u016fm, kte\u0159\u00ed s d\u011btmi absolvovali individu\u00e1ln\u00ed i skupinov\u00e9 sezen\u00ed. T\u011b\u0161\u00edme se na pokra\u010dov\u00e1n\u00ed ve spolupr\u00e1ci i v druh\u00e9 etap\u011b (duben &#8211; \u010derven 2019) na\u0161eho projektu.\u00a0 Moc si Va\u0161\u00ed \u00fa\u010dasti v\u00e1\u017e\u00edme.<\/li>\n<li>prosinec 2018\/leden 2019 &#8211; prob\u00edh\u00e1 p\u0159ed\u00e1v\u00e1n\u00ed dat v ti\u0161t\u011bn\u00e9 i elektronick\u00e9 podob\u011b<\/li>\n<li>14.12.2018 &#8211; ukon\u010dujeme podzimn\u00ed etapu sb\u011bru dat<\/li>\n<li>29.11.2018 &#8211; zahajujeme 3. sezen\u00ed, skupinov\u00e9<\/li>\n<li>22.10. 2018 &#8211; zahajujeme 2. individu\u00e1ln\u00ed sezen\u00ed<\/li>\n<li>15. 10.2018 &#8211; zahajujeme testov\u00e1n\u00ed na Z\u0160\u00a0 &#8211; 1. individu\u00e1ln\u00ed sezen\u00ed, 1. &#8211; 5.ro\u010dn\u00edk<\/li>\n<li>Dne 4.10.2018 bude realizov\u00e1n odborn\u00fd semin\u00e1\u0159 pro v\u00fdzkumn\u00e9 asistenty &#8211; z\u00e1cvik v testov\u00e9 baterii, administrativn\u00ed a technick\u00e9 \u0161kolen\u00ed\u00a0 &#8211; 9:00- 12:00 (p\u0159ihl\u00e1\u0161en\u00ed z\u00e1jemci obdr\u017e\u00ed pozv\u00e1nku emailem). N\u00e1hradn\u00ed term\u00edn je 9.10. &#8211; 16:00 -19:00<\/li>\n<li><a href=\"https:\/\/pages.pedf.cuni.cz\/diagnostika_cteni\/files\/2018\/10\/Pozv\u00e1nka_4.10.-1.pdf\">Pozv\u00e1nka_4.10.<\/a><\/li>\n<li><strong><a href=\"https:\/\/pages.pedf.cuni.cz\/diagnostika_cteni\/files\/2018\/10\/Pozv\u00e1nka_9.10.pdf\">Pozv\u00e1nka_9.10<\/a><\/strong><\/li>\n<li>Srde\u010dn\u011b zveme na odbornou konferenci <strong>\u010ctu a st\u00e1v\u00e1m se \u010dten\u00e1\u0159em 2018<\/strong>, kter\u00e1 se kon\u00e1 ve st\u0159edu 26.9.2018. Podrobn\u00e9 informace, program i p\u0159ihla\u0161ovac\u00ed formul\u00e1\u0159 najdete zde:<a href=\"https:\/\/pages.pedf.cuni.cz\/konference-ctu\/\">\u00a0https:\/\/pages.pedf.cuni.cz\/konference-ctu\/<\/a><\/li>\n<li>Srde\u010dn\u011b zveme na odborn\u00fd workshop k projektu pro v\u00fdzkumn\u00e9 asistenty, kde podrobn\u011b p\u0159edstav\u00edme c\u00edle i v\u00fdchodiska projektu.\u00a0 Podrobn\u00e9 informace naleznete na pozv\u00e1nce:<\/li>\n<li><a href=\"https:\/\/pages.pedf.cuni.cz\/diagnostika_cteni\/files\/2018\/05\/pozv\u00e1nkaTA\u010cR_22._6._2018.pdf\">pozv\u00e1nkaTA\u010cR,_22._6._2018,<\/a><\/li>\n<\/ul>\n","protected":false},"excerpt":{"rendered":"<p>Co n\u00e1s \u010dek\u00e1 v nejbli\u017e\u0161\u00edch m\u011bs\u00edc\u00edch? Dokon\u010den\u00ed norem pro v\u0161echny d\u00edl\u010d\u00ed testy, finalizace digit\u00e1ln\u00ed aplikace PORTEX a p\u0159\u00edprava ti\u0161t\u011bn\u00e9ho manu\u00e1lu testov\u00e9 baterie. Realizace projektu byla prodlou\u017eena do 31.12.2021 (z d\u016fvod\u016f vypl\u00fdvaj\u00edc\u00edch z pandemick\u00fdch omezen\u00ed) Z\u00e1\u0159\u00ed 2020 &#8211; \u00fanor\u00a0 2021 &#8211;<\/p>\n","protected":false},"author":447,"featured_media":0,"parent":0,"menu_order":0,"comment_status":"closed","ping_status":"closed","template":"","meta":{"footnotes":""},"class_list":["post-27","page","type-page","status-publish","hentry"],"_links":{"self":[{"href":"https:\/\/pages.pedf.cuni.cz\/diagnostika_cteni\/wp-json\/wp\/v2\/pages\/27","targetHints":{"allow":["GET"]}}],"collection":[{"href":"https:\/\/pages.pedf.cuni.cz\/diagnostika_cteni\/wp-json\/wp\/v2\/pages"}],"about":[{"href":"https:\/\/pages.pedf.cuni.cz\/diagnostika_cteni\/wp-json\/wp\/v2\/types\/page"}],"author":[{"embeddable":true,"href":"https:\/\/pages.pedf.cuni.cz\/diagnostika_cteni\/wp-json\/wp\/v2\/users\/447"}],"replies":[{"embeddable":true,"href":"https:\/\/pages.pedf.cuni.cz\/diagnostika_cteni\/wp-json\/wp\/v2\/comments?post=27"}],"version-history":[{"count":33,"href":"https:\/\/pages.pedf.cuni.cz\/diagnostika_cteni\/wp-json\/wp\/v2\/pages\/27\/revisions"}],"predecessor-version":[{"id":244,"href":"https:\/\/pages.pedf.cuni.cz\/diagnostika_cteni\/wp-json\/wp\/v2\/pages\/27\/revisions\/244"}],"wp:attachment":[{"href":"https:\/\/pages.pedf.cuni.cz\/diagnostika_cteni\/wp-json\/wp\/v2\/media?parent=27"}],"curies":[{"name":"wp","href":"https:\/\/api.w.org\/{rel}","templated":true}]}}