{"id":33,"date":"2018-05-11T13:06:38","date_gmt":"2018-05-11T11:06:38","guid":{"rendered":"http:\/\/pages.pedf.cuni.cz\/diagnostika_cteni\/?page_id=33"},"modified":"2020-02-02T13:49:35","modified_gmt":"2020-02-02T12:49:35","slug":"vyzkumni-asistenti","status":"publish","type":"page","link":"https:\/\/pages.pedf.cuni.cz\/diagnostika_cteni\/vyzkumni-asistenti\/","title":{"rendered":"V\u00fdzkumn\u00ed asistenti"},"content":{"rendered":"<ul>\n<li>D\u011bkujeme v\u0161em administr\u00e1tor\u016fm za spolupr\u00e1ci,\u00a0 hladk\u00fd pr\u016fb\u011bh administrace test\u016f. V\u011b\u0159\u00edme, \u017ee va\u0161e spolupr\u00e1ce v projektu byla pro v\u00e1s zaj\u00edmav\u00e1 a obohacuj\u00edc\u00ed zku\u0161enost. Za cel\u00fd t\u00fdm V\u00e1m moc d\u011bkujeme, bez spolupracovn\u00edk\u016f v ter\u00e9nu by projekt nemohl b\u00fdt realizov\u00e1n.<\/li>\n<li>Prosinec 2019 &#8211; leden 2020 &#8211; p\u0159eb\u00edr\u00e1n\u00ed dat, archivace a kontrola dat. Term\u00edn p\u0159ed\u00e1n\u00ed si domluv\u00ed administr\u00e1to\u0159i z nab\u00eddky jednotliv\u00fdch pracovn\u00edk\u016f &#8211; viz email.<\/li>\n<li>Z\u00e1\u0159\u00ed &#8211; prosinec 2019 &#8211; sb\u011br dat na z\u00e1kladn\u00edch \u0161kol\u00e1ch &#8211; 1.ro\u010dn\u00edky (T3 etapa)<\/li>\n<li>Z\u00e1\u0159\u00ed 2019 &#8211; za\u0161kolen\u00ed v\u00fdzkumn\u00fdch asistent\u016f v testov\u00e9 baterii pro 1.ro\u010dn\u00edky<\/li>\n<li>2.pol.\u010dervna 2019 &#8211; p\u0159eb\u00edr\u00e1n\u00ed dat, archivace dat &#8211; Term\u00edn je mo\u017en\u00e9 vybrat v aplikaci Doodle (link posl\u00e1n emailem).<\/li>\n<li>4.4.2019 &#8211; od 16:00 &#8211; odborn\u00fd semin\u00e1\u0159 pro nov\u00e9 v\u00fdzkumn\u00e9 asistenty (kte\u0159\u00ed v podzimn\u00ed etap\u011b netestovali) -pozv\u00e1n\u00ed zasl\u00e1no emailem<\/li>\n<li>B\u0159ezen 2019 &#8211; od 25. 3.- 4.4. prob\u00edhaj\u00ed individu\u00e1ln\u00ed konzultace k p\u0159ed\u00e1n\u00ed testov\u00e9ho materi\u00e1lu a za\u0161kolen\u00ed v\u00fdzkumn\u00fdch asistent\u016f pro jarn\u00ed etapu sb\u011bru dat . Term\u00edn je mo\u017en\u00e9 vybrat v aplikaci Doodle (link posl\u00e1n emailem)<\/li>\n<li>Leden 2019 &#8211; D\u011bkujeme v\u0161em v\u00fdzkumn\u00fdm asistent\u016fm za spolupr\u00e1ci, hladk\u00fd pr\u016fb\u011bh administrace testov\u00e9 baterie i p\u0159ed\u00e1n\u00ed dat z ter\u00e9nu.\u00a0 Odborn\u00fd semin\u00e1\u0159 pro jarn\u00ed etapu testov\u00e1n\u00ed prob\u011bhne v b\u0159eznu\u00a0 (pozv\u00e1nka bude zas\u00edl\u00e1na emailem).<\/li>\n<li>Prosinec 2018 &#8211; P\u0159ed\u00e1v\u00e1n\u00ed dat v ti\u0161t\u011bn\u00e9 i elektronick\u00e9 podob\u011b bude prob\u00edhat dle dohodnut\u00e9ho harmonogramu od 1. 12. &#8211; 21.12. 2018. Pros\u00edme v\u0161echny v\u00fdzkumn\u00e9 asistenty, aby se zapsali na term\u00edn dle sv\u00fdch \u010dasov\u00fdch mo\u017enost\u00ed, dle instrukc\u00ed v emailu. Technick\u00e9 vybaven\u00ed si pros\u00edm nechejte do jarn\u00ed etapy.<\/li>\n<li>Dne 4.10.2018 bude realizov\u00e1n odborn\u00fd semin\u00e1\u0159 pro v\u00fdzkumn\u00e9 asistenty &#8211; z\u00e1cvik v testov\u00e9 baterii, administrativn\u00ed a technick\u00e9 \u0161kolen\u00ed\u00a0 &#8211; 9:00- 12:00 (p\u0159ihl\u00e1\u0161en\u00ed z\u00e1jemci obdr\u017e\u00ed emailem program setk\u00e1n\u00ed)<\/li>\n<li>N\u00e1hradn\u00ed term\u00edn z\u00e1cvi\u010dn\u00e9ho semin\u00e1\u0159e: \u00dater\u00fd 9.10. 2018 16:00-19:00<\/li>\n<\/ul>\n<p><a href=\"https:\/\/pages.pedf.cuni.cz\/diagnostika_cteni\/files\/2018\/10\/Pozv%C3%A1nka_4.10.-1.pdf\">Pozv\u00e1nka_4.10.<\/a><\/p>\n<p><a href=\"https:\/\/pages.pedf.cuni.cz\/diagnostika_cteni\/files\/2018\/10\/Pozv%C3%A1nka_9.10.pdf\">Pozv\u00e1nka_9.10.<\/a><\/p>\n<ul>\n<li>\u00a0Z\u00e1\u0159\u00ed 2018 &#8211; Aktu\u00e1ln\u011b hled\u00e1me pracovn\u00edky na pozici v\u00fdzkumn\u00fd asistent &#8211; nab\u00eddka je aktu\u00e1ln\u00ed, i po prvn\u00edm odborn\u00e9m semin\u00e1\u0159i dne 22.6. 2018\u00a0 nov\u00e9 z\u00e1jemce v\u00edt\u00e1me!<\/li>\n<li>Bli\u017e\u0161\u00ed informace viz <a href=\"https:\/\/pages.pedf.cuni.cz\/diagnostika_cteni\/files\/2018\/05\/Let%C3%A1k_TA%C4%8CR_n%C3%A1bor_v%C3%BDzkumn%C3%BDch_asistent%C5%AF.pdf\">p\u0159ilo\u017een\u00fd let\u00e1k\u00a0\u00a0<\/a><\/li>\n<\/ul>\n<p>&nbsp;<\/p>\n<p>&nbsp;<\/p>\n<p>Kontaktn\u00ed osoba pro z\u00e1jemce: Mgr. Nat\u00e1lie Machov\u00e1\u00a0 (<strong>natalie.machova<\/strong><span class=\"st\"><strong>@pedf.cuni.cz<\/strong>) <\/span><\/p>\n<p>&nbsp;<\/p>\n","protected":false},"excerpt":{"rendered":"<p>D\u011bkujeme v\u0161em administr\u00e1tor\u016fm za spolupr\u00e1ci,\u00a0 hladk\u00fd pr\u016fb\u011bh administrace test\u016f. V\u011b\u0159\u00edme, \u017ee va\u0161e spolupr\u00e1ce v projektu byla pro v\u00e1s zaj\u00edmav\u00e1 a obohacuj\u00edc\u00ed zku\u0161enost. Za cel\u00fd t\u00fdm V\u00e1m moc d\u011bkujeme, bez spolupracovn\u00edk\u016f v ter\u00e9nu by projekt nemohl b\u00fdt realizov\u00e1n. Prosinec 2019 &#8211;<\/p>\n","protected":false},"author":447,"featured_media":0,"parent":0,"menu_order":0,"comment_status":"closed","ping_status":"closed","template":"","meta":{"footnotes":""},"class_list":["post-33","page","type-page","status-publish","hentry"],"_links":{"self":[{"href":"https:\/\/pages.pedf.cuni.cz\/diagnostika_cteni\/wp-json\/wp\/v2\/pages\/33","targetHints":{"allow":["GET"]}}],"collection":[{"href":"https:\/\/pages.pedf.cuni.cz\/diagnostika_cteni\/wp-json\/wp\/v2\/pages"}],"about":[{"href":"https:\/\/pages.pedf.cuni.cz\/diagnostika_cteni\/wp-json\/wp\/v2\/types\/page"}],"author":[{"embeddable":true,"href":"https:\/\/pages.pedf.cuni.cz\/diagnostika_cteni\/wp-json\/wp\/v2\/users\/447"}],"replies":[{"embeddable":true,"href":"https:\/\/pages.pedf.cuni.cz\/diagnostika_cteni\/wp-json\/wp\/v2\/comments?post=33"}],"version-history":[{"count":18,"href":"https:\/\/pages.pedf.cuni.cz\/diagnostika_cteni\/wp-json\/wp\/v2\/pages\/33\/revisions"}],"predecessor-version":[{"id":224,"href":"https:\/\/pages.pedf.cuni.cz\/diagnostika_cteni\/wp-json\/wp\/v2\/pages\/33\/revisions\/224"}],"wp:attachment":[{"href":"https:\/\/pages.pedf.cuni.cz\/diagnostika_cteni\/wp-json\/wp\/v2\/media?parent=33"}],"curies":[{"name":"wp","href":"https:\/\/api.w.org\/{rel}","templated":true}]}}