{"id":111,"date":"2015-01-13T07:30:23","date_gmt":"2015-01-13T06:30:23","guid":{"rendered":"http:\/\/pages.pedf.cuni.cz\/didakticke-studie\/?page_id=111"},"modified":"2026-02-03T09:57:42","modified_gmt":"2026-02-03T08:57:42","slug":"aktuality-2","status":"publish","type":"page","link":"https:\/\/pages.pedf.cuni.cz\/didakticke-studie\/","title":{"rendered":"Aktuality"},"content":{"rendered":"<p>\u010casopis <em>Didaktick\u00e9 studie<\/em>\u00a0byl za\u0159azen do evropsk\u00e9 datab\u00e1ze v\u011bdeck\u00fdch \u010dasopis\u016f ERIH PLUS.<\/p>\n<div><strong>P\u0159ipravujeme:<\/strong><\/div>\n<div style=\"text-align: center\"><\/div>\n<div><\/div>\n<div><strong>Vy\u0161lo:<\/strong><\/div>\n<div style=\"text-align: center\"><a href=\"https:\/\/pages.pedf.cuni.cz\/didakticke-studie\/files\/2026\/02\/Didakticke_studie_2_2025_FINAL.pdf\">Didaktick\u00e9 studie, 17. ro\u010dn\u00edk, 2025, \u010d. 2:<\/a><\/div>\n<div style=\"text-align: center\"><em>Didaktick\u00e9 apely<\/em><\/div>\n<div><\/div>\n<div><\/div>\n<div style=\"text-align: center\">\n<div style=\"text-align: center\"><a href=\"https:\/\/pages.pedf.cuni.cz\/didakticke-studie\/files\/2025\/07\/Didakticke_studie_1_2025_FINAL.pdf\">Didaktick\u00e9 studie, 17. ro\u010dn\u00edk, 2025, \u010d. 1:<\/a><\/div>\n<div style=\"text-align: center\"><em>Didaktick\u00e9 aspekty \u010desk\u00e9ho jazyka a literatury<\/em><\/div>\n<div><\/div>\n<\/div>\n<div style=\"text-align: center\"><\/div>\n<div style=\"text-align: center\"><a href=\"https:\/\/pages.pedf.cuni.cz\/didakticke-studie\/files\/2025\/01\/Didakticke_studie_2_2024_FINAL.pdf\"><span style=\"color: #333333\">Didaktick\u00e9 studie, 16. ro\u010dn\u00edk, 2024, \u010d. 2: <\/span><\/a><\/div>\n<div><\/div>\n<div style=\"text-align: center\"><em><span style=\"color: #333333\">Didaktick\u00e1 \u0159e\u0161en\u00ed eduka\u010dn\u00edho obsahu<\/span><\/em><\/div>\n<div style=\"text-align: center\"><\/div>\n<div style=\"text-align: center\"><\/div>\n<div><\/div>\n<div>\n<div style=\"text-align: center\"><a href=\"https:\/\/pages.pedf.cuni.cz\/didakticke-studie\/files\/2024\/07\/Didakticke_studie_1_2024_FINAL.pdf\"><span style=\"color: #333333\">Didaktick\u00e9 studie, 16. ro\u010dn\u00edk, 2024, \u010d. 1: <\/span><\/a><\/div>\n<div><\/div>\n<div style=\"text-align: center\"><em><span style=\"color: #333333\">Za\u010d\u00ednaj\u00edc\u00ed \u010de\u0161tin\u00e1\u0159<\/span><\/em><\/div>\n<div><\/div>\n<\/div>\n<div>\n<div style=\"text-align: center\"><\/div>\n<div style=\"text-align: center\"><a href=\"https:\/\/pages.pedf.cuni.cz\/didakticke-studie\/files\/2024\/04\/Didakticke_studie_2_2023_FINAL.pdf\"><span style=\"color: #333333\">Didaktick\u00e9 studie, 15. ro\u010dn\u00edk, 2023, \u010d. 2:<\/span><\/a><\/div>\n<div><\/div>\n<div style=\"text-align: center\"><span style=\"color: #333333\"><em>Slovotvorba v teorii a praxi jazykov\u00e9ho vyu\u010dov\u00e1n\u00ed<\/em><\/span><\/div>\n<div><\/div>\n<div><\/div>\n<\/div>\n<div class=\"entry-content\" style=\"text-align: center\">\n<div style=\"text-align: center\"><a href=\"https:\/\/pages.pedf.cuni.cz\/didakticke-studie\/files\/2023\/07\/Didakticke_studie_1_2023_FINAL.pdf\"><span style=\"color: #333333\">Didaktick\u00e9 studie, 15. ro\u010dn\u00edk, 2023, \u010d. 1:<\/span><\/a><\/div>\n<div><\/div>\n<div style=\"text-align: center\"><em><span style=\"color: #333333\">Teorie a v\u00fdzkum v didaktice<\/span><\/em><\/div>\n<\/div>\n<div class=\"entry-content\">\n<div class=\"entry-content\"><\/div>\n<\/div>\n<p style=\"text-align: left\" align=\"center\">P\u0159\u00edsp\u011bvky pos\u00edlejte k ruk\u00e1m v\u00fdkonn\u00e9 redaktorky<\/p>\n<p style=\"text-align: left\" align=\"center\"><strong>PhDr. Zuzany Wildov\u00e9, Ph.D.<\/strong><\/p>\n<p style=\"text-align: left\" align=\"center\">didakticke.studie@pedf.cuni.cz<\/p>\n","protected":false},"excerpt":{"rendered":"<p>\u010casopis Didaktick\u00e9 studie\u00a0byl za\u0159azen do evropsk\u00e9 datab\u00e1ze v\u011bdeck\u00fdch \u010dasopis\u016f ERIH PLUS. P\u0159ipravujeme: Vy\u0161lo: Didaktick\u00e9 studie, 17. ro\u010dn\u00edk, 2025, \u010d. 2: Didaktick\u00e9 apely Didaktick\u00e9 studie, 17. ro\u010dn\u00edk, 2025, \u010d. 1: Didaktick\u00e9 aspekty \u010desk\u00e9ho jazyka a literatury Didaktick\u00e9 studie, 16. ro\u010dn\u00edk, 2024, &hellip; <a href=\"https:\/\/pages.pedf.cuni.cz\/didakticke-studie\/\">Cel\u00fd p\u0159\u00edsp\u011bvek <span class=\"meta-nav\">&rarr;<\/span><\/a><\/p>\n","protected":false},"author":282,"featured_media":0,"parent":0,"menu_order":0,"comment_status":"closed","ping_status":"closed","template":"","meta":{"footnotes":""},"class_list":["post-111","page","type-page","status-publish","hentry"],"_links":{"self":[{"href":"https:\/\/pages.pedf.cuni.cz\/didakticke-studie\/wp-json\/wp\/v2\/pages\/111","targetHints":{"allow":["GET"]}}],"collection":[{"href":"https:\/\/pages.pedf.cuni.cz\/didakticke-studie\/wp-json\/wp\/v2\/pages"}],"about":[{"href":"https:\/\/pages.pedf.cuni.cz\/didakticke-studie\/wp-json\/wp\/v2\/types\/page"}],"author":[{"embeddable":true,"href":"https:\/\/pages.pedf.cuni.cz\/didakticke-studie\/wp-json\/wp\/v2\/users\/282"}],"replies":[{"embeddable":true,"href":"https:\/\/pages.pedf.cuni.cz\/didakticke-studie\/wp-json\/wp\/v2\/comments?post=111"}],"version-history":[{"count":116,"href":"https:\/\/pages.pedf.cuni.cz\/didakticke-studie\/wp-json\/wp\/v2\/pages\/111\/revisions"}],"predecessor-version":[{"id":614,"href":"https:\/\/pages.pedf.cuni.cz\/didakticke-studie\/wp-json\/wp\/v2\/pages\/111\/revisions\/614"}],"wp:attachment":[{"href":"https:\/\/pages.pedf.cuni.cz\/didakticke-studie\/wp-json\/wp\/v2\/media?parent=111"}],"curies":[{"name":"wp","href":"https:\/\/api.w.org\/{rel}","templated":true}]}}