{"id":2,"date":"2014-02-14T10:37:11","date_gmt":"2014-02-14T10:37:11","guid":{"rendered":"http:\/\/userweb.pedf.cuni.cz\/wp\/didakticke-studie\/?page_id=2"},"modified":"2022-10-22T09:13:42","modified_gmt":"2022-10-22T07:13:42","slug":"redakce","status":"publish","type":"page","link":"https:\/\/pages.pedf.cuni.cz\/didakticke-studie\/redakce\/","title":{"rendered":"Redakce"},"content":{"rendered":"<p><strong>P\u0159edsedkyn\u011b redak\u010dn\u00ed rady:<\/strong><br \/>\ndoc. PhDr. Eva H\u00e1jkov\u00e1, CSc., Pedagogick\u00e1 fakulta, Univerzita Karlova v Praze<\/p>\n<p><strong>V\u00fdkonn\u00e1 redaktorka:<\/strong><\/p>\n<p>PhDr. Zuzana Wildov\u00e1, Ph.D.<br \/>\n<a href=\"mailto:didakticke.studie@pedf.cuni.cz\">didakticke.studie@pedf.cuni.cz<\/a><\/p>\n<div><\/div>\n<div><\/div>\n<p><strong>Mezin\u00e1rodn\u00ed redak\u010dn\u00ed rada:<\/strong><br \/>\nprof. PaedDr. Ren\u00e9 B\u00edlik, CSc., Pedagogick\u00e1 fakulta Trnavskej univerzity v Trnave, Slovensko<\/p>\n<p>Mgr. Anna G\u00e1lisov\u00e1, Ph.D., Filozofick\u00e1 fakulta Univerzity Mateja Bela, Bansk\u00e1 Bystrica, Slovensko<\/p>\n<p>doc. PhDr. Juraj Hladk\u00fd, Ph.D., Pedagogick\u00e1 fakulta,\u00a0Trnavskej univerzity v Trnave, Slovensko<\/p>\n<p>Mgr. Martin Hrdina, Ph.D., \u00dastav pro \u010deskou literaturu AV \u010cR, v. v. i., Praha<\/p>\n<p>doc. Dr. Natalja Iva\u0161ina, CSc., B\u011blorusskij gosudarstvennyj universitet, Minsk, B\u011blorusko<\/p>\n<p>PhDr. Ladislav Janovec, Ph.D., Fakulta p\u0159\u00edrodov\u011bd\u011b-humanitn\u00ed a pedagogick\u00e1, Technick\u00e1 univerzita v Liberci<\/p>\n<p><span id=\"page6R_mcid52\" class=\"markedContent\"><span dir=\"ltr\" role=\"presentation\">Dr. <\/span><\/span><span id=\"page6R_mcid53\" class=\"markedContent\"><span dir=\"ltr\" role=\"presentation\">Agnieszka Ko\u0142odziej<\/span><\/span><span id=\"page6R_mcid54\" class=\"markedContent\"><span dir=\"ltr\" role=\"presentation\">, Ph.D., \u00dastav slovansk\u00e9 filologie Vratislavsk\u00e9 <\/span><\/span><span id=\"page6R_mcid55\" class=\"markedContent\"><span dir=\"ltr\" role=\"presentation\">univerzity, Vratislav, Polsko<\/span><\/span><\/p>\n<p>doc. PaedDr. \u013dudmila Lipt\u00e1kov\u00e1, CSc., Pedagogick\u00e1 fakulta Pre\u0161ovskej univerzity v Pre\u0161ove, Slovensko<\/p>\n<p>Dr. Jaroslaw Malicki, Ph.D., \u00dastav slovansk\u00e9 filologie Vratislavsk\u00e9 univerzity, Vratislav, Polsko<\/p>\n<p>prof. dr hab.\u00a0Bernadeta Niesporek-Szamburska, Slezsk\u00e1 univerzita Katowice, Polsko<\/p>\n<p>Dr. Halina Pietrak-Meiser, Universit\u00e4t Konstanz, N\u011bmecko<\/p>\n<p>doc. PhDr. Martina \u0160mejkalov\u00e1, Ph.D., Pedagogick\u00e1 fakulta, Univerzita Karlova v Praze<\/p>\n<p>Doc. PhDr.\u00a0Stanislav \u0160t\u011bp\u00e1n\u00edk, Ph.D., Pedagogick\u00e1 fakulta UPOL, Olomouc<\/p>\n<div><\/div>\n<p><strong>Vydavatel:<\/strong><\/p>\n<div>Univerzita Karlova v Praze \u2013 Pedagogick\u00e1 fakulta<br \/>\nM. D. Rettigov\u00e9 4, 116 39 Praha 1<br \/>\nI\u010c 00216208<\/div>\n","protected":false},"excerpt":{"rendered":"<p>P\u0159edsedkyn\u011b redak\u010dn\u00ed rady: doc. PhDr. Eva H\u00e1jkov\u00e1, CSc., Pedagogick\u00e1 fakulta, Univerzita Karlova v Praze V\u00fdkonn\u00e1 redaktorka: PhDr. Zuzana Wildov\u00e1, Ph.D. didakticke.studie@pedf.cuni.cz Mezin\u00e1rodn\u00ed redak\u010dn\u00ed rada: prof. PaedDr. Ren\u00e9 B\u00edlik, CSc., Pedagogick\u00e1 fakulta Trnavskej univerzity v Trnave, Slovensko Mgr. Anna G\u00e1lisov\u00e1, Ph.D., &hellip; <a href=\"https:\/\/pages.pedf.cuni.cz\/didakticke-studie\/redakce\/\">Cel\u00fd p\u0159\u00edsp\u011bvek <span class=\"meta-nav\">&rarr;<\/span><\/a><\/p>\n","protected":false},"author":282,"featured_media":0,"parent":0,"menu_order":0,"comment_status":"closed","ping_status":"closed","template":"","meta":{"footnotes":""},"class_list":["post-2","page","type-page","status-publish","hentry"],"_links":{"self":[{"href":"https:\/\/pages.pedf.cuni.cz\/didakticke-studie\/wp-json\/wp\/v2\/pages\/2","targetHints":{"allow":["GET"]}}],"collection":[{"href":"https:\/\/pages.pedf.cuni.cz\/didakticke-studie\/wp-json\/wp\/v2\/pages"}],"about":[{"href":"https:\/\/pages.pedf.cuni.cz\/didakticke-studie\/wp-json\/wp\/v2\/types\/page"}],"author":[{"embeddable":true,"href":"https:\/\/pages.pedf.cuni.cz\/didakticke-studie\/wp-json\/wp\/v2\/users\/282"}],"replies":[{"embeddable":true,"href":"https:\/\/pages.pedf.cuni.cz\/didakticke-studie\/wp-json\/wp\/v2\/comments?post=2"}],"version-history":[{"count":11,"href":"https:\/\/pages.pedf.cuni.cz\/didakticke-studie\/wp-json\/wp\/v2\/pages\/2\/revisions"}],"predecessor-version":[{"id":534,"href":"https:\/\/pages.pedf.cuni.cz\/didakticke-studie\/wp-json\/wp\/v2\/pages\/2\/revisions\/534"}],"wp:attachment":[{"href":"https:\/\/pages.pedf.cuni.cz\/didakticke-studie\/wp-json\/wp\/v2\/media?parent=2"}],"curies":[{"name":"wp","href":"https:\/\/api.w.org\/{rel}","templated":true}]}}