{"id":346,"date":"2020-08-20T21:27:51","date_gmt":"2020-08-20T19:27:51","guid":{"rendered":"http:\/\/pages.pedf.cuni.cz\/didakticke-studie\/?page_id=346"},"modified":"2021-03-03T09:46:36","modified_gmt":"2021-03-03T08:46:36","slug":"eticke-zasady-publikovani","status":"publish","type":"page","link":"https:\/\/pages.pedf.cuni.cz\/didakticke-studie\/eticke-zasady-publikovani\/","title":{"rendered":"Etick\u00e9 z\u00e1sady publikov\u00e1n\u00ed"},"content":{"rendered":"<div class=\"page\" title=\"Page 5\">\n<div class=\"layoutArea\">\n<div class=\"column\">\n<p>Etick\u00e9 z\u00e1sady publikov\u00e1n\u00ed v \u010dasopisu Didaktick\u00e9 studie<\/p>\n<p>Redakce \u010dasopisu Didaktick\u00e9 studie vych\u00e1z\u00ed vych\u00e1z\u00ed z Etick\u00e9ho kodexu V\u00fdboru pro publika\u010dn\u00ed etiku (COPE), dostupn\u00e9ho na www.publicationethics.org.<br \/>\nTexty publikovan\u00e9 v odd\u00edlech Studie, Projekty a Aplikace jsou posuzov\u00e1ny redaktorem a d\u00e1le zas\u00edl\u00e1ny k recenzn\u00edmu \u0159\u00edzen\u00ed minim\u00e1ln\u011b dv\u011bma nez\u00e1visl\u00fdm recenzent\u016fm z jin\u00e9ho pracovi\u0161t\u011b, ne\u017e je pracovi\u0161t\u011b autora textu. Redakce zodpov\u00edd\u00e1 za v\u00fdb\u011br vhodn\u00fdch posuzovatel\u016f z \u0159ad odborn\u00edk\u016f, pr\u016fb\u011bh recenzn\u00edho \u0159\u00edzen\u00ed i dodr\u017een\u00ed \u010dasov\u00e9ho r\u00e1mce. Recenzn\u00ed \u0159\u00edzen\u00ed by nem\u011blo p\u0159es\u00e1hnout t\u0159i m\u011bs\u00edce od obdr\u017een\u00ed p\u0159\u00edsp\u011bvku redakc\u00ed. Texty v odd\u00edlech recenze a zpr\u00e1vy proch\u00e1zej\u00ed intern\u00edm recenzn\u00edm \u0159\u00edzen\u00edm a jsou posuzov\u00e1ny \u010dleny redak\u010dn\u00ed rady \u010dasopisu. V p\u0159\u00edpad\u011b nesouladu posudk\u016f dvou recenzent\u016f je vypracov\u00e1v\u00e1n je\u0161t\u011b t\u0159et\u00ed nez\u00e1visl\u00fd posudek dal\u0161\u00edm recenzentem z \u0159ad odborn\u00edk\u016f (didaktik\u016f, lingvist\u016f, pedagog\u016f, psycholog\u016f). K publikaci se p\u0159ij\u00edmaj\u00ed pouze p\u016fvodn\u00ed texty, redakce nep\u0159ij\u00edm\u00e1 k publikaci texty, kter\u00e9 byly ji\u017e publikov\u00e1ny \u010di p\u0159ijaty k publikov\u00e1n\u00ed jinde, tj. v jin\u00e9m periodiku, kni\u017en\u00ed publikaci \u010di online. T\u00fdk\u00e1 se to i cizojazy\u010dn\u00fdch mutac\u00ed text\u016f. Do \u010dasopisu jsou za\u0159azeny pouze texty, kter\u00e9 pro\u0161ly recenzn\u00edm \u0159\u00edzen\u00edm a autor k posudk\u016fm text\u016f v p\u0159\u00edpad\u011b p\u0159ipom\u00ednek p\u0159ihl\u00e9dl.<\/p>\n<\/div>\n<\/div>\n<\/div>\n<div class=\"page\" title=\"Page 6\">\n<div class=\"layoutArea\">\n<div class=\"column\">\n<p>V p\u0159\u00edpad\u011b, \u017ee bude \u010dasopisu p\u0159edlo\u017een ji\u017e publikovan\u00fd text, redakce jej i p\u0159es p\u0159\u00edpadn\u00e9 kladn\u00e9 recenzn\u00ed \u0159\u00edzen\u00ed vy\u0159ad\u00ed.<br \/>\nRedakce \u010dasopisu i odborn\u00edci z \u0159ad posuzovatel\u016f jsou v\u00e1zan\u00ed ml\u010denlivost\u00ed, tj. jak\u00e9koliv informace o posuzovan\u00fdch textech nesm\u00ed sd\u011blit nikomu jin\u00e9mu ne\u017e autorovi, recenzent\u016fm a vydavateli. Informace z v\u00fdzkum\u016f prezentovan\u00fdch v posuzovan\u00fdch textech redakce ani recenzenti nepou\u017eij\u00ed ve vlastn\u00edch v\u00fdzkumech. Vydavatelstv\u00ed, redakce \u010dasopisu, recenzenti i auto\u0159i nediskriminuj\u00ed nikoho kv\u016fli jeho rase, n\u00e1bo\u017eenstv\u00ed, v\u011bku, sexu\u00e1ln\u00ed orientaci, pohlav\u00ed a politick\u00e9mu sm\u00fd\u0161len\u00ed. \u010casopis je publikov\u00e1n v ti\u0161t\u011bn\u00e9 i online form\u011b (open access), p\u0159i\u010dem\u017e od autor\u016f nep\u0159ij\u00edm\u00e1 za publikov\u00e1n\u00ed \u017e\u00e1dnou finan\u010dn\u00ed kompenzaci \u2013 publikov\u00e1n\u00ed v \u010dasopise je zcela zdarma.<\/p>\n<\/div>\n<\/div>\n<\/div>\n","protected":false},"excerpt":{"rendered":"<p>Etick\u00e9 z\u00e1sady publikov\u00e1n\u00ed v \u010dasopisu Didaktick\u00e9 studie Redakce \u010dasopisu Didaktick\u00e9 studie vych\u00e1z\u00ed vych\u00e1z\u00ed z Etick\u00e9ho kodexu V\u00fdboru pro publika\u010dn\u00ed etiku (COPE), dostupn\u00e9ho na www.publicationethics.org. Texty publikovan\u00e9 v odd\u00edlech Studie, Projekty a Aplikace jsou posuzov\u00e1ny redaktorem a d\u00e1le zas\u00edl\u00e1ny k recenzn\u00edmu &hellip; <a href=\"https:\/\/pages.pedf.cuni.cz\/didakticke-studie\/eticke-zasady-publikovani\/\">Cel\u00fd p\u0159\u00edsp\u011bvek <span class=\"meta-nav\">&rarr;<\/span><\/a><\/p>\n","protected":false},"author":282,"featured_media":0,"parent":0,"menu_order":0,"comment_status":"closed","ping_status":"closed","template":"","meta":{"footnotes":""},"class_list":["post-346","page","type-page","status-publish","hentry"],"_links":{"self":[{"href":"https:\/\/pages.pedf.cuni.cz\/didakticke-studie\/wp-json\/wp\/v2\/pages\/346","targetHints":{"allow":["GET"]}}],"collection":[{"href":"https:\/\/pages.pedf.cuni.cz\/didakticke-studie\/wp-json\/wp\/v2\/pages"}],"about":[{"href":"https:\/\/pages.pedf.cuni.cz\/didakticke-studie\/wp-json\/wp\/v2\/types\/page"}],"author":[{"embeddable":true,"href":"https:\/\/pages.pedf.cuni.cz\/didakticke-studie\/wp-json\/wp\/v2\/users\/282"}],"replies":[{"embeddable":true,"href":"https:\/\/pages.pedf.cuni.cz\/didakticke-studie\/wp-json\/wp\/v2\/comments?post=346"}],"version-history":[{"count":51,"href":"https:\/\/pages.pedf.cuni.cz\/didakticke-studie\/wp-json\/wp\/v2\/pages\/346\/revisions"}],"predecessor-version":[{"id":456,"href":"https:\/\/pages.pedf.cuni.cz\/didakticke-studie\/wp-json\/wp\/v2\/pages\/346\/revisions\/456"}],"wp:attachment":[{"href":"https:\/\/pages.pedf.cuni.cz\/didakticke-studie\/wp-json\/wp\/v2\/media?parent=346"}],"curies":[{"name":"wp","href":"https:\/\/api.w.org\/{rel}","templated":true}]}}