{"id":452,"date":"2021-03-03T09:45:41","date_gmt":"2021-03-03T08:45:41","guid":{"rendered":"http:\/\/pages.pedf.cuni.cz\/didakticke-studie\/?page_id=452"},"modified":"2021-03-03T09:45:41","modified_gmt":"2021-03-03T08:45:41","slug":"instruction-for-authors","status":"publish","type":"page","link":"https:\/\/pages.pedf.cuni.cz\/didakticke-studie\/en\/instruction-for-authors\/","title":{"rendered":"Instruction for authors"},"content":{"rendered":"\n<p>In accordance with international standards in publication of scientific works, only original texts which had not been published. Information for contributors: Didactic studies are divided into several sections where it is possible to submit a paper.<\/p>\n\n\n\n<p><em><strong>Studies:<\/strong><\/em><\/p>\n\n\n\n<p>Papers are the main section of the journal, it brings scientific studies in monothematic issues dealing with selected topics, in issues which are not limited to one topic there are addressed various, mostly linguodidactic problems. Authors of regular articles are asked to keep their manuscript between 10\u201315 pages, longer articles may be accepted in well-founded cases. Obligatory parts of the text are abstract and key words in Czech and English, incuding English translation of the title of the article. At the end the author adds the information about his\/her affiliations, contact address and e-mail. All articles are peer-reviewed.<\/p>\n\n\n\n<p><strong><em>Projects:&nbsp;<\/em><\/strong><\/p>\n\n\n\n<p>In this section there are published texts informing about didactic studies and research and studies as a part of a project. Research news may be published as well. Articles should be between 10\u201315 pages long, they should contain abstract and key words in Czech and English and English translation of the title of the article and contact address and e-mail. Articles are peer reviewed by editorial board and other scientists.<\/p>\n\n\n\n<p><strong><em>Applications:&nbsp;<\/em><\/strong><\/p>\n\n\n\n<p>Applications are practical texts, suggestions how to work in a classroom, teachers\u00b4 experience with working on special topics, suggestions of methodological solutions of isolated topics or complex of topics, suggestions for teachers of various grades. Applications should be maximum 5 pages long.<\/p>\n\n\n\n<p><em><strong>Reviews:<\/strong><\/em><\/p>\n\n\n\n<p>We accept reviews of didactic literature, conference proceedings, textbooks etc. Reviews should include a complete bibliographical information of the reviewed work. Reviews are between 3-5 pages long.<\/p>\n\n\n\n<p><em><strong>News:<\/strong><\/em><\/p>\n\n\n\n<p>Short information about conferences, interesting events for school and didactics or pedagogy.<\/p>\n\n\n\n<p><em><strong>FORMAT OF<\/strong><\/em><strong> CONTRIBUTIONS:<\/strong><\/p>\n\n\n\n<p>Contributions should be sent via e-mail in Word, Font Times New Roman 12, line spacing 1,5. Please do not use the wordprocessor\u00b4s options to justify text and do not use text frames. Please add list of references after the text, references in the text to publications should include the author\u00b4s name and year of publication, and, if necessary, page numbers in brackets, e. g. (\u0160mejkalov\u00e1, 2010, s. 33).<\/p>\n\n\n\n<p>For reference style compare following examples:<\/p>\n\n\n\n<p><em>&nbsp;Monographs:<\/em><\/p>\n\n\n\n<p>\u0160MEJKALOV\u00c1, M. (2010): \u010ce\u0161tina a \u0161kola \u2013 \u00faryvky skryt\u00fdch d\u011bjin. Praha: Karolinum. (Czech language and school \u2013 aspects of hidden history.)<\/p>\n\n\n\n<p><em>&nbsp;Journals:<\/em><\/p>\n\n\n\n<p>H\u00c1JKOV\u00c1, E. (2011): Didaktika \u010desk\u00e9ho jazyka pro 21. stolet\u00ed. Didaktick\u00e9 studie, ro\u010dn\u00edk 3, \u010d. 1, s. 57\u201360. (Czech language didactics for the 21st century.)<\/p>\n\n\n\n<p>Following the bibliography enter your first name, surname, academic title, affiliation and email, e. g.<\/p>\n\n\n\n<p>doc. PhDr. Eva H\u00e1jkov\u00e1, CSc.<\/p>\n\n\n\n<p>Katedra \u010desk\u00e9ho jazyka Pedagogick\u00e9 fakulty UK v Praze<\/p>\n\n\n\n<p>eva.hajkova@pedf.cuni.cz<\/p>\n","protected":false},"excerpt":{"rendered":"<p>In accordance with international standards in publication of scientific works, only original texts which had not been published. Information for contributors: Didactic studies are divided into several sections where it is possible to submit a paper. Studies: Papers are the &hellip; <a href=\"https:\/\/pages.pedf.cuni.cz\/didakticke-studie\/en\/instruction-for-authors\/\">Cel\u00fd p\u0159\u00edsp\u011bvek <span class=\"meta-nav\">&rarr;<\/span><\/a><\/p>\n","protected":false},"author":1,"featured_media":0,"parent":0,"menu_order":0,"comment_status":"closed","ping_status":"closed","template":"","meta":{"footnotes":""},"class_list":["post-452","page","type-page","status-publish","hentry"],"_links":{"self":[{"href":"https:\/\/pages.pedf.cuni.cz\/didakticke-studie\/wp-json\/wp\/v2\/pages\/452","targetHints":{"allow":["GET"]}}],"collection":[{"href":"https:\/\/pages.pedf.cuni.cz\/didakticke-studie\/wp-json\/wp\/v2\/pages"}],"about":[{"href":"https:\/\/pages.pedf.cuni.cz\/didakticke-studie\/wp-json\/wp\/v2\/types\/page"}],"author":[{"embeddable":true,"href":"https:\/\/pages.pedf.cuni.cz\/didakticke-studie\/wp-json\/wp\/v2\/users\/1"}],"replies":[{"embeddable":true,"href":"https:\/\/pages.pedf.cuni.cz\/didakticke-studie\/wp-json\/wp\/v2\/comments?post=452"}],"version-history":[{"count":1,"href":"https:\/\/pages.pedf.cuni.cz\/didakticke-studie\/wp-json\/wp\/v2\/pages\/452\/revisions"}],"predecessor-version":[{"id":454,"href":"https:\/\/pages.pedf.cuni.cz\/didakticke-studie\/wp-json\/wp\/v2\/pages\/452\/revisions\/454"}],"wp:attachment":[{"href":"https:\/\/pages.pedf.cuni.cz\/didakticke-studie\/wp-json\/wp\/v2\/media?parent=452"}],"curies":[{"name":"wp","href":"https:\/\/api.w.org\/{rel}","templated":true}]}}