{"id":458,"date":"2021-03-03T09:48:23","date_gmt":"2021-03-03T08:48:23","guid":{"rendered":"http:\/\/pages.pedf.cuni.cz\/didakticke-studie\/?page_id=458"},"modified":"2024-07-06T10:09:03","modified_gmt":"2024-07-06T08:09:03","slug":"archive","status":"publish","type":"page","link":"https:\/\/pages.pedf.cuni.cz\/didakticke-studie\/en\/archive\/","title":{"rendered":"ARCHIVE"},"content":{"rendered":"\n<p><strong>Published in 2022:<\/strong><\/p>\n\n\n\n<p class=\"has-text-align-left\"><a href=\"https:\/\/pages.pedf.cuni.cz\/didakticke-studie\/files\/2023\/02\/Didakticke_studie_2_2022_FINAL.pdf\">Didactic studies, volume 14, issue 2<\/a> <em>Spoken language in theory and practice<\/em><\/p>\n\n\n\n<p class=\"has-text-align-left\"><a href=\"https:\/\/pages.pedf.cuni.cz\/didakticke-studie\/files\/2022\/10\/DidStu.1_22kn.bl_.TISK_.pdf\">Didactic studies, volume 14, 2022, issue 1<\/a> <em>Literature, Didactics and Child<\/em><\/p>\n\n\n\n<p><strong>Published in 2021:<\/strong><\/p>\n\n\n\n<p class=\"has-text-align-left\"><a href=\"https:\/\/pages.pedf.cuni.cz\/didakticke-studie\/files\/2022\/05\/DidStu2_21kn.bl_.TISK_.pdf\">Didactic studies, volume 13, 2021, issue 2<\/a> <em>The Czech Language for Handicapped Student<\/em><\/p>\n\n\n\n<p class=\"has-text-align-left\"><a href=\"https:\/\/pages.pedf.cuni.cz\/didakticke-studie\/files\/2021\/11\/DidStu1_21kn.bl_.TISK_.pdf\">Didactic studies, volume 13, 2021, issue 1<\/a> <em>Innovations in the Teaching of the Czech Language and Literature&nbsp;<\/em><\/p>\n\n\n\n<p><strong>Published in 2020:<\/strong><\/p>\n\n\n\n<p class=\"has-text-align-left\"><a href=\"https:\/\/pages.pedf.cuni.cz\/didakticke-studie\/files\/2021\/02\/DidStu2_20kn.bl_.EBSCO_.pdf\">Didactic studies, volume 12, 2020, issue 2<\/a> <em>Stylistics in Theory and Educational Practice<\/em><\/p>\n\n\n\n<p class=\"has-text-align-left\"><a href=\"https:\/\/pages.pedf.cuni.cz\/didakticke-studie\/files\/2020\/06\/DidStu1_20kn.bl_.TISK_.pdf\">Didactic studies, volume 12, 2020, issue 1<\/a> <em>New Challenges for Czech Language Didactics<\/em><\/p>\n\n\n\n<p class=\"has-text-align-left\"><\/p>\n\n\n\n<p><strong>Published in 2019:<\/strong><\/p>\n\n\n\n<p><a href=\"https:\/\/pages.pedf.cuni.cz\/didakticke-studie\/files\/2020\/06\/DidStu2_19kn.bl_.TISK_.pdf\">Didactic studies, volume 11, 2019, issue 2 <\/a><em>Phraseology in Theory and Practice of Language Teaching<\/em><\/p>\n\n\n\n<p><a href=\"https:\/\/pages.pedf.cuni.cz\/didakticke-studie\/files\/2019\/10\/DidStu1_19kn.bl_.EBSCO_.pdf\">Didactic studies, volume 11, 2019, issue 1 <\/a><em>Content approach to modern didactics of the Czech Language<\/em><\/p>\n\n\n\n<p><strong>Published in 2018:<\/strong><\/p>\n\n\n\n<p><a href=\"https:\/\/pages.pedf.cuni.cz\/didakticke-studie\/files\/2019\/06\/DidStu2_18kn.bl_.EBSCO_.pdf\">Didactic studies, volume 10, issue 1, 2018 &#8211; monothematic issue:&nbsp;<em>Textbooks and learning text<\/em><\/a><\/p>\n\n\n\n<p><a href=\"https:\/\/pages.pedf.cuni.cz\/didakticke-studie\/files\/2019\/01\/DidStu1_18kn.bl_.TISK_konecnaverze.pdf\">Didactic studies, volume 10, issue 1, 2018:&nbsp;<em>Didactic kaleidoscope<\/em><\/a><\/p>\n\n\n\n<p><strong>Published in 2017:<\/strong><\/p>\n\n\n\n<p><a href=\"https:\/\/pages.pedf.cuni.cz\/didakticke-studie\/files\/2018\/04\/DidStu2_17kn.bl_.TISK_.pdf\">Didactic studies,&nbsp;vol. 9, issue 2, 2017&nbsp;<em>Cross-curricular and Cross-paradigmatic Relations&nbsp;in Czech Language Education<\/em><\/a><\/p>\n\n\n\n<p><a href=\"https:\/\/pages.pedf.cuni.cz\/didakticke-studie\/files\/2018\/06\/Didst17-1_05.pdf\">Didactic studies,vol. 9, issue 1, 2017&nbsp;<em>Significant personalities of Bohemistic Linguistics and Linguodidactics<\/em><\/a><\/p>\n\n\n\n<p><strong>Published in 2016:<\/strong><\/p>\n\n\n\n<p><a href=\"https:\/\/pages.pedf.cuni.cz\/didakticke-studie\/files\/2017\/10\/didst1602_4.pdf\">Didactic studies,&nbsp;vol. 8, issue 2, &nbsp;monothematic issue&nbsp;<em>Theory and Practice of L1 Didactics<\/em><\/a><\/p>\n\n\n\n<p><a href=\"https:\/\/pages.pedf.cuni.cz\/didakticke-studie\/files\/2017\/01\/www_didst1601_3.pdf\">Didactic studies,vol. 8, issue 1, monothematic issue&nbsp;<em>Current&nbsp;Questions of Bohemistic Linguistics in Relation to School<\/em><\/a><\/p>\n\n\n\n<p><strong>Published in 2015:<\/strong><\/p>\n\n\n\n<p><a href=\"https:\/\/pages.pedf.cuni.cz\/didakticke-studie\/files\/2016\/02\/DS15-7-2.pdf\">Didactic studies,&nbsp;vol. 7, issue&nbsp;2,&nbsp;monothematic issue&nbsp;Stylistics and Text in Theory and Practice of Language Learning<\/a><\/p>\n\n\n\n<p><a href=\"https:\/\/pages.pedf.cuni.cz\/didakticke-studie\/files\/2016\/02\/DS15-7-1.pdf\">Didactic studies,&nbsp;vol. 7, issue&nbsp;2,&nbsp;monothematic issue Critical areas&nbsp;in teaching Czech at a Czech school<\/a><\/p>\n\n\n\n<p><strong>Published in 2014:<\/strong><\/p>\n\n\n\n<p><a href=\"https:\/\/pages.pedf.cuni.cz\/didakticke-studie\/files\/2015\/06\/DIDAKTICK\u00c9-STUDIE-ro\u010dn\u00edk-6-\u010d\u00edslo-2-2014-MONOTEMATICK\u00c9-\u010c\u00cdSLO-M\u00e9dia-a-medi\u00e1ln\u00ed-v\u00fdchova.pdf\">Didactic studies,&nbsp;vol. 6, issue&nbsp;2,&nbsp;monothematic issue&nbsp;Media and media education<\/a><\/p>\n\n\n\n<p><a href=\"https:\/\/pages.pedf.cuni.cz\/didakticke-studie\/files\/2015\/06\/Didaktick\u00e9-studie-ro\u010d.-6-\u010d.-1-Monotematick\u00e9-\u010d\u00edslo-Kognitivn\u00ed-v\u011bdy-v-teorii-a-praxi-jazykov\u00e9ho-vyu\u010dov\u00e1n\u00ed.pdf\">Didactic studies, vol. 6, issue. 1, monothematic issue&nbsp;Cognitive Sciences in Theory and Practice of Language Teaching<\/a><\/p>\n\n\n\n<p><strong>Published in 2013:<\/strong><\/p>\n\n\n\n<p><a href=\"https:\/\/pages.pedf.cuni.cz\/didakticke-studie\/files\/2014\/02\/Didaktick\u00e9-studie-ro\u010d.-5-\u010d.-1-monotematick\u00e9-\u010d\u00edslo-Jazykov\u00e1-v\u00fdchova-ve-\u0161kole-21.-stolet\u00ed.pdf\">Didactic studies, vol. 5, issue. 1, monothematic issue Language education in school of the 21st century<\/a><\/p>\n\n\n\n<p><a href=\"https:\/\/pages.pedf.cuni.cz\/didakticke-studie\/files\/2015\/05\/Didaktick\u00e9-studie-2013-5-2.pdf\">Didactic studies, vol. 5, issue. 2, monothematic issue Syntax in theory and practice of language education<\/a><\/p>\n\n\n\n<p><strong>Published in 2012:<\/strong><\/p>\n\n\n\n<p><a href=\"https:\/\/pages.pedf.cuni.cz\/didakticke-studie\/files\/2014\/02\/Didaktick\u00e9-studie-ro\u010d.-4-\u010d.-1-monotematick\u00e9-\u010d\u00edslo-Morfologie-v-teorii-a-praxi-jazykov\u00e9ho-vyu\u010dov\u00e1n\u00ed.pdf\">Didactic studies, vol. 4., issue 1, monothematic issue Morphology in theory and practice of language education<\/a> <a href=\"https:\/\/pages.pedf.cuni.cz\/didakticke-studie\/files\/2014\/02\/Didaktick\u00e9-studie-ro\u010d.-4-\u010d.-2-monotematick\u00e9-\u010d\u00edslo-Sou\u010dasn\u00e9-pohledy-na-kl\u00ed\u010dov\u00e9-vzd\u011bl\u00e1vac\u00ed-oblasti-a-proces-u\u010den\u00ed.pdf\">Didactic studies, vol. 4., issue 2, monothematic issue Current views of&nbsp; key areas of education and educational process<\/a><\/p>\n\n\n\n<p><strong>Published in 2011<\/strong>:<\/p>\n\n\n\n<p><a href=\"https:\/\/pages.pedf.cuni.cz\/didakticke-studie\/files\/2015\/02\/Didaktick\u00e9-studie-2011-1.pdf\">Didactic studies, vol. 3., issue 1, monothematic issue Semantics in theory and practice of language education<\/a><\/p>\n\n\n\n<p><a href=\"https:\/\/pages.pedf.cuni.cz\/didakticke-studie\/files\/2015\/02\/Didaktick\u00e9-studie-2011-2.pdf\">Didactic studies, vol. 3., issue 2, monothematic issue Czech language and Faculty of Education \u2013 Charles University Prague 1946-2011<\/a><\/p>\n\n\n\n<p><strong>Published in 2010:<\/strong><\/p>\n\n\n\n<p><a href=\"https:\/\/pages.pedf.cuni.cz\/didakticke-studie\/files\/2015\/02\/Didaktick\u00e9-studie-2010-1.pdf\">Didactic studies, vol. 2., issue 1, monothematic issue dedicated to jubilee of doc. PhDr. Nad\u011b\u017eda Kv\u00edtkov\u00e1, CSc., a former member of Czech language department<\/a><\/p>\n\n\n\n<p><a href=\"https:\/\/pages.pedf.cuni.cz\/didakticke-studie\/files\/2015\/02\/Didaktick\u00e9-studie-2010-2.pdf\">Didactic studies, vol. 2., issue 2, monothematic issue dedicated to jubilee of univ. prof. Radoslava Kvapilov\u00e1 Brabcov\u00e1, CSc., a former member of Czech language department<\/a><\/p>\n\n\n\n<p><strong>Published in 2009<\/strong>:<\/p>\n\n\n\n<p><a href=\"https:\/\/pages.pedf.cuni.cz\/didakticke-studie\/files\/2015\/02\/Didaktick\u00e9-studie-2009-1.pdf\">Didactic studies, vol. 1., issue 1, monothematic issue Didactic aids, games and toys as educational means<\/a><\/p>\n\n\n\n<p>&nbsp;<a href=\"https:\/\/pages.pedf.cuni.cz\/didakticke-studie\/files\/2015\/02\/Didaktick\u00e9-studie-2009-2.pdf\">Didactic studies, vol. 1., issue 2, monothematic issue When a mistake is a mistake<\/a><\/p>\n\n\n\n<p><strong>Presious issues:<\/strong><\/p>\n\n\n\n<p><em>Didactic studies<\/em>&nbsp;IV. <em>Czech as a second language.<\/em> E. H\u00e1jkov\u00e1, K. \u0160ebesta (eds.)&nbsp; Praha: UK-PedF, 2007, 122 p. ISBN 978-80-7290-350-4.<\/p>\n\n\n\n<p><em>Didactic studies&nbsp;III. Czech as a foreign language. E. H\u00e1jkov\u00e1, K. \u0160ebesta (eds.),&nbsp; Praha : UK-PedF, 2006, 103 p. ISBN 80-7290-279-2.<\/em><\/p>\n\n\n\n<p><em>Didactic studies &nbsp;II. <\/em><em>Chapters of modern Czech language didactics<\/em><em>.<\/em><em> E. H\u00e1jkov\u00e1 (ed.)&nbsp; Praha : UK-PedF, 2005, 102 p., ISBN 80-7290-239-3.<\/em><\/p>\n\n\n\n<p><em>Didactic studies<\/em><em>&nbsp;I.<\/em> <em>Chapters of modern Czech language didactics<\/em><em>.<\/em>E. H\u00e1jkov\u00e1 (ed.),&nbsp; Praha : UK-PedF, 2004, 86 p., ISBN 80-7290-197-4<\/p>\n","protected":false},"excerpt":{"rendered":"<p>Published in 2022: Didactic studies, volume 14, issue 2 Spoken language in theory and practice Didactic studies, volume 14, 2022, issue 1 Literature, Didactics and Child Published in 2021: Didactic studies, volume 13, 2021, issue 2 The Czech Language for &hellip; <a href=\"https:\/\/pages.pedf.cuni.cz\/didakticke-studie\/en\/archive\/\">Cel\u00fd p\u0159\u00edsp\u011bvek <span class=\"meta-nav\">&rarr;<\/span><\/a><\/p>\n","protected":false},"author":1,"featured_media":0,"parent":0,"menu_order":0,"comment_status":"closed","ping_status":"closed","template":"","meta":{"footnotes":""},"class_list":["post-458","page","type-page","status-publish","hentry"],"_links":{"self":[{"href":"https:\/\/pages.pedf.cuni.cz\/didakticke-studie\/wp-json\/wp\/v2\/pages\/458","targetHints":{"allow":["GET"]}}],"collection":[{"href":"https:\/\/pages.pedf.cuni.cz\/didakticke-studie\/wp-json\/wp\/v2\/pages"}],"about":[{"href":"https:\/\/pages.pedf.cuni.cz\/didakticke-studie\/wp-json\/wp\/v2\/types\/page"}],"author":[{"embeddable":true,"href":"https:\/\/pages.pedf.cuni.cz\/didakticke-studie\/wp-json\/wp\/v2\/users\/1"}],"replies":[{"embeddable":true,"href":"https:\/\/pages.pedf.cuni.cz\/didakticke-studie\/wp-json\/wp\/v2\/comments?post=458"}],"version-history":[{"count":4,"href":"https:\/\/pages.pedf.cuni.cz\/didakticke-studie\/wp-json\/wp\/v2\/pages\/458\/revisions"}],"predecessor-version":[{"id":583,"href":"https:\/\/pages.pedf.cuni.cz\/didakticke-studie\/wp-json\/wp\/v2\/pages\/458\/revisions\/583"}],"wp:attachment":[{"href":"https:\/\/pages.pedf.cuni.cz\/didakticke-studie\/wp-json\/wp\/v2\/media?parent=458"}],"curies":[{"name":"wp","href":"https:\/\/api.w.org\/{rel}","templated":true}]}}