{"id":28,"date":"2019-01-05T17:46:23","date_gmt":"2019-01-05T16:46:23","guid":{"rendered":"http:\/\/pages.pedf.cuni.cz\/etik\/?page_id=28"},"modified":"2023-04-06T19:19:14","modified_gmt":"2023-04-06T17:19:14","slug":"slozeni-komise","status":"publish","type":"page","link":"https:\/\/pages.pedf.cuni.cz\/etik\/slozeni-komise\/","title":{"rendered":"Slo\u017een\u00ed Komise"},"content":{"rendered":"<ul>\n<li class=\"pohlaviM\"><a href=\"https:\/\/pedf.cuni.cz\/PEDF-72.html?cat=prac&amp;org=100031053538&amp;prac=665357\">doc. RNDr. Anton\u00edn Jan\u010da\u0159\u00edk, Ph.D.<\/a><\/li>\n<li><a href=\"https:\/\/pedf.cuni.cz\/PEDF-72.html?cat=prac&amp;org=100031053538&amp;prac=656257\">PhDr. Lenka Felcmanov\u00e1, Ph.D.<\/a><\/li>\n<li class=\"pohlaviM\"><a href=\"https:\/\/pedf.cuni.cz\/PEDF-72.html?cat=prac&amp;org=100031053538&amp;prac=721569\">doc. PhDr. Martin Rusek, Ph.D.<\/a><\/li>\n<li class=\"pohlaviF\"><a href=\"https:\/\/pedf.cuni.cz\/PEDF-72.html?cat=prac&amp;org=100031053538&amp;prac=411522\">PhDr. Hana Sot\u00e1kov\u00e1, Ph.D.<\/a><\/li>\n<li><a href=\"http:\/\/pedf.cuni.cz\/PEDF-72.html?cat=prac&amp;org=1580&amp;prac=1007504\" target=\"_top\" rel=\"noopener\">Mgr. Barbara Vale\u0161ov\u00e1 Malecov\u00e1, Ph.D<\/a><\/li>\n<\/ul>\n","protected":false},"excerpt":{"rendered":"<p>doc. RNDr. Anton\u00edn Jan\u010da\u0159\u00edk, Ph.D. PhDr. Lenka Felcmanov\u00e1, Ph.D. doc. PhDr. Martin Rusek, Ph.D. PhDr. Hana Sot\u00e1kov\u00e1, Ph.D. Mgr. Barbara Vale\u0161ov\u00e1 Malecov\u00e1, Ph.D<\/p>\n","protected":false},"author":287,"featured_media":0,"parent":0,"menu_order":0,"comment_status":"closed","ping_status":"closed","template":"","meta":{"footnotes":""},"class_list":["post-28","page","type-page","status-publish","hentry"],"_links":{"self":[{"href":"https:\/\/pages.pedf.cuni.cz\/etik\/wp-json\/wp\/v2\/pages\/28","targetHints":{"allow":["GET"]}}],"collection":[{"href":"https:\/\/pages.pedf.cuni.cz\/etik\/wp-json\/wp\/v2\/pages"}],"about":[{"href":"https:\/\/pages.pedf.cuni.cz\/etik\/wp-json\/wp\/v2\/types\/page"}],"author":[{"embeddable":true,"href":"https:\/\/pages.pedf.cuni.cz\/etik\/wp-json\/wp\/v2\/users\/287"}],"replies":[{"embeddable":true,"href":"https:\/\/pages.pedf.cuni.cz\/etik\/wp-json\/wp\/v2\/comments?post=28"}],"version-history":[{"count":10,"href":"https:\/\/pages.pedf.cuni.cz\/etik\/wp-json\/wp\/v2\/pages\/28\/revisions"}],"predecessor-version":[{"id":101,"href":"https:\/\/pages.pedf.cuni.cz\/etik\/wp-json\/wp\/v2\/pages\/28\/revisions\/101"}],"wp:attachment":[{"href":"https:\/\/pages.pedf.cuni.cz\/etik\/wp-json\/wp\/v2\/media?parent=28"}],"curies":[{"name":"wp","href":"https:\/\/api.w.org\/{rel}","templated":true}]}}