{"id":3,"date":"2014-10-24T09:50:19","date_gmt":"2014-10-24T09:50:19","guid":{"rendered":"http:\/\/pages.pedf.cuni.cz\/etik\/?page_id=3"},"modified":"2020-02-17T00:00:25","modified_gmt":"2020-02-16T23:00:25","slug":"uvodni-stranka","status":"publish","type":"page","link":"https:\/\/pages.pedf.cuni.cz\/etik\/","title":{"rendered":"\u00davodn\u00ed str\u00e1nka"},"content":{"rendered":"<p>V\u00edtejte na str\u00e1nk\u00e1ch komise pro etiku ve v\u00fdzkumu PedF UK.<\/p>\n<p>\u00da\u010delem z\u0159\u00edzen\u00ed Komise je zvy\u0161ov\u00e1n\u00ed znalosti etick\u00fdch standard\u016f v\u00fdzkumu a jejich respektov\u00e1n\u00ed. Sv\u00e9 posl\u00e1n\u00ed napl\u0148uje Komise zejm\u00e9na prost\u0159ednictv\u00edm posuzov\u00e1n\u00ed etick\u00fdch aspekt\u016f n\u00e1vrh\u016f v\u00fdzkumn\u00fdch projekt\u016f, jejich\u017e hlavn\u00edm \u0159e\u0161itelem nebo spolu\u0159e\u0161itelem (uchaze\u010dem nebo spoluuchaze\u010dem) je Pedagogick\u00e1 fakulta UK a jich\u017e se \u00fa\u010dastn\u00ed lidsk\u00e9 subjekty nebo \u017eiv\u00e9 organismy nebo kter\u00e9 vyu\u017e\u00edvaj\u00ed osobn\u00ed \u00fadaje (d\u00e1le jen v\u00fdzkumn\u00e9 projekty). Zvl\u00e1\u0161tn\u00ed pozornost Komise v\u011bnuje problematice etick\u00fdch standard\u016f v\u00fdzkumu za \u00fa\u010dasti d\u011bt\u00ed a jin\u00fdch zraniteln\u00fdch nebo z\u00e1visl\u00fdch osob.<\/p>\n<p>&nbsp;<\/p>\n<p>Sv\u00e9 \u017e\u00e1dosti pros\u00edme zas\u00edlejte <strong>nejpozd\u011bji 22 pracovn\u00edch dn\u00ed p\u0159ed pod\u00e1n\u00edm projektu p\u0159\u00edslu\u0161n\u00e9 grantov\u00e9 agentu\u0159e<\/strong> na <a href=\"mailto:etik@pedf.cuni.cz\">etik@pedf.cuni.cz<\/a>.<\/p>\n<p>Komise m\u016f\u017ee vydat stanovisko pouze k projekt\u016fm, jejich\u017e \u0159e\u0161en\u00ed dosud<br \/>\nnebylo zah\u00e1jeno.<\/p>\n<p><strong>Z d\u016fvodu pln\u00e9 vyt\u00ed\u017eenosti term\u00ednovan\u00fdmi grantov\u00fdmi projekty nem\u016f\u017ee komise v tuto chv\u00edli posuzovat bakal\u00e1\u0159sk\u00e9 a diplomov\u00e9 pr\u00e1ce. D\u011bkujeme za pochopen\u00ed.<\/strong><\/p>\n<p>&nbsp;<\/p>\n","protected":false},"excerpt":{"rendered":"<p>V\u00edtejte na str\u00e1nk\u00e1ch komise pro etiku ve v\u00fdzkumu PedF UK. \u00da\u010delem z\u0159\u00edzen\u00ed Komise je zvy\u0161ov\u00e1n\u00ed znalosti etick\u00fdch standard\u016f v\u00fdzkumu a jejich respektov\u00e1n\u00ed. Sv\u00e9 posl\u00e1n\u00ed napl\u0148uje Komise zejm\u00e9na prost\u0159ednictv\u00edm posuzov\u00e1n\u00ed etick\u00fdch aspekt\u016f n\u00e1vrh\u016f v\u00fdzkumn\u00fdch projekt\u016f, jejich\u017e hlavn\u00edm \u0159e\u0161itelem nebo spolu\u0159e\u0161itelem (uchaze\u010dem nebo spoluuchaze\u010dem) je Pedagogick\u00e1 fakulta UK a jich\u017e se \u00fa\u010dastn\u00ed lidsk\u00e9 subjekty nebo \u017eiv\u00e9 organismy &hellip; <a href=\"https:\/\/pages.pedf.cuni.cz\/etik\/\">Continue reading <span class=\"meta-nav\">&rarr;<\/span><\/a><\/p>\n","protected":false},"author":1,"featured_media":0,"parent":0,"menu_order":0,"comment_status":"closed","ping_status":"closed","template":"","meta":{"footnotes":""},"class_list":["post-3","page","type-page","status-publish","hentry"],"_links":{"self":[{"href":"https:\/\/pages.pedf.cuni.cz\/etik\/wp-json\/wp\/v2\/pages\/3","targetHints":{"allow":["GET"]}}],"collection":[{"href":"https:\/\/pages.pedf.cuni.cz\/etik\/wp-json\/wp\/v2\/pages"}],"about":[{"href":"https:\/\/pages.pedf.cuni.cz\/etik\/wp-json\/wp\/v2\/types\/page"}],"author":[{"embeddable":true,"href":"https:\/\/pages.pedf.cuni.cz\/etik\/wp-json\/wp\/v2\/users\/1"}],"replies":[{"embeddable":true,"href":"https:\/\/pages.pedf.cuni.cz\/etik\/wp-json\/wp\/v2\/comments?post=3"}],"version-history":[{"count":13,"href":"https:\/\/pages.pedf.cuni.cz\/etik\/wp-json\/wp\/v2\/pages\/3\/revisions"}],"predecessor-version":[{"id":90,"href":"https:\/\/pages.pedf.cuni.cz\/etik\/wp-json\/wp\/v2\/pages\/3\/revisions\/90"}],"wp:attachment":[{"href":"https:\/\/pages.pedf.cuni.cz\/etik\/wp-json\/wp\/v2\/media?parent=3"}],"curies":[{"name":"wp","href":"https:\/\/api.w.org\/{rel}","templated":true}]}}