{"id":41,"date":"2019-01-09T22:21:59","date_gmt":"2019-01-09T21:21:59","guid":{"rendered":"http:\/\/pages.pedf.cuni.cz\/etik\/?page_id=41"},"modified":"2019-03-06T12:11:04","modified_gmt":"2019-03-06T11:11:04","slug":"dulezite-odkazy","status":"publish","type":"page","link":"https:\/\/pages.pedf.cuni.cz\/etik\/dulezite-odkazy\/","title":{"rendered":"D\u016fle\u017eit\u00e9 odkazy"},"content":{"rendered":"<h2>Komise pro etiku ve v\u00fdzkumu UK<\/h2>\n<ul>\n<li><a href=\"https:\/\/www.cuni.cz\/UK-8963.html\">https:\/\/www.cuni.cz\/UK-8963.html<\/a><\/li>\n<\/ul>\n<p>Statut: <a href=\"https:\/\/www.cuni.cz\/UK-8713.html\">https:\/\/www.cuni.cz\/UK-8713.html<\/a><\/p>\n<p>Jednac\u00ed \u0159\u00e1d: <a href=\"https:\/\/www.cuni.cz\/UK-9381.html\">https:\/\/www.cuni.cz\/UK-9381.html<\/a><\/p>\n<p>Informovan\u00fd souhlas:\u00a0<a href=\"https:\/\/pages.pedf.cuni.cz\/etik\/dokumenty\/informovany-souhlas\/\">https:\/\/pages.pedf.cuni.cz\/etik\/dokumenty\/informovany-souhlas\/<\/a><\/p>\n<h2>Z\u00e1kladn\u00ed dokumenty upravuj\u00edc\u00ed etiku v\u00fdzkumu<\/h2>\n<p>Z\u00e1kladn\u00ed dokumenty, kter\u00e9 se t\u00fdkaj\u00ed etiky v\u00fdzkumn\u00fdch projekt\u016f a z\u00a0nich\u017e Komise vych\u00e1z\u00ed ve sv\u00e9 pr\u00e1ci (odkazy na dal\u0161\u00ed zdroje informac\u00ed pro v\u00fdzkumn\u00edky viz webov\u00e1 str\u00e1nka Komise pro etiku v\u00fdzkumu).<\/p>\n<h2>\u010cesk\u00e1 republika<\/h2>\n<p><em>Etick\u00fd r\u00e1mec v\u00fdzkumu<\/em> (<em>usnesen\u00ed vl\u00e1dy \u010cesk\u00e9 republiky<\/em> ze <em>dne 17. srpna 2005 \u010d<\/em>. <em>1005)<\/em>; <a href=\"http:\/\/www.msmt.cz\/vyzkum-a-vyvoj\/eticky-ramec-vyzkumu-1\">http:\/\/www.msmt.cz\/vyzkum-a-vyvoj\/eticky-ramec-vyzkumu-1<\/a><\/p>\n<p><em>Etick\u00fd kodex \u010desk\u00e9ho pedagogick\u00e9ho v\u00fdzkumu<br \/>\n<\/em><a href=\"http:\/\/www.capv.cz\/index.php\/zakladni-udaje\/clenstvi-v-capv\/eticky-kodex\">http:\/\/www.capv.cz\/index.php\/zakladni-udaje\/clenstvi-v-capv\/eticky-kodex<\/a><\/p>\n<h2>Univerzita Karlova<\/h2>\n<p><em>Statut Univerzity Karlovy<\/em><br \/>\n<a href=\"https:\/\/www.cuni.cz\/UK-146.html#3\">https:\/\/www.cuni.cz\/UK-146.html#3<\/a><\/p>\n<p><em>Etick\u00fd kodex Univerzity Karlovy<\/em><br \/>\n<a href=\"https:\/\/www.cuni.cz\/UK-5317.html\">https:\/\/www.cuni.cz\/UK-5317.html<\/a><\/p>\n<p><em>Statut Komise pro etiku ve v\u00fdzkumu Univerzity Karlovy<\/em> (Opat\u0159en\u00ed rektora \u010d. 74\/2017) <a href=\"https:\/\/www.cuni.cz\/UK-8713.html\">https:\/\/www.cuni.cz\/UK-8713.html<\/a><\/p>\n<h2>Evropsk\u00e1 unie<\/h2>\n<p><em>Evropsk\u00e1 charta pro v\u00fdzkumn\u00e9 pracovn\u00edky, <\/em>2005\/251\/ES, \u00da\u0159edn\u00ed v\u011bstn\u00edk Evropsk\u00e9 unie<\/p>\n<p><em>The European Code of Conduct for Research Integrity <\/em>(2011, revize 2017)<\/p>\n<h2>Dal\u0161\u00ed<\/h2>\n<p><em>Singapore Statement on Research Integrity, 2010;<\/em><\/p>\n<p><em>Montreal Statement on Research Integrity in Cross-Boundary Research Collaborations, 2013.<\/em><\/p>\n<h2>Materi\u00e1ly informa\u010dn\u00edho a vzd\u011bl\u00e1vac\u00edho charakteru<\/h2>\n<p><em>Ethics for researchers: <\/em><em>Facilitating Research Excellence in FP7<br \/>\n<\/em><a href=\"http:\/\/ec.europa.eu\/research\/participants\/data\/ref\/fp7\/89888\/ethics-for-researchers_en.pdf\">http:\/\/ec.europa.eu\/research\/participants\/data\/ref\/fp7\/89888\/ethics-for-researchers_en.pdf<\/a><\/p>\n<p>Hughes, J., Hunter, D., Sheehan, M., Wilkinson, S., &amp; Wrigley, A. (2010). <em><a href=\"http:\/\/www.research.lancs.ac.uk\/portal\/en\/publications\/european-textbook-on-ethics-in-research(a3d11356-e6fa-458d-92d3-5fef1f1af783).html\">European Textbook on Ethics in Research<\/a><\/em><em>.<\/em> Luxembourg: Publications Office of the European Union. <a href=\"https:\/\/ec.europa.eu\/research\/science-society\/document_library\/pdf_06\/textbook-on-ethics-report_en.pdf\">https:\/\/ec.europa.eu\/research\/science-society\/document_library\/pdf_06\/textbook-on-ethics-report_en.pdf<\/a><\/p>\n","protected":false},"excerpt":{"rendered":"<p>Komise pro etiku ve v\u00fdzkumu UK https:\/\/www.cuni.cz\/UK-8963.html Statut: https:\/\/www.cuni.cz\/UK-8713.html Jednac\u00ed \u0159\u00e1d: https:\/\/www.cuni.cz\/UK-9381.html Informovan\u00fd souhlas:\u00a0https:\/\/pages.pedf.cuni.cz\/etik\/dokumenty\/informovany-souhlas\/ Z\u00e1kladn\u00ed dokumenty upravuj\u00edc\u00ed etiku v\u00fdzkumu Z\u00e1kladn\u00ed dokumenty, kter\u00e9 se t\u00fdkaj\u00ed etiky v\u00fdzkumn\u00fdch projekt\u016f a z\u00a0nich\u017e Komise vych\u00e1z\u00ed ve sv\u00e9 pr\u00e1ci (odkazy na dal\u0161\u00ed zdroje informac\u00ed pro v\u00fdzkumn\u00edky viz webov\u00e1 str\u00e1nka Komise pro etiku v\u00fdzkumu). \u010cesk\u00e1 republika Etick\u00fd r\u00e1mec v\u00fdzkumu (usnesen\u00ed vl\u00e1dy &hellip; <a href=\"https:\/\/pages.pedf.cuni.cz\/etik\/dulezite-odkazy\/\">Continue reading <span class=\"meta-nav\">&rarr;<\/span><\/a><\/p>\n","protected":false},"author":287,"featured_media":0,"parent":0,"menu_order":0,"comment_status":"closed","ping_status":"closed","template":"","meta":{"footnotes":""},"class_list":["post-41","page","type-page","status-publish","hentry"],"_links":{"self":[{"href":"https:\/\/pages.pedf.cuni.cz\/etik\/wp-json\/wp\/v2\/pages\/41","targetHints":{"allow":["GET"]}}],"collection":[{"href":"https:\/\/pages.pedf.cuni.cz\/etik\/wp-json\/wp\/v2\/pages"}],"about":[{"href":"https:\/\/pages.pedf.cuni.cz\/etik\/wp-json\/wp\/v2\/types\/page"}],"author":[{"embeddable":true,"href":"https:\/\/pages.pedf.cuni.cz\/etik\/wp-json\/wp\/v2\/users\/287"}],"replies":[{"embeddable":true,"href":"https:\/\/pages.pedf.cuni.cz\/etik\/wp-json\/wp\/v2\/comments?post=41"}],"version-history":[{"count":3,"href":"https:\/\/pages.pedf.cuni.cz\/etik\/wp-json\/wp\/v2\/pages\/41\/revisions"}],"predecessor-version":[{"id":84,"href":"https:\/\/pages.pedf.cuni.cz\/etik\/wp-json\/wp\/v2\/pages\/41\/revisions\/84"}],"wp:attachment":[{"href":"https:\/\/pages.pedf.cuni.cz\/etik\/wp-json\/wp\/v2\/media?parent=41"}],"curies":[{"name":"wp","href":"https:\/\/api.w.org\/{rel}","templated":true}]}}