{"id":7,"date":"2014-10-24T10:13:56","date_gmt":"2014-10-24T10:13:56","guid":{"rendered":"http:\/\/pages.pedf.cuni.cz\/etik\/?page_id=7"},"modified":"2019-03-06T13:11:02","modified_gmt":"2019-03-06T12:11:02","slug":"dokumenty","status":"publish","type":"page","link":"https:\/\/pages.pedf.cuni.cz\/etik\/dokumenty\/","title":{"rendered":"Dokumenty a formul\u00e1\u0159e komise"},"content":{"rendered":"<h2>Statut Komise<\/h2>\n<p><a href=\"http:\/\/wwwmod.pedf.cuni.cz\/udeska\/files\/opatreni_dekana\/opatreni_dekana_c._22__priloha.pdf\">http:\/\/wwwmod.pedf.cuni.cz\/udeska\/files\/opatreni_dekana\/opatreni_dekana_c._22__priloha.pdf<\/a><\/p>\n<h2>Jednac\u00ed \u0159\u00e1d<\/h2>\n<p><a href=\"https:\/\/pages.pedf.cuni.cz\/etik\/files\/2019\/01\/Jednaci\u0301-r\u030ca\u0301d-pracovni\u0301-verze-k-vyve\u030cs\u030ceni\u0301.docx\">Jednaci\u0301 r\u030ca\u0301d &#8211; pracovn\u00ed verze<\/a><\/p>\n<h2>\u017d\u00e1dost o vyj\u00e1d\u0159en\u00ed komise pro etiku v\u00fdzkumu<\/h2>\n<p><a href=\"https:\/\/pages.pedf.cuni.cz\/etik\/files\/2019\/01\/zadost_etika_19.docx\">Formul\u00e1\u0159 \u017e\u00e1dosti<\/a><\/p>\n<p><a href=\"https:\/\/pages.pedf.cuni.cz\/etik\/dokumenty\/informovany-souhlas\/\">Informovan\u00fd souhlas<\/a><\/p>\n","protected":false},"excerpt":{"rendered":"<p>Statut Komise http:\/\/wwwmod.pedf.cuni.cz\/udeska\/files\/opatreni_dekana\/opatreni_dekana_c._22__priloha.pdf Jednac\u00ed \u0159\u00e1d Jednaci\u0301 r\u030ca\u0301d &#8211; pracovn\u00ed verze \u017d\u00e1dost o vyj\u00e1d\u0159en\u00ed komise pro etiku v\u00fdzkumu Formul\u00e1\u0159 \u017e\u00e1dosti Informovan\u00fd souhlas<\/p>\n","protected":false},"author":1,"featured_media":0,"parent":0,"menu_order":0,"comment_status":"closed","ping_status":"closed","template":"","meta":{"footnotes":""},"class_list":["post-7","page","type-page","status-publish","hentry"],"_links":{"self":[{"href":"https:\/\/pages.pedf.cuni.cz\/etik\/wp-json\/wp\/v2\/pages\/7","targetHints":{"allow":["GET"]}}],"collection":[{"href":"https:\/\/pages.pedf.cuni.cz\/etik\/wp-json\/wp\/v2\/pages"}],"about":[{"href":"https:\/\/pages.pedf.cuni.cz\/etik\/wp-json\/wp\/v2\/types\/page"}],"author":[{"embeddable":true,"href":"https:\/\/pages.pedf.cuni.cz\/etik\/wp-json\/wp\/v2\/users\/1"}],"replies":[{"embeddable":true,"href":"https:\/\/pages.pedf.cuni.cz\/etik\/wp-json\/wp\/v2\/comments?post=7"}],"version-history":[{"count":11,"href":"https:\/\/pages.pedf.cuni.cz\/etik\/wp-json\/wp\/v2\/pages\/7\/revisions"}],"predecessor-version":[{"id":85,"href":"https:\/\/pages.pedf.cuni.cz\/etik\/wp-json\/wp\/v2\/pages\/7\/revisions\/85"}],"wp:attachment":[{"href":"https:\/\/pages.pedf.cuni.cz\/etik\/wp-json\/wp\/v2\/media?parent=7"}],"curies":[{"name":"wp","href":"https:\/\/api.w.org\/{rel}","templated":true}]}}