{"id":10,"date":"2014-03-05T08:21:06","date_gmt":"2014-03-05T08:21:06","guid":{"rendered":"http:\/\/userweb.pedf.cuni.cz\/wp\/filologicke-studie\/?page_id=10"},"modified":"2022-01-09T17:03:46","modified_gmt":"2022-01-09T16:03:46","slug":"redakce","status":"publish","type":"page","link":"https:\/\/pages.pedf.cuni.cz\/filologicke-studie\/redakce\/","title":{"rendered":"Odborn\u00fd kruh"},"content":{"rendered":"<div>\n<p class=\"Odsazentlatextu\" align=\"left\">doc. PhDr. Viera Glos\u00edkov\u00e1, CSc. \u2013 Katedra germanistiky UK PedF, Praha<\/p>\n<\/div>\n<div>\n<p class=\"Odsazentlatextu\" align=\"left\">doc. PhDr. Petr Chalupsk\u00fd, Ph.D. \u2013 Katedra anglick\u00e9ho jazyka a literatury, UK PedF, Praha<\/p>\n<\/div>\n<div>\n<p class=\"Odsazentlatextu\" align=\"left\">doc. PhDr. Natalia Iva\u0161ina, CSc. \u2013 Katedra obecn\u00e9 a slovansk\u00e9 jazykov\u011bdy BGU, Minsk<\/p>\n<\/div>\n<div>\n<p class=\"Odsazentlatextu\" align=\"left\">PhDr. Ren\u00e1ta List\u00edkov\u00e1, Dr. \u2013 Katedra francouzsk\u00e9ho jazyka a literatury, UK PedF, Praha<\/p>\n<\/div>\n<div>\n<p class=\"Odsazentlatextu\" align=\"left\">Prof. Dr. Franz Loquai, M.A. \u2013 Universit\u00e4t Heidelberg<\/p>\n<\/div>\n<div>\n<p class=\"Odsazentlatextu\" align=\"left\">prof. PhDr. Dagmar Mocn\u00e1, CSc. \u2013 Katedra \u010desk\u00e9 literatury, UK PedF, Praha<\/p>\n<\/div>\n<div>\n<p class=\"Odsazentlatextu\" align=\"left\">PhDr. Lenka Rozboudov\u00e1, Ph.D. \u2013 Katedra rusistiky a lingvodidaktiky, UK PedF, Praha<\/p>\n<\/div>\n<div>\n<p class=\"Odsazentlatextu\" align=\"left\">Ewa Rychter, Ph.D. \u2013 The Angelus Silesius University of Applied Sciences in Wa\u0142brzych<\/p>\n<p class=\"Odsazentlatextu\" align=\"left\"><span style=\"font-size: inherit\">prof. PhDr. Martina \u0160mejkalov\u00e1, Ph.D. (p\u0159edsedkyn\u011b) \u2013 Katedra \u010desk\u00e9ho jazyka, UK PedF, Praha<\/span><\/p>\n<\/div>\n<div>\n<p class=\"Odsazentlatextu\" align=\"left\">\n<\/div>\n<p><strong>V\u00fdkonn\u00e1 redaktorka:<\/strong><\/p>\n<p>PhDr. Lenka Rozboudov\u00e1, Ph.D \u2013 Katedra rusistiky a lingvodidaktiky, UK PedF, Praha &#8211;\u00a0<a href=\"mailto:lenka.havelkova@pedf.cuni.cz\">lenka.rozboudova@pedf.cuni.cz<\/a><\/p>\n<p><strong>\u00a0Nakladatelstv\u00ed:<\/strong> Karolinum<\/p>\n","protected":false},"excerpt":{"rendered":"<p>doc. PhDr. Viera Glos\u00edkov\u00e1, CSc. \u2013 Katedra germanistiky UK PedF, Praha doc. PhDr. Petr Chalupsk\u00fd, Ph.D. \u2013 Katedra anglick\u00e9ho jazyka a literatury, UK PedF, Praha doc. PhDr. Natalia Iva\u0161ina, CSc. \u2013 Katedra obecn\u00e9 a slovansk\u00e9 jazykov\u011bdy BGU, Minsk PhDr. Ren\u00e1ta &hellip; <a href=\"https:\/\/pages.pedf.cuni.cz\/filologicke-studie\/redakce\/\">Continue reading <span class=\"meta-nav\">&rarr;<\/span><\/a><\/p>\n","protected":false},"author":282,"featured_media":0,"parent":0,"menu_order":0,"comment_status":"closed","ping_status":"closed","template":"","meta":{"footnotes":""},"class_list":["post-10","page","type-page","status-publish","hentry"],"_links":{"self":[{"href":"https:\/\/pages.pedf.cuni.cz\/filologicke-studie\/wp-json\/wp\/v2\/pages\/10","targetHints":{"allow":["GET"]}}],"collection":[{"href":"https:\/\/pages.pedf.cuni.cz\/filologicke-studie\/wp-json\/wp\/v2\/pages"}],"about":[{"href":"https:\/\/pages.pedf.cuni.cz\/filologicke-studie\/wp-json\/wp\/v2\/types\/page"}],"author":[{"embeddable":true,"href":"https:\/\/pages.pedf.cuni.cz\/filologicke-studie\/wp-json\/wp\/v2\/users\/282"}],"replies":[{"embeddable":true,"href":"https:\/\/pages.pedf.cuni.cz\/filologicke-studie\/wp-json\/wp\/v2\/comments?post=10"}],"version-history":[{"count":1,"href":"https:\/\/pages.pedf.cuni.cz\/filologicke-studie\/wp-json\/wp\/v2\/pages\/10\/revisions"}],"predecessor-version":[{"id":75,"href":"https:\/\/pages.pedf.cuni.cz\/filologicke-studie\/wp-json\/wp\/v2\/pages\/10\/revisions\/75"}],"wp:attachment":[{"href":"https:\/\/pages.pedf.cuni.cz\/filologicke-studie\/wp-json\/wp\/v2\/media?parent=10"}],"curies":[{"name":"wp","href":"https:\/\/api.w.org\/{rel}","templated":true}]}}