{"id":12,"date":"2014-03-05T08:22:37","date_gmt":"2014-03-05T08:22:37","guid":{"rendered":"http:\/\/userweb.pedf.cuni.cz\/wp\/filologicke-studie\/?page_id=12"},"modified":"2022-01-10T07:26:54","modified_gmt":"2022-01-10T06:26:54","slug":"pokyny-pro-autory","status":"publish","type":"page","link":"https:\/\/pages.pedf.cuni.cz\/filologicke-studie\/pokyny-pro-autory\/","title":{"rendered":"Pokyny pro autory"},"content":{"rendered":"<p><strong>Podrobn\u00e9 pokyny pro autory jsou up\u0159es\u0148ov\u00e1ny v\u017edy pro p\u0159\u00edslu\u0161n\u00e9 vyd\u00e1n\u00ed dle charakteru monografie.<\/strong><\/p>\n<p><strong>Obecn\u00e9 form\u00e1ln\u00ed po\u017eadavky:<\/strong><\/p>\n<p>Cel\u00fd text monografie pi\u0161te <strong>v\u00a0\u010desk\u00e9m jazyce<\/strong>.<\/p>\n<p>P\u0159\u00edsp\u011bvky pi\u0161te ve form\u00e1tu Microsoft <strong>Word<\/strong><strong>, Times New Roman, velikost p\u00edsma 12, \u0159\u00e1dkov\u00e1n\u00ed 1,5.<\/strong><\/p>\n<p>Text pros\u00edm neupravujte a nepou\u017e\u00edvejte vkl\u00e1dan\u00e9 textov\u00e9 r\u00e1mce.<\/p>\n<p><strong>Odstavce<\/strong> nijak neodsazujte, cel\u00fd text zarovnejte k\u00a0lev\u00e9mu okraji. Nov\u00e9 odstavce vy\u010dle\u0148ujte pouze pomoc\u00ed kl\u00e1vesy Enter, nevkl\u00e1dejte p\u0159ed n\u011b tabul\u00e1tor, ani n\u011bkolik mezer. Nepou\u017e\u00edvejte d\u011blen\u00ed slov. Nestr\u00e1nkujte.<\/p>\n<p>Text roz\u010dle\u0148te do uveden\u00fdch <strong>kapitol<\/strong>, p\u0159\u00edpadn\u011b podkapitol, kter\u00e9 \u010d\u00edseln\u011b ozna\u010dte. N\u00e1zvy kapitol zarovnejte k\u00a0lev\u00e9mu okraji, tu\u010dn\u011b, vel. 12.<\/p>\n<p>Pro <strong>zv\u00fdrazn\u011bn\u00ed<\/strong> n\u011bkter\u00fdch pas\u00e1\u017e\u00ed pou\u017eijte tu\u010dn\u00e9 p\u00edsmo, kurz\u00edvu u\u017e\u00edvejte p\u0159i uv\u00e1d\u011bn\u00ed p\u0159\u00edklad\u016f. Nepodtrh\u00e1vejte.<\/p>\n<p><strong>Cit\u00e1ty <\/strong>z\u00a0odborn\u00e9 literatury pi\u0161te oby\u010dejn\u00fdm p\u00edsmem a vkl\u00e1dejte do <strong>\u010desk\u00fdch <\/strong><strong>uvozovek<\/strong>. Cit\u00e1ty del\u0161\u00ed ne\u017e cca. 3 \u0159\u00e1dky vy\u010dle\u0148ujte jako samostatn\u00fd odstavec a pi\u0161te velikost\u00ed 9. Odstavec s\u00a0cit\u00e1tem odd\u011blte v\u017edy vynechan\u00fdmi \u0159\u00e1dky p\u0159ed i po.<\/p>\n<p><strong>N\u00e1zvy knih v\u00a0textu <\/strong>uv\u00e1d\u011bjte kurz\u00edvou bez uvozovek.<\/p>\n<p>P\u0159\u00edpadn\u00e9 <strong>tabulky<\/strong> p\u0159ipravte pomoc\u00ed tabulkov\u00e9ho editoru MS Word. Pou\u017e\u00edvejte jednoduch\u00e9 form\u00e1tov\u00e1n\u00ed (\u010dern\u00e1 barva, jeden typ \u010d\u00e1ry, form\u00e1tov\u00e1n\u00ed textu), nepou\u017e\u00edvejte \u017e\u00e1dn\u00e9 st\u00ednov\u00e1n\u00ed nebo n\u011bkoliker\u00e9 typy \u010dar.<\/p>\n<p><strong>Pozn\u00e1mky pod \u010darou <\/strong>vkl\u00e1dejte v\u00fdhradn\u011b automaticky (nikoli ru\u010dn\u011b!), pi\u0161te velikost\u00ed 10, Times New Roman.<\/p>\n<p><strong>Uvnit\u0159 textu uv\u00e1d\u011bjte zdroje v\u00a0z\u00e1vorce<\/strong> (p\u0159\u00edjmen\u00ed, rok vyd\u00e1n\u00ed, strana) \u2013 nap\u0159. (\u0160mejkalov\u00e1, 2010, s. 15), pokud budou dva auto\u0159i, mezi p\u0159\u00edjmen\u00ed vlo\u017ete poml\u010dku \u2013 nap\u0159. (\u0160mejkalov\u00e1 \u2013 Janovec, 2012, s. 13).<\/p>\n<p>Pokud autora zmi\u0148ujete p\u0159\u00edmo v\u00a0textu pak uv\u00e1d\u011bjte autora s\u00a0inici\u00e1lou jm\u00e9na, nap\u0159.\u00a0 M. \u0160mejkalov\u00e1 (2012, s. 20) uv\u00e1d\u00ed\u2026<\/p>\n<p><strong>Seznam pou\u017eit\u00fdch zdroj\u016f<\/strong> uv\u00e1d\u011bjte abecedn\u011b podle p\u0159\u00edjmen\u00ed (prvn\u00edho autora). Uv\u00e1d\u011bjte pouze zdroje skute\u010dn\u011b pou\u017eit\u00e9, na n\u011b\u017e se v\u00a0textu odkazujete. Form\u00e1t bibliografick\u00fdch z\u00e1znam\u016f zdroj\u016f citujte dle n\u00ed\u017ee uveden\u00fdch vzor\u016f. Elektronick\u00e9 zdroje, pokud se jedn\u00e1 o zdroje maj\u00edc\u00ed autora, za\u0159a\u010fte mezi ti\u0161t\u011bn\u00e9 zdroje, pokud nemaj\u00ed autora, uve\u010fte je na konec seznamu rovn\u011b\u017e se\u0159azen\u00e9 abecedn\u011b. Rusk\u00e9 zdroje transliterujte.<\/p>\n<p>Monografie:<\/p>\n<p>\u0160mejkalov\u00e1, M. (2010). <em>\u010ce\u0161tina a \u0161kola \u2013 \u00daryvky skryt\u00fdch d\u011bjin<\/em>. Praha: Karolinum.<\/p>\n<p>Skarnitzl, R., \u0160turm, P., Vol\u00edn, J. (2016). <em>Zvukov\u00e1 b\u00e1ze \u0159e\u010dov\u00e9 komunikace: fonetick\u00fd a fonologick\u00fd popis \u0159e\u010di<\/em>. Praha: Karolinum.<\/p>\n<p>Kapitola v\u00a0monografii:<\/p>\n<p>\u0160ef\u010d\u00edk, O. (2007). Fonetika a fonologie. In Pleskalov\u00e1, J. et. al. <em>Kapitoly z d\u011bjin \u010desk\u00e9 jazykov\u011bdn\u00e9 bohemistiky<\/em>. Praha: Academia, 2007. s.\u00a0281\u2013295.<\/p>\n<p>\u010cl\u00e1nek v\u00a0\u010dasopise:<\/p>\n<p>Bi\u010dan, A. (2015).\u00a0Kvantitativn\u00ed fonotaktick\u00e1 anal\u00fdza n\u00e1zv\u016f \u010desk\u00fdch obc\u00ed a jejich \u010d\u00e1st\u00ed. <em>Slovo a slovesnost<\/em>, 74, \u010d. 4, s. 243\u2013264.<\/p>\n<p>\u010cl\u00e1nek ve sborn\u00edku:<\/p>\n<p>Vl\u010dkov\u00e1-Mejvaldov\u00e1, J., Dohalsk\u00e1, M. (2015). V\u00fdznam a funkce prozodie v akusticky nep\u0159\u00edzniv\u00e9m prost\u0159ed\u00ed. In Janovec, L. (Ed.) <em>Moud\u0159\u00ed miluj\u00ed pov\u011bsti<\/em>. Praha: Pedagogick\u00e1 fakulta UK, s. 131\u2013138.<\/p>\n<p>Elektronick\u00fd zdroj:<\/p>\n<p>Skarnitzl, R. (2015). <em>Koncepce rozvoje Fonetick\u00e9ho \u00fastavu 2015 \u2013 2017 <\/em>[online]. [cit. 2016-02-28]. Dostupn\u00e9 z http:\/\/fu.ff.cuni.cz\/zdroj\/zpravy\/koncepceFU2015.pdf.<\/p>\n<p><em>R\u00e1mcov\u00fd vzd\u011bl\u00e1vac\u00ed program pro z\u00e1kladn\u00ed vzd\u011bl\u00e1v\u00e1n\u00ed <\/em>[online]. (2007). Praha: V\u00fdzkumn\u00fd \u00fastav pedagogick\u00fd. [cit. 2016-01-15]. Dostupn\u00e9 z http:\/\/rvp.cz\/informace\/dokumenty-rvp\/rvp-zv.<\/p>\n<p><strong>Jmenn\u00fd a v\u011bcn\u00fd rejst\u0159\u00edk<\/strong> \u2013 ke ka\u017ed\u00e9 kapitole uve\u010fte jmenn\u00fd a v\u011bcn\u00fd rejst\u0159\u00edk \u2013 tj. slova, kter\u00e1 se re\u00e1ln\u011b vyskytuj\u00ed v\u00a0textu.<\/p>\n","protected":false},"excerpt":{"rendered":"<p>Podrobn\u00e9 pokyny pro autory jsou up\u0159es\u0148ov\u00e1ny v\u017edy pro p\u0159\u00edslu\u0161n\u00e9 vyd\u00e1n\u00ed dle charakteru monografie. Obecn\u00e9 form\u00e1ln\u00ed po\u017eadavky: Cel\u00fd text monografie pi\u0161te v\u00a0\u010desk\u00e9m jazyce. P\u0159\u00edsp\u011bvky pi\u0161te ve form\u00e1tu Microsoft Word, Times New Roman, velikost p\u00edsma 12, \u0159\u00e1dkov\u00e1n\u00ed 1,5. Text pros\u00edm neupravujte a &hellip; <a href=\"https:\/\/pages.pedf.cuni.cz\/filologicke-studie\/pokyny-pro-autory\/\">Continue reading <span class=\"meta-nav\">&rarr;<\/span><\/a><\/p>\n","protected":false},"author":282,"featured_media":0,"parent":0,"menu_order":0,"comment_status":"closed","ping_status":"closed","template":"","meta":{"footnotes":""},"class_list":["post-12","page","type-page","status-publish","hentry"],"_links":{"self":[{"href":"https:\/\/pages.pedf.cuni.cz\/filologicke-studie\/wp-json\/wp\/v2\/pages\/12","targetHints":{"allow":["GET"]}}],"collection":[{"href":"https:\/\/pages.pedf.cuni.cz\/filologicke-studie\/wp-json\/wp\/v2\/pages"}],"about":[{"href":"https:\/\/pages.pedf.cuni.cz\/filologicke-studie\/wp-json\/wp\/v2\/types\/page"}],"author":[{"embeddable":true,"href":"https:\/\/pages.pedf.cuni.cz\/filologicke-studie\/wp-json\/wp\/v2\/users\/282"}],"replies":[{"embeddable":true,"href":"https:\/\/pages.pedf.cuni.cz\/filologicke-studie\/wp-json\/wp\/v2\/comments?post=12"}],"version-history":[{"count":5,"href":"https:\/\/pages.pedf.cuni.cz\/filologicke-studie\/wp-json\/wp\/v2\/pages\/12\/revisions"}],"predecessor-version":[{"id":88,"href":"https:\/\/pages.pedf.cuni.cz\/filologicke-studie\/wp-json\/wp\/v2\/pages\/12\/revisions\/88"}],"wp:attachment":[{"href":"https:\/\/pages.pedf.cuni.cz\/filologicke-studie\/wp-json\/wp\/v2\/media?parent=12"}],"curies":[{"name":"wp","href":"https:\/\/api.w.org\/{rel}","templated":true}]}}