{"id":14,"date":"2014-03-05T08:23:21","date_gmt":"2014-03-05T08:23:21","guid":{"rendered":"http:\/\/userweb.pedf.cuni.cz\/wp\/filologicke-studie\/?page_id=14"},"modified":"2022-01-09T17:14:45","modified_gmt":"2022-01-09T16:14:45","slug":"archiv","status":"publish","type":"page","link":"https:\/\/pages.pedf.cuni.cz\/filologicke-studie\/archiv\/","title":{"rendered":"Archiv"},"content":{"rendered":"<p><a href=\"https:\/\/karolinum.cz\/knihy\/kolektiv-autoru-filologicke-studie-2020-25201\">Filologick\u00e9 studie 2020<\/a> &#8211; Interdisciplinarita ve v\u00fduce jazyk\u016f<\/p>\n<p><a href=\"https:\/\/karolinum.cz\/knihy\/chalupsky-filologicke-studie-2019-22655\">Filologick\u00e9 studie 2019<\/a> &#8211; Historie, pam\u011b\u0165 a identita v sou\u010dasn\u00e9 sv\u011btov\u00e9 a \u010desk\u00e9 pr\u00f3ze<\/p>\n<p><a href=\"https:\/\/karolinum.cz\/knihy\/kolektiv-autoru-filologicke-studie-2016-17556\">Filologick\u00e9 studie 2016<\/a>\u00a0&#8211; Fonetika a fonologie v p\u0159\u00edpravn\u00e9m vzd\u011bl\u00e1v\u00e1n\u00ed u\u010ditel\u016f<\/p>\n<p><a href=\"https:\/\/karolinum.cz\/knihy\/kolektiv-autoru-filologicke-studie-2014-canon-otazky-kanonu-v-literature-a-vzdelavani-14611\">Filologick\u00e9 studie 2014<\/a> &#8211; Canon. Ot\u00e1zky k\u00e1nonu v literatu\u0159e a vzd\u011bl\u00e1v\u00e1n\u00ed<\/p>\n<p><a href=\"http:\/\/www.cupress.cuni.cz\/ink2_stat\/index.jsp?include=podrobnosti&amp;id=11750\">Filologick\u00e9 studie 2013<\/a>\u00a0&#8211; Medium et scopus. Jazyky literatury v edukaci a komunikaci<\/p>\n<p><a href=\"http:\/\/cupress.cuni.cz\/ink2_stat\/index.jsp?include=podrobnosti&amp;id=9487\">Filologick\u00e9 studie 2012<\/a>\u00a0&#8211; Chronos &#8211; Logos &#8211; Topos v sou\u010dasn\u00e9m filologick\u00e9m b\u00e1d\u00e1n\u00ed<\/p>\n<p>P\u0159edchoz\u00ed vyd\u00e1n\u00ed je mo\u017eno <a href=\"https:\/\/cupress.cuni.cz\/ink2_ext\/index.jsp?include=podrobnosti&amp;id=226042&amp;jazyk=en\">zakoupit<\/a> v prodejn\u011b vydavatelstv\u00ed Pedagogick\u00e9 fakulty UK, v prodejn\u011b vydavatelstv\u00ed Karolinum nebo objednat na adrese\u00a0<a href=\"mailto:distribuce@ruk.cuni.cz\">distribuce@ruk.cuni.cz<\/a><\/p>\n","protected":false},"excerpt":{"rendered":"<p>Filologick\u00e9 studie 2020 &#8211; Interdisciplinarita ve v\u00fduce jazyk\u016f Filologick\u00e9 studie 2019 &#8211; Historie, pam\u011b\u0165 a identita v sou\u010dasn\u00e9 sv\u011btov\u00e9 a \u010desk\u00e9 pr\u00f3ze Filologick\u00e9 studie 2016\u00a0&#8211; Fonetika a fonologie v p\u0159\u00edpravn\u00e9m vzd\u011bl\u00e1v\u00e1n\u00ed u\u010ditel\u016f Filologick\u00e9 studie 2014 &#8211; Canon. Ot\u00e1zky k\u00e1nonu v &hellip; <a href=\"https:\/\/pages.pedf.cuni.cz\/filologicke-studie\/archiv\/\">Continue reading <span class=\"meta-nav\">&rarr;<\/span><\/a><\/p>\n","protected":false},"author":282,"featured_media":0,"parent":0,"menu_order":0,"comment_status":"closed","ping_status":"closed","template":"","meta":{"footnotes":""},"class_list":["post-14","page","type-page","status-publish","hentry"],"_links":{"self":[{"href":"https:\/\/pages.pedf.cuni.cz\/filologicke-studie\/wp-json\/wp\/v2\/pages\/14","targetHints":{"allow":["GET"]}}],"collection":[{"href":"https:\/\/pages.pedf.cuni.cz\/filologicke-studie\/wp-json\/wp\/v2\/pages"}],"about":[{"href":"https:\/\/pages.pedf.cuni.cz\/filologicke-studie\/wp-json\/wp\/v2\/types\/page"}],"author":[{"embeddable":true,"href":"https:\/\/pages.pedf.cuni.cz\/filologicke-studie\/wp-json\/wp\/v2\/users\/282"}],"replies":[{"embeddable":true,"href":"https:\/\/pages.pedf.cuni.cz\/filologicke-studie\/wp-json\/wp\/v2\/comments?post=14"}],"version-history":[{"count":10,"href":"https:\/\/pages.pedf.cuni.cz\/filologicke-studie\/wp-json\/wp\/v2\/pages\/14\/revisions"}],"predecessor-version":[{"id":85,"href":"https:\/\/pages.pedf.cuni.cz\/filologicke-studie\/wp-json\/wp\/v2\/pages\/14\/revisions\/85"}],"wp:attachment":[{"href":"https:\/\/pages.pedf.cuni.cz\/filologicke-studie\/wp-json\/wp\/v2\/media?parent=14"}],"curies":[{"name":"wp","href":"https:\/\/api.w.org\/{rel}","templated":true}]}}