{"id":6,"date":"2014-03-05T08:19:07","date_gmt":"2014-03-05T08:19:07","guid":{"rendered":"http:\/\/userweb.pedf.cuni.cz\/wp\/filologicke-studie\/?page_id=6"},"modified":"2022-01-09T17:01:47","modified_gmt":"2022-01-09T16:01:47","slug":"charakteristika-publikace","status":"publish","type":"page","link":"https:\/\/pages.pedf.cuni.cz\/filologicke-studie\/","title":{"rendered":"Charakteristika publikace"},"content":{"rendered":"<p>Edi\u010dn\u00ed \u0159ada Filologick\u00e9 studie je spole\u010dn\u00fdm projektem filologick\u00fdch kateder Pedagogick\u00e9 fakulty Univerzity Karlovy a navazuje na proslulou edi\u010dn\u00ed \u0159adu Filologick\u00e9 studie (I\u2013XX) t\u00e9\u017ee fakulty. Filologick\u00e9 studie maj\u00ed charakter monografick\u00e9 publikace, vych\u00e1zej\u00ed jednou za jeden a\u017e dva roky a p\u0159in\u00e1\u0161ej\u00ed z\u00e1sadn\u00ed dosud nepublikovan\u00e9 v\u011bdeck\u00e9 a odborn\u00e9 studie z oblasti filologie a didaktiky jazyk\u016f a literatur. Filologick\u00e9 studie jsou v souladu se svou tradic\u00ed ur\u010deny v\u00fdhradn\u011b pro prezentaci v\u00fdsledk\u016f v\u00fdzkumu \u010dlen\u016f akademick\u00e9 obce Pedagogick\u00e9 fakulty Univerzity Karlovy.<\/p>\n","protected":false},"excerpt":{"rendered":"<p>Edi\u010dn\u00ed \u0159ada Filologick\u00e9 studie je spole\u010dn\u00fdm projektem filologick\u00fdch kateder Pedagogick\u00e9 fakulty Univerzity Karlovy a navazuje na proslulou edi\u010dn\u00ed \u0159adu Filologick\u00e9 studie (I\u2013XX) t\u00e9\u017ee fakulty. Filologick\u00e9 studie maj\u00ed charakter monografick\u00e9 publikace, vych\u00e1zej\u00ed jednou za jeden a\u017e dva roky a p\u0159in\u00e1\u0161ej\u00ed z\u00e1sadn\u00ed &hellip; <a href=\"https:\/\/pages.pedf.cuni.cz\/filologicke-studie\/\">Continue reading <span class=\"meta-nav\">&rarr;<\/span><\/a><\/p>\n","protected":false},"author":282,"featured_media":0,"parent":0,"menu_order":0,"comment_status":"closed","ping_status":"closed","template":"","meta":{"footnotes":""},"class_list":["post-6","page","type-page","status-publish","hentry"],"_links":{"self":[{"href":"https:\/\/pages.pedf.cuni.cz\/filologicke-studie\/wp-json\/wp\/v2\/pages\/6","targetHints":{"allow":["GET"]}}],"collection":[{"href":"https:\/\/pages.pedf.cuni.cz\/filologicke-studie\/wp-json\/wp\/v2\/pages"}],"about":[{"href":"https:\/\/pages.pedf.cuni.cz\/filologicke-studie\/wp-json\/wp\/v2\/types\/page"}],"author":[{"embeddable":true,"href":"https:\/\/pages.pedf.cuni.cz\/filologicke-studie\/wp-json\/wp\/v2\/users\/282"}],"replies":[{"embeddable":true,"href":"https:\/\/pages.pedf.cuni.cz\/filologicke-studie\/wp-json\/wp\/v2\/comments?post=6"}],"version-history":[{"count":1,"href":"https:\/\/pages.pedf.cuni.cz\/filologicke-studie\/wp-json\/wp\/v2\/pages\/6\/revisions"}],"predecessor-version":[{"id":73,"href":"https:\/\/pages.pedf.cuni.cz\/filologicke-studie\/wp-json\/wp\/v2\/pages\/6\/revisions\/73"}],"wp:attachment":[{"href":"https:\/\/pages.pedf.cuni.cz\/filologicke-studie\/wp-json\/wp\/v2\/media?parent=6"}],"curies":[{"name":"wp","href":"https:\/\/api.w.org\/{rel}","templated":true}]}}