{"id":8,"date":"2014-03-05T08:20:01","date_gmt":"2014-03-05T08:20:01","guid":{"rendered":"http:\/\/userweb.pedf.cuni.cz\/wp\/filologicke-studie\/?page_id=8"},"modified":"2022-01-10T07:24:32","modified_gmt":"2022-01-10T06:24:32","slug":"aktualne","status":"publish","type":"page","link":"https:\/\/pages.pedf.cuni.cz\/filologicke-studie\/aktualne\/","title":{"rendered":"Aktu\u00e1ln\u011b"},"content":{"rendered":"<p><strong>V p\u0159\u00edprav\u011b<\/strong><\/p>\n","protected":false},"excerpt":{"rendered":"<p>V p\u0159\u00edprav\u011b<\/p>\n","protected":false},"author":282,"featured_media":0,"parent":0,"menu_order":0,"comment_status":"closed","ping_status":"closed","template":"","meta":{"footnotes":""},"class_list":["post-8","page","type-page","status-publish","hentry"],"_links":{"self":[{"href":"https:\/\/pages.pedf.cuni.cz\/filologicke-studie\/wp-json\/wp\/v2\/pages\/8","targetHints":{"allow":["GET"]}}],"collection":[{"href":"https:\/\/pages.pedf.cuni.cz\/filologicke-studie\/wp-json\/wp\/v2\/pages"}],"about":[{"href":"https:\/\/pages.pedf.cuni.cz\/filologicke-studie\/wp-json\/wp\/v2\/types\/page"}],"author":[{"embeddable":true,"href":"https:\/\/pages.pedf.cuni.cz\/filologicke-studie\/wp-json\/wp\/v2\/users\/282"}],"replies":[{"embeddable":true,"href":"https:\/\/pages.pedf.cuni.cz\/filologicke-studie\/wp-json\/wp\/v2\/comments?post=8"}],"version-history":[{"count":2,"href":"https:\/\/pages.pedf.cuni.cz\/filologicke-studie\/wp-json\/wp\/v2\/pages\/8\/revisions"}],"predecessor-version":[{"id":86,"href":"https:\/\/pages.pedf.cuni.cz\/filologicke-studie\/wp-json\/wp\/v2\/pages\/8\/revisions\/86"}],"wp:attachment":[{"href":"https:\/\/pages.pedf.cuni.cz\/filologicke-studie\/wp-json\/wp\/v2\/media?parent=8"}],"curies":[{"name":"wp","href":"https:\/\/api.w.org\/{rel}","templated":true}]}}