{"id":1132,"date":"2019-07-08T02:47:16","date_gmt":"2019-07-08T00:47:16","guid":{"rendered":"http:\/\/pages.pedf.cuni.cz\/gramotnost\/?page_id=1132"},"modified":"2021-03-12T10:29:20","modified_gmt":"2021-03-12T09:29:20","slug":"1132-2","status":"publish","type":"page","link":"https:\/\/pages.pedf.cuni.cz\/gramotnost\/en\/1132-2\/","title":{"rendered":"Call for papers 2019"},"content":{"rendered":"<div class=\"entry-content\">\n<div class=\"entry-content\">\n<p><strong>3\/2019<\/strong><br \/>\n<em>Editors: Pavla Ne\u010dasov\u00e1, Lenka Rozboudov\u00e1 a Kl\u00e1ra \u0160pa\u010dkov\u00e1<br \/>\n<\/em><\/p>\n<p>Development of foreign language literacy<br \/>\nJournal Gramotnost, pregramotnost a vzd\u011bl\u00e1v\u00e1n\u00ed is preparing an English monothematic issue focusing on the development of foreign language literacy.<\/p>\n<p>Current concept of language learning and teaching highlights the development of communicative competence. In particular, it aims to foster the development of abilities that enable students not only to understand a message, analyze it and critically evaluate its content, but also express himself or herself and formulate his or her opinions. Therefore, for adequate communication in a foreign language it is necessary that the learning process is complex and encompasses all four language skills listening and reading comprehension, oral and written expression.<\/p>\n<p>The monothematic issue of Gramotnost, pregramotnost a vzd\u011bl\u00e1v\u00e1n\u00ed targets works addressing the development of communicative competence as a goal of foreign language education from the perspective of both the teacher and the pupil. In the centre of our interest there are papers dealing with the literacy skill of reading. Research, comparative and review studies dealing with the development of socio-cultural and intercultural competence are also welcomed.<\/p>\n<p>Submission and Review Timeline \/ 30<sup>th<\/sup> September 2019: Abstract submission deadline \/ 15<sup>th<\/sup> October \u00a02019: Full (invited) manuscript submission deadline \/ The review procedure will take place in October and November 2019 \/ December 2019:\u00a0 Anticipated publication date.<\/p>\n<p>&nbsp;<\/p>\n<\/div>\n<div class=\"entry-content\">\n<p><strong>2\/2019 <\/strong><\/p>\n<p><strong>\u010cten\u00e1\u0159sk\u00e1, matematick\u00e1 a p\u0159\u00edrodov\u011bdn\u00e1 pregramotnost v\u00a0p\u0159ed\u0161koln\u00edm vzd\u011bl\u00e1v\u00e1n\u00ed<\/strong><br \/>\n<em>Editors: Radka Wildov\u00e1 a Eva Ryb\u00e1rov\u00e1<\/em><\/p>\n<p>\u010casopis Gramotnost, pregramotnost a vzd\u011bl\u00e1v\u00e1n\u00ed p\u0159ipravuje monotematick\u00e9 \u010d\u00edslo se zam\u011b\u0159en\u00edm na\u00a0oblast rozvoje pregramotnost\u00ed v\u00a0p\u0159ed\u0161koln\u00edm vzd\u011bl\u00e1v\u00e1n\u00ed.<\/p>\n<p>P\u0159ed\u0161koln\u00ed vzd\u011bl\u00e1v\u00e1n\u00ed m\u00e1 pro \u017eivot d\u00edt\u011bte nedoceniteln\u00fd v\u00fdznam, nebo\u0165 ran\u00e9 zku\u0161enosti d\u00edt\u011bte maj\u00ed trvalou hodnotu pro jeho budouc\u00ed \u017eivot. Jedn\u00edm z\u00a0hlavn\u00edch c\u00edl\u016f p\u0159ed\u0161koln\u00edho vzd\u011bl\u00e1v\u00e1n\u00ed je vytv\u00e1\u0159et dobr\u00e9 p\u0159edpoklady pro celo\u017eivotn\u00ed vzd\u011bl\u00e1v\u00e1n\u00ed, co\u017e nezbytn\u011b vede k\u00a0nutnosti pokl\u00e1dat dobr\u00e9 z\u00e1klady pro rozvoj budouc\u00edch gramotnost\u00ed a s\u00a0t\u00edm souvisej\u00edc\u00ed rozvoj p\u0159edpoklad\u016f pro jejich osvojov\u00e1n\u00ed.<\/p>\n<p>V\u00a0posledn\u00edch letech se v\u00a0\u010cesk\u00e9 republice objevuj\u00ed projekty zam\u011b\u0159en\u00e9 na rozvoj pregramotnost\u00ed d\u011bt\u00ed p\u0159ed\u0161koln\u00edho v\u011bku, jejich\u017e c\u00edlem je zkvalitnit p\u0159\u00edpravu u\u010ditel\u016f i p\u0159ed\u0161koln\u00ed vzd\u011bl\u00e1v\u00e1n\u00ed jako takov\u00e9, a to zejm\u00e9na v\u00a0oblasti \u010dten\u00e1\u0159sk\u00e9, matematick\u00e9 a p\u0159\u00edrodov\u011bdn\u00e9 gramotnosti. Monotematick\u00e9\u00a0\u010d\u00edslo\u00a0\u010dasopisu\u00a0Gramotnost\u00a0c\u00edl\u00ed\u00a0p\u0159edev\u0161\u00edm\u00a0na odborn\u00e9\u00a0pr\u00e1ce\u00a0t\u00fdkaj\u00edc\u00ed\u00a0se\u00a0v\u00fd\u0161e\u00a0uveden\u00fdch\u00a0t\u00e9mat,\u00a0ale\u00a0tak\u00e9\u00a0na srovn\u00e1vac\u00ed\u00a0a p\u0159ehledov\u00e9\u00a0studie.<\/p>\n<p>Krom\u011b\u00a0odborn\u00fdch\u00a0p\u0159\u00edsp\u011bvk\u016f\u00a0p\u0159ij\u00edm\u00e1me\u00a0tak\u00e9\u00a0diskusn\u00ed\u00a0p\u0159\u00edsp\u011bvky,\u00a0zpr\u00e1vy\u00a0z projekt\u016f\u00a0a\u00a0recenze\u00a0publikac\u00ed.<\/p>\n<p>Budete-li m\u00edt z\u00e1jem o publikov\u00e1n\u00ed Va\u0161eho \u010dl\u00e1nku, za\u0161lete pros\u00edm do\u00a028. 2. 2018 abstrakt a kl\u00ed\u010dov\u00e1 slova\u00a0na adresu \u010dasopisu: gramotnost@pedf.cuni.cz.\u00a0P\u0159\u00edsp\u011bvek bude pot\u0159eba dodat do 30. 4. 2019, recenzn\u00ed \u0159\u00edzen\u00ed prob\u011bhne v\u00a0pr\u016fb\u011bhu kv\u011btna a \u010dervna 2019.<\/p>\n<\/div>\n<p>&nbsp;<\/p>\n<p><strong>1\/2019<\/strong><br \/>\n<strong>Special Issue call for abstracts \u201cSchool\u00a0Education,\u00a0Family\u00a0Environment\u00a0and\u00a0Their\u00a0Impact\u00a0on\u00a0Literacy \u201d<\/strong><br \/>\n<em>Editors:\u00a0 Hana Sot\u00e1kov\u00e1, Pavla Presslerov\u00e1<\/em><\/p>\n<p>The Journal of literacy, pre-literacy and education is preparing a monothematic issue focusing on school education, family influence and its relation to literacy. The aim is to analyze a broad spectrum of factors impacting development of key learning skills which can increase effectiveness of school education. Sociocultural and family background and their influence on education are long term phenomena in psychological, educational, and sociological research. Some foreign publications in particular bring comparisons of a child&#8217;s family environment and its school performance. In today&#8217;s globalized society the importance of observation and analysis of the mentioned factors increases, with the objective to identify potential risk areas and search for their overcoming. In the Czech republic projects concentrating on literacy development both in school and family environment, working with children from disadvantaged and excluded areas have been occurring ever more frequently in recent years. The monothematic issue targets mainly works in relation to the above mentioned subjects, in addition to comparative and reviews studies.<\/p>\n<\/div>\n","protected":false},"excerpt":{"rendered":"<p>3\/2019 Editors: Pavla Ne\u010dasov\u00e1, Lenka Rozboudov\u00e1 a Kl\u00e1ra \u0160pa\u010dkov\u00e1 Development of foreign language literacy Journal Gramotnost, pregramotnost a vzd\u011bl\u00e1v\u00e1n\u00ed is preparing an English monothematic issue focusing on the development of foreign language literacy. Current concept of language learning and teaching highlights the development of communicative competence. In particular, it aims to foster the development of\u2026 <span class=\"read-more\"><a href=\"https:\/\/pages.pedf.cuni.cz\/gramotnost\/en\/1132-2\/\">Read More &raquo;<\/a><\/span><\/p>\n","protected":false},"author":465,"featured_media":0,"parent":0,"menu_order":0,"comment_status":"closed","ping_status":"closed","template":"","meta":{"footnotes":""},"class_list":["post-1132","page","type-page","status-publish","hentry"],"_links":{"self":[{"href":"https:\/\/pages.pedf.cuni.cz\/gramotnost\/wp-json\/wp\/v2\/pages\/1132","targetHints":{"allow":["GET"]}}],"collection":[{"href":"https:\/\/pages.pedf.cuni.cz\/gramotnost\/wp-json\/wp\/v2\/pages"}],"about":[{"href":"https:\/\/pages.pedf.cuni.cz\/gramotnost\/wp-json\/wp\/v2\/types\/page"}],"author":[{"embeddable":true,"href":"https:\/\/pages.pedf.cuni.cz\/gramotnost\/wp-json\/wp\/v2\/users\/465"}],"replies":[{"embeddable":true,"href":"https:\/\/pages.pedf.cuni.cz\/gramotnost\/wp-json\/wp\/v2\/comments?post=1132"}],"version-history":[{"count":20,"href":"https:\/\/pages.pedf.cuni.cz\/gramotnost\/wp-json\/wp\/v2\/pages\/1132\/revisions"}],"predecessor-version":[{"id":1893,"href":"https:\/\/pages.pedf.cuni.cz\/gramotnost\/wp-json\/wp\/v2\/pages\/1132\/revisions\/1893"}],"wp:attachment":[{"href":"https:\/\/pages.pedf.cuni.cz\/gramotnost\/wp-json\/wp\/v2\/media?parent=1132"}],"curies":[{"name":"wp","href":"https:\/\/api.w.org\/{rel}","templated":true}]}}