{"id":1137,"date":"2019-07-08T02:55:16","date_gmt":"2019-07-08T00:55:16","guid":{"rendered":"http:\/\/pages.pedf.cuni.cz\/gramotnost\/?page_id=1137"},"modified":"2021-03-13T12:10:49","modified_gmt":"2021-03-13T11:10:49","slug":"2-2019","status":"publish","type":"page","link":"https:\/\/pages.pedf.cuni.cz\/gramotnost\/en\/2-2019\/","title":{"rendered":"2\/2019"},"content":{"rendered":"<p><span style=\"color: #339966;\"><strong>\u010cTEN\u00c1\u0158SK\u00c1, MATEMATICK\u00c1 A P\u0158\u00cdRODOV\u011aDN\u00c1 PREGAMOTNOST V P\u0158ED\u0160KOLN\u00cdM VZD\u011aL\u00c1V\u00c1N\u00cd<\/strong><\/span><br \/>\n2019, VOLUME 3, NUMBER 2<\/p>\n<p><span style=\"color: #339966;\"><strong>Content<\/strong><\/span><br \/>\n<em>full text <span style=\"color: #339966;\"><a style=\"color: #339966;\" href=\"https:\/\/pages.pedf.cuni.cz\/gramotnost\/files\/2019\/10\/obsah-1.pdf\"><strong>PDF<\/strong><\/a><\/span><br \/>\n<\/em><\/p>\n<p><span style=\"color: #339966;\"><strong>Editorial<\/strong><\/span><br \/>\nEva Ryb\u00e1rov\u00e1 a Radka Wildov\u00e1<br \/>\n<em>full text <a href=\"https:\/\/pages.pedf.cuni.cz\/gramotnost\/files\/2019\/10\/Editorial-1.pdf\"><strong><span style=\"color: #339966;\">PDF<\/span><\/strong><\/a><br \/>\n<\/em><\/p>\n<p><span style=\"color: #339966;\"><strong>EMPIRICAL PAPERS<\/strong><\/span><br \/>\nDevelopment\u00a0of\u00a0pre-literacy<br \/>\nDana\u00a0Cib\u00e1kov\u00e1<br \/>\n<em>full text <span style=\"color: #339966;\"><a style=\"color: #339966;\" href=\"https:\/\/pages.pedf.cuni.cz\/gramotnost\/files\/2019\/10\/01_Cibakova-1.pdf\"><strong>PDF<\/strong><\/a><\/span><br \/>\n<\/em><\/p>\n<p>Incorporating reading pre-literacy into pedagogical work of kindergarten teachers<br \/>\nZuzana Ma\u0148ourov\u00e1, Zuzana \u0160tef\u00e1nkov\u00e1, Luk\u00e1\u0161 Laibrt, Margareta Garabikov\u00e1 P\u00e1rtlov\u00e1, Zuzana B\u00edlkov\u00e1<br \/>\n<em>full text <strong><a href=\"https:\/\/pages.pedf.cuni.cz\/gramotnost\/files\/2019\/10\/02_Manourova-1.pdf\"><span style=\"color: #339966;\">PDF<\/span><\/a><\/strong><br \/>\n<\/em><\/p>\n<p>Research investigation to graphomotoric preparation of children preschool age<br \/>\nJana\u00a0Johnov\u00e1<br \/>\n<em>full text <a href=\"https:\/\/pages.pedf.cuni.cz\/gramotnost\/files\/2019\/10\/03_Johnova-1.pdf\"><strong><span style=\"color: #339966;\">PDF<\/span><\/strong><\/a><br \/>\n<\/em><\/p>\n<p>Early readers at the beginning of school attendance procedure for searching respondents<br \/>\nLenka\u00a0Zemanov\u00e1<br \/>\n<em>full text<strong> <a href=\"https:\/\/pages.pedf.cuni.cz\/gramotnost\/files\/2019\/10\/04_Zemanova-1.pdf\"><span style=\"color: #339966;\">PDF<\/span><\/a><\/strong><br \/>\n<\/em><\/p>\n<p>Analysis of the \u00a02nd grade elementary school pupils vocabulary as a basis for the development of reading literacy in pre-school education<br \/>\nV\u011bra\u00a0Vykoukalov\u00e1,\u00a0Petr\u00a0And\u011bl,\u00a0Jana\u00a0Johnov\u00e1<br \/>\n<em>full text <span style=\"color: #339966;\"><strong><a style=\"color: #339966;\" href=\"https:\/\/pages.pedf.cuni.cz\/gramotnost\/files\/2019\/10\/05_Vykoukalova-1.pdf\">PDF<\/a><\/strong><\/span><br \/>\n<\/em><\/p>\n<p>Integrated approach to scientific pre-literacy supporting experiments realization<br \/>\nPavel\u00a0Bene\u0161<br \/>\n<em>full text <a href=\"https:\/\/pages.pedf.cuni.cz\/gramotnost\/files\/2019\/10\/06_Benes-1.pdf\"><strong><span style=\"color: #339966;\">PDF<\/span><\/strong><\/a><br \/>\n<\/em><\/p>\n<p><strong><span style=\"color: #339966;\">SYSTEMATIC REVIEW<\/span> <\/strong><br \/>\nConception\u00a0od\u00a0preliteracy\u00a0in\u00a0czech\u00a0republic;\u00a0history\u00a0and\u00a0presence<br \/>\nEva\u00a0Ryb\u00e1rov\u00e1<br \/>\n<em>full text <a href=\"https:\/\/pages.pedf.cuni.cz\/gramotnost\/files\/2019\/10\/07_Rybarova-1.pdf\"><strong><span style=\"color: #339966;\">PDF<\/span><\/strong><\/a><br \/>\n<\/em><\/p>\n<p>Support of preliteracy, prenumeracy and didactics in preschool education<br \/>\nLenka Felcmanov\u00e1, Jana Krop\u00e1\u010dkov\u00e1, Jolana Ronkov\u00e1, Jana Slez\u00e1kov\u00e1, Radka Wildov\u00e1<br \/>\n<em>Full text <strong><a href=\"https:\/\/pages.pedf.cuni.cz\/gramotnost\/files\/2019\/10\/09_Felcmanova-1.pdf\"><span style=\"color: #339966;\">PDF<\/span><\/a><\/strong><\/em><\/p>\n<p>Risk of dyscalculia and other learning difficulties in mathematics in preschool-aged children<br \/>\nKate\u0159ina\u00a0Pra\u017e\u00e1kov\u00e1,\u00a0Anna\u00a0Kucharsk\u00e1<br \/>\n<em>full text <span style=\"color: #339966;\"><strong><a style=\"color: #339966;\" href=\"https:\/\/pages.pedf.cuni.cz\/gramotnost\/files\/2019\/10\/08_Prazakova-1.pdf\">PDF<\/a><\/strong><\/span><br \/>\n<\/em><\/p>\n<p><span style=\"color: #339966;\"><strong>REPORTS<\/strong><\/span><br \/>\nP\u0159ed\u0161koln\u00ed\u00a0vzd\u011bl\u00e1v\u00e1n\u00ed\u00a0v\u00a0\u010cR\u00a0a\u00a0Korejsk\u00e9\u00a0republice<br \/>\nRadka\u00a0Wildov\u00e1,\u00a0Hana\u00a0Splavcov\u00e1<br \/>\n<em>full text <a href=\"https:\/\/pages.pedf.cuni.cz\/gramotnost\/files\/2019\/10\/Zprava_Wildova-1.pdf\"><strong><span style=\"color: #339966;\">PDF<\/span><\/strong><\/a><br \/>\n<\/em><\/p>\n<p><span style=\"color: #339966;\"><strong>REVIEW<\/strong><\/span><br \/>\nLietavcov\u00e1, M. &amp; Li\u0161kov\u00e1, H. (2018). Rozv\u00edj\u00edme p\u0159edmatematick\u00e9 my\u0161len\u00ed d\u011bt\u00ed.<br \/>\nPraha:\u00a0Nakladatelstv\u00ed\u00a0Dr.\u00a0J.\u00a0Raabe\u00a0s.r.o.<br \/>\nEva\u00a0Nov\u00e1kov\u00e1<br \/>\n<em>full text <strong><a href=\"https:\/\/pages.pedf.cuni.cz\/gramotnost\/files\/2019\/10\/Recenze_Novakova-1.pdf\"><span style=\"color: #339966;\">PDF<\/span><\/a><\/strong><br \/>\n<\/em><\/p>\n<p>Mikulajov\u00e1, M. (Ed.). 2018. Utv\u00e1ranie ranej gramotnosti v norme a patol\u00f3gii. Bratislava: Institut vzd\u011bl\u00e1van\u00ed SOKRATES, 2018. 1. vyd. 188 s. ISBN 978-80-86572-82-6.<br \/>\nMartina\u00a0Zub\u00e1kov\u00e1<br \/>\n<em>full text <strong><a href=\"https:\/\/pages.pedf.cuni.cz\/gramotnost\/files\/2019\/10\/Recenze_Zubakova-1.pdf\"><span style=\"color: #339966;\">PDF<\/span><\/a><\/strong><br \/>\n<\/em><\/p>\n<ul>\n<li>The complete issue <strong><span style=\"color: #339966;\">The Literacy, Preliteracy and Education<\/span><\/strong><br \/>\n2019, Volume 3, Number 2<br \/>\n<em>full text <a href=\"https:\/\/pages.pedf.cuni.cz\/gramotnost\/files\/2019\/10\/Gramotnost_02_2019_FINAL-1.pdf\"><strong><span style=\"color: #339966;\">PDF<\/span><\/strong><\/a><\/em><\/li>\n<\/ul>\n","protected":false},"excerpt":{"rendered":"<p>\u010cTEN\u00c1\u0158SK\u00c1, MATEMATICK\u00c1 A P\u0158\u00cdRODOV\u011aDN\u00c1 PREGAMOTNOST V P\u0158ED\u0160KOLN\u00cdM VZD\u011aL\u00c1V\u00c1N\u00cd 2019, VOLUME 3, NUMBER 2 Content full text PDF Editorial Eva Ryb\u00e1rov\u00e1 a Radka Wildov\u00e1 full text PDF EMPIRICAL PAPERS Development\u00a0of\u00a0pre-literacy Dana\u00a0Cib\u00e1kov\u00e1 full text PDF Incorporating reading pre-literacy into pedagogical work of kindergarten teachers Zuzana Ma\u0148ourov\u00e1, Zuzana \u0160tef\u00e1nkov\u00e1, Luk\u00e1\u0161 Laibrt, Margareta Garabikov\u00e1 P\u00e1rtlov\u00e1, Zuzana B\u00edlkov\u00e1 full text\u2026 <span class=\"read-more\"><a href=\"https:\/\/pages.pedf.cuni.cz\/gramotnost\/en\/2-2019\/\">Read More &raquo;<\/a><\/span><\/p>\n","protected":false},"author":465,"featured_media":0,"parent":0,"menu_order":0,"comment_status":"closed","ping_status":"closed","template":"","meta":{"footnotes":""},"class_list":["post-1137","page","type-page","status-publish","hentry"],"_links":{"self":[{"href":"https:\/\/pages.pedf.cuni.cz\/gramotnost\/wp-json\/wp\/v2\/pages\/1137","targetHints":{"allow":["GET"]}}],"collection":[{"href":"https:\/\/pages.pedf.cuni.cz\/gramotnost\/wp-json\/wp\/v2\/pages"}],"about":[{"href":"https:\/\/pages.pedf.cuni.cz\/gramotnost\/wp-json\/wp\/v2\/types\/page"}],"author":[{"embeddable":true,"href":"https:\/\/pages.pedf.cuni.cz\/gramotnost\/wp-json\/wp\/v2\/users\/465"}],"replies":[{"embeddable":true,"href":"https:\/\/pages.pedf.cuni.cz\/gramotnost\/wp-json\/wp\/v2\/comments?post=1137"}],"version-history":[{"count":40,"href":"https:\/\/pages.pedf.cuni.cz\/gramotnost\/wp-json\/wp\/v2\/pages\/1137\/revisions"}],"predecessor-version":[{"id":2034,"href":"https:\/\/pages.pedf.cuni.cz\/gramotnost\/wp-json\/wp\/v2\/pages\/1137\/revisions\/2034"}],"wp:attachment":[{"href":"https:\/\/pages.pedf.cuni.cz\/gramotnost\/wp-json\/wp\/v2\/media?parent=1137"}],"curies":[{"name":"wp","href":"https:\/\/api.w.org\/{rel}","templated":true}]}}