{"id":1255,"date":"2020-05-03T02:47:47","date_gmt":"2020-05-03T00:47:47","guid":{"rendered":"http:\/\/pages.pedf.cuni.cz\/gramotnost\/?page_id=1255"},"modified":"2021-04-13T19:50:14","modified_gmt":"2021-04-13T17:50:14","slug":"2020-2","status":"publish","type":"page","link":"https:\/\/pages.pedf.cuni.cz\/gramotnost\/en\/2020-2\/","title":{"rendered":"2020"},"content":{"rendered":"<div class=\"entry-content\">\n<p><strong><span style=\"color: #339966\">3\/2020<\/span><br \/>\n<\/strong><em>Editors: Anna Kucharsk\u00e1, Kl\u00e1ra \u0160pa\u010dkov\u00e1<\/em><br \/>\nAnglick\u00e9 \u010d\u00edslo je v\u011bnov\u00e1no t\u00e9mat\u016fm zam\u011b\u0159en\u00fdm na oblast rozvoje gramotnosti v hudebn\u00ed v\u00fdchov\u011b a v oblasti vizu\u00e1ln\u00ed kultury ve v\u0161ech stupn\u00edch vzd\u011bl\u00e1v\u00e1n\u00ed<\/p>\n<p><span style=\"color: #339966\"><strong>2\/2020<\/strong><\/span><br \/>\n<em>Editors: Anna Kucharsk\u00e1, Kl\u00e1ra \u0160pa\u010dkov\u00e1<\/em><br \/>\n<span class=\"tlid-translation translation\" lang=\"en\"><span class=\"\" title=\"\">Full text <span style=\"color: #339966\"><strong><a style=\"color: #339966\" href=\"https:\/\/pages.pedf.cuni.cz\/gramotnost\/files\/2021\/02\/Gramotnost_02_2020_FINAL.pdf\">PDF<\/a><\/strong><\/span><br \/>\n<\/span><\/span><\/p>\n<p><span style=\"color: #339966\"><strong>1\/2020<\/strong><\/span><br \/>\n<em>Editors: Anna Kucharsk\u00e1, Monika Kadrno\u017ekov\u00e1<\/em><br \/>\nFull text <span style=\"color: #339966\"><strong><a style=\"color: #339966\" href=\"https:\/\/pages.pedf.cuni.cz\/gramotnost\/en\/1-2020\/\">PDF<\/a><\/strong><\/span><\/p>\n<\/div>\n","protected":false},"excerpt":{"rendered":"<p>3\/2020 Editors: Anna Kucharsk\u00e1, Kl\u00e1ra \u0160pa\u010dkov\u00e1 Anglick\u00e9 \u010d\u00edslo je v\u011bnov\u00e1no t\u00e9mat\u016fm zam\u011b\u0159en\u00fdm na oblast rozvoje gramotnosti v hudebn\u00ed v\u00fdchov\u011b a v oblasti vizu\u00e1ln\u00ed kultury ve v\u0161ech stupn\u00edch vzd\u011bl\u00e1v\u00e1n\u00ed 2\/2020 Editors: Anna Kucharsk\u00e1, Kl\u00e1ra \u0160pa\u010dkov\u00e1 Full text PDF 1\/2020 Editors: Anna Kucharsk\u00e1, Monika Kadrno\u017ekov\u00e1 Full text PDF<\/p>\n","protected":false},"author":465,"featured_media":0,"parent":0,"menu_order":0,"comment_status":"closed","ping_status":"closed","template":"","meta":{"footnotes":""},"class_list":["post-1255","page","type-page","status-publish","hentry"],"_links":{"self":[{"href":"https:\/\/pages.pedf.cuni.cz\/gramotnost\/wp-json\/wp\/v2\/pages\/1255","targetHints":{"allow":["GET"]}}],"collection":[{"href":"https:\/\/pages.pedf.cuni.cz\/gramotnost\/wp-json\/wp\/v2\/pages"}],"about":[{"href":"https:\/\/pages.pedf.cuni.cz\/gramotnost\/wp-json\/wp\/v2\/types\/page"}],"author":[{"embeddable":true,"href":"https:\/\/pages.pedf.cuni.cz\/gramotnost\/wp-json\/wp\/v2\/users\/465"}],"replies":[{"embeddable":true,"href":"https:\/\/pages.pedf.cuni.cz\/gramotnost\/wp-json\/wp\/v2\/comments?post=1255"}],"version-history":[{"count":18,"href":"https:\/\/pages.pedf.cuni.cz\/gramotnost\/wp-json\/wp\/v2\/pages\/1255\/revisions"}],"predecessor-version":[{"id":2086,"href":"https:\/\/pages.pedf.cuni.cz\/gramotnost\/wp-json\/wp\/v2\/pages\/1255\/revisions\/2086"}],"wp:attachment":[{"href":"https:\/\/pages.pedf.cuni.cz\/gramotnost\/wp-json\/wp\/v2\/media?parent=1255"}],"curies":[{"name":"wp","href":"https:\/\/api.w.org\/{rel}","templated":true}]}}