{"id":1273,"date":"2020-05-03T09:02:31","date_gmt":"2020-05-03T07:02:31","guid":{"rendered":"http:\/\/pages.pedf.cuni.cz\/gramotnost\/?page_id=1273"},"modified":"2021-03-13T12:08:34","modified_gmt":"2021-03-13T11:08:34","slug":"2019-3","status":"publish","type":"page","link":"https:\/\/pages.pedf.cuni.cz\/gramotnost\/en\/2019-3\/","title":{"rendered":"2019"},"content":{"rendered":"<p><span style=\"color: #339966;\"><strong>1\/2019<\/strong><\/span><br \/>\n<span style=\"color: #339966;\"><strong>\u0160koln\u00ed vzd\u011bl\u00e1v\u00e1n\u00ed, rodinn\u00e9 vlivy a jejich vztah ke gramotnosti<\/strong><\/span><br \/>\n<em>Editors: Pavla Presslerov\u00e1 and Hana Sot\u00e1kov\u00e1<\/em><br \/>\n<em>full text <strong><span style=\"color: #339966;\"><a style=\"color: #339966;\" href=\"https:\/\/pages.pedf.cuni.cz\/gramotnost\/files\/2019\/07\/Gramotnost_01_2019_FINAL2.pdf\">PDF<\/a><\/span><\/strong><\/em><\/p>\n<p><span style=\"color: #339966;\"><strong>2\/2019<\/strong><\/span><br \/>\n<span style=\"color: #339966;\"><strong>\u010cten\u00e1\u0159sk\u00e1, matematick\u00ed a p\u0159\u00edrodov\u011bdn\u00e1 pregramotnost v p\u0159ed\u0161koln\u00edm vzd\u011bl\u00e1v\u00e1n\u00ed<\/strong><\/span><br \/>\n<em>Editors:\u00a0 Eva Ryb\u00e1rov\u00e1 and Radka Wildov\u00e1<\/em><br \/>\n<em>full text<\/em> <em><strong><a href=\"https:\/\/pages.pedf.cuni.cz\/gramotnost\/files\/2019\/10\/Gramotnost_02_2019_FINAL.pdf\"><span style=\"color: #339966;\">PDF<\/span><\/a><\/strong><\/em><\/p>\n<p><span style=\"color: #339966;\"><strong>3\/2019<\/strong><\/span><br \/>\n<span style=\"color: #339966;\"><strong>Development of foreign language literacy<\/strong><\/span><br \/>\n<em>Editors: Pavla Ne\u010dasov\u00e1, Lenka Rozboudov\u00e1 a Kl\u00e1ra \u0160pa\u010dkov\u00e1<\/em><br \/>\n<em>full text<\/em> <span style=\"color: #339966;\"><em><strong>PDF<\/strong><\/em><\/span><\/p>\n","protected":false},"excerpt":{"rendered":"<p>1\/2019 \u0160koln\u00ed vzd\u011bl\u00e1v\u00e1n\u00ed, rodinn\u00e9 vlivy a jejich vztah ke gramotnosti Editors: Pavla Presslerov\u00e1 and Hana Sot\u00e1kov\u00e1 full text PDF 2\/2019 \u010cten\u00e1\u0159sk\u00e1, matematick\u00ed a p\u0159\u00edrodov\u011bdn\u00e1 pregramotnost v p\u0159ed\u0161koln\u00edm vzd\u011bl\u00e1v\u00e1n\u00ed Editors:\u00a0 Eva Ryb\u00e1rov\u00e1 and Radka Wildov\u00e1 full text PDF 3\/2019 Development of foreign language literacy Editors: Pavla Ne\u010dasov\u00e1, Lenka Rozboudov\u00e1 a Kl\u00e1ra \u0160pa\u010dkov\u00e1 full text PDF<\/p>\n","protected":false},"author":465,"featured_media":0,"parent":0,"menu_order":0,"comment_status":"closed","ping_status":"closed","template":"","meta":{"footnotes":""},"class_list":["post-1273","page","type-page","status-publish","hentry"],"_links":{"self":[{"href":"https:\/\/pages.pedf.cuni.cz\/gramotnost\/wp-json\/wp\/v2\/pages\/1273","targetHints":{"allow":["GET"]}}],"collection":[{"href":"https:\/\/pages.pedf.cuni.cz\/gramotnost\/wp-json\/wp\/v2\/pages"}],"about":[{"href":"https:\/\/pages.pedf.cuni.cz\/gramotnost\/wp-json\/wp\/v2\/types\/page"}],"author":[{"embeddable":true,"href":"https:\/\/pages.pedf.cuni.cz\/gramotnost\/wp-json\/wp\/v2\/users\/465"}],"replies":[{"embeddable":true,"href":"https:\/\/pages.pedf.cuni.cz\/gramotnost\/wp-json\/wp\/v2\/comments?post=1273"}],"version-history":[{"count":12,"href":"https:\/\/pages.pedf.cuni.cz\/gramotnost\/wp-json\/wp\/v2\/pages\/1273\/revisions"}],"predecessor-version":[{"id":2030,"href":"https:\/\/pages.pedf.cuni.cz\/gramotnost\/wp-json\/wp\/v2\/pages\/1273\/revisions\/2030"}],"wp:attachment":[{"href":"https:\/\/pages.pedf.cuni.cz\/gramotnost\/wp-json\/wp\/v2\/media?parent=1273"}],"curies":[{"name":"wp","href":"https:\/\/api.w.org\/{rel}","templated":true}]}}