{"id":1623,"date":"2020-11-27T16:24:35","date_gmt":"2020-11-27T15:24:35","guid":{"rendered":"http:\/\/pages.pedf.cuni.cz\/gramotnost\/?page_id=1623"},"modified":"2021-03-13T11:38:16","modified_gmt":"2021-03-13T10:38:16","slug":"2021-2","status":"publish","type":"page","link":"https:\/\/pages.pedf.cuni.cz\/gramotnost\/en\/2021-2\/","title":{"rendered":"2021"},"content":{"rendered":"\r\n<p><strong><span style=\"color: #339966;\">3\/2021<\/span><br \/><\/strong><em>Edito\u0159i:<\/em> <em>Anna Kucharsk\u00e1, Kl\u00e1ra \u0160pa\u010dkov\u00e1<\/em><br \/>Varia Issue &#8211; czech language<\/p>\r\n\r\n<p><span style=\"color: #339966;\"><\/span><\/p>\r\n<p><span style=\"color: #339966;\"><strong>2\/2021<\/strong><\/span><br \/><em>Edito\u0159i: Lenka Vojt\u00edkov\u00e1, So\u0148a Jandov\u00e1, Hana Dvo\u0159\u00e1kov\u00e1, Petr Vl\u010dek<\/em><br \/>Pohybov\u00e1 gramotnost a vzd\u011bl\u00e1v\u00e1n\u00ed<\/p>\r\n\r\n\r\n\r\n<p><span style=\"color: #339966;\"><strong>1\/2021<\/strong><\/span><br \/><em>Edito\u0159i: Anna Kucharsk\u00e1, Monika Kadrno\u017ekov\u00e1<\/em><br \/>Varia Issue &#8211; english language<\/p>\r\n","protected":false},"excerpt":{"rendered":"<p>[:cs]<\/p>\n<p><!-- wp:paragraph --><\/p>\n<p><strong>3\/2021<br \/><\/strong><em>Edito\u0159i:<\/em> <em>Anna Kucharsk\u00e1, Kl\u00e1ra \u0160pa\u010dkov\u00e1<\/em><br \/>\u010c\u00edslo je otev\u0159eno v\u0161em t\u00e9mat\u016fm<\/p>\n<p><strong>2\/2021<\/strong><br \/><em>Edito\u0159i: Anna Kucharsk\u00e1, Kl\u00e1ra \u0160pa\u010dkov\u00e1<\/em><br \/>Pohybov\u00e1 gramotnost a vzd\u011bl\u00e1v\u00e1n\u00ed<\/p>\n<p><strong>1\/2021<\/strong><br \/><em>Edito\u0159i: Anna Kucharsk\u00e1, Monika Kadrno\u017ekov\u00e1<\/em><br \/>\u010c\u00edslo je otev\u0159eno v\u0161em t\u00e9mat\u016fm<\/p>\n<p><!-- \/wp:paragraph --><\/p>\n<p>[:en]<\/p>\n<div class=\"entry-content\">\n<p><strong>3\/2021<br \/><\/strong><em>Edito\u0159i:<\/em><br \/>V\u00fdzva se p\u0159ipravuje<\/p>\n<p><strong>2\/2021<\/strong><br \/><em>Edito\u0159i: <\/em><br \/>V\u00fdzva se p\u0159ipravuje<\/p>\n<p><strong>1\/2021<\/strong><br \/><em>Edito\u0159i: <\/em><br \/>V\u00fdzva se p\u0159ipravuje<\/p>\n<\/div>\n<p>[:]<\/p>\n","protected":false},"author":465,"featured_media":0,"parent":0,"menu_order":0,"comment_status":"closed","ping_status":"closed","template":"","meta":{"footnotes":""},"class_list":["post-1623","page","type-page","status-publish","hentry"],"_links":{"self":[{"href":"https:\/\/pages.pedf.cuni.cz\/gramotnost\/wp-json\/wp\/v2\/pages\/1623","targetHints":{"allow":["GET"]}}],"collection":[{"href":"https:\/\/pages.pedf.cuni.cz\/gramotnost\/wp-json\/wp\/v2\/pages"}],"about":[{"href":"https:\/\/pages.pedf.cuni.cz\/gramotnost\/wp-json\/wp\/v2\/types\/page"}],"author":[{"embeddable":true,"href":"https:\/\/pages.pedf.cuni.cz\/gramotnost\/wp-json\/wp\/v2\/users\/465"}],"replies":[{"embeddable":true,"href":"https:\/\/pages.pedf.cuni.cz\/gramotnost\/wp-json\/wp\/v2\/comments?post=1623"}],"version-history":[{"count":16,"href":"https:\/\/pages.pedf.cuni.cz\/gramotnost\/wp-json\/wp\/v2\/pages\/1623\/revisions"}],"predecessor-version":[{"id":1975,"href":"https:\/\/pages.pedf.cuni.cz\/gramotnost\/wp-json\/wp\/v2\/pages\/1623\/revisions\/1975"}],"wp:attachment":[{"href":"https:\/\/pages.pedf.cuni.cz\/gramotnost\/wp-json\/wp\/v2\/media?parent=1623"}],"curies":[{"name":"wp","href":"https:\/\/api.w.org\/{rel}","templated":true}]}}