{"id":1632,"date":"2020-11-27T16:45:13","date_gmt":"2020-11-27T15:45:13","guid":{"rendered":"http:\/\/pages.pedf.cuni.cz\/gramotnost\/?page_id=1632"},"modified":"2022-01-03T23:52:05","modified_gmt":"2022-01-03T22:52:05","slug":"1-2021","status":"publish","type":"page","link":"https:\/\/pages.pedf.cuni.cz\/gramotnost\/en\/1-2021\/","title":{"rendered":"1\/2021"},"content":{"rendered":"<p><strong><span style=\"color: #339966\">2020, VOLUME 5, NUMBER 1<\/span><\/strong><br \/>\n<span style=\"color: #339966\"><strong>THE LITERACY, PRELITERACY AND EDUCATION<\/strong><\/span><\/p>\n<p><span style=\"color: #339966\"><strong>Content<\/strong><\/span><br \/>\n<em>full text<\/em> <a href=\"https:\/\/pages.pedf.cuni.cz\/gramotnost\/files\/2022\/01\/Obsah.pdf\"><em><strong><span style=\"color: #339966\">PDF<\/span><\/strong><\/em><\/a><\/p>\n<p><span style=\"color: #339966\"><strong>Editorial<\/strong><\/span><br \/>\n<em>Anna Kucharsk\u00e1 and Monika Kadrno\u017ekov\u00e1<\/em><br \/>\n<em>full text <span style=\"color: #339966\"><strong><a style=\"color: #339966\" href=\"https:\/\/pages.pedf.cuni.cz\/gramotnost\/files\/2022\/01\/Editorial.pdf\">PDF<\/a><\/strong><\/span><br \/>\n<\/em><\/p>\n<p><span style=\"color: #339966\"><strong>RESEARCH STUDY<\/strong><\/span><br \/>\nIdentifying Early Readers at the Start of Their Compulsory Education<br \/>\nLenka Zemanov\u00e1, Radka Wildov\u00e1<br \/>\n<em>full text <span style=\"color: #339966\"><strong><a style=\"color: #339966\" href=\"https:\/\/pages.pedf.cuni.cz\/gramotnost\/files\/2022\/01\/01_Zemanova.pdf\">PDF<\/a><\/strong><\/span><\/em><\/p>\n<p>Mathematical problem solving of students with autism spectrum disorders<br \/>\nHana Sot\u00e1kov\u00e1<br \/>\n<em>full text<\/em> <span style=\"color: #339966\"><a style=\"color: #339966\" href=\"https:\/\/pages.pedf.cuni.cz\/gramotnost\/files\/2022\/01\/02_Sotakova.pdf\"><strong><em>PDF<\/em><\/strong><\/a><\/span><\/p>\n<p><span data-contrast=\"none\">Inclusive education implementation after the 2016 legislative changes from schools<b>&#8218;<\/b> perspectvies<br \/>\nJana Mr\u00e1zkov\u00e1<br \/>\n<em>full text <span style=\"color: #339966\"><strong><a style=\"color: #339966\" href=\"https:\/\/pages.pedf.cuni.cz\/gramotnost\/files\/2022\/01\/03_Mrazkova.pdf\">PDF<\/a><\/strong><\/span><\/em><\/span><\/p>\n<p><span style=\"color: #339966\"><strong>CASE STUDY<\/strong><\/span><br \/>\nAssessment of the Development of a Child\u02bcs Comprehension of Texts Read Aloud<br \/>\nEva Ko\u017eeluhov\u00e1<br \/>\n<em>full text<\/em> <a href=\"https:\/\/pages.pedf.cuni.cz\/gramotnost\/files\/2022\/01\/04_Kozeluhova.pdf\"><strong><em><span style=\"color: #339966\">PDF<\/span><\/em><\/strong><\/a><\/p>\n<ul>\n<li><em>The complete issue <\/em><span style=\"color: #339966\"><strong><em>The Literacy, Preliteracy and Education<\/em><\/strong><\/span><br \/>\n2020, Volume 5, Number 1<br \/>\n<em>full text <span style=\"color: #339966\"><strong><a style=\"color: #339966\" href=\"https:\/\/pages.pedf.cuni.cz\/gramotnost\/files\/2022\/01\/Gramotnost_01_2021_FINAL.pdf\">PDF<\/a><\/strong><\/span><\/em><\/li>\n<\/ul>\n","protected":false},"excerpt":{"rendered":"<p>2020, VOLUME 5, NUMBER 1 THE LITERACY, PRELITERACY AND EDUCATION Content full text PDF Editorial Anna Kucharsk\u00e1 and Monika Kadrno\u017ekov\u00e1 full text PDF RESEARCH STUDY Identifying Early Readers at the Start of Their Compulsory Education Lenka Zemanov\u00e1, Radka Wildov\u00e1 full text PDF Mathematical problem solving of students with autism spectrum disorders Hana Sot\u00e1kov\u00e1 full text\u2026 <span class=\"read-more\"><a href=\"https:\/\/pages.pedf.cuni.cz\/gramotnost\/en\/1-2021\/\">Read More &raquo;<\/a><\/span><\/p>\n","protected":false},"author":465,"featured_media":0,"parent":0,"menu_order":0,"comment_status":"closed","ping_status":"closed","template":"","meta":{"footnotes":""},"class_list":["post-1632","page","type-page","status-publish","hentry"],"_links":{"self":[{"href":"https:\/\/pages.pedf.cuni.cz\/gramotnost\/wp-json\/wp\/v2\/pages\/1632","targetHints":{"allow":["GET"]}}],"collection":[{"href":"https:\/\/pages.pedf.cuni.cz\/gramotnost\/wp-json\/wp\/v2\/pages"}],"about":[{"href":"https:\/\/pages.pedf.cuni.cz\/gramotnost\/wp-json\/wp\/v2\/types\/page"}],"author":[{"embeddable":true,"href":"https:\/\/pages.pedf.cuni.cz\/gramotnost\/wp-json\/wp\/v2\/users\/465"}],"replies":[{"embeddable":true,"href":"https:\/\/pages.pedf.cuni.cz\/gramotnost\/wp-json\/wp\/v2\/comments?post=1632"}],"version-history":[{"count":31,"href":"https:\/\/pages.pedf.cuni.cz\/gramotnost\/wp-json\/wp\/v2\/pages\/1632\/revisions"}],"predecessor-version":[{"id":2585,"href":"https:\/\/pages.pedf.cuni.cz\/gramotnost\/wp-json\/wp\/v2\/pages\/1632\/revisions\/2585"}],"wp:attachment":[{"href":"https:\/\/pages.pedf.cuni.cz\/gramotnost\/wp-json\/wp\/v2\/media?parent=1632"}],"curies":[{"name":"wp","href":"https:\/\/api.w.org\/{rel}","templated":true}]}}