{"id":1634,"date":"2020-11-27T16:45:53","date_gmt":"2020-11-27T15:45:53","guid":{"rendered":"http:\/\/pages.pedf.cuni.cz\/gramotnost\/?page_id=1634"},"modified":"2021-12-14T14:21:46","modified_gmt":"2021-12-14T13:21:46","slug":"2-2021","status":"publish","type":"page","link":"https:\/\/pages.pedf.cuni.cz\/gramotnost\/en\/2-2021\/","title":{"rendered":"2\/2021"},"content":{"rendered":"<p><span style=\"color: #339966\"><strong>2021, VOLUME 5, NUMBER 2, <span class=\"has-inline-color\">P<\/span>hysical literacy and education<br \/>\n<\/strong><\/span><\/p>\n<div class=\"entry-content\">\n<p><span style=\"color: #339966\"><strong>Content<\/strong><\/span><em><br \/>\nfull text <span style=\"color: #339966\"><a style=\"color: #339966\" href=\"https:\/\/pages.pedf.cuni.cz\/gramotnost\/files\/2021\/12\/Obsah.pdf\"><strong>PDF<\/strong><\/a><\/span><\/em><\/p>\n<p><span style=\"color: #339966\"><b>Editorial<\/b><\/span><br \/>\n<em>So\u0148a Jandov\u00e1, Hana Dvo\u0159\u00e1kov\u00e1, Petr Vl\u010dek, Lenka Vojt\u00edkov\u00e1<\/em><br \/>\n<em>full text <a href=\"https:\/\/pages.pedf.cuni.cz\/gramotnost\/files\/2021\/11\/Gramotnost_02_2021_Editorial__-1.pdf\"><span style=\"color: #339966\"><strong>PDF<\/strong><\/span><\/a><\/em><\/p>\n<\/div>\n<div class=\"entry-content\">\n<p><span style=\"color: #339966\"><strong>THEORETICAL STUDY<\/strong><\/span><br \/>\nPhysical Literacy \u2013 Past and Present<br \/>\nV\u00e1clav Bunc<br \/>\n<em>full text <a href=\"https:\/\/pages.pedf.cuni.cz\/gramotnost\/files\/2021\/11\/Gramotnost_02_2021_Bunc.pdf\"><strong><span style=\"color: #339966\">PDF<\/span><\/strong><\/a><\/em><\/p>\n<p>Physical Literacy in the Environment of Czech Education<br \/>\nJana Va\u0161\u00ed\u010dkov\u00e1, Martina Pol\u00e1kov\u00e1, Michaela \u010capkov\u00e1<b>\u202f<\/b><br \/>\n<em>full text <a href=\"https:\/\/pages.pedf.cuni.cz\/gramotnost\/files\/2021\/11\/Gramotnost_02_2021_Vasickova.pdf\"><strong><span style=\"color: #339966\">PDF<\/span><\/strong><\/a><\/em><\/p>\n<p><span style=\"color: #339966\"><strong>CASE STUDY<\/strong><\/span><br \/>\nFactors Affecting Physical Literacy of Preschool Children<br \/>\nDita Culkov\u00e1, Petr Schlegel, Dana Fialov\u00e1, Kamil Jani\u0161 ml.<br \/>\n<em>full text <a href=\"https:\/\/pages.pedf.cuni.cz\/gramotnost\/files\/2021\/11\/Gramotnost_02_2021_Culkova.pdf\"><strong><span style=\"color: #339966\">PDF<\/span><\/strong><\/a><\/em><\/p>\n<p><span style=\"color: #339966\"><strong>RESEARCH STUDY<\/strong><\/span><br \/>\nReviewing the Concept of Physical Education in the Czech Republic \u2013 Orientation Towards Physical Literacy<br \/>\nPetr Vl\u010dek<br \/>\n<em>full text <span style=\"color: #339966\"><a style=\"color: #339966\" href=\"https:\/\/pages.pedf.cuni.cz\/gramotnost\/files\/2021\/11\/Gramotnost_02_2021_Vlcek.pdf\"><strong>PDF<\/strong><\/a><\/span><\/em><\/p>\n<p>Possible Effects of Factors of the School Environment on Pupils\u2018 Body Posture<br \/>\n<span class=\"st\">Hana Jano\u0161kov\u00e1, <span dir=\"ltr\" role=\"presentation\">Lenka J\u00edlkov\u00e1<\/span><\/span><br \/>\n<em>full text <span style=\"color: #339966\"><a style=\"color: #339966\" href=\"https:\/\/pages.pedf.cuni.cz\/gramotnost\/files\/2021\/12\/Gramotnost_02_2021_Janoskova.pdf\"><strong>PDF<\/strong><\/a><\/span><\/em><\/p>\n<p><span style=\"color: #339966\"><strong>METHODOLOGY STUDY<\/strong><\/span><br \/>\nAnalysis of Diagnostics Tools for the Assessment of Motor Competence in School-Age Children<br \/>\n<span class=\"st\">Iva \u0160eflov\u00e1<\/span><br \/>\n<em>full text <span style=\"color: #339966\"><a style=\"color: #339966\" href=\"https:\/\/pages.pedf.cuni.cz\/gramotnost\/files\/2021\/12\/Gramotnost_02_2021_Seflova_-1.pdf\"><strong>PDF<\/strong><\/a><\/span><\/em><\/p>\n<ul>\n<li><em>The complete issue <span style=\"color: #339966\"><strong>The Literacy, Preliteracy and Education Journal<\/strong> &#8211; <strong><span class=\"has-inline-color\">P<\/span>hysical literacy and education<\/strong><\/span><\/em><br \/>\n2021, Volume 5, Number 2<br \/>\n<em>full text <span style=\"color: #339966\"><a style=\"color: #339966\" href=\"https:\/\/pages.pedf.cuni.cz\/gramotnost\/files\/2021\/12\/Gramotnost_02_2021-1.pdf\"><strong>PDF<\/strong><\/a><\/span><\/em><\/li>\n<\/ul>\n<\/div>\n","protected":false},"excerpt":{"rendered":"<p>[:cs]<strong>Pohybov\u00e1 gramotnost a vzd\u011bl\u00e1v\u00e1n\u00ed<\/strong><\/p>\n<p><strong>\u010casopis Gramotnost p\u0159ipravuje monotematick\u00e9 \u010d\u00edslo se zam\u011b\u0159en\u00edm na oblast pohybov\u00e9 gramotnosti a vzd\u011bl\u00e1v\u00e1n\u00ed.<\/strong><\/p>\n<p>Pohybov\u00e1 gramotnost je c\u00edlem vzd\u011bl\u00e1v\u00e1n\u00ed v\u00a0t\u011blesn\u00e9 v\u00fdchov\u011b na v\u0161ech stupn\u00edch \u0161kol od p\u0159ed\u0161koln\u00edch po vysoko\u0161kolsk\u00e9. C\u00edlem je d\u00e1t d\u011btem, \u017e\u00e1k\u016fm a student\u016fm takov\u00e9 pohybov\u00e9 dovednosti, znalosti a podpo\u0159it jejich pozitivn\u00ed vztah a z\u00e1jem, kter\u00e9 by byly z\u00e1kladem pro celo\u017eivotn\u00ed pohybovou aktivitu ka\u017ed\u00e9ho jednotlivce. Vzhledem ke\u00a0z\u0159ejm\u00fdm benefit\u016fm pohybu pro ka\u017ed\u00e9ho \u010dlov\u011bka po cel\u00fd jeho \u017eivot je formov\u00e1n\u00ed pohybov\u00e9 gramotnosti zcela z\u00e1sadn\u00ed p\u0159edev\u0161\u00edm z\u00a0hlediska zdrav\u00ed spole\u010dnosti ve smyslu t\u011blesn\u00e9m i du\u0161evn\u00edm, nezastupiteln\u00e1 je pohybov\u00e1 aktivita i v\u00a0oblasti soci\u00e1ln\u00ed.<\/p>\n<p>Vzd\u011bl\u00e1vat pohybov\u011b gramotn\u00e9 \u017e\u00e1ky a studenty mohou pouze kvalitn\u00ed u\u010ditel\u00e9 t\u011blesn\u00e9 v\u00fdchovy. Jejich p\u0159\u00edprava stav\u00ed nejen na praktick\u00fdch pohybov\u00fdch dovednostech, kter\u00e9 jsou z\u00e1kladem t\u00e9to u\u010ditelsk\u00e9 profese, ale tak\u00e9 na zku\u0161enostech a poznatc\u00edch modern\u00edho vyu\u010dov\u00e1n\u00ed, kter\u00e9 jsou z\u00e1sadn\u00ed pro pr\u00e1ci s\u00a0\u017e\u00e1ky a studenty v\u00a0sou\u010dasn\u00e9 a budouc\u00ed dob\u011b. V\u00fdraznou dev\u00edzou v\u00a0tomto vzd\u011bl\u00e1v\u00e1n\u00ed jak u\u010ditel\u016f, tak n\u00e1sledn\u011b \u017e\u00e1k\u016f a student\u016f, je osobn\u00ed z\u00e1jem a nad\u0161en\u00ed pro pohybov\u00e9 aktivity, kter\u00e9 je z\u00e1kladem dlouhodob\u00e9ho, celo\u017eivotn\u00edho vztahu k pohybu.<\/p>\n<p>Nov\u00e9 poznatky z\u00a0oblasti vzd\u011bl\u00e1v\u00e1n\u00ed v\u00a0t\u011blesn\u00e9 v\u00fdchov\u011b mohou v\u00fdznamn\u011b p\u0159isp\u011bt k\u00a0\u00farovni vyu\u010dov\u00e1n\u00ed v\u00a0tomto oboru. Monotematick\u00e9 \u010d\u00edslo \u010dasopisu Gramotnost c\u00edl\u00ed p\u0159edev\u0161\u00edm na odborn\u00e9 pr\u00e1ce t\u00fdkaj\u00edc\u00ed se v\u00fd\u0161e uveden\u00fdch t\u00e9mat, ale tak\u00e9 na srovn\u00e1vac\u00ed a p\u0159ehledov\u00e9 studie.<\/p>\n<p>Krom\u011b odborn\u00fdch p\u0159\u00edsp\u011bvk\u016f p\u0159ij\u00edm\u00e1me tak\u00e9 diskusn\u00ed p\u0159\u00edsp\u011bvky, zpr\u00e1vy z projekt\u016f a recenze publikac\u00ed.<\/p>\n","protected":false},"author":465,"featured_media":0,"parent":0,"menu_order":0,"comment_status":"closed","ping_status":"closed","template":"","meta":{"footnotes":""},"class_list":["post-1634","page","type-page","status-publish","hentry"],"_links":{"self":[{"href":"https:\/\/pages.pedf.cuni.cz\/gramotnost\/wp-json\/wp\/v2\/pages\/1634","targetHints":{"allow":["GET"]}}],"collection":[{"href":"https:\/\/pages.pedf.cuni.cz\/gramotnost\/wp-json\/wp\/v2\/pages"}],"about":[{"href":"https:\/\/pages.pedf.cuni.cz\/gramotnost\/wp-json\/wp\/v2\/types\/page"}],"author":[{"embeddable":true,"href":"https:\/\/pages.pedf.cuni.cz\/gramotnost\/wp-json\/wp\/v2\/users\/465"}],"replies":[{"embeddable":true,"href":"https:\/\/pages.pedf.cuni.cz\/gramotnost\/wp-json\/wp\/v2\/comments?post=1634"}],"version-history":[{"count":46,"href":"https:\/\/pages.pedf.cuni.cz\/gramotnost\/wp-json\/wp\/v2\/pages\/1634\/revisions"}],"predecessor-version":[{"id":2509,"href":"https:\/\/pages.pedf.cuni.cz\/gramotnost\/wp-json\/wp\/v2\/pages\/1634\/revisions\/2509"}],"wp:attachment":[{"href":"https:\/\/pages.pedf.cuni.cz\/gramotnost\/wp-json\/wp\/v2\/media?parent=1634"}],"curies":[{"name":"wp","href":"https:\/\/api.w.org\/{rel}","templated":true}]}}