{"id":1636,"date":"2020-11-27T16:47:04","date_gmt":"2020-11-27T15:47:04","guid":{"rendered":"http:\/\/pages.pedf.cuni.cz\/gramotnost\/?page_id=1636"},"modified":"2021-12-31T10:20:23","modified_gmt":"2021-12-31T09:20:23","slug":"3-2021","status":"publish","type":"page","link":"https:\/\/pages.pedf.cuni.cz\/gramotnost\/en\/3-2021\/","title":{"rendered":"3\/2021"},"content":{"rendered":"<p><strong><span style=\"color: #339966\">2021, VOLUME 5, NUMBER 3, <span class=\"has-inline-color\">P<\/span>hysical literacy and education<\/span><br \/>\n<\/strong><\/p>\n<div class=\"entry-content\">\n<p><em><span style=\"color: #339966\"><strong>Content<\/strong><\/span><br \/>\nfull text <strong><a href=\"https:\/\/pages.pedf.cuni.cz\/gramotnost\/files\/2021\/12\/Obsah-2.pdf\"><span style=\"color: #339966\">PDF<\/span><\/a><\/strong><\/em><\/p>\n<p><span style=\"color: #339966\"><b>Editorial<\/b><\/span><br \/>\n<em>So\u0148a Jandov\u00e1, Hana Dvo\u0159\u00e1kov\u00e1, Petr Vl\u010dek, Lenka Vojt\u00edkov\u00e1<\/em><br \/>\n<em>full text <a href=\"https:\/\/pages.pedf.cuni.cz\/gramotnost\/files\/2021\/12\/Gramotnost_03_2021_Editorial.pdf\"><strong><span style=\"color: #339966\">PDF<\/span><\/strong><\/a><\/em><\/p>\n<\/div>\n<div class=\"entry-content\">\n<p><span style=\"color: #339966\"><strong>RESEARCH STUDY<\/strong><\/span><br \/>\nSelf-Efficacy of Pre-Service Physical Education Teachers in Realation ro Teaching Health and Physical Education<br \/>\nJitka Va\u0159ekov\u00e1, Mark\u00e9ta K\u0159iv\u00e1nkov\u00e1, Anna \u0160ubertov\u00e1 a Pavel Krej\u010d\u00edk<br \/>\n<em>full text <span style=\"color: #339966\"><a style=\"color: #339966\" href=\"https:\/\/pages.pedf.cuni.cz\/gramotnost\/files\/2021\/12\/Gramotnost_03_2021_Varekova.pdf\"><strong>PDF<\/strong><\/a><\/span><\/em><\/p>\n<p><span class=\"st\">Implementation of Physical Activities in Preschool Education<br \/>\nHana Jano\u0161kov\u00e1 and Iva Kou\u0159ilov\u00e1<\/span><br \/>\n<em>full text<strong><span style=\"color: #339966\"> <a style=\"color: #339966\" href=\"https:\/\/pages.pedf.cuni.cz\/gramotnost\/files\/2021\/12\/Gramotnost_03_2021_Kourilova-1.pdf\">PDF<\/a><\/span><\/strong><\/em><\/p>\n<p><span class=\"st\">Motor Competency in Preschool Children<br \/>\nPetra Flekov\u00e1, Pavl\u00edna Nov\u00e1kov\u00e1 and Kl\u00e1ra Da\u010fov\u00e1<\/span><br \/>\n<em>full text <span style=\"color: #339966\"><a style=\"color: #339966\" href=\"https:\/\/pages.pedf.cuni.cz\/gramotnost\/files\/2021\/12\/Gramotnost_03_2021_Flekova_Novakova_Dadova.pdf\"><strong>PDF<\/strong><\/a><\/span><\/em><\/p>\n<\/div>\n<p>Comparison of basic physical performance of 12 &#8211; 15-year-old members of athletic sports centres in 2011 and 2019<br \/>\n<span class=\"st\">Petr Je\u0159\u00e1bek, Jitka Vindu\u0161kov\u00e1 and So\u0148a Jandov\u00e1<\/span><br \/>\n<em>full text <span style=\"color: #339966\"><a style=\"color: #339966\" href=\"https:\/\/pages.pedf.cuni.cz\/gramotnost\/files\/2021\/12\/Gramotnost_03_2021_Jerabek.pdf\"><strong>PDF<\/strong><\/a><\/span><\/em><\/p>\n<div class=\"entry-content\">\n<p><span class=\"st\">Physical Activity of Pupils of Older School Age at the Time of Emergency<br \/>\nLadislav Pokorn\u00fd a Martin Homola and So\u0148a Jandov\u00e1<\/span><br \/>\n<em>full text<a href=\"https:\/\/pages.pedf.cuni.cz\/gramotnost\/files\/2021\/12\/Gramotnost_03_2021_Pokorny-1.pdf\"><strong><span style=\"color: #339966\"> PDF<\/span><\/strong><\/a><\/em><\/p>\n<p><span style=\"color: #339966\"><strong>THEORETICAL STUDY<\/strong><\/span><br \/>\nU\u010ditel t\u011blesn\u00e9 v\u00fdchovy jako ment\u00e1ln\u00ed kou\u010d<em><br \/>\n<\/em><span class=\"TextRun SCXW232789985 BCX2\" lang=\"CS-CZ\" xml:lang=\"CS-CZ\" data-contrast=\"auto\"><span class=\"NormalTextRun SCXW232789985 BCX2\">Ivan R\u016f\u017ei\u010dka, Adrian <\/span><span class=\"SpellingError SCXW232789985 BCX2\">Agricola and<\/span><span class=\"NormalTextRun SCXW232789985 BCX2\"> Kamila R\u016f\u017ei\u010dkov\u00e1<\/span><\/span><em><br \/>\nfull text\u00a0<strong><span style=\"color: #339966\"><a style=\"color: #339966\" href=\"https:\/\/pages.pedf.cuni.cz\/gramotnost\/files\/2021\/12\/Gramotnost_03_2021_Ruzicka_.pdf\">PDF<\/a><\/span><\/strong><br \/>\n<\/em><\/p>\n<ul>\n<li><em>The complete issue <span style=\"color: #339966\"><strong>The Literacy, Preliteracy and Education Journal<\/strong> \u2013 <strong><span class=\"has-inline-color\">P<\/span>hysical literacy and education<\/strong><\/span><\/em><br \/>\n2021, Volume 5, Number 3<br \/>\n<em>full text <strong><a href=\"https:\/\/pages.pedf.cuni.cz\/gramotnost\/files\/2021\/12\/Gramotnost_03_2021_FINAL-1.pdf\"><span style=\"color: #339966\">PDF<\/span><\/a><\/strong><\/em><\/li>\n<\/ul>\n<\/div>\n","protected":false},"excerpt":{"rendered":"<p>2021, VOLUME 5, NUMBER 3, Physical literacy and education Content full text PDF Editorial So\u0148a Jandov\u00e1, Hana Dvo\u0159\u00e1kov\u00e1, Petr Vl\u010dek, Lenka Vojt\u00edkov\u00e1 full text PDF RESEARCH STUDY Self-Efficacy of Pre-Service Physical Education Teachers in Realation ro Teaching Health and Physical Education Jitka Va\u0159ekov\u00e1, Mark\u00e9ta K\u0159iv\u00e1nkov\u00e1, Anna \u0160ubertov\u00e1 a Pavel Krej\u010d\u00edk full text PDF Implementation of\u2026 <span class=\"read-more\"><a href=\"https:\/\/pages.pedf.cuni.cz\/gramotnost\/en\/3-2021\/\">Read More &raquo;<\/a><\/span><\/p>\n","protected":false},"author":465,"featured_media":0,"parent":0,"menu_order":0,"comment_status":"closed","ping_status":"closed","template":"","meta":{"footnotes":""},"class_list":["post-1636","page","type-page","status-publish","hentry"],"_links":{"self":[{"href":"https:\/\/pages.pedf.cuni.cz\/gramotnost\/wp-json\/wp\/v2\/pages\/1636","targetHints":{"allow":["GET"]}}],"collection":[{"href":"https:\/\/pages.pedf.cuni.cz\/gramotnost\/wp-json\/wp\/v2\/pages"}],"about":[{"href":"https:\/\/pages.pedf.cuni.cz\/gramotnost\/wp-json\/wp\/v2\/types\/page"}],"author":[{"embeddable":true,"href":"https:\/\/pages.pedf.cuni.cz\/gramotnost\/wp-json\/wp\/v2\/users\/465"}],"replies":[{"embeddable":true,"href":"https:\/\/pages.pedf.cuni.cz\/gramotnost\/wp-json\/wp\/v2\/comments?post=1636"}],"version-history":[{"count":31,"href":"https:\/\/pages.pedf.cuni.cz\/gramotnost\/wp-json\/wp\/v2\/pages\/1636\/revisions"}],"predecessor-version":[{"id":2561,"href":"https:\/\/pages.pedf.cuni.cz\/gramotnost\/wp-json\/wp\/v2\/pages\/1636\/revisions\/2561"}],"wp:attachment":[{"href":"https:\/\/pages.pedf.cuni.cz\/gramotnost\/wp-json\/wp\/v2\/media?parent=1636"}],"curies":[{"name":"wp","href":"https:\/\/api.w.org\/{rel}","templated":true}]}}