{"id":1830,"date":"2021-03-12T09:39:03","date_gmt":"2021-03-12T08:39:03","guid":{"rendered":"http:\/\/pages.pedf.cuni.cz\/gramotnost\/?page_id=1830"},"modified":"2022-07-26T10:58:50","modified_gmt":"2022-07-26T08:58:50","slug":"o-casopisu-2","status":"publish","type":"page","link":"https:\/\/pages.pedf.cuni.cz\/gramotnost\/o-casopisu-2\/","title":{"rendered":"O \u010dasopisu"},"content":{"rendered":"<p>\u010casopis <span style=\"color: #339966\"><strong>Gramotnost, pregramotnost a vzd\u011bl\u00e1v\u00e1n\u00ed<\/strong><\/span> je odborn\u00fd recenzovan\u00fd \u010dasopis zam\u011b\u0159en\u00fd na oblast gramotnosti a vzd\u011bl\u00e1v\u00e1n\u00ed v tom nej\u0161ir\u0161\u00edm pohledu. Jeho c\u00edlem je prost\u0159edkovat nov\u00e9 pozn\u00e1n\u00ed v dan\u00e9 problematice a d\u00e1t tak podn\u011bty pro rozvoj praxe i propojen\u00ed v\u011bdy, v\u00fdzkumu a praxe. Zam\u011b\u0159uje se na t\u00e9mata \u010dten\u00e1\u0159sk\u00e9, matematick\u00e9, informa\u010dn\u00ed a p\u0159\u00edrodov\u011bdn\u00e9 gramotnosti a pregramotnosti, ale tak\u00e9 na t\u00e9mata s nimi souvisej\u00edc\u00edmi. \u010casopis je z\u00e1rove\u0148 platformou pro rozvoj pedagogick\u00e9 psychologie, prim\u00e1rn\u00ed pedagogiky, oborov\u00fdch didaktik, speci\u00e1ln\u00ed a soci\u00e1ln\u00ed pedagogiky jako v\u011bdn\u00edch discipl\u00edn.<\/p>\n<p>\u010casopis vych\u00e1z\u00ed ze zku\u0161enost\u00ed odborn\u00fdch t\u00fdm\u016f Pedagogick\u00e9 fakulty UK a spolupracuj\u00edc\u00edch odborn\u00edk\u016f z jin\u00fdch pracovi\u0161\u0165, kte\u0159\u00ed participovali v na\u0161ich a zahrani\u010dn\u00edch v\u011bdeck\u00fdch a aplika\u010dn\u00edch projektech v dan\u00e9 oblasti (GA\u010cR <em>Porozum\u011bn\u00ed \u010dten\u00e9mu \u2013 typick\u00fd v\u00fdvoj a jeho rizika, GAUK Variabilita v\u00fdvoje po\u010d\u00e1te\u010dn\u00ed \u010dten\u00e1\u0159sk\u00e9 gramotnosti u d\u011bt\u00ed s rizikem vzniku specifick\u00fdch poruch u\u010den\u00ed<\/em>, 7 RP <em>Enhancing Literacy Development in European Languages<\/em>, ESF <em>Rozvoj \u010dten\u00e1\u0159sk\u00fdch kompetenc\u00ed v prost\u0159ed\u00ed inkluzivn\u00ed \u0161koly; European Literacy Policy Network<\/em> aj.). Z\u00e1jmem odborn\u00edk\u016f v \u010dasopisu zapojen\u00fdch \u2013 na\u0161ich i zahrani\u010dn\u00edch \u2013 je umo\u017enit propojen\u00ed, spolupr\u00e1ci a participaci na rozvoji t\u00e9mat prost\u0159ednictv\u00edm dal\u0161\u00edch v\u00fdzkumn\u00fdch i aplika\u010dn\u00edch po\u010din\u016f.<\/p>\n<p>\u010casopis uve\u0159ej\u0148uje p\u016fvodn\u00ed, zat\u00edm nikde nepublikovan\u00e9, teoretick\u00e9, metodologick\u00e9 a p\u0159ehledov\u00e9 studie o prob\u00edhaj\u00edc\u00edch \u010di ukon\u010den\u00fdch v\u00fdzkumech, recenze odborn\u00fdch knih, analytick\u00e9 zpr\u00e1vy o v\u011bdeck\u00fdch aktivit\u00e1ch v t\u011bchto discipl\u00edn\u00e1ch a diskuzn\u00ed p\u0159\u00edsp\u011bvky. Charakter t\u011bch p\u0159\u00edsp\u011bvk\u016f i konkr\u00e9tn\u011bj\u0161\u00ed pokyny najdete <a href=\"https:\/\/pages.pedf.cuni.cz\/gramotnost\/pokyny-pro-autory-2\/\"><span style=\"color: #339966\"><strong>zde<\/strong><\/span><\/a>.<\/p>\n<p>\u010casopis vych\u00e1z\u00ed t\u0159ikr\u00e1t ro\u010dn\u011b (duben, srpen, prosinec), p\u0159\u00edsp\u011bvky jsou publikov\u00e1ny v \u010desk\u00e9m a slovensk\u00e9m jazyce. V\u017edy jedno \u010d\u00edslo v ka\u017ed\u00e9m ro\u010dn\u00edku je v anglick\u00e9m jazyce.<\/p>\n<p>Kompletn\u00ed \u010dasopis v\u010detn\u011b pln\u00fdch text\u016f p\u0159\u00edsp\u011bvk\u016f bude k dispozici elektronicky v sekci <span style=\"color: #339966\"><strong><a style=\"color: #339966\" href=\"https:\/\/pages.pedf.cuni.cz\/gramotnost\/archiv\/\">Archiv<\/a>.<\/strong><\/span><\/p>\n<p>Pr\u00e1v\u011b p\u0159ipravovan\u00e9 \u010d\u00edslo 3\/2022 a 1\/2023, v\u00edce ve <strong><span style=\"color: #339966\"><a style=\"color: #339966\" href=\"https:\/\/pages.pedf.cuni.cz\/gramotnost\/aktualni-vyzvy-pro-autory-2\/\">v\u00fdzv\u011b pro autory<\/a><\/span><\/strong>.<\/p>\n<p><strong>Evidence periodick\u00e9ho tisku<\/strong>: MK \u010cR E 22524<\/p>\n<p><strong>ISSN<\/strong> 2533-7882 (Print)<br \/>\n<strong>ISSN<\/strong> 2533-7890 (On-line)<\/p>\n","protected":false},"excerpt":{"rendered":"<p>\u010casopis Gramotnost, pregramotnost a vzd\u011bl\u00e1v\u00e1n\u00ed je odborn\u00fd recenzovan\u00fd \u010dasopis zam\u011b\u0159en\u00fd na oblast gramotnosti a vzd\u011bl\u00e1v\u00e1n\u00ed v tom nej\u0161ir\u0161\u00edm pohledu. Jeho c\u00edlem je prost\u0159edkovat nov\u00e9 pozn\u00e1n\u00ed v dan\u00e9 problematice a d\u00e1t tak podn\u011bty pro rozvoj praxe i propojen\u00ed v\u011bdy, v\u00fdzkumu a praxe. Zam\u011b\u0159uje se na t\u00e9mata \u010dten\u00e1\u0159sk\u00e9, matematick\u00e9, informa\u010dn\u00ed a p\u0159\u00edrodov\u011bdn\u00e9 gramotnosti a pregramotnosti, ale tak\u00e9\u2026 <span class=\"read-more\"><a href=\"https:\/\/pages.pedf.cuni.cz\/gramotnost\/o-casopisu-2\/\">Read More &raquo;<\/a><\/span><\/p>\n","protected":false},"author":1,"featured_media":0,"parent":0,"menu_order":0,"comment_status":"closed","ping_status":"closed","template":"","meta":{"footnotes":""},"class_list":["post-1830","page","type-page","status-publish","hentry"],"_links":{"self":[{"href":"https:\/\/pages.pedf.cuni.cz\/gramotnost\/wp-json\/wp\/v2\/pages\/1830","targetHints":{"allow":["GET"]}}],"collection":[{"href":"https:\/\/pages.pedf.cuni.cz\/gramotnost\/wp-json\/wp\/v2\/pages"}],"about":[{"href":"https:\/\/pages.pedf.cuni.cz\/gramotnost\/wp-json\/wp\/v2\/types\/page"}],"author":[{"embeddable":true,"href":"https:\/\/pages.pedf.cuni.cz\/gramotnost\/wp-json\/wp\/v2\/users\/1"}],"replies":[{"embeddable":true,"href":"https:\/\/pages.pedf.cuni.cz\/gramotnost\/wp-json\/wp\/v2\/comments?post=1830"}],"version-history":[{"count":12,"href":"https:\/\/pages.pedf.cuni.cz\/gramotnost\/wp-json\/wp\/v2\/pages\/1830\/revisions"}],"predecessor-version":[{"id":2775,"href":"https:\/\/pages.pedf.cuni.cz\/gramotnost\/wp-json\/wp\/v2\/pages\/1830\/revisions\/2775"}],"wp:attachment":[{"href":"https:\/\/pages.pedf.cuni.cz\/gramotnost\/wp-json\/wp\/v2\/media?parent=1830"}],"curies":[{"name":"wp","href":"https:\/\/api.w.org\/{rel}","templated":true}]}}