{"id":1833,"date":"2021-03-12T09:43:06","date_gmt":"2021-03-12T08:43:06","guid":{"rendered":"http:\/\/pages.pedf.cuni.cz\/gramotnost\/?page_id=1833"},"modified":"2022-02-11T14:03:15","modified_gmt":"2022-02-11T13:03:15","slug":"redakcni-rada-2","status":"publish","type":"page","link":"https:\/\/pages.pedf.cuni.cz\/gramotnost\/redakcni-rada-2\/","title":{"rendered":"Redak\u010dn\u00ed rada"},"content":{"rendered":"<p><span style=\"color: #339966\"><strong>Vedouc\u00ed redaktorka<\/strong><\/span><br \/>\ndoc. PhDr. PaedDr. Anna Kucharsk\u00e1, Ph.D., Pedagogick\u00e1 fakulta Univerzity Karlovy<\/p>\n<p>prof. PaedDr. Radka Wildov\u00e1, CSc., Pedagogick\u00e1 fakulta Univerzity Karlovy<br \/>\nprof. PhDr. Na\u010fa Vondrov\u00e1, Ph.D., Pedagogick\u00e1 fakulta Univerzity Karlovy<br \/>\ndoc. PhDr. Martina \u0160mejkalov\u00e1, Ph.D., Pedagogick\u00e1 fakulta Univerzity Karlovy<br \/>\ndoc. RNDr. Miroslava \u010cernochov\u00e1, CSc., Pedagogick\u00e1 fakulta Univerzity Karlovy<br \/>\ndoc. PhDr. Petr Chalupsk\u00fd Ph.D., Pedagogick\u00e1 fakulta Univerzity Karlovy<br \/>\ndoc. RNDr. Jarmila Robov\u00e1, CSc., Matematicko-fyzik\u00e1ln\u00ed fakulta Univerzity Karlovy<br \/>\nPhDr. V\u00e1clav Mertin, Filozofick\u00e1 fakulta Univerzity Karlovy<br \/>\ndoc. Mgr. Ji\u0159\u00ed Jo\u0161t, CSc., Pedagogick\u00e1 fakulta Jiho\u010desk\u00e9 univerzity v\u00a0\u010cesk\u00fdch Bud\u011bjovic\u00edch<br \/>\nprof. PaedDr. Hana Hork\u00e1, CSc., Pedagogick\u00e1 fakulta Masarykovy Univerzity<br \/>\nprof. PhDr. Eva \u0160melov\u00e1, Ph.D., Pedagogick\u00e1 fakulta Univerzity Palack\u00e9ho v Olomouci<br \/>\ndoc. PhDr. Martina Fasnerov\u00e1, Ph.D., Pedagogick\u00e1 fakulta Univerzity Palack\u00e9ho v Olomouci<br \/>\ndoc. PhDr. Mark\u00e9ta \u0160vamberk \u0160auerov\u00e1, Ph.D., Vysok\u00e1 \u0161kola t\u011blesn\u00e9 v\u00fdchovy a sportu Palestra s.r.o.<\/p>\n<p><span style=\"color: #339966\"><strong>International Editorial Board<\/strong><\/span><br \/>\nprof. PhDr. O\u013ega Z\u00e1poto\u010dn\u00e1, CSc., Pedagogick\u00e1 fakulta Trnavskej univerzity v Trnave<br \/>\ndoc. PaedDr. Lada Kalisk\u00e1, PhD., Pedagogick\u00e1 fakulta Univerzity Mateja Bela v Banskej Bystrici<br \/>\nprof. PhDr. Marina Mikulajov\u00e1, CSc., Fakulta psychol\u00f3gie Panevropsk\u00e9 vysok\u00e9 \u0161koly<br \/>\nprof. PaedDr. \u013dudmila Lipt\u00e1kov\u00e1, CSc., Pedagogick\u00e1 fakulta Pre\u0161ovskej univerzity v Pre\u0161ov\u011b<br \/>\ndoc. Mgr. Svetlana Kapalkov\u00e1, PhD., Pedagogick\u00e1 fakulta Univerzity Komensk\u00e9ho<br \/>\ndoc. PaedDr. Erik \u017dovinec, Ph.D., Pedagogick\u00e1 fakulta <span class=\"st\">Univerzity Kon\u0161tant\u00edna Filozofa v Nitre<br \/>\nprof. Marta Bogdanowicz, Instytut Psychologii &#8211; Uniwersytet Gda\u0144ski<br \/>\ndr. Mark\u00e9ta Caravolas, The School of Psychology &#8211; Bangor University<\/span><\/p>\n<p><span style=\"color: #339966\"><strong>V\u00fdkonn\u00e1 redakce<\/strong><\/span><br \/>\nv\u00fdkonn\u00fd redaktor<br \/>\nPhDr. Kl\u00e1ra \u0160pa\u010dkov\u00e1, Ph.D., Pedagogick\u00e1 fakulta Univerzity Karlovy<\/p>\n<p>PhDr. Veronika Laufkov\u00e1, Ph.D., Pedagogick\u00e1 fakulta Univerzity Karlovy<br \/>\nPhDr. Monika Kadrno\u017ekov\u00e1, Ph.D., Pedagogick\u00e1 fakulta Univerzity Karlovy<br \/>\nMgr. Pavl\u00edna Maz\u00e1\u010dov\u00e1, Ph.D., Filozofick\u00e1 fakulta Masarykovy Univerzity<br \/>\nMgr. Dana Cib\u00e1kov\u00e1, Ph.D., Pedagogick\u00e1 fakulta Univerzity Palack\u00e9ho v Olomouci<br \/>\nPhDr. V\u011bra Vykoukalov\u00e1, Pedagogick\u00e1 fakulta Technick\u00e9 univerzity v Liberci<br \/>\ndoc. PhDr. Mark\u00e9ta \u0160vamberk \u0160auerov\u00e1, Ph.D., Palestra <span class=\"st\">&#8211;<\/span> Vysok\u00e1 \u0161kola t\u011blesn\u00e9 v\u00fdchovy a sportu<\/p>\n<p><span style=\"color: #339966\"><strong>Technick\u00e1 redakce<\/strong><\/span><br \/>\nPhDr. Monika Kadrno\u017ekov\u00e1, Ph.D., Pedagogick\u00e1 fakulta Univerzity Karlovy<br \/>\nPhDr. Pavla Presslerov\u00e1, Ph.D., Pedagogick\u00e1 fakulta Univerzity Karlovy<\/p>\n<p><span style=\"color: #339966\"><strong>Jazykov\u00e1 korektura<\/strong><\/span><br \/>\n<span dir=\"ltr\">Bc. Petr \u010cerv, Pedagogick\u00e1 fakulta Univerzity Karlovy<\/span><br \/>\n<span dir=\"ltr\">Mgr. Dana Cib\u00e1kov\u00e1, Ph.D., Pedagogick\u00e1 fakulta Univerzity Karlovy<br \/>\n<span dir=\"ltr\">Bernadette Higgins, M.A<\/span>, Pedagogick\u00e1 fakulta Univerzity Karlovy<\/span><\/p>\n<p><span dir=\"ltr\"><span style=\"color: #339966\"><strong>Grafick\u00e1 \u00faprava \u010dasopisu<\/strong><br \/>\n<\/span>MgA. Denisa Koko\u0161kov\u00e1<\/span><\/p>\n","protected":false},"excerpt":{"rendered":"<p>Vedouc\u00ed redaktorka doc. PhDr. PaedDr. Anna Kucharsk\u00e1, Ph.D., Pedagogick\u00e1 fakulta Univerzity Karlovy prof. PaedDr. Radka Wildov\u00e1, CSc., Pedagogick\u00e1 fakulta Univerzity Karlovy prof. PhDr. Na\u010fa Vondrov\u00e1, Ph.D., Pedagogick\u00e1 fakulta Univerzity Karlovy doc. PhDr. Martina \u0160mejkalov\u00e1, Ph.D., Pedagogick\u00e1 fakulta Univerzity Karlovy doc. RNDr. Miroslava \u010cernochov\u00e1, CSc., Pedagogick\u00e1 fakulta Univerzity Karlovy doc. PhDr. Petr Chalupsk\u00fd Ph.D., Pedagogick\u00e1 fakulta\u2026 <span class=\"read-more\"><a href=\"https:\/\/pages.pedf.cuni.cz\/gramotnost\/redakcni-rada-2\/\">Read More &raquo;<\/a><\/span><\/p>\n","protected":false},"author":1,"featured_media":0,"parent":0,"menu_order":0,"comment_status":"closed","ping_status":"closed","template":"","meta":{"footnotes":""},"class_list":["post-1833","page","type-page","status-publish","hentry"],"_links":{"self":[{"href":"https:\/\/pages.pedf.cuni.cz\/gramotnost\/wp-json\/wp\/v2\/pages\/1833","targetHints":{"allow":["GET"]}}],"collection":[{"href":"https:\/\/pages.pedf.cuni.cz\/gramotnost\/wp-json\/wp\/v2\/pages"}],"about":[{"href":"https:\/\/pages.pedf.cuni.cz\/gramotnost\/wp-json\/wp\/v2\/types\/page"}],"author":[{"embeddable":true,"href":"https:\/\/pages.pedf.cuni.cz\/gramotnost\/wp-json\/wp\/v2\/users\/1"}],"replies":[{"embeddable":true,"href":"https:\/\/pages.pedf.cuni.cz\/gramotnost\/wp-json\/wp\/v2\/comments?post=1833"}],"version-history":[{"count":9,"href":"https:\/\/pages.pedf.cuni.cz\/gramotnost\/wp-json\/wp\/v2\/pages\/1833\/revisions"}],"predecessor-version":[{"id":2597,"href":"https:\/\/pages.pedf.cuni.cz\/gramotnost\/wp-json\/wp\/v2\/pages\/1833\/revisions\/2597"}],"wp:attachment":[{"href":"https:\/\/pages.pedf.cuni.cz\/gramotnost\/wp-json\/wp\/v2\/media?parent=1833"}],"curies":[{"name":"wp","href":"https:\/\/api.w.org\/{rel}","templated":true}]}}