{"id":1883,"date":"2021-03-12T10:26:07","date_gmt":"2021-03-12T09:26:07","guid":{"rendered":"http:\/\/pages.pedf.cuni.cz\/gramotnost\/?page_id=1883"},"modified":"2021-03-12T10:26:07","modified_gmt":"2021-03-12T09:26:07","slug":"uskutecnene-vyzvy-2018","status":"publish","type":"page","link":"https:\/\/pages.pedf.cuni.cz\/gramotnost\/uskutecnene-vyzvy-2018\/","title":{"rendered":"Uskute\u010dn\u011bn\u00e9 v\u00fdzvy 2018"},"content":{"rendered":"<p><strong>Zde naleznete ji\u017e uskute\u010dn\u011bn\u00e9 v\u00fdzvy.<\/strong><\/p>\n<p><strong>1\/2018<\/strong><br \/>\n<em>Edito\u0159i: Anna Kucharsk\u00e1, Monika Kadrno\u017ekov\u00e1<\/em><\/p>\n<p>V\u00fdzva prvn\u00edho \u010d\u00edsla ro\u010dn\u00edku 2018 byla otev\u0159ena v\u0161em autor\u016fm, kte\u0159\u00ed se zab\u00fdvaj\u00ed aktu\u00e1ln\u00ed problematikou vzd\u011bl\u00e1vac\u00edch gramotnost\u00ed.<\/p>\n<p>&nbsp;<\/p>\n<p><strong>2\/2018<\/strong><br \/>\n<strong>Rozvoj p\u0159\u00edrodov\u011bdn\u00e9, matematick\u00e9 a informa\u010dn\u00ed gramotnosti v podm\u00ednk\u00e1ch sou\u010dasn\u00e9ho \u0161kolstv\u00ed<\/strong><br \/>\n<em>Edito\u0159i: Irena Bud\u00ednov\u00e1, Pavl\u00edna Maz\u00e1\u010dov\u00e1, Lenka Pavlasov\u00e1, Martin Rusek<\/em><\/p>\n<p>Monotematick\u00e9 \u010d\u00edslo \u010dasopisu bylo zam\u011b\u0159eno na rozvoj p\u0159\u00edrodov\u011bdn\u00e9ho vzd\u011bl\u00e1n\u00ed a jeden z jeho c\u00edl\u016f &#8211; rozvoj p\u0159\u00edrodov\u011bdn\u00e9 gramotnosti. Ta je \u00fazce spjata mj. s matematickou a informa\u010dn\u00ed gramotnost. P\u0159esto\u017ee se jedn\u00e1 o pom\u011brn\u011b \u010dasto zmi\u0148ovan\u00e9 t\u00e9ma, v\u00fdzkumn\u011b mu v \u010desk\u00fdch podm\u00ednk\u00e1ch nen\u00ed v\u011bnov\u00e1na dostate\u010dn\u00e1 pozornost. V\u011b\u0159\u00edme, \u017ee toto monotematick\u00e9 \u010d\u00edslo napom\u016f\u017ee autor\u016fm uspo\u0159\u00e1dat d\u00edl\u010d\u00ed v\u00fdsledky sv\u00fdch \u0161et\u0159en\u00ed a \u010dten\u00e1\u0159\u016fm poskytne dostate\u010dn\u00fd vhled do t\u00e9to problematiky. V\u00edt\u00e1ny jsou v\u00fdzkumn\u00e9 \u010dl\u00e1nky empirick\u00e9 i teoretick\u00e9 povahy, p\u0159ehledov\u00e9 studie, kazuistiky, ale i p\u0159\u00edsp\u011bvky do diskuse a recenze publikac\u00ed.<\/p>\n<p>&nbsp;<\/p>\n<p><strong>3\/2018<\/strong><br \/>\n<em>Edito\u0159i: Kl\u00e1ra \u0160pa\u010dkov\u00e1<br \/>\n<\/em><\/p>\n<p>Monotematick\u00e9 \u010d\u00edslo v anglick\u00e9m jazyce bylo otev\u0159eno v\u0161em autor\u016fm zab\u00fdvaj\u00edc\u00edm se aktu\u00e1ln\u00ed problematikou vzd\u011bl\u00e1vac\u00edch gramotnost\u00ed.<\/p>\n","protected":false},"excerpt":{"rendered":"<p>Zde naleznete ji\u017e uskute\u010dn\u011bn\u00e9 v\u00fdzvy. 1\/2018 Edito\u0159i: Anna Kucharsk\u00e1, Monika Kadrno\u017ekov\u00e1 V\u00fdzva prvn\u00edho \u010d\u00edsla ro\u010dn\u00edku 2018 byla otev\u0159ena v\u0161em autor\u016fm, kte\u0159\u00ed se zab\u00fdvaj\u00ed aktu\u00e1ln\u00ed problematikou vzd\u011bl\u00e1vac\u00edch gramotnost\u00ed. &nbsp; 2\/2018 Rozvoj p\u0159\u00edrodov\u011bdn\u00e9, matematick\u00e9 a informa\u010dn\u00ed gramotnosti v podm\u00ednk\u00e1ch sou\u010dasn\u00e9ho \u0161kolstv\u00ed Edito\u0159i: Irena Bud\u00ednov\u00e1, Pavl\u00edna Maz\u00e1\u010dov\u00e1, Lenka Pavlasov\u00e1, Martin Rusek Monotematick\u00e9 \u010d\u00edslo \u010dasopisu bylo zam\u011b\u0159eno na rozvoj\u2026 <span class=\"read-more\"><a href=\"https:\/\/pages.pedf.cuni.cz\/gramotnost\/uskutecnene-vyzvy-2018\/\">Read More &raquo;<\/a><\/span><\/p>\n","protected":false},"author":1,"featured_media":0,"parent":0,"menu_order":0,"comment_status":"closed","ping_status":"closed","template":"","meta":{"footnotes":""},"class_list":["post-1883","page","type-page","status-publish","hentry"],"_links":{"self":[{"href":"https:\/\/pages.pedf.cuni.cz\/gramotnost\/wp-json\/wp\/v2\/pages\/1883","targetHints":{"allow":["GET"]}}],"collection":[{"href":"https:\/\/pages.pedf.cuni.cz\/gramotnost\/wp-json\/wp\/v2\/pages"}],"about":[{"href":"https:\/\/pages.pedf.cuni.cz\/gramotnost\/wp-json\/wp\/v2\/types\/page"}],"author":[{"embeddable":true,"href":"https:\/\/pages.pedf.cuni.cz\/gramotnost\/wp-json\/wp\/v2\/users\/1"}],"replies":[{"embeddable":true,"href":"https:\/\/pages.pedf.cuni.cz\/gramotnost\/wp-json\/wp\/v2\/comments?post=1883"}],"version-history":[{"count":1,"href":"https:\/\/pages.pedf.cuni.cz\/gramotnost\/wp-json\/wp\/v2\/pages\/1883\/revisions"}],"predecessor-version":[{"id":1889,"href":"https:\/\/pages.pedf.cuni.cz\/gramotnost\/wp-json\/wp\/v2\/pages\/1883\/revisions\/1889"}],"wp:attachment":[{"href":"https:\/\/pages.pedf.cuni.cz\/gramotnost\/wp-json\/wp\/v2\/media?parent=1883"}],"curies":[{"name":"wp","href":"https:\/\/api.w.org\/{rel}","templated":true}]}}