{"id":1909,"date":"2021-03-12T11:00:04","date_gmt":"2021-03-12T10:00:04","guid":{"rendered":"http:\/\/pages.pedf.cuni.cz\/gramotnost\/?page_id=1909"},"modified":"2021-09-21T12:39:14","modified_gmt":"2021-09-21T10:39:14","slug":"uskutecnene-vyzvy-2021-2","status":"publish","type":"page","link":"https:\/\/pages.pedf.cuni.cz\/gramotnost\/uskutecnene-vyzvy-2021-2\/","title":{"rendered":"Uskute\u010dn\u011bn\u00e9 v\u00fdzvy 2021"},"content":{"rendered":"<p><span style=\"color: #339966\"><strong><span class=\"has-inline-color\">1\/2021 Monotematic issue<br \/>\n<\/span><\/strong><\/span><\/p>\n<p><em>Edito\u0159i: Anna Kucharsk\u00e1<\/em><\/p>\n<p>The varia theme of the forthcoming issue of The Literacy, Preliteracy and Education Journal <span class=\"st\">is open for authors.<\/span><\/p>\n<p>&nbsp;<\/p>\n<p><span style=\"color: #339966\"><strong><span class=\"has-inline-color\">DVOJ\u010c\u00cdSLO 2\/2021 + 3\/2021 <\/span><\/strong><strong>Pohybov\u00e1 gramotnost a vzd\u011bl\u00e1v\u00e1n\u00ed<\/strong><\/span><\/p>\n<p><em>Edito\u0159i: So\u0148a Jandov\u00e1, Hana Dvo\u0159\u00e1kov\u00e1, Petr Vl\u010dek, Lenka Vojt\u00edkov\u00e1<\/em><\/p>\n<p>Pohybov\u00e1 gramotnost je c\u00edlem vzd\u011bl\u00e1v\u00e1n\u00ed v\u00a0t\u011blesn\u00e9 v\u00fdchov\u011b na v\u0161ech stupn\u00edch \u0161kol od p\u0159ed\u0161koln\u00edch po vysoko\u0161kolsk\u00e9. C\u00edlem je d\u00e1t d\u011btem, \u017e\u00e1k\u016fm a student\u016fm takov\u00e9 pohybov\u00e9 dovednosti, znalosti a podpo\u0159it jejich pozitivn\u00ed vztah a z\u00e1jem, kter\u00e9 by byly z\u00e1kladem pro celo\u017eivotn\u00ed pohybovou aktivitu ka\u017ed\u00e9ho jednotlivce. Vzhledem ke\u00a0z\u0159ejm\u00fdm benefit\u016fm pohybu pro ka\u017ed\u00e9ho \u010dlov\u011bka po cel\u00fd jeho \u017eivot je formov\u00e1n\u00ed pohybov\u00e9 gramotnosti zcela z\u00e1sadn\u00ed p\u0159edev\u0161\u00edm z\u00a0hlediska zdrav\u00ed spole\u010dnosti ve smyslu t\u011blesn\u00e9m i du\u0161evn\u00edm, nezastupiteln\u00e1 je pohybov\u00e1 aktivita i v\u00a0oblasti soci\u00e1ln\u00ed.<\/p>\n<p>Vzd\u011bl\u00e1vat pohybov\u011b gramotn\u00e9 \u017e\u00e1ky a studenty mohou pouze kvalitn\u00ed u\u010ditel\u00e9 t\u011blesn\u00e9 v\u00fdchovy. Jejich p\u0159\u00edprava stav\u00ed nejen na praktick\u00fdch pohybov\u00fdch dovednostech, kter\u00e9 jsou z\u00e1kladem t\u00e9to u\u010ditelsk\u00e9 profese, ale tak\u00e9 na zku\u0161enostech a poznatc\u00edch modern\u00edho vyu\u010dov\u00e1n\u00ed, kter\u00e9 jsou z\u00e1sadn\u00ed pro pr\u00e1ci s\u00a0\u017e\u00e1ky a studenty v\u00a0sou\u010dasn\u00e9 a budouc\u00ed dob\u011b. V\u00fdraznou dev\u00edzou v\u00a0tomto vzd\u011bl\u00e1v\u00e1n\u00ed jak u\u010ditel\u016f, tak n\u00e1sledn\u011b \u017e\u00e1k\u016f a student\u016f, je osobn\u00ed z\u00e1jem a nad\u0161en\u00ed pro pohybov\u00e9 aktivity, kter\u00e9 je z\u00e1kladem dlouhodob\u00e9ho, celo\u017eivotn\u00edho vztahu k pohybu.<\/p>\n<p>Nov\u00e9 poznatky z\u00a0oblasti vzd\u011bl\u00e1v\u00e1n\u00ed v\u00a0t\u011blesn\u00e9 v\u00fdchov\u011b mohou v\u00fdznamn\u011b p\u0159isp\u011bt k\u00a0\u00farovni vyu\u010dov\u00e1n\u00ed v\u00a0tomto oboru. Monotematick\u00e9 \u010d\u00edslo \u010dasopisu Gramotnost c\u00edl\u00ed p\u0159edev\u0161\u00edm na odborn\u00e9 pr\u00e1ce t\u00fdkaj\u00edc\u00ed se v\u00fd\u0161e uveden\u00fdch t\u00e9mat, ale tak\u00e9 na srovn\u00e1vac\u00ed a p\u0159ehledov\u00e9 studie.<\/p>\n","protected":false},"excerpt":{"rendered":"<p>1\/2021 Monotematic issue Edito\u0159i: Anna Kucharsk\u00e1 The varia theme of the forthcoming issue of The Literacy, Preliteracy and Education Journal is open for authors. &nbsp; DVOJ\u010c\u00cdSLO 2\/2021 + 3\/2021 Pohybov\u00e1 gramotnost a vzd\u011bl\u00e1v\u00e1n\u00ed Edito\u0159i: So\u0148a Jandov\u00e1, Hana Dvo\u0159\u00e1kov\u00e1, Petr Vl\u010dek, Lenka Vojt\u00edkov\u00e1 Pohybov\u00e1 gramotnost je c\u00edlem vzd\u011bl\u00e1v\u00e1n\u00ed v\u00a0t\u011blesn\u00e9 v\u00fdchov\u011b na v\u0161ech stupn\u00edch \u0161kol od p\u0159ed\u0161koln\u00edch\u2026 <span class=\"read-more\"><a href=\"https:\/\/pages.pedf.cuni.cz\/gramotnost\/uskutecnene-vyzvy-2021-2\/\">Read More &raquo;<\/a><\/span><\/p>\n","protected":false},"author":1,"featured_media":0,"parent":0,"menu_order":0,"comment_status":"closed","ping_status":"closed","template":"","meta":{"footnotes":""},"class_list":["post-1909","page","type-page","status-publish","hentry"],"_links":{"self":[{"href":"https:\/\/pages.pedf.cuni.cz\/gramotnost\/wp-json\/wp\/v2\/pages\/1909","targetHints":{"allow":["GET"]}}],"collection":[{"href":"https:\/\/pages.pedf.cuni.cz\/gramotnost\/wp-json\/wp\/v2\/pages"}],"about":[{"href":"https:\/\/pages.pedf.cuni.cz\/gramotnost\/wp-json\/wp\/v2\/types\/page"}],"author":[{"embeddable":true,"href":"https:\/\/pages.pedf.cuni.cz\/gramotnost\/wp-json\/wp\/v2\/users\/1"}],"replies":[{"embeddable":true,"href":"https:\/\/pages.pedf.cuni.cz\/gramotnost\/wp-json\/wp\/v2\/comments?post=1909"}],"version-history":[{"count":5,"href":"https:\/\/pages.pedf.cuni.cz\/gramotnost\/wp-json\/wp\/v2\/pages\/1909\/revisions"}],"predecessor-version":[{"id":2373,"href":"https:\/\/pages.pedf.cuni.cz\/gramotnost\/wp-json\/wp\/v2\/pages\/1909\/revisions\/2373"}],"wp:attachment":[{"href":"https:\/\/pages.pedf.cuni.cz\/gramotnost\/wp-json\/wp\/v2\/media?parent=1909"}],"curies":[{"name":"wp","href":"https:\/\/api.w.org\/{rel}","templated":true}]}}