{"id":1980,"date":"2021-03-13T11:50:21","date_gmt":"2021-03-13T10:50:21","guid":{"rendered":"http:\/\/pages.pedf.cuni.cz\/gramotnost\/?page_id=1980"},"modified":"2021-12-31T10:19:27","modified_gmt":"2021-12-31T09:19:27","slug":"3-2021-2","status":"publish","type":"page","link":"https:\/\/pages.pedf.cuni.cz\/gramotnost\/3-2021-2\/","title":{"rendered":"3\/2021"},"content":{"rendered":"\r\n<p><strong><span style=\"color: #339966\">2021, Ro\u010dn\u00edk 5, \u010d\u00edslo 3, Pohybov\u00e1 gramotnost a vzd\u011bl\u00e1v\u00e1n\u00ed<\/span><br \/><\/strong><\/p>\r\n<div class=\"entry-content\">\r\n<p><span style=\"color: #339966\"><strong>Obsah<\/strong><\/span><em><br \/>ke sta\u017een\u00ed zde<span style=\"color: #339966\"><strong> <a style=\"color: #339966\" href=\"https:\/\/pages.pedf.cuni.cz\/gramotnost\/files\/2021\/12\/Obsah-1.pdf\">zde<\/a><\/strong><\/span><br \/><\/em><\/p>\r\n<p><span style=\"color: #339966\"><strong>Editorial<\/strong><\/span><br \/><em>So\u0148a Jandov\u00e1, Hana Dvo\u0159\u00e1kov\u00e1, Petr Vl\u010dek a Lenka Vojt\u00edkov\u00e1<\/em><br \/><em>ke sta\u017een\u00ed <a href=\"https:\/\/pages.pedf.cuni.cz\/gramotnost\/files\/2021\/12\/Editorial.pdf\"><span style=\"color: #339966\"><strong>zde<\/strong><\/span><\/a><br \/><\/em><\/p>\r\n<\/div>\r\n<div class=\"entry-content\">\r\n<p><span style=\"color: #339966\"><strong>V\u00ddZKUMN\u00c9 SD\u011aLEN\u00cd<\/strong><\/span><br \/>Self-Efficacy budouc\u00edch u\u010ditel\u016f ve vztahu k v\u00fduce zdravotn\u00ed t\u011blesn\u00e9 v\u00fdchovy<br \/>Jitka Va\u0159ekov\u00e1, Mark\u00e9ta K\u0159iv\u00e1nkov\u00e1, Anna \u0160ubertov\u00e1 a Pavel Krej\u010d\u00edk<br \/><em>ke sta\u017een\u00ed <strong><span style=\"color: #339966\"><a style=\"color: #339966\" href=\"https:\/\/pages.pedf.cuni.cz\/gramotnost\/files\/2021\/12\/01_Varekova.pdf\">zde<\/a><\/span><\/strong><\/em><\/p>\r\n<p><span class=\"st\">Realizace pohybov\u00fdch aktivit v p\u0159ed\u0161koln\u00edm vzd\u011bl\u00e1v\u00e1n\u00ed<br \/>Iva Kou\u0159ilov\u00e1 a Hana Jano\u0161kov\u00e1<\/span><br \/><em>ke sta\u017een\u00ed<strong> <span style=\"color: #339966\"><a style=\"color: #339966\" href=\"https:\/\/pages.pedf.cuni.cz\/gramotnost\/files\/2021\/12\/02_Kourilova.pdf\">zde<\/a><\/span><\/strong><br \/><\/em><\/p>\r\n<p><span class=\"st\">Odli\u0161nosti v \u00farovni vybran\u00fdch motorick\u00fdch kompetenc\u00ed u d\u011bt\u00ed p\u0159ed\u0161koln\u00edho v\u011bku s pravidelnou \u0159\u00edzenou pohybovou aktivitou a bez n\u00ed<br \/>Petra Flekov\u00e1, Pavl\u00edna Nov\u00e1kov\u00e1 a Kl\u00e1ra Da\u010fov\u00e1<\/span><br \/><em>ke sta\u017een\u00ed <a href=\"https:\/\/pages.pedf.cuni.cz\/gramotnost\/files\/2021\/12\/03_Flekova.pdf\"><span style=\"color: #339966\"><strong>zde<\/strong><\/span><\/a><br \/><\/em><\/p>\r\n<p><span class=\"st\">Srovn\u00e1n\u00ed z\u00e1kladn\u00ed pohybov\u00e9 v\u00fdkonnosti 12\u201315let\u00fdch \u010dlen\u016f atletick\u00fdch sportovn\u00edch st\u0159edisek v\u202fletech 2011 a 2019<br \/>Petr Je\u0159\u00e1bek, Jitka Vindu\u0161kov\u00e1 a So\u0148a Jandov\u00e1<\/span><br \/><em>ke sta\u017een\u00ed <span style=\"color: #339966\"><strong><a style=\"color: #339966\" href=\"https:\/\/pages.pedf.cuni.cz\/gramotnost\/files\/2021\/12\/04_Jerabek.pdf\">zde<\/a><\/strong><\/span><br \/><\/em><\/p>\r\n<p><span class=\"st\"><span dir=\"ltr\" role=\"presentation\">Sledov\u00e1n\u00ed pohybov\u00e9 aktivity \u017e\u00e1k\u016f star\u0161\u00edho <\/span><span dir=\"ltr\" role=\"presentation\">\u0161koln\u00edho v\u011bku v dob\u011b nouzov\u00e9ho stavu<\/span><br \/>Ladislav Pokorn\u00fd a Martin Homola a So\u0148a Jandov\u00e1<\/span><br \/><em>ke sta\u017een\u00ed <a href=\"https:\/\/pages.pedf.cuni.cz\/gramotnost\/files\/2021\/12\/05_Pokorny.pdf\"><span style=\"color: #339966\"><strong>zde<\/strong><\/span><\/a><br \/><\/em><\/p>\r\n<p><span style=\"color: #339966\"><strong>TEORETICK\u00c1 STUDIE<\/strong><\/span><br \/>U\u010ditel t\u011blesn\u00e9 v\u00fdchovy jako ment\u00e1ln\u00ed kou\u010d<em><br \/><\/em><span class=\"TextRun SCXW232789985 BCX2\" lang=\"CS-CZ\" xml:lang=\"CS-CZ\" data-contrast=\"auto\"><span class=\"NormalTextRun SCXW232789985 BCX2\">Ivan R\u016f\u017ei\u010dka, Adrian <\/span><span class=\"SpellingError SCXW232789985 BCX2\">Agricola a<\/span><span class=\"NormalTextRun SCXW232789985 BCX2\"> Kamila R\u016f\u017ei\u010dkov\u00e1<\/span><\/span><em><br \/>ke sta\u017een\u00ed <span style=\"color: #339966\"><strong><a style=\"color: #339966\" href=\"https:\/\/pages.pedf.cuni.cz\/gramotnost\/files\/2021\/12\/06_Ruzicka.pdf\">zde<\/a><\/strong><\/span><br \/><\/em><\/p>\r\n<ul>\r\n<li><em>Cel\u00e9 \u010d\u00edslo <span style=\"color: #339966\"><strong>Gramotnost, pregramotnost a vzd\u011bl\u00e1v\u00e1n\u00ed \u2013<\/strong>\u00a0<strong>Pohybov\u00e1 gramotnost a vzd\u011bl\u00e1v\u00e1n\u00ed<\/strong><\/span><\/em><br \/>2021, Ro\u010dn\u00edk 5, \u010d\u00edslo 3<br \/><em>ke sta\u017een\u00ed <span style=\"color: #339966\"><strong><a style=\"color: #339966\" href=\"https:\/\/pages.pedf.cuni.cz\/gramotnost\/files\/2021\/12\/Gramotnost_03_2021_FINAL.pdf\">zde<\/a><\/strong><\/span><br \/><\/em><\/li>\r\n<\/ul>\r\n<\/div>\r\n<p>&nbsp;<\/p>\r\n","protected":false},"excerpt":{"rendered":"<p>2021, Ro\u010dn\u00edk 5, \u010d\u00edslo 3, Pohybov\u00e1 gramotnost a vzd\u011bl\u00e1v\u00e1n\u00ed Obsahke sta\u017een\u00ed zde zde EditorialSo\u0148a Jandov\u00e1, Hana Dvo\u0159\u00e1kov\u00e1, Petr Vl\u010dek a Lenka Vojt\u00edkov\u00e1ke sta\u017een\u00ed zde V\u00ddZKUMN\u00c9 SD\u011aLEN\u00cdSelf-Efficacy budouc\u00edch u\u010ditel\u016f ve vztahu k v\u00fduce zdravotn\u00ed t\u011blesn\u00e9 v\u00fdchovyJitka Va\u0159ekov\u00e1, Mark\u00e9ta K\u0159iv\u00e1nkov\u00e1, Anna \u0160ubertov\u00e1 a Pavel Krej\u010d\u00edkke sta\u017een\u00ed zde Realizace pohybov\u00fdch aktivit v p\u0159ed\u0161koln\u00edm vzd\u011bl\u00e1v\u00e1n\u00edIva Kou\u0159ilov\u00e1 a Hana Jano\u0161kov\u00e1ke\u2026 <span class=\"read-more\"><a href=\"https:\/\/pages.pedf.cuni.cz\/gramotnost\/3-2021-2\/\">Read More &raquo;<\/a><\/span><\/p>\n","protected":false},"author":1,"featured_media":0,"parent":0,"menu_order":0,"comment_status":"closed","ping_status":"closed","template":"","meta":{"footnotes":""},"class_list":["post-1980","page","type-page","status-publish","hentry"],"_links":{"self":[{"href":"https:\/\/pages.pedf.cuni.cz\/gramotnost\/wp-json\/wp\/v2\/pages\/1980","targetHints":{"allow":["GET"]}}],"collection":[{"href":"https:\/\/pages.pedf.cuni.cz\/gramotnost\/wp-json\/wp\/v2\/pages"}],"about":[{"href":"https:\/\/pages.pedf.cuni.cz\/gramotnost\/wp-json\/wp\/v2\/types\/page"}],"author":[{"embeddable":true,"href":"https:\/\/pages.pedf.cuni.cz\/gramotnost\/wp-json\/wp\/v2\/users\/1"}],"replies":[{"embeddable":true,"href":"https:\/\/pages.pedf.cuni.cz\/gramotnost\/wp-json\/wp\/v2\/comments?post=1980"}],"version-history":[{"count":33,"href":"https:\/\/pages.pedf.cuni.cz\/gramotnost\/wp-json\/wp\/v2\/pages\/1980\/revisions"}],"predecessor-version":[{"id":2558,"href":"https:\/\/pages.pedf.cuni.cz\/gramotnost\/wp-json\/wp\/v2\/pages\/1980\/revisions\/2558"}],"wp:attachment":[{"href":"https:\/\/pages.pedf.cuni.cz\/gramotnost\/wp-json\/wp\/v2\/media?parent=1980"}],"curies":[{"name":"wp","href":"https:\/\/api.w.org\/{rel}","templated":true}]}}