{"id":2004,"date":"2021-03-13T12:02:54","date_gmt":"2021-03-13T11:02:54","guid":{"rendered":"http:\/\/pages.pedf.cuni.cz\/gramotnost\/?page_id=2004"},"modified":"2021-03-13T12:02:54","modified_gmt":"2021-03-13T11:02:54","slug":"1-2020-2","status":"publish","type":"page","link":"https:\/\/pages.pedf.cuni.cz\/gramotnost\/1-2020-2\/","title":{"rendered":"1\/2020"},"content":{"rendered":"<p><strong><span style=\"color: #339966;\">2020, RO\u010cN\u00cdK 4, \u010c\u00cdSLO 1<\/span><\/strong><\/p>\n<p><span style=\"color: #339966;\"><strong>Obsah<\/strong><\/span><br \/>\n<em>ke sta\u017een\u00ed <span style=\"color: #339966;\"><strong><a style=\"color: #339966;\" href=\"https:\/\/pages.pedf.cuni.cz\/gramotnost\/files\/2020\/10\/Obsah.pdf\">zde<\/a><\/strong><\/span><br \/>\n<\/em><\/p>\n<p><span style=\"color: #339966;\"><strong>Editorial<\/strong><\/span><br \/>\n<em>Anna Kucharsk\u00e1, Monika Kadrno\u017ekov\u00e1<\/em><br \/>\n<em>ke sta\u017een\u00ed <span style=\"color: #339966;\"><strong><span style=\"color: #339966;\"><a style=\"color: #339966;\" href=\"https:\/\/pages.pedf.cuni.cz\/gramotnost\/files\/2020\/10\/Editorial.pdf\">zde<\/a><\/span><\/strong><\/span><\/em><\/p>\n<p><span style=\"color: #339966;\"><strong>METODOLOGICK\u00c1 STUDIE<\/strong><\/span><br \/>\nIdentifikovanie prvej slabiky slov ako s\u00fa\u010das\u0165 hodnotenia fonematick\u00e9ho uvedomovania<br \/>\nMonika M\u00e1\u010dajov\u00e1<br \/>\n<em>ke sta\u017een\u00ed <span style=\"color: #339966;\"><strong><a href=\"https:\/\/pages.pedf.cuni.cz\/gramotnost\/files\/2020\/10\/01_Macajova.pdf\"><span style=\"color: #339966;\">zde<\/span><\/a><\/strong><\/span><\/em><\/p>\n<p><span style=\"color: #339966;\"><strong>V\u00ddZKUMN\u00c9 STUDIE<\/strong><\/span><br \/>\nProjekt rozv\u00edjen\u00ed \u010dten\u00e1\u0159sk\u00e9 gramotnosti prost\u0159ednictv\u00edm podpory vztahu k \u010detb\u011b u \u017e\u00e1k\u016f s lehk\u00fdm a st\u0159edn\u011b t\u011b\u017ek\u00fdm ment\u00e1ln\u00edm posti\u017een\u00edm: \u201ePo stop\u00e1ch ryt\u00ed\u0159e Toulovce\u201c<br \/>\nMark\u00e9ta \u0160vamberk \u0160auerov\u00e1, Libu\u0161e \u0160pi\u010d\u00e1kov\u00e1<br \/>\n<em>ke sta\u017een\u00ed <span style=\"color: #339966;\"><strong><a href=\"https:\/\/pages.pedf.cuni.cz\/gramotnost\/files\/2020\/10\/02_Svamberk_Sauerova_Spicakova.pdf\"><span style=\"color: #339966;\">zde<\/span><\/a><\/strong><\/span><\/em><\/p>\n<p>Reflexe evropsk\u00e9ho r\u00e1mce digit\u00e1ln\u00edch kompetenc\u00ed studenty (p\u0159edev\u0161\u00edm) Filozofick\u00e9 fakulty MU optikou kvalitativn\u00edho v\u00fdzkumu<br \/>\nMichal \u010cern\u00fd<br \/>\n<em>ke sta\u017een\u00ed <span style=\"color: #339966;\"><strong><a href=\"https:\/\/pages.pedf.cuni.cz\/gramotnost\/files\/2020\/10\/03_Cerny.pdf\"><span style=\"color: #339966;\">zde<\/span><\/a><\/strong><\/span><\/em><\/p>\n<p><span style=\"color: #339966;\"><strong>P\u0158EHLEDOV\u00c1 STUDIE<\/strong><\/span><br \/>\nNen\u00ed kniha jako kniha aneb e-knihy a audioknihy v kontextu d\u011btsk\u00e9ho \u010dten\u00e1\u0159stv\u00ed<br \/>\nLenka Zemanov\u00e1<br \/>\n<em>ke sta\u017een\u00ed <span style=\"color: #339966;\"><strong><span style=\"color: #339966;\"><a style=\"color: #339966;\" href=\"https:\/\/pages.pedf.cuni.cz\/gramotnost\/files\/2020\/10\/04_Zemanova.pdf\">zde<\/a><\/span><\/strong><\/span><\/em><\/p>\n<p><span style=\"color: #339966;\"><strong>RECENZE<\/strong><\/span><br \/>\nCaravolas, M. &amp; Mikulajova, Marina &amp; Kucharska, Anna. (2020). Developmental Dyslexia in Czech and Slovak.<br \/>\n<span class=\"st\">Mark\u00e9ta \u0160vamberk \u0160auerov\u00e1<\/span><br \/>\n<em>ke sta\u017een\u00ed <\/em><span style=\"color: #339966;\"><em><strong><a href=\"https:\/\/pages.pedf.cuni.cz\/gramotnost\/files\/2020\/10\/Recenze-1.pdf\"><span style=\"color: #339966;\">zde<\/span><\/a><\/strong><\/em><\/span><\/p>\n<p><span style=\"color: #339966;\"><strong>ZPR\u00c1VA<\/strong><\/span><br \/>\nKonference &#8211; IX. N\u00e1rodn\u00ed semin\u00e1\u0159 informa\u010dn\u00edho vzd\u011bl\u00e1v\u00e1n\u00ed. Knihovna jako vzd\u011bl\u00e1vac\u00ed prost\u0159ed\u00ed.<br \/>\n<span class=\"st\">Pavl\u00edna Maz\u00e1\u010dov\u00e1<\/span><br \/>\n<em>ke sta\u017een\u00ed <\/em><span style=\"color: #339966;\"><em><strong><a href=\"https:\/\/pages.pedf.cuni.cz\/gramotnost\/files\/2020\/10\/Zprava.pdf\"><span style=\"color: #339966;\">zde<\/span><\/a><\/strong><\/em><\/span><\/p>\n<ul>\n<li>Cel\u00e9 \u010d\u00edslo<br \/>\n2020, ro\u010dn\u00edk 4, \u010d\u00edslo 1<br \/>\n<em>ke sta\u017een\u00ed <a href=\"https:\/\/pages.pedf.cuni.cz\/gramotnost\/files\/2020\/10\/Gramotnost_01_2020_FINAL-3.pdf\"><span style=\"color: #339966;\"><strong>zde <\/strong><\/span><\/a><\/em><\/li>\n<\/ul>\n","protected":false},"excerpt":{"rendered":"<p>2020, RO\u010cN\u00cdK 4, \u010c\u00cdSLO 1 Obsah ke sta\u017een\u00ed zde Editorial Anna Kucharsk\u00e1, Monika Kadrno\u017ekov\u00e1 ke sta\u017een\u00ed zde METODOLOGICK\u00c1 STUDIE Identifikovanie prvej slabiky slov ako s\u00fa\u010das\u0165 hodnotenia fonematick\u00e9ho uvedomovania Monika M\u00e1\u010dajov\u00e1 ke sta\u017een\u00ed zde V\u00ddZKUMN\u00c9 STUDIE Projekt rozv\u00edjen\u00ed \u010dten\u00e1\u0159sk\u00e9 gramotnosti prost\u0159ednictv\u00edm podpory vztahu k \u010detb\u011b u \u017e\u00e1k\u016f s lehk\u00fdm a st\u0159edn\u011b t\u011b\u017ek\u00fdm ment\u00e1ln\u00edm posti\u017een\u00edm: \u201ePo stop\u00e1ch\u2026 <span class=\"read-more\"><a href=\"https:\/\/pages.pedf.cuni.cz\/gramotnost\/1-2020-2\/\">Read More &raquo;<\/a><\/span><\/p>\n","protected":false},"author":1,"featured_media":0,"parent":0,"menu_order":0,"comment_status":"closed","ping_status":"closed","template":"","meta":{"footnotes":""},"class_list":["post-2004","page","type-page","status-publish","hentry"],"_links":{"self":[{"href":"https:\/\/pages.pedf.cuni.cz\/gramotnost\/wp-json\/wp\/v2\/pages\/2004","targetHints":{"allow":["GET"]}}],"collection":[{"href":"https:\/\/pages.pedf.cuni.cz\/gramotnost\/wp-json\/wp\/v2\/pages"}],"about":[{"href":"https:\/\/pages.pedf.cuni.cz\/gramotnost\/wp-json\/wp\/v2\/types\/page"}],"author":[{"embeddable":true,"href":"https:\/\/pages.pedf.cuni.cz\/gramotnost\/wp-json\/wp\/v2\/users\/1"}],"replies":[{"embeddable":true,"href":"https:\/\/pages.pedf.cuni.cz\/gramotnost\/wp-json\/wp\/v2\/comments?post=2004"}],"version-history":[{"count":1,"href":"https:\/\/pages.pedf.cuni.cz\/gramotnost\/wp-json\/wp\/v2\/pages\/2004\/revisions"}],"predecessor-version":[{"id":2021,"href":"https:\/\/pages.pedf.cuni.cz\/gramotnost\/wp-json\/wp\/v2\/pages\/2004\/revisions\/2021"}],"wp:attachment":[{"href":"https:\/\/pages.pedf.cuni.cz\/gramotnost\/wp-json\/wp\/v2\/media?parent=2004"}],"curies":[{"name":"wp","href":"https:\/\/api.w.org\/{rel}","templated":true}]}}