{"id":2005,"date":"2021-03-13T11:55:22","date_gmt":"2021-03-13T10:55:22","guid":{"rendered":"http:\/\/pages.pedf.cuni.cz\/gramotnost\/?page_id=2005"},"modified":"2021-10-04T13:53:59","modified_gmt":"2021-10-04T11:53:59","slug":"2-2020-2","status":"publish","type":"page","link":"https:\/\/pages.pedf.cuni.cz\/gramotnost\/2-2020-2\/","title":{"rendered":"2\/2020"},"content":{"rendered":"<div class=\"entry-content\">\n<p><strong><span style=\"color: #339966\">2020, RO\u010cN\u00cdK 4, \u010c\u00cdSLO 2<\/span><br \/>\n<\/strong><\/p>\n<p><span style=\"color: #339966\"><strong>Obsah<\/strong><\/span><br \/>\n<em>ke sta\u017een\u00ed <a href=\"https:\/\/pages.pedf.cuni.cz\/gramotnost\/files\/2021\/02\/Obsah.pdf\"><strong><span style=\"color: #003300\"><span style=\"color: #008000\"><span style=\"color: #339966\">zde<\/span><\/span><\/span><\/strong><\/a><\/em><\/p>\n<p><span style=\"color: #339966\"><strong>Editorial<\/strong><\/span><br \/>\n<em>Anna Kucharsk\u00e1, Kl\u00e1ra \u0161pa\u010dkov\u00e1, Monika Kadrno\u017ekov\u00e1<\/em><br \/>\n<em>ke sta\u017een\u00ed <a href=\"https:\/\/pages.pedf.cuni.cz\/gramotnost\/files\/2021\/02\/Editorial.pdf\"><strong><span style=\"color: #008000\"><span style=\"color: #339966\">zde<\/span><\/span><\/strong><\/a><\/em><\/p>\n<p><span style=\"color: #339966\"><strong>P\u0158EHLEDOV\u00c9 STUDIE<\/strong><\/span><br \/>\nMorfologick\u00e9 versus fonologick\u00e9 uv\u011bdom\u011bn\u00ed ve vztahu k \u010dten\u00ed v \u010desk\u00e9m jazykov\u00e9m prost\u0159ed\u00ed<strong><br \/>\n<\/strong>Zuzana B\u00edlkov\u00e1, Helena Havlisov\u00e1, Olga Malinovsk\u00e1 a Ji\u0159\u00ed Jo\u0161t<br \/>\n<em>ke sta\u017een\u00ed<span style=\"color: #339966\"> <a style=\"color: #339966\" href=\"https:\/\/pages.pedf.cuni.cz\/gramotnost\/files\/2021\/02\/01_Bilkova.pdf\"><strong>zde<\/strong><\/a><\/span><br \/>\n<\/em><\/p>\n<\/div>\n<p><span style=\"color: #339966\"><strong>V\u00ddZKUMN\u00c9 STUDIE<\/strong><\/span><br \/>\nPred\u0161kolsk\u00e9 indik\u00e1tory \u00faspe\u0161n\u00e9ho v\u00fdvinu \u010ditate\u013eskej gramotnosti<br \/>\nO\u013ega Z\u00e1poto\u010dn\u00e1, Marek Urban<br \/>\n<em>ke sta\u017een\u00ed <strong><a href=\"https:\/\/pages.pedf.cuni.cz\/gramotnost\/files\/2021\/02\/02_Zapotocna.pdf\"><span style=\"color: #339966\">zde<\/span><\/a><\/strong><\/em><\/p>\n<p>Psychologick\u00e9\u00a0aspekty\u00a0tvo\u0159iv\u00e9\u00a0hry\u00a0v\u00a0polytechnick\u00e9\u00a0v\u00fdchov\u011b\u00a0v\u00a0M\u0160<strong><br \/>\n<\/strong>Barbora\u00a0\u017d\u00e1kov\u00e1,\u00a0Pavla\u00a0Presslerov\u00e1,\u00a0Carolina\u00a0Sidon<br \/>\n<em>ke sta\u017een\u00ed <a href=\"https:\/\/pages.pedf.cuni.cz\/gramotnost\/files\/2021\/02\/03_Zakova.pdf\"><strong><span style=\"color: #008000\"><span style=\"color: #339966\">zde<\/span><\/span><\/strong><\/a><\/em><\/p>\n<p>Vliv vzoru p\u00edsma na v\u00fdkon v testu tich\u00e9ho \u010dten\u00ed ve 2. a 3. ro\u010dn\u00edku z\u00e1kladn\u00ed \u0161koly<br \/>\nOga Ku\u010derov\u00e1, Barbora Jindrov\u00e1<br \/>\n<em>ke sta\u017een\u00ed <span style=\"color: #008000\"><a style=\"color: #008000\" href=\"https:\/\/pages.pedf.cuni.cz\/gramotnost\/files\/2021\/02\/04_Kucerova.pdf\"><strong><span style=\"color: #339966\">zde<\/span><\/strong><\/a><\/span><\/em><\/p>\n<p>Vyu\u017eit\u00ed \u010dten\u00e1\u0159sk\u00fdch strategi\u00ed v p\u0159ed\u0161koln\u00edm vzd\u011bl\u00e1v\u00e1n\u00ed z pohledu u\u010ditelek mate\u0159sk\u00fdch \u0161kol<strong><br \/>\n<\/strong>Eva Ko\u017eeluhov\u00e1<em><br \/>\nke sta\u017een\u00ed <a href=\"https:\/\/pages.pedf.cuni.cz\/gramotnost\/files\/2021\/02\/05_Kozeluhova.pdf\"><strong><span style=\"color: #008000\"><span style=\"color: #339966\">zde<\/span><\/span><\/strong><\/a><\/em><\/p>\n<p><span style=\"color: #339966\"><strong>P\u0158\u00cdPADOV\u00c1 STUDIE<\/strong><\/span><br \/>\nRozv\u00edjen\u00ed informa\u010dn\u00ed gramotnosti v eduka\u010dn\u00ed praxi z\u00e1kladn\u00ed \u0161koly uplat\u0148uj\u00edc\u00ed montessori pedagogiku: p\u0159\u00edpadov\u00e1 studie<br \/>\nPavl\u00edna Maz\u00e1\u010dov\u00e1, Maria \u0160upicov\u00e1<br \/>\n<em>ke sta\u017een\u00ed <a href=\"https:\/\/pages.pedf.cuni.cz\/gramotnost\/files\/2021\/02\/06_Mazacova.pdf\"><strong><span style=\"color: #008000\"><span style=\"color: #339966\">zde<\/span><\/span><\/strong><\/a><\/em><\/p>\n<p><span style=\"color: #339966\"><strong>RECENZE<\/strong><\/span><br \/>\nNov\u00e1kov\u00e1, E., Nov\u00e1k, B. (2019). Matematick\u00e1 pregramotnost a u\u010ditel\u00e9 mate\u0159sk\u00fdch \u0161kol.<br \/>\nMartina Uhl\u00ed\u0159ov\u00e1<br \/>\n<em>ke sta\u017een\u00ed <a href=\"https:\/\/pages.pedf.cuni.cz\/gramotnost\/files\/2021\/02\/Recenze.pdf\"><strong><span style=\"color: #008000\"><span style=\"color: #339966\">zde<\/span><\/span><\/strong><\/a><\/em><\/p>\n<ul>\n<li>Cel\u00e9 \u010d\u00edslo<br \/>\n2020, ro\u010dn\u00edk 4, \u010d\u00edslo 2<br \/>\n<em>ke sta\u017een\u00ed <strong><a href=\"https:\/\/pages.pedf.cuni.cz\/gramotnost\/files\/2021\/02\/Gramotnost_02_2020_FINAL.pdf\"><span style=\"color: #008000\"><span style=\"color: #339966\">zde<\/span><\/span><\/a><\/strong><\/em><\/li>\n<\/ul>\n","protected":false},"excerpt":{"rendered":"<p>2020, RO\u010cN\u00cdK 4, \u010c\u00cdSLO 2 Obsah ke sta\u017een\u00ed zde Editorial Anna Kucharsk\u00e1, Kl\u00e1ra \u0161pa\u010dkov\u00e1, Monika Kadrno\u017ekov\u00e1 ke sta\u017een\u00ed zde P\u0158EHLEDOV\u00c9 STUDIE Morfologick\u00e9 versus fonologick\u00e9 uv\u011bdom\u011bn\u00ed ve vztahu k \u010dten\u00ed v \u010desk\u00e9m jazykov\u00e9m prost\u0159ed\u00ed Zuzana B\u00edlkov\u00e1, Helena Havlisov\u00e1, Olga Malinovsk\u00e1 a Ji\u0159\u00ed Jo\u0161t ke sta\u017een\u00ed zde V\u00ddZKUMN\u00c9 STUDIE Pred\u0161kolsk\u00e9 indik\u00e1tory \u00faspe\u0161n\u00e9ho v\u00fdvinu \u010ditate\u013eskej gramotnosti O\u013ega Z\u00e1poto\u010dn\u00e1,\u2026 <span class=\"read-more\"><a href=\"https:\/\/pages.pedf.cuni.cz\/gramotnost\/2-2020-2\/\">Read More &raquo;<\/a><\/span><\/p>\n","protected":false},"author":1,"featured_media":0,"parent":0,"menu_order":0,"comment_status":"closed","ping_status":"closed","template":"","meta":{"footnotes":""},"class_list":["post-2005","page","type-page","status-publish","hentry"],"_links":{"self":[{"href":"https:\/\/pages.pedf.cuni.cz\/gramotnost\/wp-json\/wp\/v2\/pages\/2005","targetHints":{"allow":["GET"]}}],"collection":[{"href":"https:\/\/pages.pedf.cuni.cz\/gramotnost\/wp-json\/wp\/v2\/pages"}],"about":[{"href":"https:\/\/pages.pedf.cuni.cz\/gramotnost\/wp-json\/wp\/v2\/types\/page"}],"author":[{"embeddable":true,"href":"https:\/\/pages.pedf.cuni.cz\/gramotnost\/wp-json\/wp\/v2\/users\/1"}],"replies":[{"embeddable":true,"href":"https:\/\/pages.pedf.cuni.cz\/gramotnost\/wp-json\/wp\/v2\/comments?post=2005"}],"version-history":[{"count":7,"href":"https:\/\/pages.pedf.cuni.cz\/gramotnost\/wp-json\/wp\/v2\/pages\/2005\/revisions"}],"predecessor-version":[{"id":2394,"href":"https:\/\/pages.pedf.cuni.cz\/gramotnost\/wp-json\/wp\/v2\/pages\/2005\/revisions\/2394"}],"wp:attachment":[{"href":"https:\/\/pages.pedf.cuni.cz\/gramotnost\/wp-json\/wp\/v2\/media?parent=2005"}],"curies":[{"name":"wp","href":"https:\/\/api.w.org\/{rel}","templated":true}]}}